{"id":944,"date":"2023-12-28T15:15:33","date_gmt":"2023-12-28T14:15:33","guid":{"rendered":"https:\/\/sf-germany.com\/einheiten\/usb-midgard\/?page_id=944"},"modified":"2024-04-02T08:48:10","modified_gmt":"2024-04-02T06:48:10","slug":"amy-sue-dorian","status":"publish","type":"page","link":"https:\/\/sf-germany.com\/einheiten\/usb-midgard\/usb-midgard-sb-61\/die-crew\/bio-ninaxtivk\/amy-sue-dorian\/","title":{"rendered":"Amy Sue Dorian"},"content":{"rendered":"<table style=\"background: none; border: 0px solid #ffffff; font-weight: bold;\" border=\"0\" width=\"95%\" cellspacing=\"5\" cellpadding=\"5\" align=\"center\">\n<tbody>\n<tr>\n<td style=\"background: none; border-radius: 1em; border: 0px solid #003366; box-shadow: 0.1em 0.1em 0.5em rgba(0,0,0,0.75); -webkit-border-radius: 1em; -moz-border-radius: 1em; -moz-box-shadow: 0.1em 0.1em 0.5em rgba(0, 0, 0, 0.75); -webkit-box-shadow: 0.1em 0.1em 0.5em rgba(0, 0, 0, 0.75);\" colspan=\"5\" rowspan=\"3\" align=\"center\" valign=\"middle\">\n<h2><span style=\"font-family: georgia, palatino;\">Amy Sue Dorian<\/span><\/h2>\n<\/td>\n<\/tr>\n<\/tbody>\n<\/table>\n<div style=\"float: right; margin-right: 15px; margin-bottom: 15px; font-size: 11px; width: 300px; padding-left: 10px; padding-right: 10px;\">\n<table style=\"background: none; border: 0px solid #003366; margin-bottom: 15px; margin-right: 15px; float: left; border-radius: 1em; box-shadow: rgba(0, 0, 0, 0.75) 0.1em 0.1em 0.5em; width: 82.668%; height: 911px;\" border=\"1\" width=\"250\" cellspacing=\"10\" align=\"left\">\n<tbody>\n<tr style=\"height: 232px;\">\n<td style=\"border: 0px solid transparent; font-weight: bold; width: 87.9518%; height: 232px;\" colspan=\"2\" align=\"center\" width=\"250\"><span style=\"font-family: georgia, palatino;\"><img loading=\"lazy\" decoding=\"async\" class=\"alignnone wp-image-947 size-medium\" src=\"https:\/\/sf-germany.com\/einheiten\/usb-midgard\/wp-content\/uploads\/2023\/12\/Amy-Sue-Hawkmoon-Dorian-300x300.jpg\" alt=\"\" width=\"300\" height=\"300\" srcset=\"https:\/\/sf-germany.com\/einheiten\/usb-midgard\/wp-content\/uploads\/2023\/12\/Amy-Sue-Hawkmoon-Dorian-300x300.jpg 300w, https:\/\/sf-germany.com\/einheiten\/usb-midgard\/wp-content\/uploads\/2023\/12\/Amy-Sue-Hawkmoon-Dorian-150x150.jpg 150w, https:\/\/sf-germany.com\/einheiten\/usb-midgard\/wp-content\/uploads\/2023\/12\/Amy-Sue-Hawkmoon-Dorian-768x768.jpg 768w, https:\/\/sf-germany.com\/einheiten\/usb-midgard\/wp-content\/uploads\/2023\/12\/Amy-Sue-Hawkmoon-Dorian.jpg 1024w\" sizes=\"auto, (max-width: 300px) 100vw, 300px\" \/><\/span><\/td>\n<\/tr>\n<tr style=\"height: 19px;\">\n<td style=\"border: 0px solid transparent; font-weight: bold; width: 87.9518%; height: 19px;\" colspan=\"2\" align=\"center\" width=\"250\"><span style=\"font-family: georgia, palatino;\">Amy Sue &#8222;Hawkmoon&#8220; Dorian<\/span><\/td>\n<\/tr>\n<tr style=\"height: 19px;\">\n<td style=\"border: 0px solid transparent; font-weight: bold; width: 41.3655%; height: 19px;\" align=\"right\" width=\"111\"><span style=\"font-family: georgia, palatino;\">Status<\/span><\/td>\n<td style=\"border: 0px solid transparent; width: 46.5863%; height: 19px;\" align=\"left\" width=\"129\"><span style=\"font-family: georgia, palatino;\">NPC<\/span><\/td>\n<\/tr>\n<tr style=\"height: 19px;\">\n<td style=\"border: 0px solid transparent; font-weight: bold; width: 41.3655%; height: 19px;\" align=\"right\" width=\"111\"><span style=\"font-family: georgia, palatino;\">Spieler<\/span><\/td>\n<td style=\"border: 0px solid transparent; width: 46.5863%; height: 19px;\" align=\"left\" width=\"129\"><span style=\"font-family: georgia, palatino;\">Assets<\/span><\/td>\n<\/tr>\n<tr style=\"height: 19px;\">\n<td style=\"background: #555555; border: 0px solid #003366; font-weight: bold; border-radius: 1em; box-shadow: rgba(0, 0, 0, 0.75) 0.1em 0.1em 0.5em; width: 87.9518%; height: 19px;\" colspan=\"2\" align=\"center\" width=\"240\"><span style=\"font-family: georgia, palatino;\">Dienstliche Informationen<\/span><\/td>\n<\/tr>\n<tr style=\"height: 31px;\">\n<td style=\"border: 0px solid transparent; font-weight: bold; vertical-align: middle; width: 41.3655%; height: 31px;\" align=\"right\" width=\"111\"><span style=\"font-family: georgia, palatino;\">Ranggrafik<\/span><\/td>\n<td style=\"border: 0px solid transparent; width: 46.5863%; height: 31px;\" align=\"left\" width=\"129\"><\/td>\n<\/tr>\n<tr style=\"height: 19px;\">\n<td style=\"border: 0px solid transparent; font-weight: bold; width: 41.3655%; height: 19px;\" align=\"right\" width=\"111\"><span style=\"font-family: georgia, palatino;\">Rang<\/span><\/td>\n<td style=\"border: 0px solid transparent; width: 46.5863%; height: 19px;\" align=\"left\" width=\"129\">Alf\u00e9rez (Lt. &#8211; Nova Lucia)<\/td>\n<\/tr>\n<tr style=\"height: 19px;\">\n<td style=\"border: 0px solid transparent; font-weight: bold; width: 41.3655%; height: 19px;\" align=\"right\" width=\"111\"><span style=\"font-family: georgia, palatino;\">Posten<\/span><\/td>\n<td style=\"border: 0px solid transparent; width: 46.5863%; height: 19px;\" align=\"left\" width=\"129\"><span style=\"font-family: georgia, palatino;\">Staffelpilotin NL<\/span><\/td>\n<\/tr>\n<tr style=\"height: 19px;\">\n<td style=\"border: 0px solid transparent; font-weight: bold; width: 41.3655%; height: 19px;\" align=\"right\" width=\"111\"><span style=\"font-family: georgia, palatino;\">Stationierung<\/span><\/td>\n<td style=\"border: 0px solid transparent; width: 46.5863%; height: 19px;\" align=\"left\" width=\"129\"><span style=\"font-family: georgia, palatino;\">USB Midgard<\/span><\/td>\n<\/tr>\n<tr style=\"height: 19px;\">\n<td style=\"background: #555555; border: 0px solid #003366; font-weight: bold; border-radius: 1em; box-shadow: rgba(0, 0, 0, 0.75) 0.1em 0.1em 0.5em; width: 87.9518%; height: 19px;\" colspan=\"2\" align=\"center\" width=\"250\"><span style=\"font-family: georgia, palatino;\">Biographische Informationen<\/span><\/td>\n<\/tr>\n<tr style=\"height: 19px;\">\n<td style=\"border: 0px solid transparent; font-weight: bold; width: 41.3655%; height: 19px;\" align=\"right\" width=\"111\"><span style=\"font-family: georgia, palatino;\">Geburtsjahr<\/span><\/td>\n<td style=\"border: 0px solid transparent; width: 46.5863%; height: 19px;\" align=\"left\" width=\"129\"><span style=\"font-family: georgia, palatino;\">11.02.2383<\/span><\/td>\n<\/tr>\n<tr style=\"height: 38px;\">\n<td style=\"border: 0px solid transparent; font-weight: bold; width: 41.3655%; height: 38px;\" align=\"right\" width=\"111\"><span style=\"font-family: georgia, palatino;\">Geburtsort<\/span><\/td>\n<td style=\"border: 0px solid transparent; width: 46.5863%; height: 38px;\" align=\"left\" width=\"129\">Heritsville, N\u00e4he Houston, Texas<\/td>\n<\/tr>\n<tr style=\"height: 19px;\">\n<td style=\"border: 0px solid transparent; font-weight: bold; width: 41.3655%; height: 19px;\" align=\"right\" width=\"111\"><span style=\"font-family: georgia, palatino;\">Familienstand<\/span><\/td>\n<td style=\"border: 0px solid transparent; width: 46.5863%; height: 19px;\" align=\"left\" width=\"129\"><span style=\"font-family: georgia, palatino;\">verheiratet<\/span><\/td>\n<\/tr>\n<tr style=\"height: 19px;\">\n<td style=\"border: 0px solid transparent; font-weight: bold; width: 41.3655%; text-align: right; height: 19px;\"><span style=\"font-family: georgia, palatino;\">Ehemann<\/span><\/td>\n<td style=\"border: 0px solid transparent; width: 46.5863%; height: 19px;\">Jack Walker<\/td>\n<\/tr>\n<tr style=\"height: 154px;\">\n<td style=\"border: 0px solid transparent; font-weight: bold; width: 41.3655%; height: 154px;\" align=\"right\" width=\"111\"><span style=\"font-family: georgia, palatino;\">Familie<\/span><\/td>\n<td style=\"border: 0px solid transparent; width: 46.5863%; height: 154px;\" align=\"left\" width=\"129\">Vater: Ben-Clark Dorian<br \/>\nMutter: Elisabeth-Carrie Dorian, geb. Hawkwind<br \/>\nGeschwister: 2 Br\u00fcder, Ben-Clark der 2. und David-William<\/td>\n<\/tr>\n<tr style=\"height: 19px;\">\n<td style=\"background: #555555; border: 0px solid #003366; font-weight: bold; border-radius: 1em; box-shadow: rgba(0, 0, 0, 0.75) 0.1em 0.1em 0.5em; width: 87.9518%; height: 19px;\" colspan=\"2\" align=\"center\" width=\"250\"><span style=\"font-family: georgia, palatino;\">Physische Beschreibung<\/span><\/td>\n<\/tr>\n<tr style=\"height: 19px;\">\n<td style=\"border: 0px solid transparent; font-weight: bold; width: 41.3655%; height: 19px;\" align=\"right\" width=\"111\"><span style=\"font-family: georgia, palatino;\">Spezies<\/span><\/td>\n<td style=\"border: 0px solid transparent; width: 46.5863%; height: 19px;\" align=\"left\" width=\"129\"><span style=\"font-family: georgia, palatino;\">Mensch<\/span><\/td>\n<\/tr>\n<tr style=\"height: 19px;\">\n<td style=\"border: 0px solid transparent; font-weight: bold; width: 41.3655%; height: 19px;\" align=\"right\" width=\"111\"><span style=\"font-family: georgia, palatino;\">Geschlecht<\/span><\/td>\n<td style=\"border: 0px solid transparent; width: 46.5863%; height: 19px;\" align=\"left\" width=\"129\"><span style=\"font-family: georgia, palatino;\">weiblich<\/span><\/td>\n<\/tr>\n<tr style=\"height: 19px;\">\n<td style=\"border: 0px solid transparent; font-weight: bold; width: 41.3655%; height: 19px;\" align=\"right\" width=\"111\"><span style=\"font-family: georgia, palatino;\">Gr\u00f6\u00dfe<\/span><\/td>\n<td style=\"border: 0px solid transparent; width: 46.5863%; height: 19px;\" align=\"left\" width=\"129\"><span style=\"font-family: georgia, palatino;\">160 cm<\/span><\/td>\n<\/tr>\n<tr style=\"height: 19px;\">\n<td style=\"border: 0px solid transparent; font-weight: bold; width: 41.3655%; height: 19px;\" align=\"right\" width=\"111\"><span style=\"font-family: georgia, palatino;\">Gewicht<\/span><\/td>\n<td style=\"border: 0px solid transparent; width: 46.5863%; height: 19px;\" align=\"left\" width=\"129\"><span style=\"font-family: georgia, palatino;\">58 kg<\/span><\/td>\n<\/tr>\n<tr style=\"height: 19px;\">\n<td style=\"border: 0px solid transparent; font-weight: bold; width: 41.3655%; height: 19px;\" align=\"right\" width=\"111\"><span style=\"font-family: georgia, palatino;\">Haarfarbe<\/span><\/td>\n<td style=\"border: 0px solid transparent; width: 46.5863%; height: 19px;\" align=\"left\" width=\"129\"><span style=\"font-family: georgia, palatino;\">blond<\/span><\/td>\n<\/tr>\n<tr style=\"height: 19px;\">\n<td style=\"border: 0px solid transparent; font-weight: bold; width: 41.3655%; height: 19px;\" align=\"right\" width=\"111\"><span style=\"font-family: georgia, palatino;\">Augenfarbe<\/span><\/td>\n<td style=\"border: 0px solid transparent; width: 46.5863%; height: 19px;\" align=\"left\" width=\"129\"><span style=\"font-family: georgia, palatino;\">grau<\/span><\/td>\n<\/tr>\n<tr style=\"height: 19px;\">\n<td style=\"border: 0px solid transparent; font-weight: bold; width: 41.3655%; height: 19px;\" align=\"right\" width=\"111\"><span style=\"font-family: georgia, palatino;\">Hautfarbe<\/span><\/td>\n<td style=\"border: 0px solid transparent; width: 46.5863%; height: 19px;\" align=\"left\" width=\"129\"><span style=\"font-family: georgia, palatino;\">hell, leicht gebr\u00e4unt<\/span><\/td>\n<\/tr>\n<tr style=\"height: 19px;\">\n<td style=\"border: 0px solid transparent; font-weight: bold; width: 41.3655%; height: 19px;\" align=\"right\" width=\"111\"><span style=\"font-family: georgia, palatino;\">Kurzinfo<\/span><\/td>\n<td style=\"border: 0px solid transparent; width: 46.5863%; height: 19px;\" align=\"left\" width=\"129\"><span style=\"font-family: georgia, palatino;\">&#8212;<\/span><\/td>\n<\/tr>\n<tr style=\"height: 19px;\">\n<td style=\"background: #555555; border: 0px solid #003366; font-weight: bold; border-radius: 1em; box-shadow: rgba(0, 0, 0, 0.75) 0.1em 0.1em 0.5em; width: 87.9518%; height: 19px;\" colspan=\"2\" align=\"center\" width=\"250\"><span style=\"font-family: georgia, palatino;\">Politische Informationen<\/span><\/td>\n<\/tr>\n<tr style=\"height: 19px;\">\n<td style=\"border: 0px solid transparent; font-weight: bold; width: 41.3655%; height: 19px;\" align=\"right\" width=\"111\"><span style=\"font-family: georgia, palatino;\">B\u00fcrgerschaft<\/span><\/td>\n<td style=\"border: 0px solid transparent; width: 46.5863%; height: 19px;\" align=\"left\" width=\"129\"><span style=\"font-family: georgia, palatino;\">Nova Lucia<\/span><\/td>\n<\/tr>\n<tr style=\"height: 38px;\">\n<td style=\"border: 0px solid transparent; font-weight: bold; width: 41.3655%; height: 38px;\" align=\"right\" width=\"111\"><span style=\"font-family: georgia, palatino;\">\u00a0Religion<\/span><\/td>\n<td style=\"border: 0px solid transparent; width: 46.5863%; height: 38px;\" align=\"left\" width=\"129\"><span style=\"font-family: georgia, palatino;\">christlich, aber nicht \u00fcberzeugt<\/span><\/td>\n<\/tr>\n<\/tbody>\n<\/table>\n<\/div>\n<p><span style=\"font-family: georgia, palatino;\"><strong><span style=\"font-size: 24pt;\">Lebenslauf<\/span><\/strong><\/span><\/p>\n<p>Geboren in Heritsville wuchs Amy mit ihren gro\u00dfen Br\u00fcdern auf. Sie war das, was man typischerweise ein &#8222;wildes M\u00e4dchen&#8220; nennt. Hier lernte sie auch reiten &#8211; und schie\u00dfen mit verschiedenen altmodischen Gewehren des 18. 19. und 20. Jahrhunderts, die ihr Vater sammelt. Sie liebt Pferde \u00fcber alles und ist ein sehr gute Reiterin. Sp\u00e4ter, in ihrer Jugend, lernte Amy weitere interessante Dinge kennen: Motorr\u00e4der, Autos, Flugzeuge, Shuttles. Und sie bastelte auch gern an diesen Maschinen herum.<\/p>\n<p class=\"vspace\">Mit 15 konnte sie bereits das Motorrad ihres Vaters (eine uralte Honda Shadow 1100) fahren (und fuhr es zu Schrott). Mit 16 machte sie ihren Pilotenschein f\u00fcr Leichtflugzeuge. Das Fliegen gefiel ihr am Besten, die Freiheit, die Leichtigkeit, die Geschwindigkeit.<\/p>\n<p class=\"vspace\">Mit 18 Jahren trat sie in die Sternenflotte ein. Es war ihr gr\u00f6\u00dfter Traum, einmal ein Raumschiff zu steuern, so meldete sie sich bei allen Flugkursen, Simulationen, Trainings an, bei denen es nur irgendwie um Flugger\u00e4te oder Raumschiffe ging.<\/p>\n<p class=\"vspace\">Allerdings folgte hier auch ihr erster gro\u00dfer R\u00fcckschlag: Sie kam mit ihren Vorgesetzten und Ausbildern nicht klar und wurde &#8211; nach mehreren harten Diskussionen und einem schweren Ausraster von Amy gegen\u00fcber einem Vorgesetzten, wurde sie von der Akademie geworfen.<\/p>\n<p class=\"vspace\">Trotzig bewarb sie sich daraufhin an der Pilotenschule der Handelsmarine, sie wollte auf ein Schiff. Hier kam sie mit ihren Lehrern etwas besser aus und schaffte auch ihren Abschlu\u00df.<\/p>\n<p class=\"vspace\">Amy flog auf Handelsschiffen als Lt. der Handelsmarine, doch ihr Herz geh\u00f6rte eher den schnellen Schiffen der Sternenflotte. Als auf der USB Cailleach Piloten f\u00fcr die Flugstaffel gesucht wurden, bewarb sie sich und bekam die Stelle. Nach anf\u00e4nglichen Problemen, insbesondere durch \u00fcbertriebenes Selbstwertgef\u00fchl und mangelnde Teamf\u00e4higkeit, wurde sie dann aber zu einer voll integrierten Pilotin der White Wolf Staffel.<\/p>\n<p>Auf der Station lernte sie Jack Walker kennen, der ebenfalls Pilot war. Sie verliebten sich und wurden ein Paar, flogen aber Eins\u00e4tze meist getrennt, nur in \u00dcbungen und in seltenen F\u00e4llen arbeiteten sie zusammen. Amys Fl\u00fcgelmann war zumeist Kileontheal Te&#8217;Shur, ein Eldaril, mit dem sie (und seinem wei\u00dfen, intelligenten, telepathief\u00e4higen, wei\u00dfen Wolf)\u00a0 nach kurzer Zeit eine tiefe Freundschaft verband und der ihr &#8218;Mentor&#8216; wurde<\/p>\n<p>Amy nahm an einigen Kampfeins\u00e4tzen teil und sowohl Gefechte gegen Romulaner, als auch Piraten \u00fcberlebte sie. So wurde sie als Ensign eingestellt und arbeitete sich innerhalb weniger Jahre zum Lieutenant (senior grade) hoch.<\/p>\n<p>Ihr Geliebter Jack wurde zwischendurch versetzt auf die USS Damokles, wo er den Posten des zweiten Offizieres erhielt, nach etwas \u00fcber einem halben Jahr, in dem sie sich beinahe t\u00e4glich Nachrichten schickten, kehrte Jack zur\u00fcck. Amy wurde schwanger, sie hatte nicht mit seiner R\u00fcckkehr gerechnet und somit die Verh\u00fctung vernachl\u00e4ssigt. Die R\u00fcckkehr war eine \u00dcberraschung, Jack tauchte auf einer Feier auf Ispania (dem der Cailleach am n\u00e4chsten gelegenen Planeten der Ashani) \u00fcberraschend auf, bei dem ein anderer Pilot, den Amy lediglich freundlich behandelt hatte, der dies aber als Flirten begriffen hatte, Amy schwer beleidigte aus Eifersucht. Kileon konnte die Situation retten, bevor es zum\u00a0 Eklat kam. Amy und Jack verschwanden im Hotelzimmer.<\/p>\n<p>Einige Wochen sp\u00e4ter, Amy war fast im zweiten Monat, begann der Krieg gegen Marchosianer und Araniden. Im Kampf gegen die Angreifer nahe der Cailleach wurde erst Jack beinahe abgeschossen, den Amy zur Station zur\u00fcckgeleitete in ihrem J\u00e4ger, dann aber wurde sie getroffen und beim Versuch, Deckung nahe der Cailleach zu nehmen blockierte ihre Steuerung, der Ashani-J\u00e4ger durchbrach die Wand des Promenadendecks. Amy verlor ihr Kind, in einer dramatischen Operationen versuchten die \u00c4rzte alles, Amy zu retten, aber hatten keine Chance gegen zu viele innere Blutungen. Amy starb. Jack zettelte einen Streit an, wurde inhaftiert und nachdem man ihn freilie\u00df, erfuhr er, dass der Krieg vorbei w\u00e4re. Er verlie\u00df die Station in Trauer und Verbitterung und wurde &#8218;freier Spediteur&#8216; (Schmuggler, Transporter).<\/p>\n<p>Ein knappes Jahr sp\u00e4ter tauchte Amy auf der Cailleach wieder auf, ihr fehlte die Erinnerung an die Zeit und war im Glauben, es w\u00e4re Jahre fr\u00fcher, sie stellte sich f\u00fcr den Posten eines Staffelpiloten vor, mit den gleichen Worten, wie zum Zeitpunkt ihres ersten Ankommens auf der Station. Die Staffelpiloten wollten ihr helfen, insbesondere Thomas &#8222;Phoenix&#8220; Stone, Marcus &#8222;Viper&#8220; Finley und Kileon. Der CO und die Sicherheitsabteilung der Station arrestierten die Pilotin, da sie annehmen mussten, dass Amy entweder ein Klon oder etwas anderes w\u00e4re, dass eine Gefahr f\u00fcr die Sicherheit darstellte.<\/p>\n<p>Amy erinnerte sich nach und nach an die Zeit, die ihrem Ged\u00e4chtnis fehlte, Fragmente von Erinnerungen blitzten bei den ersten Gespr\u00e4chen bereits auf, die sie mit den Piloten f\u00fchrte. Nach einigen Tagen im Arrest konnte sie fl\u00fcchten. Sie besorgte sich ein Shuttle und wurde Schmugglerin. Sie erinnerte sich an Jack, stellte Nachforschungen an, suchte und fand ihn in einer zwielichten Bar. Nach knapp zwei Jahren, in denen sie mit Jack einige Auftr\u00e4ge ausf\u00fchrte (bei einem davon wurde ihr Schiff zerst\u00f6rt und sie besa\u00dfen somit nur noch Jacks Schiff) kam der Auftrag, Medikamente f\u00fcr gegen eine Seuche nach Nova Lucia zu bef\u00f6rdern, wo sie dann in den Dienst der planetaren Verteidigung gestellt wurden und dann sp\u00e4ter als J\u00e4gerstaffel und Zollpatrouille auf der USB Midgard\u00a0 stationiert wurden.<\/p>\n<p>Bei einem Angriff auf Nova Lucia durch die GrimGuardians wurde Amy entf\u00fchrt und nach Nova Suwon gebracht, wo sie als Kriegsverbrecherin hingerichtet werden sollte, doch sie wurde befreit von der 15j\u00e4hrigen Cirees, die Amy als Pflegetochter annahm. Auf dem R\u00fcckweg zur Midgard machte Amy Jack einen Heiratsantrag, oder vielmehr, bestand auf einer Hochzeit, was Jack gern annahm.<\/p>\n<p>&nbsp;<\/p>\n<p>&nbsp;<\/p>\n<p>&nbsp;<\/p>\n<hr \/>\n<p><span style=\"font-family: georgia, palatino;\"><strong><span style=\"font-size: 24pt;\">Psychologisches Profil<\/span><\/strong><\/span><\/p>\n<p><span style=\"font-size: 1.0625rem;\">Amy ist zuvorderst gef\u00fchlsgesteuert, sie vertraut ihrem Bauch mehr als ihrem Kopf.\u00a0 Amy ist offen, hat wenige Vorurteile und kommt mit den meisten Intelligenzwesen gut aus. Dabei ist sie jedoch impulsiv und neigt zum schnellen Handeln statt lang zu \u00fcberlegen. Wenn sie etwas als ungerecht empfindet, ist sie stur und besteht auf ihrem Standpunkt, es wird schwer, sie von einem anderen zu \u00fcberzeugen. Sie tritt auch Vorgesetzten und Obrigkeiten nicht buckelnd gegen\u00fcber, sie erkennt Autorit\u00e4ten nur an, wenn sie von deren Kompetenz \u00fcberzeugt ist. Manchmal neigt sie noch zu Selbst\u00fcbersch\u00e4tzung, doch mit zunehmendem Alter und Erfahrung wurde dieser Wesenszug schw\u00e4cher, ebenso wie ihre Teamf\u00e4higkeit inzwischen positiv einzusch\u00e4tzen ist.\u00a0<\/span><\/p>\n<hr \/>\n<p><span style=\"font-family: georgia, palatino;\"><strong><span style=\"font-size: 24pt;\">Spezialgebiete<\/span><\/strong><\/span><\/p>\n<p>Schnelle Reaktionen, Reiten, Schie\u00dfen. Sie kann beinahe alles lenken was fliegt oder R\u00e4der hat.<\/p>\n<h4>Lehrg\u00e4nge<\/h4>\n<ul>\n<li>Technik &#8211; Warptriebwerke und Impulstriebwerke<\/li>\n<li>Holodeckprogrammierung<\/li>\n<li>Astronavigation, Astrometrie<\/li>\n<li>Shuttleflug<\/li>\n<\/ul>\n<h4>Sprachen<\/h4>\n<ul>\n<li>Standard<\/li>\n<li>etwas Ferengi<\/li>\n<li>etwas Romulanisch<\/li>\n<li>etwas Klingonisch<\/li>\n<li>kann in etliche Sprachen flie\u00dfend fluchen<\/li>\n<\/ul>\n<p>&nbsp;<\/p>\n<p><span style=\"font-family: georgia, palatino;\"><strong><span style=\"font-size: 24pt;\">Hobbies<\/span><\/strong><\/span><\/p>\n<ul>\n<li>Fliegen<\/li>\n<li>Reiten<\/li>\n<li>Motorrad-fahren auf dem Holodeck. Alles was mit Geschwindigkeit zu tun hat liebt sie<\/li>\n<\/ul>\n<hr \/>\n<p><span style=\"font-family: georgia, palatino; font-size: 24pt;\"><strong>Medizinisches Profil<\/strong><\/span><\/p>\n<p>Verschiedene, gut verheilte Verletzungen, Knochenbr\u00fcche und Unfallverwundungen aus Jugend und Eins\u00e4tzen.<\/p>\n<p>Nach ihrem Tod erschien sie mit den vorhandenen Narben und verheilten Knochenbr\u00fcchen, wie sie in ihrer Akte verzeichnet waren, die Narbe an ihrem Unterbauch zeigt, wo eine Strebe sich beim Einschlag ihres J\u00e4gers in die USB Caileach in sie gebohrt hat, wodurch sie ihr ungeborenes Kind verlor.<\/p>\n<hr \/>\n<p><span style=\"font-family: georgia, palatino; font-size: 24pt;\"><strong><span id=\"Haustier\" class=\"mw-headline\">Haustier<\/span><\/strong><\/span><\/p>\n<p><span style=\"font-family: georgia, palatino;\">keines<\/span><\/p>\n<hr \/>\n<p><span style=\"font-family: georgia, palatino;\"><strong><span style=\"font-size: 24pt;\">Klassifzierte Sektion<\/span><\/strong><\/span><\/p>\n<p><span style=\"font-family: georgia, palatino;\">Ein Schiff einer unbekannten Spezies fand den Sarg, die leere Torpedoh\u00fclle, in der sie ins All geschossen wurde, kurze nach ihrer Beerdigung. Amy wurde auf dem Schiff wiederbelebt, die Wiederherstellung dauerte beinahe ein Jahr und selbst danach fehlten ihr Erinnerungen an die letzten paar Jahre zuvor, die erst nach und nach zur\u00fcckkehrten. An diese Wiederherstellung hat Amy keinerlei Erinnerung.\u00a0<\/span><\/p>\n<p>&nbsp;<\/p>\n","protected":false},"excerpt":{"rendered":"<p>Amy Sue Dorian Amy Sue &#8222;Hawkmoon&#8220; Dorian Status NPC Spieler Assets Dienstliche Informationen Ranggrafik Rang Alf\u00e9rez (Lt. &#8211; Nova Lucia) Posten Staffelpilotin NL Stationierung USB Midgard Biographische Informationen Geburtsjahr 11.02.2383 Geburtsort Heritsville, N\u00e4he Houston, Texas Familienstand verheiratet Ehemann Jack Walker Familie Vater: Ben-Clark Dorian Mutter: Elisabeth-Carrie Dorian, geb. Hawkwind Geschwister: 2 Br\u00fcder, Ben-Clark der 2&#8230;.<\/p>\n<p class=\"more-link-wrap\"><a href=\"https:\/\/sf-germany.com\/einheiten\/usb-midgard\/usb-midgard-sb-61\/die-crew\/bio-ninaxtivk\/amy-sue-dorian\/\" class=\"more-link\">Read More<span class=\"screen-reader-text\"> &ldquo;Amy Sue Dorian&rdquo;<\/span> &raquo;<\/a><\/p>\n","protected":false},"author":5,"featured_media":0,"parent":407,"menu_order":0,"comment_status":"closed","ping_status":"closed","template":"","meta":{"footnotes":""},"class_list":["post-944","page","type-page","status-publish","hentry"],"_links":{"self":[{"href":"https:\/\/sf-germany.com\/einheiten\/usb-midgard\/wp-json\/wp\/v2\/pages\/944","targetHints":{"allow":["GET"]}}],"collection":[{"href":"https:\/\/sf-germany.com\/einheiten\/usb-midgard\/wp-json\/wp\/v2\/pages"}],"about":[{"href":"https:\/\/sf-germany.com\/einheiten\/usb-midgard\/wp-json\/wp\/v2\/types\/page"}],"author":[{"embeddable":true,"href":"https:\/\/sf-germany.com\/einheiten\/usb-midgard\/wp-json\/wp\/v2\/users\/5"}],"replies":[{"embeddable":true,"href":"https:\/\/sf-germany.com\/einheiten\/usb-midgard\/wp-json\/wp\/v2\/comments?post=944"}],"version-history":[{"count":6,"href":"https:\/\/sf-germany.com\/einheiten\/usb-midgard\/wp-json\/wp\/v2\/pages\/944\/revisions"}],"predecessor-version":[{"id":1031,"href":"https:\/\/sf-germany.com\/einheiten\/usb-midgard\/wp-json\/wp\/v2\/pages\/944\/revisions\/1031"}],"up":[{"embeddable":true,"href":"https:\/\/sf-germany.com\/einheiten\/usb-midgard\/wp-json\/wp\/v2\/pages\/407"}],"wp:attachment":[{"href":"https:\/\/sf-germany.com\/einheiten\/usb-midgard\/wp-json\/wp\/v2\/media?parent=944"}],"curies":[{"name":"wp","href":"https:\/\/api.w.org\/{rel}","templated":true}]}}