{"id":895,"date":"2023-08-26T11:47:37","date_gmt":"2023-08-26T09:47:37","guid":{"rendered":"https:\/\/sf-germany.com\/einheiten\/usb-midgard\/?page_id=895"},"modified":"2025-06-18T18:13:51","modified_gmt":"2025-06-18T16:13:51","slug":"grim_guardians","status":"publish","type":"page","link":"https:\/\/sf-germany.com\/einheiten\/usb-midgard\/usb-midgard-sb-61\/grim_guardians\/","title":{"rendered":"die Grim Guardians"},"content":{"rendered":"<p><a id=\"top\" name=\"top\"><\/a><\/p>\n<p style=\"text-align: center;\"><a href=\"https:\/\/sf-germany.com\/einheiten\/usb-midgard\/wp-content\/uploads\/2023\/02\/SB-61-3.png\" rel=\"attachment wp-att-11 lightbox-0\"><img decoding=\"async\" class=\"alignnone wp-image-11\" src=\"https:\/\/sf-germany.com\/einheiten\/usb-midgard\/wp-content\/uploads\/2023\/02\/SB-61-3.png\" alt=\"hephaistoscprw3\" \/><\/a><\/p>\n<hr \/>\n<p>Der Ba&#8217;aja-Sektor ist auch das Wirkungsgebiet einheimischer Piraten, der Grim Guardians. Diese hatten insgesamt f\u00fcnf Sternensysteme in ihre Gewalt gebracht, sowie gro\u00dfe Teile des umliegenden Raumgebietes, darunter auch das Alfheim-System, welches ihnen die F\u00f6deration durch die R\u00fcckeroberung der Station Midgard wieder abgenommen hat.<\/p>\n<p>Die Grim Guardians sind eine Piratenorganisation, die nach dem Abzug der Sternenflotte aus dem Ba&#8217;aja-Sektor nach und nach die Macht \u00fcbernommen hat, in dem sie die anderen Verbrechergruppen aber auch unabh\u00e4ngige Kolonien entweder \u00fcbernommen oder vernichtet hat. Sie ist milit\u00e4risch organisiert, und gleicht einer paramilit\u00e4rischen Organisation. Ihr Chef, &#8222;Crimson Dawn&#8220; regiert mit harter Hand. Besonders zu beachten ist, dass au\u00dfer einer Handvoll sogenannter Paladinen keiner wei\u00df, wer oder was Crimson Dawn wirklich ist. Oder ob es \u00fcberhaupt eine existierende Person ist und nicht eine imagin\u00e4re und die Adjutanten in Wirklichkeit die GG f\u00fchren.<\/p>\n<p>Die GG verf\u00fcgen \u00fcber eine Flotte von Piratenschiffen in Raidergr\u00f6\u00dfe und sicherlich auch ein paar gr\u00f6\u00dfere Einheiten. Die letzte bekannte gro\u00dfe Ballung von Guardian Raidern war der Versuch, die Sternbasis 61 von der Sternenflotte zur\u00fcckzuerobern, was in einer Niederlage der Angreifer und erheblichen Verlusten f\u00fcr die Grim Guardians endete.<\/p>\n<hr \/>\n<h5><span style=\"text-decoration: underline;\">F\u00fchrungsebene<\/span><\/h5>\n<h6><b>Crimson Dawn<\/b><\/h6>\n<p>\u2022\u00a0 Seine Exzellenz<br \/>\n\u2022\u00a0 Monsieur Thierry Michel Soir<br \/>\n\u2022\u00a0 lebt inkognito auf Nu Lyrae IV<br \/>\n\u2022\u00a0 leidet an einer sehr seltenen Blutkrankheit, die nur durch den Einsatz experimenteller Piconiten geheilt werden kann<br \/>\n\u2022\u00a0 Nur seine 4 Paladine haben ihn schon einmal wirklich getroffen, wissen aber auch nicht, wie und wo er lebt.<\/p>\n<h6><b>Valeri\u00e9 Soir<\/b><\/h6>\n<p>\u2022\u00a0 Tochter von Crimson Dawn und Cirees i-Faehht t&#8217;Khaell<br \/>\n\u2022\u00a0 Nutzt den Namen der Mutter als Pseudonym<br \/>\n\u2022\u00a0 hat die Blutkrankheit ihres Vaters geerbt (wenn auch nur in abgeschw\u00e4chter Form)<br \/>\n\u2022\u00a0 Hat die Einsatztruppe (von Seo Yeon und Aleida) initiiert, die die experimentellen Piconiten wieder in die H\u00e4nde der GG bringen sollte.<br \/>\n\u2022\u00a0 Hat auch eine kleinere Dosis der experimentellen Piconiten zu sich genommen.<\/p>\n<h6>Cirees i-Faehht t&#8217;Khaell<\/h6>\n<p>\u2022\u00a0 Romulanerin.<br \/>\n\u2022\u00a0 Ehefrau von Crimson Dawn \/ Thierry Soir.<br \/>\n\u2022\u00a0 Mutter von Valeri\u00e9 Soir.<br \/>\n\u2022\u00a0 Ehemalige Kommandantin der Saeihri, einem Piratenschiff der Grim Guardians.<br \/>\n\u2022\u00a0 Im Einsatz gefangen genommen hat sie 12 Jahre auf der Eistation Zebra in Haft verbracht.<\/p>\n<p>&nbsp;<\/p>\n<h5><span style=\"text-decoration: underline;\">Ilar-System<\/span><\/h5>\n<h6><del><b>Tavish Maille<\/b><\/del><\/h6>\n<p>\u2022\u00a0 Paladin<br \/>\n\u2022\u00a0 regiert das Ilar-System (Ilar VI)<br \/>\n\u2022\u00a0 hat den Angriff auf Nova Lucia kommandiert<br \/>\n\u2022\u00a0 hat den Terror-Angriff auf Midgard befohlen<br \/>\n\u2022\u00a0 tot (von Crimson Dawn exekutiert worden lassen)<\/p>\n<h6><b>Amneris Thais<\/b><\/h6>\n<p>\u2022\u00a0 Paladin<br \/>\n\u2022\u00a0 regiert das Ilar-System (Ilar VI)<br \/>\n\u2022\u00a0 von Crimson Dawn zur Unterh\u00e4ndlerin mit der Sternenflotte auf Midgard ernannt<\/p>\n<p>&nbsp;<\/p>\n<h5><span style=\"text-decoration: underline;\">Nu Lyrae-System<\/span><\/h5>\n<h6><b>Thelev ch&#8217;Vrosa<\/b><\/h6>\n<p>\u2022\u00a0 Paladin<br \/>\n\u2022\u00a0 regiert das Lu Lyrae-System (Nu Lyrae IV mit Hauptstadt Nova Suwon)<br \/>\n\u2022\u00a0 Andorianer<\/p>\n<p>&nbsp;<\/p>\n<h5><span style=\"text-decoration: underline;\">Omicron Noctuae-System<\/span><\/h5>\n<h6><del><b>Xander Nylund<\/b><\/del><\/h6>\n<p>\u2022\u00a0 Pladin<br \/>\n\u2022\u00a0 regiert das Omicron Noctuae-System (Omicron Noctuae VII)<br \/>\n\u2022\u00a0 tot (von der F\u00f6deration bei einem Mordanschlag get\u00f6tet)<\/p>\n<h6><b>S&#8217;Relle<\/b><\/h6>\n<p>\u2022\u00a0 Paladin<br \/>\n\u2022\u00a0 regiert das Omicron Noctuae-System (Omicron Noctuae VII)<br \/>\n\u2022\u00a0 Caitianerin<\/p>\n<p>&nbsp;<\/p>\n<h5><span style=\"text-decoration: underline;\">Traelus-System<\/span><\/h5>\n<h6><b>S&#8217;Relle<\/b><\/h6>\n<p>\u2022\u00a0 Paladin<br \/>\n\u2022\u00a0 administriert tempor\u00e4r das Traelus-System (Traelus III, Tyr)<br \/>\n\u2022\u00a0 Caitianerin<\/p>\n<h6><b>Tochat<\/b><\/h6>\n<ul>\n<li>Vulkanier<\/li>\n<li>designierter Administrator, soll S&#8217;Relle abl\u00f6sen<\/li>\n<li>(hat aber wenig Lust auf diese Aufgabe)<\/li>\n<\/ul>\n<h6><\/h6>\n<h5><span style=\"text-decoration: underline;\">Weitere Personen<\/span><\/h5>\n<h6><b>Tochat<\/b><\/h6>\n<p>\u2022\u00a0 Executive. Meister der Manipulation<br \/>\n\u2022\u00a0 Verabscheut direkte Gewalt und sucht eher die subtilen Mittel<br \/>\n\u2022\u00a0 Schreckt nicht davor zur\u00fcck Unschuldige f\u00fcr das Ergebnis zu opfern<br \/>\n\u2022\u00a0 Hat den Bio-Anschlag auf Midgard initiiert<br \/>\n\u2022\u00a0 Vulkanier<\/p>\n<h6><b>Ita<\/b><\/h6>\n<p>\u2022\u00a0 Offizieranw\u00e4rterin der GG<br \/>\n\u2022\u00a0 War auf dem Mond von Nu Lyrae IV stationiert<br \/>\n\u2022\u00a0 Bei einem Black Ops-Angriff der Marines schwer verletzt worden (einzige \u00dcberlebende)<\/p>\n<p>&nbsp;<\/p>\n<hr \/>\n<p><!--tr>\n<span data-mce-type=\"bookmark\" style=\"display: inline-block; width: 0px; overflow: hidden; line-height: 0;\" class=\"mce_SELRES_start\"><\/span>\n\n\n<td colspan=\"5\" valign=\"top\"><span style=\"color: #51504e;\"><span style=\"font-size: 144%;\">Hazard Team<\/span><a id=\"ht\" style=\"color: #51504e;\" name=\"hazard team\"><\/a> (10 Personen)<\/span><\/td>\n\n\n\n\n<td valign=\"top\" align=\"right\"><a href=\"#top\">up<\/a><\/td>\n\n\n<\/tr>\n\n\n\n\n<tr>\n\n\n<td valign=\"top\" bgcolor=\"#000\" align=\"center\"><span style=\"color: #fff;\"><span style=\"font-size: 120%;\"><strong>Abzeichen<\/strong><\/span><\/span><\/td>\n\n\n<span data-mce-type=\"bookmark\" style=\"display: inline-block; width: 0px; overflow: hidden; line-height: 0;\" class=\"mce_SELRES_start\"><\/span>\n\n\n<td valign=\"top\" bgcolor=\"#000\" align=\"center\"><span style=\"color: #fff;\"><span style=\"font-size: 120%;\"><strong>Rang<\/strong><\/span><\/span><\/td>\n\n\n<span data-mce-type=\"bookmark\" style=\"display: inline-block; width: 0px; overflow: hidden; line-height: 0;\" class=\"mce_SELRES_end\"><\/span>\n\n\n<td valign=\"top\" bgcolor=\"#000\" align=\"center\"><span style=\"color: #fff;\"><span style=\"font-size: 120%;\"><strong>Name<\/strong><\/span><\/span><\/td>\n\n\n\n\n<td valign=\"top\" bgcolor=\"#000\" align=\"center\"><span style=\"color: #fff;\"><span style=\"font-size: 120%;\"><strong>Spezies<\/strong><\/span><\/span><\/td>\n\n\n<span data-mce-type=\"bookmark\" style=\"display: inline-block; width: 0px; overflow: hidden; line-height: 0;\" class=\"mce_SELRES_start\"><\/span>\n\n\n<td valign=\"top\" bgcolor=\"#000\" align=\"center\"><span style=\"color: #fff;\"><span style=\"font-size: 120%;\"><strong>Position<\/strong><\/span><\/span><\/td>\n\n\n\n\n<td valign=\"top\" bgcolor=\"#000\" align=\"center\"><span style=\"color: #fff;\"><span style=\"font-size: 120%;\"><strong>Priorit\u00e4t<\/strong><\/span><\/span><\/td>\n\n\n<\/tr>\n\n\n\n\n<tr>\n\n\n<td valign=\"top\"><img loading=\"lazy\" decoding=\"async\" src=\"https:\/\/www.sf-germany.com\/images\/schemata\/sto\/rot\/ziv.png\" alt=\"\" width=\"100\" height=\"25\"><\/td>\n\n\n\n\n<td valign=\"top\"><\/td>\n\n\n\n\n<td valign=\"top\"><\/td>\n\n\n\n\n<td valign=\"top\"><\/td>\n\n\n\n\n<td valign=\"top\">HAZOP<\/td>\n\n\n\n\n<td valign=\"top\">NPC<\/td>\n\n\n<\/tr>\n\n\n\n\n<tr>\n\n\n<td valign=\"top\"><img loading=\"lazy\" decoding=\"async\" src=\"https:\/\/www.sf-germany.com\/images\/schemata\/sto\/gelb\/ziv.png\" alt=\"\" width=\"100\" height=\"25\"><\/td>\n\n\n\n\n<td valign=\"top\"><\/td>\n\n\n\n\n<td valign=\"top\"><\/td>\n\n\n\n\n<td valign=\"top\"><\/td>\n\n\n\n\n<td valign=\"top\"><\/td>\n\n\n\n\n<td valign=\"top\">NPC<\/td>\n\n\n<\/tr>\n\n\n\n\n<tr>\n\n\n<td colspan=\"6\" valign=\"top\">&nbsp;<\/td>\n\n\n<\/tr>\n\n\n--><\/p>\n<p>&nbsp;<\/p>\n","protected":false},"excerpt":{"rendered":"<p>Der Ba&#8217;aja-Sektor ist auch das Wirkungsgebiet einheimischer Piraten, der Grim Guardians. Diese hatten insgesamt f\u00fcnf Sternensysteme in ihre Gewalt gebracht, sowie gro\u00dfe Teile des umliegenden Raumgebietes, darunter auch das Alfheim-System, welches ihnen die F\u00f6deration durch die R\u00fcckeroberung der Station Midgard wieder abgenommen hat. Die Grim Guardians sind eine Piratenorganisation, die nach dem Abzug der Sternenflotte&#8230;<\/p>\n<p class=\"more-link-wrap\"><a href=\"https:\/\/sf-germany.com\/einheiten\/usb-midgard\/usb-midgard-sb-61\/grim_guardians\/\" class=\"more-link\">Read More<span class=\"screen-reader-text\"> &ldquo;die Grim Guardians&rdquo;<\/span> &raquo;<\/a><\/p>\n","protected":false},"author":2,"featured_media":0,"parent":2,"menu_order":3,"comment_status":"closed","ping_status":"closed","template":"","meta":{"footnotes":""},"class_list":["post-895","page","type-page","status-publish","hentry"],"_links":{"self":[{"href":"https:\/\/sf-germany.com\/einheiten\/usb-midgard\/wp-json\/wp\/v2\/pages\/895","targetHints":{"allow":["GET"]}}],"collection":[{"href":"https:\/\/sf-germany.com\/einheiten\/usb-midgard\/wp-json\/wp\/v2\/pages"}],"about":[{"href":"https:\/\/sf-germany.com\/einheiten\/usb-midgard\/wp-json\/wp\/v2\/types\/page"}],"author":[{"embeddable":true,"href":"https:\/\/sf-germany.com\/einheiten\/usb-midgard\/wp-json\/wp\/v2\/users\/2"}],"replies":[{"embeddable":true,"href":"https:\/\/sf-germany.com\/einheiten\/usb-midgard\/wp-json\/wp\/v2\/comments?post=895"}],"version-history":[{"count":18,"href":"https:\/\/sf-germany.com\/einheiten\/usb-midgard\/wp-json\/wp\/v2\/pages\/895\/revisions"}],"predecessor-version":[{"id":1418,"href":"https:\/\/sf-germany.com\/einheiten\/usb-midgard\/wp-json\/wp\/v2\/pages\/895\/revisions\/1418"}],"up":[{"embeddable":true,"href":"https:\/\/sf-germany.com\/einheiten\/usb-midgard\/wp-json\/wp\/v2\/pages\/2"}],"wp:attachment":[{"href":"https:\/\/sf-germany.com\/einheiten\/usb-midgard\/wp-json\/wp\/v2\/media?parent=895"}],"curies":[{"name":"wp","href":"https:\/\/api.w.org\/{rel}","templated":true}]}}