{"id":888,"date":"2023-08-24T13:12:29","date_gmt":"2023-08-24T11:12:29","guid":{"rendered":"https:\/\/sf-germany.com\/einheiten\/usb-midgard\/?page_id=888"},"modified":"2023-08-24T13:17:25","modified_gmt":"2023-08-24T11:17:25","slug":"sektorrnenkarte","status":"publish","type":"page","link":"https:\/\/sf-germany.com\/einheiten\/usb-midgard\/info-terminal\/sektorrnenkarte\/","title":{"rendered":"Sektorenkarte"},"content":{"rendered":"<p style=\"text-align: center;\"><strong>Karte des Ba&#8217;aja-Sectors und angrenzende Gebiete<\/strong><a href=\"https:\/\/sf-germany.com\/einheiten\/usb-midgard\/wp-content\/uploads\/2023\/08\/Baaja-Sector-und-angrenzende-Gebiete.png\" rel=\"lightbox-0\"><img loading=\"lazy\" decoding=\"async\" class=\"aligncenter wp-image-749 size-large\" src=\"https:\/\/sf-germany.com\/einheiten\/usb-midgard\/wp-content\/uploads\/2023\/08\/Baaja-Sector-und-angrenzende-Gebiete.png\" alt=\"\" width=\"650\" height=\"366\" \/><\/a><\/p>\n<p style=\"text-align: center;\"><a href=\"https:\/\/sf-germany.com\/einheiten\/usb-midgard\/wp-content\/uploads\/2023\/08\/Flugzeiten-Tabelle.png\" rel=\"lightbox-1\"><img loading=\"lazy\" decoding=\"async\" class=\"aligncenter wp-image-749 size-large\" src=\"https:\/\/sf-germany.com\/einheiten\/usb-midgard\/wp-content\/uploads\/2023\/08\/Flugzeiten-Tabelle.png\" alt=\"\" width=\"650\" height=\"366\" \/><\/a><\/p>\n<p style=\"text-align: center;\"><span style=\"font-size: 14px;\">Die Distanz ist in Lichtjahren bemessen.<br \/>\nDas Ergebnis wird in Flugstunden beim jeweligen Warpfaktor ausgewiesen.<br \/>\nRechts eine Tabelle zum Umrechnen Stunde &#8211; Tage.<\/span><\/p>\n<p style=\"text-align: center;\"><span style=\"font-size: 10pt;\">(Ein Klick auf das Bild \u00f6ffnet es. Um das Bild in voller Gr\u00f6\u00dfe zu sehen, auf das Bild rechtsklicken und den Link im neuen Tab \u00f6ffnen.)<\/span><\/p>\n","protected":false},"excerpt":{"rendered":"<p>Karte des Ba&#8217;aja-Sectors und angrenzende Gebiete Die Distanz ist in Lichtjahren bemessen. Das Ergebnis wird in Flugstunden beim jeweligen Warpfaktor ausgewiesen. Rechts eine Tabelle zum Umrechnen Stunde &#8211; Tage. (Ein Klick auf das Bild \u00f6ffnet es. Um das Bild in voller Gr\u00f6\u00dfe zu sehen, auf das Bild rechtsklicken und den Link im neuen Tab \u00f6ffnen.)<\/p>\n","protected":false},"author":2,"featured_media":0,"parent":292,"menu_order":0,"comment_status":"closed","ping_status":"closed","template":"","meta":{"footnotes":""},"class_list":["post-888","page","type-page","status-publish","hentry"],"_links":{"self":[{"href":"https:\/\/sf-germany.com\/einheiten\/usb-midgard\/wp-json\/wp\/v2\/pages\/888","targetHints":{"allow":["GET"]}}],"collection":[{"href":"https:\/\/sf-germany.com\/einheiten\/usb-midgard\/wp-json\/wp\/v2\/pages"}],"about":[{"href":"https:\/\/sf-germany.com\/einheiten\/usb-midgard\/wp-json\/wp\/v2\/types\/page"}],"author":[{"embeddable":true,"href":"https:\/\/sf-germany.com\/einheiten\/usb-midgard\/wp-json\/wp\/v2\/users\/2"}],"replies":[{"embeddable":true,"href":"https:\/\/sf-germany.com\/einheiten\/usb-midgard\/wp-json\/wp\/v2\/comments?post=888"}],"version-history":[{"count":3,"href":"https:\/\/sf-germany.com\/einheiten\/usb-midgard\/wp-json\/wp\/v2\/pages\/888\/revisions"}],"predecessor-version":[{"id":894,"href":"https:\/\/sf-germany.com\/einheiten\/usb-midgard\/wp-json\/wp\/v2\/pages\/888\/revisions\/894"}],"up":[{"embeddable":true,"href":"https:\/\/sf-germany.com\/einheiten\/usb-midgard\/wp-json\/wp\/v2\/pages\/292"}],"wp:attachment":[{"href":"https:\/\/sf-germany.com\/einheiten\/usb-midgard\/wp-json\/wp\/v2\/media?parent=888"}],"curies":[{"name":"wp","href":"https:\/\/api.w.org\/{rel}","templated":true}]}}