{"id":822,"date":"2023-04-27T11:17:55","date_gmt":"2023-04-27T09:17:55","guid":{"rendered":"https:\/\/sf-germany.com\/einheiten\/usb-midgard\/?page_id=822"},"modified":"2024-10-06T19:20:13","modified_gmt":"2024-10-06T17:20:13","slug":"kmirr","status":"publish","type":"page","link":"https:\/\/sf-germany.com\/einheiten\/usb-midgard\/usb-midgard-sb-61\/die-crew\/kmirr\/","title":{"rendered":"K&#8217;Mirr"},"content":{"rendered":"<table style=\"background: none; border: 0px solid #ffffff; font-weight: bold;\" border=\"0\" width=\"95%\" cellspacing=\"5\" cellpadding=\"5\" align=\"center\">\n<tbody>\n<tr>\n<td style=\"background: none; border-radius: 1em; border: 0px solid #003366; box-shadow: 0.1em 0.1em 0.5em rgba(0,0,0,0.75); -webkit-border-radius: 1em; -moz-border-radius: 1em; -moz-box-shadow: 0.1em 0.1em 0.5em rgba(0, 0, 0, 0.75); -webkit-box-shadow: 0.1em 0.1em 0.5em rgba(0, 0, 0, 0.75);\" colspan=\"5\" rowspan=\"3\" align=\"center\" valign=\"middle\">\n<h2><span style=\"font-family: georgia, palatino;\"><strong>K&#8217;Mirr<\/strong><\/span><\/h2>\n<\/td>\n<\/tr>\n<\/tbody>\n<\/table>\n<div style=\"float: right; margin-right: 15px; margin-bottom: 15px; font-size: 11px; width: 300px; padding-left: 10px; padding-right: 10px;\">\n<table style=\"background: none; border: 0px solid #003366; margin-bottom: 15px; margin-right: 15px; float: left; border-radius: 1em; box-shadow: rgba(0, 0, 0, 0.75) 0.1em 0.1em 0.5em; width: 82.668%; height: 628px;\" border=\"1\" width=\"250\" cellspacing=\"10\" align=\"left\">\n<tbody>\n<tr style=\"height: 19px;\">\n<td style=\"border: 0px solid transparent; font-weight: bold; width: 87.9518%; height: 19px;\" colspan=\"2\" align=\"center\" width=\"250\"><\/td>\n<\/tr>\n<tr style=\"height: 19px;\">\n<td style=\"border: 0px solid transparent; font-weight: bold; width: 87.9518%; height: 19px;\" colspan=\"2\" align=\"center\" width=\"250\">K&#8217;Mirr<\/p>\n<p>&nbsp;<\/p>\n<p>BILD<\/p>\n<p>&nbsp;<\/td>\n<\/tr>\n<tr style=\"height: 19px;\">\n<td style=\"border: 0px solid transparent; font-weight: bold; width: 41.3655%; height: 19px;\" align=\"right\" width=\"111\"><span style=\"font-family: georgia, palatino;\">Status<\/span><\/td>\n<td style=\"border: 0px solid transparent; width: 46.5863%; height: 19px;\" align=\"left\" width=\"129\"><span style=\"font-family: georgia, palatino;\">PC<\/span><\/td>\n<\/tr>\n<tr style=\"height: 19px;\">\n<td style=\"border: 0px solid transparent; font-weight: bold; width: 41.3655%; height: 19px;\" align=\"right\" width=\"111\"><span style=\"font-family: georgia, palatino;\">Spieler<\/span><\/td>\n<td style=\"border: 0px solid transparent; width: 46.5863%; height: 19px;\" align=\"left\" width=\"129\"><span style=\"font-family: georgia, palatino;\">Lars<\/span><\/td>\n<\/tr>\n<tr style=\"height: 19px;\">\n<td style=\"background: #555555; border: 0px solid #003366; font-weight: bold; border-radius: 1em; box-shadow: rgba(0, 0, 0, 0.75) 0.1em 0.1em 0.5em; width: 87.9518%; height: 19px;\" colspan=\"2\" align=\"center\" width=\"240\"><span style=\"font-family: georgia, palatino;\">Dienstliche Informationen<\/span><\/td>\n<\/tr>\n<tr style=\"height: 19px;\">\n<td style=\"border: 0px solid transparent; font-weight: bold; vertical-align: middle; width: 41.3655%; height: 19px;\" align=\"right\" width=\"111\"><span style=\"font-family: georgia, palatino;\">Ranggrafik<\/span><\/td>\n<td style=\"border: 0px solid transparent; width: 46.5863%; height: 19px;\" align=\"left\" width=\"129\"><img loading=\"lazy\" decoding=\"async\" src=\"https:\/\/sf-germany.com\/einheiten\/usb-midgard\/wp-content\/uploads\/2023\/02\/b-o1.png\" alt=\"\" width=\"100\" height=\"25\" \/><\/td>\n<\/tr>\n<tr style=\"height: 19px;\">\n<td style=\"border: 0px solid transparent; font-weight: bold; width: 41.3655%; height: 19px;\" align=\"right\" width=\"111\"><span style=\"font-family: georgia, palatino;\">Rang<\/span><\/td>\n<td style=\"border: 0px solid transparent; width: 46.5863%; height: 19px;\" align=\"left\" width=\"129\">Ensign<\/td>\n<\/tr>\n<tr style=\"height: 19px;\">\n<td style=\"border: 0px solid transparent; font-weight: bold; width: 41.3655%; height: 19px;\" align=\"right\" width=\"111\"><span style=\"font-family: georgia, palatino;\">Posten<\/span><\/td>\n<td style=\"border: 0px solid transparent; width: 46.5863%; height: 19px;\" align=\"left\" width=\"129\"><span style=\"font-family: georgia, palatino;\">sCNS<\/span><\/td>\n<\/tr>\n<tr style=\"height: 19px;\">\n<td style=\"border: 0px solid transparent; font-weight: bold; width: 41.3655%; height: 19px;\" align=\"right\" width=\"111\"><span style=\"font-family: georgia, palatino;\">Stationierung<\/span><\/td>\n<td style=\"border: 0px solid transparent; width: 46.5863%; height: 19px;\" align=\"left\" width=\"129\"><span style=\"font-family: georgia, palatino;\">USB Midgard<\/span><\/td>\n<\/tr>\n<tr style=\"height: 19px;\">\n<td style=\"background: #555555; border: 0px solid #003366; font-weight: bold; border-radius: 1em; box-shadow: rgba(0, 0, 0, 0.75) 0.1em 0.1em 0.5em; width: 87.9518%; height: 19px;\" colspan=\"2\" align=\"center\" width=\"250\"><span style=\"font-family: georgia, palatino;\">Biographische Informationen<\/span><\/td>\n<\/tr>\n<tr style=\"height: 19px;\">\n<td style=\"border: 0px solid transparent; font-weight: bold; width: 41.3655%; height: 19px;\" align=\"right\" width=\"111\"><span style=\"font-family: georgia, palatino;\">Geburtsjahr<\/span><\/td>\n<td style=\"border: 0px solid transparent; width: 46.5863%; height: 19px;\" align=\"left\" width=\"129\"><span style=\"font-family: georgia, palatino;\">2380<\/span><\/td>\n<\/tr>\n<tr style=\"height: 19px;\">\n<td style=\"border: 0px solid transparent; font-weight: bold; width: 41.3655%; height: 19px;\" align=\"right\" width=\"111\"><span style=\"font-family: georgia, palatino;\">Geburtsort<\/span><\/td>\n<td style=\"border: 0px solid transparent; width: 46.5863%; height: 19px;\" align=\"left\" width=\"129\"><span style=\"font-family: georgia, palatino;\">Cait<\/span><\/td>\n<\/tr>\n<tr style=\"height: 19px;\">\n<td style=\"border: 0px solid transparent; font-weight: bold; width: 41.3655%; height: 19px;\" align=\"right\" width=\"111\"><span style=\"font-family: georgia, palatino;\">Familienstand<\/span><\/td>\n<td style=\"border: 0px solid transparent; width: 46.5863%; height: 19px;\" align=\"left\" width=\"129\"><span style=\"font-family: georgia, palatino;\">ledig<\/span><\/td>\n<\/tr>\n<tr style=\"height: 96px;\">\n<td style=\"border: 0px solid transparent; font-weight: bold; width: 41.3655%; height: 96px;\" align=\"right\" width=\"111\"><span style=\"font-family: georgia, palatino;\">Eltern<\/span><\/td>\n<td style=\"border: 0px solid transparent; width: 46.5863%; height: 96px;\" align=\"left\" width=\"129\"><span style=\"font-family: georgia, palatino;\">(V) L&#8217;Nish (Profession f\u00fcr Philosophie)<br \/>\n(M) P&#8217;Maal (Professorin f\u00fcr Geschichte)<br \/>\n<\/span><\/td>\n<\/tr>\n<tr style=\"height: 19px;\">\n<td style=\"border: 0px solid transparent; font-weight: bold; width: 41.3655%; height: 19px;\" align=\"right\" width=\"111\"><span style=\"font-family: georgia, palatino;\">Geschwister<\/span><\/td>\n<td style=\"border: 0px solid transparent; width: 46.5863%; height: 19px;\" align=\"left\" width=\"129\"><span style=\"font-family: georgia, palatino;\">Viele<\/span><\/td>\n<\/tr>\n<tr style=\"height: 19px;\">\n<td style=\"background: #555555; border: 0px solid #003366; font-weight: bold; border-radius: 1em; box-shadow: rgba(0, 0, 0, 0.75) 0.1em 0.1em 0.5em; width: 87.9518%; height: 19px;\" colspan=\"2\" align=\"center\" width=\"250\"><span style=\"font-family: georgia, palatino;\">Physische Beschreibung<\/span><\/td>\n<\/tr>\n<tr style=\"height: 19px;\">\n<td style=\"border: 0px solid transparent; font-weight: bold; width: 41.3655%; height: 19px;\" align=\"right\" width=\"111\"><span style=\"font-family: georgia, palatino;\">Spezies<\/span><\/td>\n<td style=\"border: 0px solid transparent; width: 46.5863%; height: 19px;\" align=\"left\" width=\"129\"><span style=\"font-family: georgia, palatino;\">Caitianer<\/span><\/td>\n<\/tr>\n<tr style=\"height: 19px;\">\n<td style=\"border: 0px solid transparent; font-weight: bold; width: 41.3655%; height: 19px;\" align=\"right\" width=\"111\"><span style=\"font-family: georgia, palatino;\">Geschlecht<\/span><\/td>\n<td style=\"border: 0px solid transparent; width: 46.5863%; height: 19px;\" align=\"left\" width=\"129\"><span style=\"font-family: georgia, palatino;\">m\u00e4nnlich<\/span><\/td>\n<\/tr>\n<tr style=\"height: 19px;\">\n<td style=\"border: 0px solid transparent; font-weight: bold; width: 41.3655%; height: 19px;\" align=\"right\" width=\"111\"><span style=\"font-family: georgia, palatino;\">Gr\u00f6\u00dfe<\/span><\/td>\n<td style=\"border: 0px solid transparent; width: 46.5863%; height: 19px;\" align=\"left\" width=\"129\"><span style=\"font-family: georgia, palatino;\">2,00 m<\/span><\/td>\n<\/tr>\n<tr style=\"height: 19px;\">\n<td style=\"border: 0px solid transparent; font-weight: bold; width: 41.3655%; height: 19px;\" align=\"right\" width=\"111\"><span style=\"font-family: georgia, palatino;\">Gewicht<\/span><\/td>\n<td style=\"border: 0px solid transparent; width: 46.5863%; height: 19px;\" align=\"left\" width=\"129\"><span style=\"font-family: georgia, palatino;\">105 kg<\/span><\/td>\n<\/tr>\n<tr style=\"height: 19px;\">\n<td style=\"border: 0px solid transparent; font-weight: bold; width: 41.3655%; height: 19px;\" align=\"right\" width=\"111\"><span style=\"font-family: georgia, palatino;\">Fellfarbe<\/span><\/td>\n<td style=\"border: 0px solid transparent; width: 46.5863%; height: 19px;\" align=\"left\" width=\"129\"><span style=\"font-family: georgia, palatino;\">hell, M\u00e4hne gek\u00fcrzt<\/span><\/td>\n<\/tr>\n<tr style=\"height: 19px;\">\n<td style=\"border: 0px solid transparent; font-weight: bold; width: 41.3655%; height: 19px;\" align=\"right\" width=\"111\"><span style=\"font-family: georgia, palatino;\">Augenfarbe<\/span><\/td>\n<td style=\"border: 0px solid transparent; width: 46.5863%; height: 19px;\" align=\"left\" width=\"129\"><span style=\"font-family: georgia, palatino;\">gold<\/span><\/td>\n<\/tr>\n<tr style=\"height: 19px;\">\n<td style=\"border: 0px solid transparent; font-weight: bold; width: 41.3655%; height: 19px;\" align=\"right\" width=\"111\"><span style=\"font-family: georgia, palatino;\">Hautfarbe<\/span><\/td>\n<td style=\"border: 0px solid transparent; width: 46.5863%; height: 19px;\" align=\"left\" width=\"129\"><span style=\"font-family: georgia, palatino;\">wei\u00df<\/span><\/td>\n<\/tr>\n<tr style=\"height: 19px;\">\n<td style=\"border: 0px solid transparent; font-weight: bold; width: 41.3655%; height: 19px;\" align=\"right\" width=\"111\"><span style=\"font-family: georgia, palatino;\">Verhalten<\/span><\/td>\n<td style=\"border: 0px solid transparent; width: 46.5863%; height: 19px;\" align=\"left\" width=\"129\"><span style=\"font-family: georgia, palatino;\">?<\/span><\/td>\n<\/tr>\n<tr style=\"height: 38px;\">\n<td style=\"border: 0px solid transparent; font-weight: bold; width: 41.3655%; height: 38px;\" align=\"right\" width=\"111\"><span style=\"font-family: georgia, palatino;\">Kurzinfo<\/span><\/td>\n<td style=\"border: 0px solid transparent; width: 46.5863%; height: 38px;\" align=\"left\" width=\"129\"><\/td>\n<\/tr>\n<tr style=\"height: 19px;\">\n<td style=\"background: #555555; border: 0px solid #003366; font-weight: bold; border-radius: 1em; box-shadow: rgba(0, 0, 0, 0.75) 0.1em 0.1em 0.5em; width: 87.9518%; height: 19px;\" colspan=\"2\" align=\"center\" width=\"250\"><span style=\"font-family: georgia, palatino;\">Politische Informationen<\/span><\/td>\n<\/tr>\n<tr style=\"height: 19px;\">\n<td style=\"border: 0px solid transparent; font-weight: bold; width: 41.3655%; height: 19px;\" align=\"right\" width=\"111\"><span style=\"font-family: georgia, palatino;\">B\u00fcrgerschaft<\/span><\/td>\n<td style=\"border: 0px solid transparent; width: 46.5863%; height: 19px;\" align=\"left\" width=\"129\"><span style=\"font-family: georgia, palatino;\">UFP<\/span><\/td>\n<\/tr>\n<tr style=\"height: 19px;\">\n<td style=\"border: 0px solid transparent; font-weight: bold; width: 41.3655%; height: 19px;\" align=\"right\" width=\"111\"><span style=\"font-family: georgia, palatino;\">\u00a0Religion<\/span><\/td>\n<td style=\"border: 0px solid transparent; width: 46.5863%; height: 19px;\" align=\"left\" width=\"129\"><span style=\"font-family: georgia, palatino;\">Rrikalla<\/span><\/td>\n<\/tr>\n<\/tbody>\n<\/table>\n<\/div>\n<p><span style=\"font-family: georgia, palatino;\"><strong><span style=\"font-size: 24pt;\">Lebenslauf<\/span><\/strong><\/span><\/p>\n<p><strong>Vita brevis<\/strong><\/p>\n<p>2380: Geburt auf Cait<\/p>\n<p>2399: Beginn des Literaturstudiums auf Cait<\/p>\n<p>2400: Eintritt in die Sternenflottenakademie<\/p>\n<p>2404: Abgang ohne Abschluss<\/p>\n<p>2404: Aufnahme eines Psychologiestudiums auf Cait<\/p>\n<p>2407: Uniabschluss und Beginn der Arbeit im Therapiezentrum<\/p>\n<p>2415: Anfrage der Sternenflotte auf Wiedereintritt<\/p>\n<p>2416: Akademieabschluss nachgeholt<\/p>\n<p>2416: Versetzung als Ensign auf den Posten des sCNS an Bord der Midgard<\/p>\n<p>&nbsp;<\/p>\n<p><strong>Fr\u00fcher Werdegang<\/strong><\/p>\n<p>K&#8217;Mirr wurde 2380 auf Cait geboren, genauer gesagt dem gr\u00f6\u00dften Kontinent Larrrtov. Die Familie war noch klein er geh\u00f6rte zu den ersten 5 Kindern, die geboren wurden. Seine Eltern hatten keinerlei Ambitionen Cait zu verlassen und so verbrachte K&#8217;Mirr seine gesamte Kindheit auf dem Planeten mit gelegentlichen Ausfl\u00fcgen in die Grassavanne. Wie die meisten Caitianer lebte auch K&#8217;Mirrs Familie gr\u00f6\u00dftenteils vegetarisch, allerdings machte seine Mutter aus historischen Gr\u00fcnden hin und wieder eine Ausnahme. Hierbei kam es h\u00e4ufiger zu Konflikten mit dem Vater, der von den archaischen Jagdausfl\u00fcgen seiner Frau, zur Bewahrung ihrer Kultur, nicht viel hielt.<\/p>\n<p>K&#8217;Mirr hatte dazu nicht wirklich eine Meinung, Mutter war halt so, und auch wenn er sp\u00e4ter den philosophischen Ansatz seines Vaters durchaus interessant fand und respektierte, war es f\u00fcr ihn kein Grund sich einem der beiden Lager anzuschlie\u00dfen.<\/p>\n<p>Er selbst zeigte weder eine besondere Begabung, noch ein besonderes Interesse an einem bestimmten Karrierefeld, folgte seinen Eltern jedoch erst einmal akademisch nach und strebte den Weg zur Hochschule an.<\/p>\n<p>Nach einigem hin und her entschied er sich dann f\u00fcr ein Literaturstudium, womit er beide Eltern etwas entt\u00e4uschte. Seine Professorin war es dann auch, die ihn zum ersten Mal dazu brachte au\u00dferweltliche Literatur zu lesen und damit sein Fernweh entfachte, wieder ein Punkt, der bei seinen Eltern nicht gut an kam.<\/p>\n<p>Ein Studium auf einem anderen Planeten kam damit nat\u00fcrlich auch noch in Frage und je mehr er las, desto mehr wurde seine Neugier entfacht. Fr\u00fcher oder sp\u00e4ter stie\u00df er dann auf die Sternenflottenakademie und entschied sich, sich dort zu bewerben, erneut nicht wirklich zur Freude seiner Eltern.<\/p>\n<p>In Ermangelung anderer Talente, Vorausbildungen oder Interessen w\u00e4hlte er den Weg zum Counselor, obwohl das gute Caitianische Geh\u00f6r ihn eigentlich f\u00fcr den Dienst als Comm pr\u00e4destiniert h\u00e4tte.<\/p>\n<p>Nachdem er die Akademie dann ohne Abschluss verlassen hatte, kehrte er nach Cait zur\u00fcck, und widmete sich ganz der Psychologie und trat dort dann eine Arbeitsstelle in einem Therapiezentrum an.<\/p>\n<p>Hier w\u00e4re er vermutlich wohl geblieben, wenn die Verlustraten im Krieg mit den Klingonen nicht f\u00fcr einige Personalprobleme in der Sternenflotte gesorgt h\u00e4tten. Im Zuge dessen wurden unter anderem viele Ruhest\u00e4ndler reaktiviert. Als dann noch Versorgungsnotst\u00e4nde, wie zum Beispiel an Bord der Midgard, die Krise noch verschlimmerten, trat man auch an K&#8217;Mirr heran.<\/p>\n<p>Mittlerweile \u00e4lter verstand er durchaus, dass der Bedarf an Fachkr\u00e4ften nicht von ungef\u00e4hr kam und auch die Sternenflottenangeh\u00f6rigen hatten durchaus Hilfe verdient.<\/p>\n<p>Daher entschied er sich der Bitte Folge zu leisten.<\/p>\n<p>Nach einem Crashkurs legte er daher mit \u00fcber 30 Jahren die Abschlusspr\u00fcfung der Sternenflottenakademie ab und bestand diese auch \u2013 als Letzter des Jahrgangs. Woraufhin er zum Ensign bef\u00f6rdert wurde.<\/p>\n<p>Als erfahrener Therapeut, aber unerfahrener Offizier war es relativ schwer einen passenden Posten f\u00fcr ihn zu finden, letztlich wurde jedoch entschieden, ihn auf die USB-Midgard zu versetzen. Aufgrund des Werdeganges jedoch als sCNS<\/p>\n<p><strong>Sternenflottenlaufbahn<\/strong><\/p>\n<p>Seine Laufbahn war kurz, im letzten Jahr fand er heraus, dass es bei seiner Aufnahme eine direktive gab die Anzahl nicht menschlicher Kadetten zu erh\u00f6hen. Daraufhin verlie\u00df er die Akademie unter Protest, obwohl der den Abschluss h\u00f6chstwahrscheinlich geschafft h\u00e4tte und seinen Dienst als CNS h\u00e4tte antreten k\u00f6nnen.<\/p>\n<p>Nach der R\u00fcckkehr und dem Bestehen der Pr\u00fcfung, als Letzter seines Jahrganges, erfolgte die Versetzung als sCNS auf die USB-Midgard.<\/p>\n<hr \/>\n<p><span style=\"font-family: georgia, palatino;\"><strong><span style=\"font-size: 24pt;\">Auftreten \/ Erscheinungsbild<\/span><\/strong><\/span><\/p>\n<p>Normalerweise hat er einen langsamen Gang mit hinterm R\u00fccken verschr\u00e4nkten Armen. Der Grund hierf\u00fcr ist der Glaube, dass eine 2m gro\u00dfe Katze so harmloser und Vertrauensw\u00fcrdiger wirkt.<\/p>\n<p>H\u00e4ufig tr\u00e4gt er die Uniform auch au\u00dfer Dienst, privat (Im Quartier) tr\u00e4gt er ungerne Kleidung.<\/p>\n<hr \/>\n<p><span style=\"font-family: georgia, palatino;\"><strong><span style=\"font-size: 24pt;\">Psychologisches Profil<\/span><\/strong><\/span><\/p>\n<p>K&#8217;Mirr versucht ein Emotional gefestigtes Bild (Richtung Elder Statesman) abzugeben und sieht sich, nicht ganz in \u00dcbereinstimmung mit den Vorschriften, eher in beratender Funktion, als im Zentrum eines Teams und neigt dazu die Situation von Au\u00dfen zu betrachten. Er ist au\u00dferdem kein \u201eMacher\u201c und diskutiert Themen lieber vollst\u00e4ndig durch.<\/p>\n<p>Ansonsten wirkt er ausgeglichen, freundlich und etwas zur\u00fcckhaltend, neigt aber dazu ungefragt ungewollte Ratschl\u00e4ge zu geben und kann nur schwer zwischen Arbeit und Privatem trennen.<\/p>\n<p>Da er jeden den er trifft, als potentiellen Patienten sieht, wirken viele seiner Interaktionen anfangs als distanziert.<\/p>\n<hr \/>\n<p><span style=\"font-family: georgia, palatino;\"><strong><span style=\"font-size: 24pt;\">Spezialgebiete<\/span><\/strong><\/span><\/p>\n<p><span style=\"font-family: georgia, palatino;\"><b>Ausbildung<\/b><\/span><\/p>\n<ul>\n<li>+\/- Ausgebildeter Therapeut mit Erfahrung (In Behandlung Caitianischer Patienten)- Sternenflottenausbildung teilweise veraltet<\/li>\n<\/ul>\n<hr \/>\n<p><span style=\"font-family: georgia, palatino;\"><strong><span style=\"font-size: 24pt;\">Hobbies<\/span><\/strong><\/span><\/p>\n<ul>\n<li><span style=\"font-family: georgia, palatino;\">1<\/span><\/li>\n<li>2<\/li>\n<\/ul>\n<hr \/>\n<p><span style=\"font-family: georgia, palatino; font-size: 24pt;\"><strong>Medizinisches Profil<\/strong><\/span><\/p>\n<p>K&#8217;Mirr ist ein gesunder Caitianer<\/p>\n<hr \/>\n<p><span style=\"font-family: georgia, palatino; font-size: 24pt;\"><strong><span id=\"Haustier\" class=\"mw-headline\">Haustier<\/span><\/strong><\/span><\/p>\n<p><span style=\"font-family: georgia, palatino;\">Text<\/span><\/p>\n<hr \/>\n<p><span style=\"font-family: georgia, palatino;\"><strong><span style=\"font-size: 24pt;\">Klassifzierte Sektion<\/span><\/strong><\/span><\/p>\n<p>Die Aussage \u00fcber die Direktive zur Aufnahme nicht menschlicher Kadetten war eine Fehlinformation, gestreut von einem Offizier, dessen negative Erfahrungen mit den Kzinti dazu gef\u00fchrt hat, das er auch keine Caitianer in der Sternenflotte sehen wollte. Nachdem er halbwegs sicher war, wie K&#8217;Mirr reagieren w\u00fcrde, streute er das Ger\u00fccht.<\/p>\n<p>&nbsp;<\/p>\n<p>&nbsp;<\/p>\n","protected":false},"excerpt":{"rendered":"<p>K&#8217;Mirr K&#8217;Mirr &nbsp; BILD &nbsp; Status PC Spieler Lars Dienstliche Informationen Ranggrafik Rang Ensign Posten sCNS Stationierung USB Midgard Biographische Informationen Geburtsjahr 2380 Geburtsort Cait Familienstand ledig Eltern (V) L&#8217;Nish (Profession f\u00fcr Philosophie) (M) P&#8217;Maal (Professorin f\u00fcr Geschichte) Geschwister Viele Physische Beschreibung Spezies Caitianer Geschlecht m\u00e4nnlich Gr\u00f6\u00dfe 2,00 m Gewicht 105 kg Fellfarbe hell, M\u00e4hne&#8230;<\/p>\n<p class=\"more-link-wrap\"><a href=\"https:\/\/sf-germany.com\/einheiten\/usb-midgard\/usb-midgard-sb-61\/die-crew\/kmirr\/\" class=\"more-link\">Read More<span class=\"screen-reader-text\"> &ldquo;K&#8217;Mirr&rdquo;<\/span> &raquo;<\/a><\/p>\n","protected":false},"author":2,"featured_media":0,"parent":75,"menu_order":8,"comment_status":"closed","ping_status":"closed","template":"","meta":{"footnotes":""},"class_list":["post-822","page","type-page","status-publish","hentry"],"_links":{"self":[{"href":"https:\/\/sf-germany.com\/einheiten\/usb-midgard\/wp-json\/wp\/v2\/pages\/822","targetHints":{"allow":["GET"]}}],"collection":[{"href":"https:\/\/sf-germany.com\/einheiten\/usb-midgard\/wp-json\/wp\/v2\/pages"}],"about":[{"href":"https:\/\/sf-germany.com\/einheiten\/usb-midgard\/wp-json\/wp\/v2\/types\/page"}],"author":[{"embeddable":true,"href":"https:\/\/sf-germany.com\/einheiten\/usb-midgard\/wp-json\/wp\/v2\/users\/2"}],"replies":[{"embeddable":true,"href":"https:\/\/sf-germany.com\/einheiten\/usb-midgard\/wp-json\/wp\/v2\/comments?post=822"}],"version-history":[{"count":14,"href":"https:\/\/sf-germany.com\/einheiten\/usb-midgard\/wp-json\/wp\/v2\/pages\/822\/revisions"}],"predecessor-version":[{"id":1070,"href":"https:\/\/sf-germany.com\/einheiten\/usb-midgard\/wp-json\/wp\/v2\/pages\/822\/revisions\/1070"}],"up":[{"embeddable":true,"href":"https:\/\/sf-germany.com\/einheiten\/usb-midgard\/wp-json\/wp\/v2\/pages\/75"}],"wp:attachment":[{"href":"https:\/\/sf-germany.com\/einheiten\/usb-midgard\/wp-json\/wp\/v2\/media?parent=822"}],"curies":[{"name":"wp","href":"https:\/\/api.w.org\/{rel}","templated":true}]}}