{"id":81,"date":"2022-09-26T18:43:35","date_gmt":"2022-09-26T16:43:35","guid":{"rendered":"http:\/\/sf-germany.com\/einheiten\/usb-midgard\/?page_id=81"},"modified":"2024-01-19T10:28:06","modified_gmt":"2024-01-19T09:28:06","slug":"niobe","status":"publish","type":"page","link":"https:\/\/sf-germany.com\/einheiten\/usb-midgard\/usb-midgard-sb-61\/die-crew\/niobe\/","title":{"rendered":"Atrexillis Niobe"},"content":{"rendered":"<table style=\"background: none; border: 0px solid #ffffff; font-weight: bold;\" border=\"0\" width=\"95%\" cellspacing=\"5\" cellpadding=\"5\" align=\"center\">\n<tbody>\n<tr>\n<td style=\"background: none; border-radius: 1em; border: 0px solid #003366; box-shadow: 0.1em 0.1em 0.5em rgba(0,0,0,0.75); -webkit-border-radius: 1em; -moz-border-radius: 1em; -moz-box-shadow: 0.1em 0.1em 0.5em rgba(0, 0, 0, 0.75); -webkit-box-shadow: 0.1em 0.1em 0.5em rgba(0, 0, 0, 0.75);\" colspan=\"5\" rowspan=\"3\" align=\"center\" valign=\"middle\">\n<h2><strong>Atrexillis Attrades Alledies Niobe Anisia atto Thyene<\/strong><\/h2>\n<\/td>\n<\/tr>\n<\/tbody>\n<\/table>\n<p>&nbsp;<\/p>\n<div style=\"float: right; margin-left: 15px; margin-bottom: 15px; font-size: 11px; width: 300px; padding-left: 10px; padding-right: 10px;\">\n<table style=\"background: none; border-radius: 1em; border: 0px solid #003366; margin-bottom: 15px; margin-left: 15px; float: right; box-shadow: 0.1em 0.1em 0.5em rgba(0,0,0,0.75); -webkit-border-radius: 1em; -moz-border-radius: 1em; -moz-box-shadow: 0.1em 0.1em 0.5em rgba(0, 0, 0, 0.75); -webkit-box-shadow: 0.1em 0.1em 0.5em rgba(0, 0, 0, 0.75);\" border=\"1\" width=\"250\" cellspacing=\"10\" align=\"right\">\n<tbody>\n<tr>\n<td style=\"border: 0px solid transparent; font-weight: bold;\" colspan=\"2\" align=\"center\" width=\"250\"><a href=\"https:\/\/sf-germany.com\/einheiten\/usb-midgard\/wp-content\/uploads\/2022\/10\/Niobe_sm.jpg\" rel=\"lightbox-0\"><img loading=\"lazy\" decoding=\"async\" class=\"aligncenter wp-image-230\" src=\"https:\/\/sf-germany.com\/einheiten\/usb-midgard\/wp-content\/uploads\/2022\/10\/Niobe_sm.jpg\" alt=\"\" width=\"150\" height=\"208\" srcset=\"https:\/\/sf-germany.com\/einheiten\/usb-midgard\/wp-content\/uploads\/2022\/10\/Niobe_sm.jpg 1132w, https:\/\/sf-germany.com\/einheiten\/usb-midgard\/wp-content\/uploads\/2022\/10\/Niobe_sm-217x300.jpg 217w, https:\/\/sf-germany.com\/einheiten\/usb-midgard\/wp-content\/uploads\/2022\/10\/Niobe_sm-739x1024.jpg 739w, https:\/\/sf-germany.com\/einheiten\/usb-midgard\/wp-content\/uploads\/2022\/10\/Niobe_sm-768x1064.jpg 768w, https:\/\/sf-germany.com\/einheiten\/usb-midgard\/wp-content\/uploads\/2022\/10\/Niobe_sm-1109x1536.jpg 1109w\" sizes=\"auto, (max-width: 150px) 100vw, 150px\" \/><\/a><\/td>\n<\/tr>\n<tr>\n<td style=\"border: 0px solid transparent; font-weight: bold;\" colspan=\"2\" align=\"center\" width=\"250\">Atrexillis Niobe<\/td>\n<\/tr>\n<tr>\n<td style=\"border: 0px solid transparent; font-weight: bold;\" align=\"right\" width=\"111\">Status<\/td>\n<td style=\"border: 0px solid transparent;\" align=\"left\" width=\"129\">PC<\/td>\n<\/tr>\n<tr>\n<td style=\"border: 0px solid transparent; font-weight: bold;\" align=\"right\" width=\"111\">Spieler<\/td>\n<td style=\"border: 0px solid transparent;\" align=\"left\" width=\"129\">Jetsun Pema<\/td>\n<\/tr>\n<tr>\n<td style=\"background: #555555; border-radius: 1em; border: 0px solid #003366; font-weight: bold; box-shadow: 0.1em 0.1em 0.5em rgba(0,0,0,0.75); -webkit-border-radius: 1em; -webkit-box-shadow: 0.1em 0.1em 0.5em rgba(0, 0, 0, 0.75);\" colspan=\"2\" align=\"center\" width=\"240\">Dienstliche Informationen<\/td>\n<\/tr>\n<tr>\n<td style=\"border: 0px solid transparent; font-weight: bold; vertical-align: middle;\" align=\"right\" width=\"111\">Ranggrafik<\/td>\n<td style=\"border: 0px solid transparent;\" align=\"left\" width=\"129\"><a href=\"https:\/\/sf-germany.com\/einheiten\/usb-midgard\/wp-content\/uploads\/2022\/10\/botschafter_kikonen.png\" rel=\"lightbox-1\"><img loading=\"lazy\" decoding=\"async\" class=\"aligncenter wp-image-231\" src=\"https:\/\/sf-germany.com\/einheiten\/usb-midgard\/wp-content\/uploads\/2022\/10\/botschafter_kikonen.png\" alt=\"\" width=\"100\" height=\"25\" \/><\/a><\/td>\n<\/tr>\n<tr>\n<td style=\"border: 0px solid transparent; font-weight: bold;\" align=\"right\" width=\"111\">Rang<\/td>\n<td style=\"border: 0px solid transparent;\" align=\"left\" width=\"129\">Antipliarchix (Cmdr.)<\/td>\n<\/tr>\n<tr>\n<td style=\"border: 0px solid transparent; font-weight: bold;\" align=\"right\" width=\"111\">Posten<\/td>\n<td style=\"border: 0px solid transparent;\" align=\"left\" width=\"129\">Botschafterin<\/td>\n<\/tr>\n<tr>\n<td style=\"border: 0px solid transparent; font-weight: bold;\" align=\"right\" width=\"111\">Stationierung<\/td>\n<td style=\"border: 0px solid transparent;\" align=\"left\" width=\"129\">USS Odyssey<\/td>\n<\/tr>\n<tr>\n<td style=\"background: #555555; border-radius: 1em; border: 0px solid #003366; font-weight: bold; box-shadow: 0.1em 0.1em 0.5em rgba(0,0,0,0.75); -webkit-border-radius: 1em; -webkit-box-shadow: 0.1em 0.1em 0.5em rgba(0, 0, 0, 0.75);\" colspan=\"2\" align=\"center\" width=\"250\">Biographische Informationen<\/td>\n<\/tr>\n<tr>\n<td style=\"border: 0px solid transparent; font-weight: bold;\" align=\"right\" width=\"111\">Geburtsjahr<\/td>\n<td style=\"border: 0px solid transparent;\" align=\"left\" width=\"129\">2381 (35 J.)<\/td>\n<\/tr>\n<tr>\n<td style=\"border: 0px solid transparent; font-weight: bold;\" align=\"right\" width=\"111\">Geburtsort<\/td>\n<td style=\"border: 0px solid transparent;\" align=\"left\" width=\"129\">Thyene<\/td>\n<\/tr>\n<tr>\n<td style=\"border: 0px solid transparent; font-weight: bold;\" align=\"right\" width=\"111\">Familienstand<\/td>\n<td style=\"border: 0px solid transparent;\" align=\"left\" width=\"129\">verheiratet (Jaldabaoth, 32)<\/td>\n<\/tr>\n<tr>\n<td style=\"border: 0px solid transparent; font-weight: bold;\" align=\"right\" width=\"111\">Mutter<\/td>\n<td style=\"border: 0px solid transparent;\" align=\"left\" width=\"129\">Atrexa Niobe (62)<\/td>\n<\/tr>\n<tr>\n<td style=\"border: 0px solid transparent; font-weight: bold;\" align=\"right\" width=\"111\">Vater<\/td>\n<td style=\"border: 0px solid transparent;\" align=\"left\" width=\"129\">xxx (65)<\/td>\n<\/tr>\n<tr>\n<td style=\"border: 0px solid transparent; font-weight: bold;\" align=\"right\" width=\"111\">Geschwister<\/td>\n<td style=\"border: 0px solid transparent;\" align=\"left\" width=\"129\">S: xxx (32)<br \/>\nB: xxx (29)<br \/>\nB: xxx (27)<\/td>\n<\/tr>\n<tr>\n<td style=\"border: 0px solid transparent; font-weight: bold;\" align=\"right\" width=\"111\">Kinder<\/td>\n<td style=\"border: 0px solid transparent;\" align=\"left\" width=\"129\">T: Kesitah Tinit (4)<br \/>\nS: Amatir Coeslentin (2)<\/td>\n<\/tr>\n<tr>\n<td style=\"background: #555555; border-radius: 1em; border: 0px solid #003366; font-weight: bold; box-shadow: 0.1em 0.1em 0.5em rgba(0,0,0,0.75); -webkit-border-radius: 1em; -webkit-box-shadow: 0.1em 0.1em 0.5em rgba(0, 0, 0, 0.75);\" colspan=\"2\" align=\"center\" width=\"250\">Physische Beschreibung<\/td>\n<\/tr>\n<tr>\n<td style=\"border: 0px solid transparent; font-weight: bold;\" align=\"right\" width=\"111\">Spezies<\/td>\n<td style=\"border: 0px solid transparent;\" align=\"left\" width=\"129\">Kikonin<\/td>\n<\/tr>\n<tr>\n<td style=\"border: 0px solid transparent; font-weight: bold;\" align=\"right\" width=\"111\">Geschlecht<\/td>\n<td style=\"border: 0px solid transparent;\" align=\"left\" width=\"129\">weiblich<\/td>\n<\/tr>\n<tr>\n<td style=\"border: 0px solid transparent; font-weight: bold;\" align=\"right\" width=\"111\">Gr\u00f6\u00dfe<\/td>\n<td style=\"border: 0px solid transparent;\" align=\"left\" width=\"129\">171 cm<\/td>\n<\/tr>\n<tr>\n<td style=\"border: 0px solid transparent; font-weight: bold;\" align=\"right\" width=\"111\">Gewicht<\/td>\n<td style=\"border: 0px solid transparent;\" align=\"left\" width=\"129\">65 kg<\/td>\n<\/tr>\n<tr>\n<td style=\"border: 0px solid transparent; font-weight: bold;\" align=\"right\" width=\"111\">Haarfarbe<\/td>\n<td style=\"border: 0px solid transparent;\" align=\"left\" width=\"129\">br\u00fcnett<\/td>\n<\/tr>\n<tr>\n<td style=\"border: 0px solid transparent; font-weight: bold;\" align=\"right\" width=\"111\">Augenfarbe<\/td>\n<td style=\"border: 0px solid transparent;\" align=\"left\" width=\"129\">dunkelgr\u00fcn<\/td>\n<\/tr>\n<tr>\n<td style=\"border: 0px solid transparent; font-weight: bold;\" align=\"right\" width=\"111\">Hautfarbe<\/td>\n<td style=\"border: 0px solid transparent;\" align=\"left\" width=\"129\">bronze<\/td>\n<\/tr>\n<tr>\n<td style=\"border: 0px solid transparent; font-weight: bold;\" align=\"right\" width=\"111\">Verhalten<\/td>\n<td style=\"border: 0px solid transparent;\" align=\"left\" width=\"129\">selbstbewusst<\/td>\n<\/tr>\n<tr>\n<td style=\"border: 0px solid transparent; font-weight: bold;\" align=\"right\" width=\"111\">Kurzinfo<\/td>\n<td style=\"border: 0px solid transparent;\" align=\"left\" width=\"129\">Botschafterin der kikonischen Delegation<\/td>\n<\/tr>\n<tr>\n<td style=\"background: #555555; border-radius: 1em; border: 0px solid #003366; font-weight: bold; box-shadow: 0.1em 0.1em 0.5em rgba(0,0,0,0.75); -webkit-border-radius: 1em; -webkit-box-shadow: 0.1em 0.1em 0.5em rgba(0, 0, 0, 0.75);\" colspan=\"2\" align=\"center\" width=\"250\">Politische Informationen<\/td>\n<\/tr>\n<tr>\n<td style=\"border: 0px solid transparent; font-weight: bold;\" align=\"right\" width=\"111\">B\u00fcrgerschaft<\/td>\n<td style=\"border: 0px solid transparent;\" align=\"left\" width=\"129\">Thassos<\/td>\n<\/tr>\n<tr>\n<td style=\"border: 0px solid transparent; font-weight: bold;\" align=\"right\" width=\"111\">\u00a0Religion<\/td>\n<td style=\"border: 0px solid transparent;\" align=\"left\" width=\"129\">Alatheia<\/td>\n<\/tr>\n<\/tbody>\n<\/table>\n<\/div>\n<p><strong><span style=\"font-size: 24pt;\">Beschreibung<\/span><\/strong><\/p>\n<p>Niobe ist eine 171 cm gro\u00dfe, br\u00fcnette Kikonin von Thyene (Thassos IV).<\/p>\n<p>Die Kikonen stammen wie viele humanoide Spezies von den Urhumanoiden ab und ihr \u00e4u\u00dferes Erscheinungsbild ist menschen\u00e4hnlich. Sie besitzen zwei Arme und Beine, vier Finger und einen Daumen an jeder Hand, zwei mandelf\u00f6rmige Augen, zwei Ohren mit leicht spitzen Ohrmuscheln und eine schmale Nase mit kleinen Knochenw\u00fclsten an der Nasenwurzel. Die K\u00f6rperbehaarung ist bis auf das Haupthaar zur\u00fcck entwickelt.<\/p>\n<p><b>Zum Namen:<\/b><\/p>\n<p>Die Kikonen verwenden sprechende Namen, wie sie auch in manchen Kulturen der Erde, vor Allem im arabischen und asiatischen Raum, lange Zeit Gang und G\u00e4be waren.<\/p>\n<ul>\n<li>Atrexillis = Tochter der Atrexa, der herrscherin des kikonischen Reiches<\/li>\n<li>Attrades = Sippenname<\/li>\n<li>Alledies = Familienname<\/li>\n<li>Niobe = erster Vorname<\/li>\n<li>Anisia = zweiter Vorname<\/li>\n<li>atto Thyene = Herkunftsregion (im Falle der Herrscherfamilie ist dies der Planet Thyene selber)<\/li>\n<\/ul>\n<hr \/>\n<p><strong><span style=\"font-size: 24pt;\">Lebenslauf<\/span><\/strong><\/p>\n<p><i>(Alle Zeiten und Begriffe sind auf UFP-Norm transferiert)<\/i><\/p>\n<p><b>2381<\/b> Geburt.<\/p>\n<p><b>2384 &#8211; 2395<\/b> Schulausbildung.<\/p>\n<p><b>2395 &#8211; 2397<\/b> Ausbildung zum Offizier der Systemverteidigung. Abschluss als Ensign.<\/p>\n<p><b>2397 &#8211; 2403<\/b> Weitere Werdegang in der kikonischen Systemverteidigung. Abschluss als Lieutenant Senior Grade.<\/p>\n<p><b>2403 &#8211; 2408<\/b> Studium an der F\u00fchrungsakademie der SV. Bef\u00f6rderung zur Commander.<\/p>\n<p><b>2408 &#8211; 2413<\/b> Ausscheiden aus dem aktiven Dienst der SV und Beginn politisch-diplomatischer Ausbildung. Offizielle Ernennung zur Thronfolgerin.<\/p>\n<p>Niobe ist die \u00e4lteste von insgesamt vier Kindern der Familie Alledies. Davon sind zwei Kinder Jungens und zwei M\u00e4dchen.<\/p>\n<p>(&#8230;)<\/p>\n<p>Als eine diplomatische Abordnung dazu auserkoren wurde, in die F\u00f6deration eine Botschaft einzurichten und zu betreiben wurde Niobe als F\u00fchrerin und Botschafterin mit besonderen Befugnissen ausgew\u00e4hlt.<\/p>\n<p>&nbsp;<\/p>\n<hr \/>\n<p><strong><span style=\"font-size: 24pt;\">Psychologisches Profil<\/span><\/strong><\/p>\n<p>Atrexillis Niobe ist in erster Linie Kikonin. Dann Atrexillis, also Thronfolgerin. Und dann Mutter und Ehefrau. Sie ist ehrgeizig, hochintelligent und besitzt ein gutes Gesp\u00fcr f\u00fcr Politik aber auch Milit\u00e4rstrategie.<\/p>\n<p>Niobe war w\u00e4hrend ihrer milit\u00e4rischen Laufbahn eine recht beliebte Truppenf\u00fchrerin. Als Offizierin im F\u00fchrungsstab war sie allerdings auch gelegentlich hart gegen\u00fcber den ihr unterstellten Offizierinnen. Wichtig war, dass sie es verstand, Speichellecker von sich fernzuhalten. Sie konnte es gut ertragen auch Gegenmeinungen zu h\u00f6ren, sofern diese sich als fundiert erwiesen.<\/p>\n<p>(&#8230;)<\/p>\n<p><b>Kultur, Glaube, Aberglaube:<\/b><\/p>\n<ul>\n<li>Die Kultur der Kikonen kennt eine starke Aufgabenteilung zwischen den Geschlechtern. Politik, Milit\u00e4r, Wirtschaft und Wissenschaft liegt streng in der Hand der Frauen. Die M\u00e4nner sind hingegen f\u00fcr Kunst &amp; Kultur zust\u00e4ndig, k\u00fcmmern sich um Haushaltsf\u00fchrung und Kindererziehung.<\/li>\n<li>Ber\u00fchrungen finden bei Kikonen nur zwischen eng vertrauten Personen statt und gelten als Vertrauensbeweis. Dies stammt vermutlich von der empathischen Veranlagung der Spezies.<\/li>\n<li>In der kikonischen Kultur kann man den Rang einer Person an der Kleidung ablesen. Dies betrifft nicht nur Farbe und Qualit\u00e4t der Materialien, sondern auch Schnitt und Stoffmenge \u2013 je h\u00f6her ein Bewohner Thyenes im Rang steht, desto weniger tr\u00e4gt diese Person am Leibe.<\/li>\n<li>Die Kikonen haben ein G\u00f6tterbild, das blassen, rothaarigen Personen \u00e4hnelt.<\/li>\n<\/ul>\n<hr \/>\n<p><span style=\"font-size: 24pt;\"><strong>Spezialgebiete<\/strong><\/span><\/p>\n<p><b>&#8211; (folgt noch)<\/b><\/p>\n<ul>\n<li>xxx<\/li>\n<\/ul>\n<p>Schwerpunktfach:<\/p>\n<ul>\n<li>xxx<\/li>\n<\/ul>\n<p>Unterf\u00e4cher:<\/p>\n<ul>\n<li>xxx<\/li>\n<\/ul>\n<p>Nebenf\u00e4cher:<\/p>\n<ul>\n<li>xxx<\/li>\n<\/ul>\n<p>Grundkurse:<\/p>\n<ul>\n<li>Konfliktl\u00f6sung<\/li>\n<li>Aggressionsvermeidung<\/li>\n<li>soziale Integration<\/li>\n<\/ul>\n<hr \/>\n<p><strong><span style=\"font-size: 24pt;\">Hobbies<\/span><\/strong><\/p>\n<ul>\n<li>Musik. Niobe spielt leidenschaftlich gern xxx, eine kikonische Art der Oboe. Sie hatte in der SV daher den zweifelhaften Spitznamen &#8222;Fl\u00f6tenspielerin&#8220; oder &#8222;Bl\u00e4serin&#8220;.<\/li>\n<li>Reiten. Niobe besitzt einige sehr flinke Reitechsen<\/li>\n<li>Schwimmen<\/li>\n<\/ul>\n<hr \/>\n<p><strong><span style=\"font-size: 24pt;\">Medizinisches Profil<\/span><\/strong><\/p>\n<p>Atrexillis Niobe ist Rechtsh\u00e4nderin. Sie hat alle ben\u00f6tigten Impfungen und Immunisierungen f\u00fcr ihren Dienst erhalten. Sie hatte sie nie ernsthafte Verletzungen. Die Folgen eines schweren Reitunfalls wurde aufgrund der hervorragenden kikonischen Medizin leicht geheilt. Gegenw\u00e4rtig erfreut sie sich bester Gesundheit.<\/p>\n<p><b>Besonderheiten der eigenen Spezies:<\/b><\/p>\n<p>Kikonen besitzen eine empathische Veranlagung, die bei Ber\u00fchrung funktioniert. Wie andere Kikonen auch ist Niobe daher Kontakt-Empathin, die bei Ber\u00fchrung die Gef\u00fchle anderer sp\u00fcren kann. Dies ist noch nicht allgemein bekannt und steht auch nicht in der Akte!<\/p>\n<p>Die Schwerkraft auf Thyene ist h\u00f6her als die der Erde, bei ansonsten \u00e4hnlichen Aufbau. Dies sorgt daf\u00fcr, dass Niobe eine dichtere Knochenstruktur und h\u00f6here Muskelkraft als Menschen vergleichbarer Statur aufweist.<\/p>\n<p>Thyene besitzt eine h\u00f6here Sauerstoff-Konzentration als die Erde (und Standardatmosph\u00e4re auf F\u00f6derationsschiffen). Kikonen sind daher resistenter gegen\u00fcber h\u00f6heren Sauerstoffkonzentrationen in der Atemluft. Die Atmosph\u00e4re an Bord eines Raumschiffes der F\u00f6deration ist f\u00fcr Niobe atembar, jedoch wird sie durch die niedrigere Sauerstoffkonzentration bis zur Gew\u00f6hnung schneller m\u00fcde und auch h\u00e4ufiger unter Kopfschmerzen und \u00e4hnlichen Symptomen leiden \u2013 \u00e4hnlich einer H\u00f6henkrankheit bei Menschen.<\/p>\n<hr \/>\n<p><strong><span style=\"font-size: 24pt;\">Klassifzierte Sektion<\/span><\/strong><\/p>\n<p>&#8211;<\/p>\n<p>&nbsp;<\/p>\n","protected":false},"excerpt":{"rendered":"<p>Atrexillis Attrades Alledies Niobe Anisia atto Thyene &nbsp; Atrexillis Niobe Status PC Spieler Jetsun Pema Dienstliche Informationen Ranggrafik Rang Antipliarchix (Cmdr.) Posten Botschafterin Stationierung USS Odyssey Biographische Informationen Geburtsjahr 2381 (35 J.) Geburtsort Thyene Familienstand verheiratet (Jaldabaoth, 32) Mutter Atrexa Niobe (62) Vater xxx (65) Geschwister S: xxx (32) B: xxx (29) B: xxx (27)&#8230;<\/p>\n<p class=\"more-link-wrap\"><a href=\"https:\/\/sf-germany.com\/einheiten\/usb-midgard\/usb-midgard-sb-61\/die-crew\/niobe\/\" class=\"more-link\">Read More<span class=\"screen-reader-text\"> &ldquo;Atrexillis Niobe&rdquo;<\/span> &raquo;<\/a><\/p>\n","protected":false},"author":2,"featured_media":0,"parent":75,"menu_order":30,"comment_status":"closed","ping_status":"closed","template":"","meta":{"footnotes":""},"class_list":["post-81","page","type-page","status-publish","hentry"],"_links":{"self":[{"href":"https:\/\/sf-germany.com\/einheiten\/usb-midgard\/wp-json\/wp\/v2\/pages\/81","targetHints":{"allow":["GET"]}}],"collection":[{"href":"https:\/\/sf-germany.com\/einheiten\/usb-midgard\/wp-json\/wp\/v2\/pages"}],"about":[{"href":"https:\/\/sf-germany.com\/einheiten\/usb-midgard\/wp-json\/wp\/v2\/types\/page"}],"author":[{"embeddable":true,"href":"https:\/\/sf-germany.com\/einheiten\/usb-midgard\/wp-json\/wp\/v2\/users\/2"}],"replies":[{"embeddable":true,"href":"https:\/\/sf-germany.com\/einheiten\/usb-midgard\/wp-json\/wp\/v2\/comments?post=81"}],"version-history":[{"count":19,"href":"https:\/\/sf-germany.com\/einheiten\/usb-midgard\/wp-json\/wp\/v2\/pages\/81\/revisions"}],"predecessor-version":[{"id":1010,"href":"https:\/\/sf-germany.com\/einheiten\/usb-midgard\/wp-json\/wp\/v2\/pages\/81\/revisions\/1010"}],"up":[{"embeddable":true,"href":"https:\/\/sf-germany.com\/einheiten\/usb-midgard\/wp-json\/wp\/v2\/pages\/75"}],"wp:attachment":[{"href":"https:\/\/sf-germany.com\/einheiten\/usb-midgard\/wp-json\/wp\/v2\/media?parent=81"}],"curies":[{"name":"wp","href":"https:\/\/api.w.org\/{rel}","templated":true}]}}