{"id":750,"date":"2023-03-13T15:36:34","date_gmt":"2023-03-13T14:36:34","guid":{"rendered":"https:\/\/sf-germany.com\/einheiten\/usb-midgard\/?page_id=750"},"modified":"2023-03-13T15:36:34","modified_gmt":"2023-03-13T14:36:34","slug":"sternenkarte","status":"publish","type":"page","link":"https:\/\/sf-germany.com\/einheiten\/usb-midgard\/info-terminal\/sternenkarte\/","title":{"rendered":"Sternenkarte"},"content":{"rendered":"<p style=\"text-align: center;\"><strong>Karte des Quadranten<\/strong><a href=\"https:\/\/sf-germany.com\/einheiten\/usb-midgard\/wp-content\/uploads\/2023\/03\/3D-Map-neu.png\" rel=\"lightbox-0\"><img loading=\"lazy\" decoding=\"async\" class=\"aligncenter wp-image-749 size-large\" src=\"https:\/\/sf-germany.com\/einheiten\/usb-midgard\/wp-content\/uploads\/2023\/03\/3D-Map-neu-1024x576.png\" alt=\"\" width=\"650\" height=\"366\" srcset=\"https:\/\/sf-germany.com\/einheiten\/usb-midgard\/wp-content\/uploads\/2023\/03\/3D-Map-neu-1024x576.png 1024w, https:\/\/sf-germany.com\/einheiten\/usb-midgard\/wp-content\/uploads\/2023\/03\/3D-Map-neu-300x169.png 300w, https:\/\/sf-germany.com\/einheiten\/usb-midgard\/wp-content\/uploads\/2023\/03\/3D-Map-neu-768x432.png 768w, https:\/\/sf-germany.com\/einheiten\/usb-midgard\/wp-content\/uploads\/2023\/03\/3D-Map-neu-1536x864.png 1536w, https:\/\/sf-germany.com\/einheiten\/usb-midgard\/wp-content\/uploads\/2023\/03\/3D-Map-neu-2048x1152.png 2048w\" sizes=\"auto, (max-width: 650px) 100vw, 650px\" \/><\/a><\/p>\n<p style=\"text-align: center;\"><span style=\"font-size: 10pt;\"><strong>StarBase 61 &#8211; Midgard befindet sich im Ba&#8217;aja-Sektor (G-6)<\/strong><br \/>\n(Klick auf die Karte \u00f6ffnet die Karte. Um sie in voller Gr\u00f6\u00dfe zu sehen, auf die Karte rechtsklicken und den Link im neuen Tab \u00f6ffnen)<\/span><\/p>\n","protected":false},"excerpt":{"rendered":"<p>Karte des Quadranten StarBase 61 &#8211; Midgard befindet sich im Ba&#8217;aja-Sektor (G-6) (Klick auf die Karte \u00f6ffnet die Karte. Um sie in voller Gr\u00f6\u00dfe zu sehen, auf die Karte rechtsklicken und den Link im neuen Tab \u00f6ffnen)<\/p>\n","protected":false},"author":2,"featured_media":0,"parent":292,"menu_order":0,"comment_status":"closed","ping_status":"closed","template":"","meta":{"footnotes":""},"class_list":["post-750","page","type-page","status-publish","hentry"],"_links":{"self":[{"href":"https:\/\/sf-germany.com\/einheiten\/usb-midgard\/wp-json\/wp\/v2\/pages\/750","targetHints":{"allow":["GET"]}}],"collection":[{"href":"https:\/\/sf-germany.com\/einheiten\/usb-midgard\/wp-json\/wp\/v2\/pages"}],"about":[{"href":"https:\/\/sf-germany.com\/einheiten\/usb-midgard\/wp-json\/wp\/v2\/types\/page"}],"author":[{"embeddable":true,"href":"https:\/\/sf-germany.com\/einheiten\/usb-midgard\/wp-json\/wp\/v2\/users\/2"}],"replies":[{"embeddable":true,"href":"https:\/\/sf-germany.com\/einheiten\/usb-midgard\/wp-json\/wp\/v2\/comments?post=750"}],"version-history":[{"count":7,"href":"https:\/\/sf-germany.com\/einheiten\/usb-midgard\/wp-json\/wp\/v2\/pages\/750\/revisions"}],"predecessor-version":[{"id":757,"href":"https:\/\/sf-germany.com\/einheiten\/usb-midgard\/wp-json\/wp\/v2\/pages\/750\/revisions\/757"}],"up":[{"embeddable":true,"href":"https:\/\/sf-germany.com\/einheiten\/usb-midgard\/wp-json\/wp\/v2\/pages\/292"}],"wp:attachment":[{"href":"https:\/\/sf-germany.com\/einheiten\/usb-midgard\/wp-json\/wp\/v2\/media?parent=750"}],"curies":[{"name":"wp","href":"https:\/\/api.w.org\/{rel}","templated":true}]}}