{"id":432,"date":"2023-02-01T15:19:05","date_gmt":"2023-02-01T14:19:05","guid":{"rendered":"http:\/\/sf-germany.com\/einheiten\/usb-midgard\/?page_id=432"},"modified":"2024-04-25T15:32:44","modified_gmt":"2024-04-25T13:32:44","slug":"mizuko","status":"publish","type":"page","link":"https:\/\/sf-germany.com\/einheiten\/usb-midgard\/usb-midgard-sb-61\/die-crew\/tkary\/mizuko\/","title":{"rendered":"Mizuko"},"content":{"rendered":"<table style=\"background: none; border: 0px solid #ffffff; font-weight: bold;\" border=\"0\" width=\"95%\" cellspacing=\"5\" cellpadding=\"5\" align=\"center\">\n<tbody>\n<tr>\n<td style=\"background: none; border-radius: 1em; border: 0px solid #003366; box-shadow: 0.1em 0.1em 0.5em rgba(0,0,0,0.75); -webkit-border-radius: 1em; -moz-border-radius: 1em; -moz-box-shadow: 0.1em 0.1em 0.5em rgba(0, 0, 0, 0.75); -webkit-box-shadow: 0.1em 0.1em 0.5em rgba(0, 0, 0, 0.75);\" colspan=\"5\" rowspan=\"3\" align=\"center\" valign=\"middle\">\n<h2><span style=\"font-family: georgia, palatino;\"><strong>Yamashita Mizuko Nyoo<\/strong><\/span><\/h2>\n<\/td>\n<\/tr>\n<\/tbody>\n<\/table>\n<p>&nbsp;<\/p>\n<div style=\"float: right; margin-right: 15px; margin-bottom: 15px; font-size: 11px; width: 300px; padding-left: 10px; padding-right: 10px;\">\n<table style=\"background: none; border: 0px solid #003366; margin-bottom: 15px; margin-right: 15px; float: left; border-radius: 1em; box-shadow: rgba(0, 0, 0, 0.75) 0.1em 0.1em 0.5em; width: 82.668%; height: 750px;\" border=\"1\" width=\"250\" cellspacing=\"10\" align=\"left\">\n<tbody>\n<tr style=\"height: 225px;\">\n<td style=\"border: 0px solid transparent; font-weight: bold; width: 87.9518%; height: 225px;\" colspan=\"2\" align=\"center\" width=\"250\"><span style=\"font-family: georgia, palatino;\"><a><img loading=\"lazy\" decoding=\"async\" class=\"aligncenter wp-image-124\" src=\"https:\/\/sf-germany.com\/einheiten\/usb-midgard\/wp-content\/uploads\/2023\/02\/Mizuko.png\" alt=\"\" width=\"150\" height=\"225\" \/><\/a><\/span><\/td>\n<\/tr>\n<tr style=\"height: 19px;\">\n<td style=\"border: 0px solid transparent; font-weight: bold; width: 87.9518%; height: 19px;\" colspan=\"2\" align=\"center\" width=\"250\"><span style=\"font-family: georgia, palatino;\">Yamashita Mizuko<\/span><\/td>\n<\/tr>\n<tr style=\"height: 19px;\">\n<td style=\"border: 0px solid transparent; font-weight: bold; width: 41.3655%; height: 19px;\" align=\"right\" width=\"111\"><span style=\"font-family: georgia, palatino;\">Status<\/span><\/td>\n<td style=\"border: 0px solid transparent; width: 46.5863%; height: 19px;\" align=\"left\" width=\"129\"><span style=\"font-family: georgia, palatino;\">NPC 1<\/span><\/td>\n<\/tr>\n<tr style=\"height: 19px;\">\n<td style=\"border: 0px solid transparent; font-weight: bold; width: 41.3655%; height: 19px;\" align=\"right\" width=\"111\"><span style=\"font-family: georgia, palatino;\">Spieler<\/span><\/td>\n<td style=\"border: 0px solid transparent; width: 46.5863%; height: 19px;\" align=\"left\" width=\"129\"><span style=\"font-family: georgia, palatino;\">Isabelle<\/span><\/td>\n<\/tr>\n<tr style=\"height: 19px;\">\n<td style=\"background: #555555; border: 0px solid #003366; font-weight: bold; border-radius: 1em; box-shadow: rgba(0, 0, 0, 0.75) 0.1em 0.1em 0.5em; width: 87.9518%; height: 19px;\" colspan=\"2\" align=\"center\" width=\"240\"><span style=\"font-family: georgia, palatino;\">Dienstliche Informationen<\/span><\/td>\n<\/tr>\n<tr style=\"height: 31px;\">\n<td style=\"border: 0px solid transparent; font-weight: bold; vertical-align: middle; width: 41.3655%; height: 31px;\" align=\"right\" width=\"111\"><span style=\"font-family: georgia, palatino;\">Ranggrafik<\/span><\/td>\n<td style=\"border: 0px solid transparent; width: 46.5863%; height: 31px;\" align=\"left\" width=\"129\"><span style=\"font-family: georgia, palatino;\"><a href=\"https:\/\/sf-germany.com\/einheiten\/usb-midgard\/wp-content\/uploads\/2022\/10\/ens_gelb.png\" rel=\"lightbox-0\"><img loading=\"lazy\" decoding=\"async\" class=\"alignnone wp-image-123\" src=\"https:\/\/sf-germany.com\/einheiten\/usb-midgard\/wp-content\/uploads\/2022\/10\/lt_rot.png\" alt=\"\" width=\"100\" height=\"25\" \/><\/a><\/span><\/td>\n<\/tr>\n<tr style=\"height: 19px;\">\n<td style=\"border: 0px solid transparent; font-weight: bold; width: 41.3655%; height: 19px;\" align=\"right\" width=\"111\"><span style=\"font-family: georgia, palatino;\">Rang<\/span><\/td>\n<td style=\"border: 0px solid transparent; width: 46.5863%; height: 19px;\" align=\"left\" width=\"129\">Lt.<\/td>\n<\/tr>\n<tr style=\"height: 19px;\">\n<td style=\"border: 0px solid transparent; font-weight: bold; width: 41.3655%; height: 19px;\" align=\"right\" width=\"111\"><span style=\"font-family: georgia, palatino;\">Posten<\/span><\/td>\n<td style=\"border: 0px solid transparent; width: 46.5863%; height: 19px;\" align=\"left\" width=\"129\"><span style=\"font-family: georgia, palatino;\">XO<\/span><\/td>\n<\/tr>\n<tr style=\"height: 19px;\">\n<td style=\"border: 0px solid transparent; font-weight: bold; width: 41.3655%; height: 19px;\" align=\"right\" width=\"111\"><span style=\"font-family: georgia, palatino;\">Stationierung<\/span><\/td>\n<td style=\"border: 0px solid transparent; width: 46.5863%; height: 19px;\" align=\"left\" width=\"129\"><span style=\"font-family: georgia, palatino;\">USS Resolution<\/span><\/td>\n<\/tr>\n<tr style=\"height: 19px;\">\n<td style=\"background: #555555; border: 0px solid #003366; font-weight: bold; border-radius: 1em; box-shadow: rgba(0, 0, 0, 0.75) 0.1em 0.1em 0.5em; width: 87.9518%; height: 19px;\" colspan=\"2\" align=\"center\" width=\"250\"><span style=\"font-family: georgia, palatino;\">Biographische Informationen<\/span><\/td>\n<\/tr>\n<tr style=\"height: 19px;\">\n<td style=\"border: 0px solid transparent; font-weight: bold; width: 41.3655%; height: 19px;\" align=\"right\" width=\"111\"><span style=\"font-family: georgia, palatino;\">Geburtsjahr<\/span><\/td>\n<td style=\"border: 0px solid transparent; width: 46.5863%; height: 19px;\" align=\"left\" width=\"129\"><span style=\"font-family: georgia, palatino;\">22.09.2388<\/span><\/td>\n<\/tr>\n<tr style=\"height: 19px;\">\n<td style=\"border: 0px solid transparent; font-weight: bold; width: 41.3655%; height: 19px;\" align=\"right\" width=\"111\"><span style=\"font-family: georgia, palatino;\">Geburtsort<\/span><\/td>\n<td style=\"border: 0px solid transparent; width: 46.5863%; height: 19px;\" align=\"left\" width=\"129\"><span style=\"font-family: georgia, palatino;\">Kyoto \/ Japan \/ Erde<\/span><\/td>\n<\/tr>\n<tr style=\"height: 19px;\">\n<td style=\"border: 0px solid transparent; font-weight: bold; width: 41.3655%; height: 19px;\" align=\"right\" width=\"111\"><span style=\"font-family: georgia, palatino;\">Familienstand<\/span><\/td>\n<td style=\"border: 0px solid transparent; width: 46.5863%; height: 19px;\" align=\"left\" width=\"129\"><span style=\"font-family: georgia, palatino;\">ledig<\/span><\/td>\n<\/tr>\n<tr style=\"height: 19px;\">\n<td style=\"border: 0px solid transparent; font-weight: bold; width: 41.3655%; height: 19px;\" align=\"right\" width=\"111\"><span style=\"font-family: georgia, palatino;\">Titel<\/span><\/td>\n<td style=\"border: 0px solid transparent; width: 46.5863%; height: 19px;\" align=\"left\" width=\"129\"><span style=\"font-family: georgia, palatino;\">Nyoo<\/span><\/td>\n<\/tr>\n<tr style=\"height: 19px;\">\n<td style=\"border: 0px solid transparent; font-weight: bold; width: 41.3655%; height: 19px;\" align=\"right\" width=\"111\"><span style=\"font-family: georgia, palatino;\">Eltern<\/span><\/td>\n<td style=\"border: 0px solid transparent; width: 46.5863%; height: 19px;\" align=\"left\" width=\"129\"><span style=\"font-family: georgia, palatino;\">?<\/span><\/td>\n<\/tr>\n<tr style=\"height: 19px;\">\n<td style=\"border: 0px solid transparent; font-weight: bold; width: 41.3655%; height: 19px;\" align=\"right\" width=\"111\"><span style=\"font-family: georgia, palatino;\">Geschwister<\/span><\/td>\n<td style=\"border: 0px solid transparent; width: 46.5863%; height: 19px;\" align=\"left\" width=\"129\"><span style=\"font-family: georgia, palatino;\">j\u00fcngerer Bruder<\/span><\/td>\n<\/tr>\n<tr style=\"height: 19px;\">\n<td style=\"background: #555555; border: 0px solid #003366; font-weight: bold; border-radius: 1em; box-shadow: rgba(0, 0, 0, 0.75) 0.1em 0.1em 0.5em; width: 87.9518%; height: 19px;\" colspan=\"2\" align=\"center\" width=\"250\"><span style=\"font-family: georgia, palatino;\">Physische Beschreibung<\/span><\/td>\n<\/tr>\n<tr style=\"height: 19px;\">\n<td style=\"border: 0px solid transparent; font-weight: bold; width: 41.3655%; height: 19px;\" align=\"right\" width=\"111\"><span style=\"font-family: georgia, palatino;\">Spezies<\/span><\/td>\n<td style=\"border: 0px solid transparent; width: 46.5863%; height: 19px;\" align=\"left\" width=\"129\"><span style=\"font-family: georgia, palatino;\">Mensch<\/span><\/td>\n<\/tr>\n<tr style=\"height: 19px;\">\n<td style=\"border: 0px solid transparent; font-weight: bold; width: 41.3655%; height: 19px;\" align=\"right\" width=\"111\"><span style=\"font-family: georgia, palatino;\">Geschlecht<\/span><\/td>\n<td style=\"border: 0px solid transparent; width: 46.5863%; height: 19px;\" align=\"left\" width=\"129\"><span style=\"font-family: georgia, palatino;\">weiblich<\/span><\/td>\n<\/tr>\n<tr style=\"height: 19px;\">\n<td style=\"border: 0px solid transparent; font-weight: bold; width: 41.3655%; height: 19px;\" align=\"right\" width=\"111\"><span style=\"font-family: georgia, palatino;\">Gr\u00f6\u00dfe<\/span><\/td>\n<td style=\"border: 0px solid transparent; width: 46.5863%; height: 19px;\" align=\"left\" width=\"129\"><span style=\"font-family: georgia, palatino;\">165<\/span><\/td>\n<\/tr>\n<tr style=\"height: 19px;\">\n<td style=\"border: 0px solid transparent; font-weight: bold; width: 41.3655%; height: 19px;\" align=\"right\" width=\"111\"><span style=\"font-family: georgia, palatino;\">Gewicht<\/span><\/td>\n<td style=\"border: 0px solid transparent; width: 46.5863%; height: 19px;\" align=\"left\" width=\"129\"><span style=\"font-family: georgia, palatino;\">52<\/span><\/td>\n<\/tr>\n<tr style=\"height: 19px;\">\n<td style=\"border: 0px solid transparent; font-weight: bold; width: 41.3655%; height: 19px;\" align=\"right\" width=\"111\"><span style=\"font-family: georgia, palatino;\">Haarfarbe<\/span><\/td>\n<td style=\"border: 0px solid transparent; width: 46.5863%; height: 19px;\" align=\"left\" width=\"129\"><span style=\"font-family: georgia, palatino;\">schwarz<\/span><\/td>\n<\/tr>\n<tr style=\"height: 19px;\">\n<td style=\"border: 0px solid transparent; font-weight: bold; width: 41.3655%; height: 19px;\" align=\"right\" width=\"111\"><span style=\"font-family: georgia, palatino;\">Augenfarbe<\/span><\/td>\n<td style=\"border: 0px solid transparent; width: 46.5863%; height: 19px;\" align=\"left\" width=\"129\"><span style=\"font-family: georgia, palatino;\">schwarzbraun<\/span><\/td>\n<\/tr>\n<tr style=\"height: 19px;\">\n<td style=\"border: 0px solid transparent; font-weight: bold; width: 41.3655%; height: 19px;\" align=\"right\" width=\"111\"><span style=\"font-family: georgia, palatino;\">Hautfarbe<\/span><\/td>\n<td style=\"border: 0px solid transparent; width: 46.5863%; height: 19px;\" align=\"left\" width=\"129\"><span style=\"font-family: georgia, palatino;\">asiatisch<\/span><\/td>\n<\/tr>\n<tr style=\"height: 19px;\">\n<td style=\"border: 0px solid transparent; font-weight: bold; width: 41.3655%; height: 19px;\" align=\"right\" width=\"111\"><span style=\"font-family: georgia, palatino;\">Verhalten<\/span><\/td>\n<td style=\"border: 0px solid transparent; width: 46.5863%; height: 19px;\" align=\"left\" width=\"129\"><span style=\"font-family: georgia, palatino;\">?<\/span><\/td>\n<\/tr>\n<tr style=\"height: 19px;\">\n<td style=\"border: 0px solid transparent; font-weight: bold; width: 41.3655%; height: 19px;\" align=\"right\" width=\"111\"><span style=\"font-family: georgia, palatino;\">Kurzinfo<\/span><\/td>\n<td style=\"border: 0px solid transparent; width: 46.5863%; height: 19px;\" align=\"left\" width=\"129\"><span style=\"font-family: georgia, palatino;\">?<\/span><\/td>\n<\/tr>\n<tr style=\"height: 19px;\">\n<td style=\"background: #555555; border: 0px solid #003366; font-weight: bold; border-radius: 1em; box-shadow: rgba(0, 0, 0, 0.75) 0.1em 0.1em 0.5em; width: 87.9518%; height: 19px;\" colspan=\"2\" align=\"center\" width=\"250\"><span style=\"font-family: georgia, palatino;\">Politische Informationen<\/span><\/td>\n<\/tr>\n<tr style=\"height: 19px;\">\n<td style=\"border: 0px solid transparent; font-weight: bold; width: 41.3655%; height: 19px;\" align=\"right\" width=\"111\"><span style=\"font-family: georgia, palatino;\">B\u00fcrgerschaft<\/span><\/td>\n<td style=\"border: 0px solid transparent; width: 46.5863%; height: 19px;\" align=\"left\" width=\"129\"><span style=\"font-family: georgia, palatino;\">UFP<\/span><\/td>\n<\/tr>\n<tr style=\"height: 19px;\">\n<td style=\"border: 0px solid transparent; font-weight: bold; width: 41.3655%; height: 19px;\" align=\"right\" width=\"111\"><span style=\"font-family: georgia, palatino;\">\u00a0Religion<\/span><\/td>\n<td style=\"border: 0px solid transparent; width: 46.5863%; height: 19px;\" align=\"left\" width=\"129\"><span style=\"font-family: georgia, palatino;\">?<\/span><\/td>\n<\/tr>\n<\/tbody>\n<\/table>\n<\/div>\n<p><span style=\"font-family: georgia, palatino;\"><strong><span style=\"font-size: 24pt;\">Lebenslauf<\/span><\/strong><\/span><\/p>\n<p>Die Familie Yamashita ist nach wie vor eine der wichtigsten und einflussreichsten im japanischen Reich. Nat\u00fcrlich ist Japan keine unabh\u00e4ngige Nation mehr wie es das viele Jahrhunderte (oder Jahrtausende) lang war, dennoch regiert dort formell immer noch ein Tenno in ununterbrochener Blutlinie seit dem Jahr 660 vor Christi Geburt.<\/p>\n<p>Mizuko, deren Name mit &#8218;Fr\u00e4ulein Wasser&#8216; \u00fcbersetzt werden kann, ist das \u00e4ltere von zwei Kindern ihrer Eltern. Seit in der Heisei-Aera auch die Erbfolge auf weibliche Nachfahren gesetzlich geregelt wurde besteht so f\u00fcr sie die M\u00f6glichkeit (und die Pflicht gleicherma\u00dfen) den Namen ihrer Familie fortzuf\u00fchren. Sie hat aber eine ganze Reihe Cousins und Cousinen weshalb im Falle ihres kinderlosen Todes die Blutlinie dennoch fortgesetzt w\u00fcrde. So war es w\u00e4hrend der Eugenischen Kriege gewesen als ganze Familien dahingerafft wurden.<\/p>\n<p>Mizuko ist ein typisches Kind ihrer Familie, die seit Generationen ihre Kinder nicht auf \u00f6ffentliche Schulen schicken sondern diese privat unterrichten lassen. Mizuko hatte entsprechend mehrere ausgezeichnete Hauslehrer und hat so eine hervorragende Schul- und Allgemeinbildung erhalten.<\/p>\n<p>Schon als junger Mensch entwickelte Mizuko einen erstaunlichen Ehrgeiz. Da sie nicht in eine \u00f6ffentliche Schule ging, hatte sie allerdings nie echten Konkurrenzkampf miterlebt. Entsprechend war sie fachlich sehr gut, sozial allerdings eher inkompetent. Dabei war Mizuko nicht aufbrausend oder gar aggressiv sondern einfach nur von sich \u00fcberzeugt.<\/p>\n<p>Nach ihrem Schulabschluss, den sie mit sehr gut machte, begann sie an einer Fernuniversit\u00e4t ein Studium der Logistik- und Informationswissenschaften. Doch nach einem Jahr kam es zu einem innerfamili\u00e4ren Konflikt, als ihr j\u00fcngerer und dazu nach Mizukos Meinung noch deutlich weniger kompetenter Bruder das Familienunternehmen erben sollte. Mizuko erlebte ihre erste gro\u00dfe Auseinandersetzung die sich \u00fcber einen vollen Tag hinzog und am Ende sehr unsch\u00f6n wurde. Am n\u00e4chsten Tag brach Mizuko ihr Studium ab, verlie\u00df das Familienanwesen und trug sich bei der Sternenflotte ein.<\/p>\n<p>Diese Meldung, als Offizieranw\u00e4rter an der Akademie zu studieren um dann eine freiwillige Dienstzeit von 10 Jahren zu dienen, war eine reine Bauchentscheidung, etwas, was Mizuko noch nie zuvor getan hatte. Im Grunde war es eher ein Rache- oder Erpressungsakt gegen\u00fcber ihrer Familie. Und sie hatte auch Erfolg damit, denn nach einem Vierteljahr kam die Nachricht, dass ihr Vater sie wieder von der Akademie abholen wollte um mit ihr ihre famili\u00e4re Situation neu zu besprechen. Doch mittlerweile hatte Mizuko den Dienst und das Studium an der Akademie sch\u00e4tzen und lieben gelernt und so blieb sie. Allerdings s\u00f6hnte sie sich mit ihren Eltern und auch mit ihrem Bruder wieder aus, so dass die Beziehung zwischen ihrer Familie und ihr wieder gut wurde. Ihre Eltern finanzierten Mizuko sogar eine zivile Dienerin, die sie zuk\u00fcnftig an der Akademie unterst\u00fctzte.<\/p>\n<p>Mizukos Fachgebiete waren auch an der Akademie Informatik, Logistik und Nachrichtentechnik. Nebenf\u00e4cher waren Mathematik, Physik, Geschichte und Astronomie. In Fernkampf- und Waffenfertigkeiten war sie bestenfalls durchschnittlich, im Nahkampf erb\u00e4rmlich. Ihre sozialen F\u00e4higkeiten waren faktisch nicht vorhanden. Mizuko drohte daran zu scheitern.<\/p>\n<p>Als ihr das klar wurde, begann Mizuko, sich nach und nach in das Computersystem der Akademie zu hacken. Das stellte sich als nahezu unm\u00f6glich heraus bis ihr das Gl\u00fcck half!<br \/>\nMizuko hatte einen freiwilligen zus\u00e4tzlichen Kurs in Programmierung begonnen als sie von dem Tutoren gebeten wurde, bei einem personellen Engpass einzuspringen. Ihre herausragenden Kenntnisse in der IT waren zu diesem Zeitpunkt schon bekannt und sie erhielt den Auftrag, eine Schnittstelle neu zu programmieren. Nat\u00fcrlich gelang ihr das sehr gut aber, und das war entscheidend, es gelang ihr auch, ein Easteregg im Programmcode zu platzieren.<br \/>\nDieses Easteregg erm\u00f6glichte ihr, sich \u00fcber einen Tunnel in das System einzuloggen um so auf unterster Quellcode-Ebene die Datenbanken mit den Zensuren zu manipulieren.<br \/>\nAuf diese Weise gelang es ihr zum Erstaunen einiger Ausbilder, die Akademie zu bestehen.<\/p>\n<p>Nach Abschluss der Akademie wurde Mizuko zun\u00e4chst nicht auf ein Sternenschiff kommandiert, da ihre Zensuren teilweise dazu nicht ausreichten. Stattdessen kam sie auf der Erde in ein gro\u00dfes Logistikzentrum wo sie einen von zahllosen Verwaltungsposten erhielt. Das war eine schreckliche Zeit. Mizuko stellte jede Woche ein neues Versetzungsgesuch doch alle diese Gesuche wurden abgelehnt. Also beschloss Mizuko erneut, sich \u00fcber illegale Methoden zu helfen. Das n\u00e4chste Versetzungsgesuch, welches sie elektronisch stellte, enthielt einen Virus, der nichts tat, als an der einen entscheidenden Stelle ein Bit zu \u00e4ndern. Aus einem Nein wurde ein Ja. Zwar traf dieses Ja nicht bei der Zustimmung zu der Versetzung, daf\u00fcr aber bei der Bef\u00fcrwortung ihres Antrags durch ihren Vorgesetzten Offizier. Der war dann zwar sehr erstaunt, dass man Mizuko dann entgegen seiner Bef\u00fcrwortung auf eine neue Stelle versetzte, nahm das aber als typischen Verwaltungshandeln hin. Und so erhielt Mizuko ihren Marschbefehl zur USS Gallantry.<\/p>\n<p>2388 &#8211; Geburt<br \/>\n2393 &#8211; Beginn ihres Privatunterrichts<br \/>\n2403 &#8211; Mizuko macht ihren Abschluss SCL<br \/>\n2403 &#8211; Eintritt in die Starfleet Academy<br \/>\n2409 &#8211; Abschluss der Akademie &#8211; Versetzung auf die USS Gallantry als OPS<br \/>\n2410 &#8211; Bef\u00f6rderung zur Lt. (jg)<br \/>\n0000 &#8211; Versetzung auf die USS Resolution als XO &#8211; Bef\u00f6rderung zur Lt.<\/p>\n<hr \/>\n<p><span style=\"font-family: georgia, palatino;\"><strong><span style=\"font-size: 24pt;\">Psychologisches Profil<\/span><\/strong><\/span><\/p>\n<p>Mizuko ist eine typische Japanerin. Sie ist schweigsam und zur\u00fcckhaltend, h\u00e4lt ihre eigene Meinung stets zur\u00fcck und achtet sehr auf H\u00f6flichkeit und gute Manieren. Allerdings ist zu beachten, was sie sie selber (und ihr Volk) unter H\u00f6flichkeit und Manieren versteht!<\/p>\n<p>Dennoch kommt es immer wieder zu Situationen, in denen sie es f\u00fcr angebracht h\u00e4lt ausgesprochen nervig zu sein. Sie ist so in der Lage, andere durchaus zu br\u00fcskieren, vor allem dann, wenn sie der Ansicht ist, dass ihr Gegen\u00fcber das verdient.<\/p>\n<p>Mizuko ist _sehr_ von sich und ihrer Art zu leben \u00fcberzeugt. Sie hat eine pers\u00f6nliche Leibdienerin Kikuko Takahashi, die mit ihr im Raum schl\u00e4ft, sie bedient, massiert und insgesamt zusammen mit ihr lebt. Mehr als einmal hat diese Konstellation schon f\u00fcr Gerede und angebliche amour\u00f6sen Klatsch gesorgt, was Mizuko aber entweder ignoriert oder aber strikt dementiert.<\/p>\n<p>Mizuko liebt ihr Land und ihre Kultur. Entsprechend ist sie _immer_ einwandfrei gekleidet, frisiert und geschminkt. Sie bewegt sich vornehm und langsam und zieht es vor, wenn m\u00f6glich, traditionelle Kimons und Sandalen zu tragen.<\/p>\n<p>Wie schon erw\u00e4hnt hat Mizuko gravierende Schw\u00e4chen im Umgang mit anderen Personen. Dabei ist sie keinesfalls unfreundlich oder gar aggressiv, h\u00e4ufig aber nicht in der Lage, andere Leute als ihr gleichwertig anzusehen. Kritik oder Tadel vertr\u00e4gt sie nicht. Wiederworte verdaut sie kaum sondern besteht auf der eindeutigen Umsetzung ihrer Anweisungen. Das gilt auch f\u00fcr den Umgang mit Vorgesetzten. Sie wei\u00df genau, wie man etwas richtig macht und wenn ein Vorgesetzter anderer Ansicht ist, hat sie keine Scheu, ihn von oben herab auf seine Fehler aufmerksam zu machen.<\/p>\n<p>Faszinierenderweise aber macht sie Ausnahmen! Ihre Zofe Kikuko Takahashi ist beispielsweise ihre beste Freundin. Von ihr l\u00e4sst sich Mizuko auch etwas sagen und nimmt deren Ratschl\u00e4ge, die allerdings immer in formvollendeter Weise gegeben werden, an. Ebenso hatte sie an der Akademie einen Freund, den Vulkanier Slixx. Dieser junge Mann anerkannte ihre Kompetenz und hatte auch keine Probleme mit ihrer Offenheit. Im Gegenzug konnte Mizuko auch sein Fachwissen akzeptieren und lie\u00df sich so von ihm einige Fehler ihrerseits nennen. Gegenseitiger Respekt war hier die Grundlage ihrer Freundschaft.<\/p>\n<p>Da Mizuko auf der Gallantry nun eine F\u00fchrungst\u00e4tigkeit erh\u00e4lt, ist ein Konflikt vorprogrammiert. Vorteilhaft ist in diesem Fall, dass Mizuko ein profundes Fachwissen f\u00fcr ihren Job mitbringt. Dagegen spricht, dass sie wenn \u00fcberhaupt nur sehr schlecht in der Lage ist, in einem Team zusammen zu arbeiten. Sofern ihre Untergebenen ihren autorit\u00e4ren F\u00fchrungsstil akzeptieren, kann das klappen. Ansonsten wird es ein Problem geben.<\/p>\n<hr \/>\n<p><span style=\"font-family: georgia, palatino;\"><strong><span style=\"font-size: 24pt;\">Spezialgebiete<\/span><\/strong><\/span><\/p>\n<p><span style=\"font-family: georgia, palatino;\"><b>Ausbildung<\/b><\/span><\/p>\n<ul>\n<li>Physik<\/li>\n<li>Astronomie<\/li>\n<li>Mathematik<\/li>\n<li>Geschichte<\/li>\n<li>Logistik<\/li>\n<li>Informatik<\/li>\n<li>Nachrichtentechnik<\/li>\n<li>Handwaffen (Grundkenntnisse)<\/li>\n<\/ul>\n<p><span style=\"font-family: georgia, palatino;\"><b>Sprachen<\/b><\/span><\/p>\n<ul>\n<li>Standard<\/li>\n<li>Vulkanisch<\/li>\n<li>Cardassianisch<\/li>\n<li>Klingonisch<\/li>\n<li>Romulanisch<\/li>\n<li>Ferengi<\/li>\n<\/ul>\n<hr \/>\n<p><span style=\"font-family: georgia, palatino;\"><strong><span style=\"font-size: 24pt;\">Hobbies<\/span><\/strong><\/span><\/p>\n<ul>\n<li><span style=\"font-family: georgia, palatino;\">Schwimmen<\/span><\/li>\n<li><span style=\"font-family: georgia, palatino;\">Kyudo (Bogenschie\u00dfen)<\/span><\/li>\n<li><span style=\"font-family: georgia, palatino;\">Kendo \/ Iaido (Schwertkampf)<\/span><\/li>\n<li><span style=\"font-family: georgia, palatino;\">Ikebana (Blumenstecken)<\/span><\/li>\n<\/ul>\n<hr \/>\n<p><span style=\"font-family: georgia, palatino; font-size: 24pt;\"><strong>Medizinisches Profil<\/strong><\/span><\/p>\n<p>Mizukos K\u00f6rper ist, wenn auch nicht besonders belastbar, in einer hervorragenden Verfassung. Mizuko schwimmt t\u00e4glich mehrere Bahnen und durch regelm\u00e4\u00dfiges Bogenschie\u00dfen hat sie ihre Figur zus\u00e4tzlich in Form gehalten.<br \/>\nAllerdings hat sie das Problem einer erblichen Belastung. Ihr Blut weist einen schweren Mangel an wei\u00dfen Blutk\u00f6rperchen auf. Daher ist sie gegen\u00fcber jeglichen Infektionen extrem anf\u00e4llig und sollte daher m\u00f6glichst nicht ohne medizinische Begleitung auf Au\u00dfeneins\u00e4tze gehen.<\/p>\n<p>Mizukos Intelligenz ist knapp \u00fcberdurchschnittlich, ihr Beharrungsverm\u00f6gen und ihr rhetorischer Witz dagegen ist herausragend.<\/p>\n<hr \/>\n<p><span style=\"font-family: georgia, palatino; font-size: 24pt;\"><strong><span id=\"Haustier\" class=\"mw-headline\">Haustier<\/span><\/strong><\/span><\/p>\n<p><span style=\"font-family: georgia, palatino;\">Text<\/span><\/p>\n<hr \/>\n<p><span style=\"font-family: georgia, palatino;\"><strong><span style=\"font-size: 24pt;\">Klassifzierte Sektion<\/span><\/strong><\/span><\/p>\n<p><span style=\"font-family: georgia, palatino;\">Text<\/span><\/p>\n<p>&nbsp;<\/p>\n<p>&nbsp;<\/p>\n","protected":false},"excerpt":{"rendered":"<p>Yamashita Mizuko Nyoo &nbsp; Yamashita Mizuko Status NPC 1 Spieler Isabelle Dienstliche Informationen Ranggrafik Rang Lt. Posten XO Stationierung USS Resolution Biographische Informationen Geburtsjahr 22.09.2388 Geburtsort Kyoto \/ Japan \/ Erde Familienstand ledig Titel Nyoo Eltern ? Geschwister j\u00fcngerer Bruder Physische Beschreibung Spezies Mensch Geschlecht weiblich Gr\u00f6\u00dfe 165 Gewicht 52 Haarfarbe schwarz Augenfarbe schwarzbraun Hautfarbe&#8230;<\/p>\n<p class=\"more-link-wrap\"><a href=\"https:\/\/sf-germany.com\/einheiten\/usb-midgard\/usb-midgard-sb-61\/die-crew\/tkary\/mizuko\/\" class=\"more-link\">Read More<span class=\"screen-reader-text\"> &ldquo;Mizuko&rdquo;<\/span> &raquo;<\/a><\/p>\n","protected":false},"author":2,"featured_media":0,"parent":419,"menu_order":9,"comment_status":"closed","ping_status":"closed","template":"","meta":{"footnotes":""},"class_list":["post-432","page","type-page","status-publish","hentry"],"_links":{"self":[{"href":"https:\/\/sf-germany.com\/einheiten\/usb-midgard\/wp-json\/wp\/v2\/pages\/432","targetHints":{"allow":["GET"]}}],"collection":[{"href":"https:\/\/sf-germany.com\/einheiten\/usb-midgard\/wp-json\/wp\/v2\/pages"}],"about":[{"href":"https:\/\/sf-germany.com\/einheiten\/usb-midgard\/wp-json\/wp\/v2\/types\/page"}],"author":[{"embeddable":true,"href":"https:\/\/sf-germany.com\/einheiten\/usb-midgard\/wp-json\/wp\/v2\/users\/2"}],"replies":[{"embeddable":true,"href":"https:\/\/sf-germany.com\/einheiten\/usb-midgard\/wp-json\/wp\/v2\/comments?post=432"}],"version-history":[{"count":10,"href":"https:\/\/sf-germany.com\/einheiten\/usb-midgard\/wp-json\/wp\/v2\/pages\/432\/revisions"}],"predecessor-version":[{"id":1034,"href":"https:\/\/sf-germany.com\/einheiten\/usb-midgard\/wp-json\/wp\/v2\/pages\/432\/revisions\/1034"}],"up":[{"embeddable":true,"href":"https:\/\/sf-germany.com\/einheiten\/usb-midgard\/wp-json\/wp\/v2\/pages\/419"}],"wp:attachment":[{"href":"https:\/\/sf-germany.com\/einheiten\/usb-midgard\/wp-json\/wp\/v2\/media?parent=432"}],"curies":[{"name":"wp","href":"https:\/\/api.w.org\/{rel}","templated":true}]}}