{"id":419,"date":"2023-02-01T13:48:13","date_gmt":"2023-02-01T12:48:13","guid":{"rendered":"http:\/\/sf-germany.com\/einheiten\/usb-midgard\/?page_id=419"},"modified":"2023-02-01T14:01:47","modified_gmt":"2023-02-01T13:01:47","slug":"tkary","status":"publish","type":"page","link":"https:\/\/sf-germany.com\/einheiten\/usb-midgard\/usb-midgard-sb-61\/die-crew\/tkary\/","title":{"rendered":"T&#8217;Kary"},"content":{"rendered":"<table style=\"background: none; border: 0px solid #ffffff; font-weight: bold;\" border=\"0\" width=\"95%\" cellspacing=\"5\" cellpadding=\"5\" align=\"center\">\n<tbody>\n<tr>\n<td style=\"background: none; border-radius: 1em; border: 0px solid #003366; box-shadow: 0.1em 0.1em 0.5em rgba(0,0,0,0.75); -webkit-border-radius: 1em; -moz-border-radius: 1em; -moz-box-shadow: 0.1em 0.1em 0.5em rgba(0, 0, 0, 0.75); -webkit-box-shadow: 0.1em 0.1em 0.5em rgba(0, 0, 0, 0.75);\" colspan=\"5\" rowspan=\"3\" align=\"center\" valign=\"middle\">\n<h2><span style=\"font-family: georgia, palatino;\"><strong>T&#8217;Kary<\/strong><\/span><\/h2>\n<\/td>\n<\/tr>\n<\/tbody>\n<\/table>\n<p>&nbsp;<\/p>\n<div style=\"float: right; margin-right: 15px; margin-bottom: 15px; font-size: 11px; width: 300px; padding-left: 10px; padding-right: 10px;\">\n<table style=\"background: none; border: 0px solid #003366; margin-bottom: 15px; margin-right: 15px; float: left; border-radius: 1em; box-shadow: rgba(0, 0, 0, 0.75) 0.1em 0.1em 0.5em; width: 82.668%; height: 750px;\" border=\"1\" width=\"250\" cellspacing=\"10\" align=\"left\">\n<tbody>\n<tr style=\"height: 225px;\">\n<td style=\"border: 0px solid transparent; font-weight: bold; width: 87.9518%; height: 225px;\" colspan=\"2\" align=\"center\" width=\"250\"><span style=\"font-family: georgia, palatino;\"><a href=\"https:\/\/sf-germany.com\/einheiten\/usb-midgard\/wp-content\/uploads\/2023\/02\/TKary.png\" rel=\"lightbox-0\"><img loading=\"lazy\" decoding=\"async\" class=\"aligncenter wp-image-124\" src=\"https:\/\/sf-germany.com\/einheiten\/usb-midgard\/wp-content\/uploads\/2023\/02\/TKary.png\" alt=\"\" width=\"150\" height=\"225\" \/><\/a><\/span><\/td>\n<\/tr>\n<tr style=\"height: 19px;\">\n<td style=\"border: 0px solid transparent; font-weight: bold; width: 87.9518%; height: 19px;\" colspan=\"2\" align=\"center\" width=\"250\"><span style=\"font-family: georgia, palatino;\">T&#8217;Kary<\/span><\/td>\n<\/tr>\n<tr style=\"height: 19px;\">\n<td style=\"border: 0px solid transparent; font-weight: bold; width: 41.7687%; height: 19px;\" align=\"right\" width=\"111\"><span style=\"font-family: georgia, palatino;\">Status<\/span><\/td>\n<td style=\"border: 0px solid transparent; width: 46.1831%; height: 19px;\" align=\"left\" width=\"129\"><span style=\"font-family: georgia, palatino;\">NPC 1<\/span><\/td>\n<\/tr>\n<tr style=\"height: 19px;\">\n<td style=\"border: 0px solid transparent; font-weight: bold; width: 41.7687%; height: 19px;\" align=\"right\" width=\"111\"><span style=\"font-family: georgia, palatino;\">Spieler<\/span><\/td>\n<td style=\"border: 0px solid transparent; width: 46.1831%; height: 19px;\" align=\"left\" width=\"129\"><span style=\"font-family: georgia, palatino;\">Isabelle<\/span><\/td>\n<\/tr>\n<tr style=\"height: 19px;\">\n<td style=\"background: #555555; border: 0px solid #003366; font-weight: bold; border-radius: 1em; box-shadow: rgba(0, 0, 0, 0.75) 0.1em 0.1em 0.5em; width: 87.9518%; height: 19px;\" colspan=\"2\" align=\"center\" width=\"240\"><span style=\"font-family: georgia, palatino;\">Dienstliche Informationen<\/span><\/td>\n<\/tr>\n<tr style=\"height: 31px;\">\n<td style=\"border: 0px solid transparent; font-weight: bold; vertical-align: middle; width: 41.7687%; height: 31px;\" align=\"right\" width=\"111\"><span style=\"font-family: georgia, palatino;\">Ranggrafik<\/span><\/td>\n<td style=\"border: 0px solid transparent; width: 46.1831%; height: 31px;\" align=\"left\" width=\"129\"><span style=\"font-family: georgia, palatino;\"><a href=\"https:\/\/www.sf-germany.com\/images\/schemata\/sto\/rot\/cmdr.png\" rel=\"lightbox-1\"><img loading=\"lazy\" decoding=\"async\" class=\"alignnone wp-image-123\" src=\"https:\/\/www.sf-germany.com\/images\/schemata\/sto\/rot\/cmdr.png\" alt=\"\" width=\"100\" height=\"25\" \/><\/a><\/span><\/td>\n<\/tr>\n<tr style=\"height: 19px;\">\n<td style=\"border: 0px solid transparent; font-weight: bold; width: 41.7687%; height: 19px;\" align=\"right\" width=\"111\"><span style=\"font-family: georgia, palatino;\">Rang<\/span><\/td>\n<td style=\"border: 0px solid transparent; width: 46.1831%; height: 19px;\" align=\"left\" width=\"129\">Commander<\/td>\n<\/tr>\n<tr style=\"height: 19px;\">\n<td style=\"border: 0px solid transparent; font-weight: bold; width: 41.7687%; height: 19px;\" align=\"right\" width=\"111\"><span style=\"font-family: georgia, palatino;\">Posten<\/span><\/td>\n<td style=\"border: 0px solid transparent; width: 46.1831%; height: 19px;\" align=\"left\" width=\"129\"><span style=\"font-family: georgia, palatino;\">CO<\/span><\/td>\n<\/tr>\n<tr style=\"height: 19px;\">\n<td style=\"border: 0px solid transparent; font-weight: bold; width: 41.7687%; height: 19px;\" align=\"right\" width=\"111\"><span style=\"font-family: georgia, palatino;\">Stationierung<\/span><\/td>\n<td style=\"border: 0px solid transparent; width: 46.1831%; height: 19px;\" align=\"left\" width=\"129\"><span style=\"font-family: georgia, palatino;\">USS Resolution<\/span><\/td>\n<\/tr>\n<tr style=\"height: 19px;\">\n<td style=\"background: #555555; border: 0px solid #003366; font-weight: bold; border-radius: 1em; box-shadow: rgba(0, 0, 0, 0.75) 0.1em 0.1em 0.5em; width: 87.9518%; height: 19px;\" colspan=\"2\" align=\"center\" width=\"250\"><span style=\"font-family: georgia, palatino;\">Biographische Informationen<\/span><\/td>\n<\/tr>\n<tr style=\"height: 19px;\">\n<td style=\"border: 0px solid transparent; font-weight: bold; width: 41.7687%; height: 19px;\" align=\"right\" width=\"111\"><span style=\"font-family: georgia, palatino;\">Geburtsjahr<\/span><\/td>\n<td style=\"border: 0px solid transparent; width: 46.1831%; height: 19px;\" align=\"left\" width=\"129\">13.05.2377<\/td>\n<\/tr>\n<tr style=\"height: 19px;\">\n<td style=\"border: 0px solid transparent; font-weight: bold; width: 41.7687%; height: 19px;\" align=\"right\" width=\"111\"><span style=\"font-family: georgia, palatino;\">Geburtsort<\/span><\/td>\n<td style=\"border: 0px solid transparent; width: 46.1831%; height: 19px;\" align=\"left\" width=\"129\"><span style=\"font-family: georgia, palatino;\">Vulkan \/<br \/>\nKolonie Kiitherion<\/span><\/td>\n<\/tr>\n<tr style=\"height: 19px;\">\n<td style=\"border: 0px solid transparent; font-weight: bold; width: 41.7687%; height: 19px;\" align=\"right\" width=\"111\"><span style=\"font-family: georgia, palatino;\">Familienstand<\/span><\/td>\n<td style=\"border: 0px solid transparent; width: 46.1831%; height: 19px;\" align=\"left\" width=\"129\"><span style=\"font-family: georgia, palatino;\">ledig<\/span><\/td>\n<\/tr>\n<tr style=\"height: 19px;\">\n<td style=\"border: 0px solid transparent; font-weight: bold; width: 41.7687%; height: 19px;\" align=\"right\" width=\"111\"><span style=\"font-family: georgia, palatino;\">Eltern<\/span><\/td>\n<td style=\"border: 0px solid transparent; width: 46.1831%; height: 19px;\" align=\"left\" width=\"129\"><span style=\"font-family: georgia, palatino;\">Richard Wainwright<br \/>\nElizabeth Wainwright<\/span><\/td>\n<\/tr>\n<tr style=\"height: 19px;\">\n<td style=\"border: 0px solid transparent; font-weight: bold; width: 41.7687%; height: 19px;\" align=\"right\" width=\"111\"><span style=\"font-family: georgia, palatino;\">Geschwister<\/span><\/td>\n<td style=\"border: 0px solid transparent; width: 46.1831%; height: 19px;\" align=\"left\" width=\"129\"><span style=\"font-family: georgia, palatino;\">Sunlight Passing Through The Ice<br \/>\n(Loroi)<\/span><\/td>\n<\/tr>\n<tr style=\"height: 19px;\">\n<td style=\"background: #555555; border: 0px solid #003366; font-weight: bold; border-radius: 1em; box-shadow: rgba(0, 0, 0, 0.75) 0.1em 0.1em 0.5em; width: 87.9518%; height: 19px;\" colspan=\"2\" align=\"center\" width=\"250\"><span style=\"font-family: georgia, palatino;\">Physische Beschreibung<\/span><\/td>\n<\/tr>\n<tr style=\"height: 19px;\">\n<td style=\"border: 0px solid transparent; font-weight: bold; width: 41.7687%; height: 19px;\" align=\"right\" width=\"111\"><span style=\"font-family: georgia, palatino;\">Spezies<\/span><\/td>\n<td style=\"border: 0px solid transparent; width: 46.1831%; height: 19px;\" align=\"left\" width=\"129\"><span style=\"font-family: georgia, palatino;\">Vulkanier<\/span><\/td>\n<\/tr>\n<tr style=\"height: 19px;\">\n<td style=\"border: 0px solid transparent; font-weight: bold; width: 41.7687%; height: 19px;\" align=\"right\" width=\"111\"><span style=\"font-family: georgia, palatino;\">Geschlecht<\/span><\/td>\n<td style=\"border: 0px solid transparent; width: 46.1831%; height: 19px;\" align=\"left\" width=\"129\"><span style=\"font-family: georgia, palatino;\">weiblich<\/span><\/td>\n<\/tr>\n<tr style=\"height: 19px;\">\n<td style=\"border: 0px solid transparent; font-weight: bold; width: 41.7687%; height: 19px;\" align=\"right\" width=\"111\"><span style=\"font-family: georgia, palatino;\">Gr\u00f6\u00dfe<\/span><\/td>\n<td style=\"border: 0px solid transparent; width: 46.1831%; height: 19px;\" align=\"left\" width=\"129\"><span style=\"font-family: georgia, palatino;\">169 cm<\/span><\/td>\n<\/tr>\n<tr style=\"height: 19px;\">\n<td style=\"border: 0px solid transparent; font-weight: bold; width: 41.7687%; height: 19px;\" align=\"right\" width=\"111\"><span style=\"font-family: georgia, palatino;\">Gewicht<\/span><\/td>\n<td style=\"border: 0px solid transparent; width: 46.1831%; height: 19px;\" align=\"left\" width=\"129\"><span style=\"font-family: georgia, palatino;\">55 kg<\/span><\/td>\n<\/tr>\n<tr style=\"height: 19px;\">\n<td style=\"border: 0px solid transparent; font-weight: bold; width: 41.7687%; height: 19px;\" align=\"right\" width=\"111\"><span style=\"font-family: georgia, palatino;\">Haarfarbe<\/span><\/td>\n<td style=\"border: 0px solid transparent; width: 46.1831%; height: 19px;\" align=\"left\" width=\"129\"><span style=\"font-family: georgia, palatino;\">goldblond<\/span><\/td>\n<\/tr>\n<tr style=\"height: 19px;\">\n<td style=\"border: 0px solid transparent; font-weight: bold; width: 41.7687%; height: 19px;\" align=\"right\" width=\"111\"><span style=\"font-family: georgia, palatino;\">Augenfarbe<\/span><\/td>\n<td style=\"border: 0px solid transparent; width: 46.1831%; height: 19px;\" align=\"left\" width=\"129\"><span style=\"font-family: georgia, palatino;\">schwarzbraun<\/span><\/td>\n<\/tr>\n<tr style=\"height: 19px;\">\n<td style=\"border: 0px solid transparent; font-weight: bold; width: 41.7687%; height: 19px;\" align=\"right\" width=\"111\"><span style=\"font-family: georgia, palatino;\">Hautfarbe<\/span><\/td>\n<td style=\"border: 0px solid transparent; width: 46.1831%; height: 19px;\" align=\"left\" width=\"129\"><span style=\"font-family: georgia, palatino;\">sonnengebr\u00e4unt<\/span><\/td>\n<\/tr>\n<tr style=\"height: 19px;\">\n<td style=\"border: 0px solid transparent; font-weight: bold; width: 41.7687%; height: 19px;\" align=\"right\" width=\"111\"><span style=\"font-family: georgia, palatino;\">Verhalten<\/span><\/td>\n<td style=\"border: 0px solid transparent; width: 46.1831%; height: 19px;\" align=\"left\" width=\"129\"><span style=\"font-family: georgia, palatino;\">?<\/span><\/td>\n<\/tr>\n<tr style=\"height: 19px;\">\n<td style=\"border: 0px solid transparent; font-weight: bold; width: 41.7687%; height: 19px;\" align=\"right\" width=\"111\"><span style=\"font-family: georgia, palatino;\">Kurzinfo<\/span><\/td>\n<td style=\"border: 0px solid transparent; width: 46.1831%; height: 19px;\" align=\"left\" width=\"129\"><span style=\"font-family: georgia, palatino;\">?<\/span><\/td>\n<\/tr>\n<tr style=\"height: 19px;\">\n<td style=\"background: #555555; border: 0px solid #003366; font-weight: bold; border-radius: 1em; box-shadow: rgba(0, 0, 0, 0.75) 0.1em 0.1em 0.5em; width: 87.9518%; height: 19px;\" colspan=\"2\" align=\"center\" width=\"250\"><span style=\"font-family: georgia, palatino;\">Politische Informationen<\/span><\/td>\n<\/tr>\n<tr style=\"height: 19px;\">\n<td style=\"border: 0px solid transparent; font-weight: bold; width: 41.7687%; height: 19px;\" align=\"right\" width=\"111\"><span style=\"font-family: georgia, palatino;\">B\u00fcrgerschaft<\/span><\/td>\n<td style=\"border: 0px solid transparent; width: 46.1831%; height: 19px;\" align=\"left\" width=\"129\"><span style=\"font-family: georgia, palatino;\">UFP<\/span><\/td>\n<\/tr>\n<tr style=\"height: 19px;\">\n<td style=\"border: 0px solid transparent; font-weight: bold; width: 41.7687%; height: 19px;\" align=\"right\" width=\"111\"><span style=\"font-family: georgia, palatino;\">\u00a0Religion<\/span><\/td>\n<td style=\"border: 0px solid transparent; width: 46.1831%; height: 19px;\" align=\"left\" width=\"129\"><span style=\"font-family: georgia, palatino;\">?<\/span><\/td>\n<\/tr>\n<\/tbody>\n<\/table>\n<\/div>\n<p><span style=\"font-family: georgia, palatino;\"><strong><span style=\"font-size: 24pt;\">Lebenslauf<\/span><\/strong><\/span><\/p>\n<p>Als vor 32 Jahren die vulkanische Kolonie Kiitherion gegr\u00fcndet wurde, entschieden sich 2500 Kolonisten, dort niederzulassen. Nach nur 14 Monaten wurde das Projekt als Fehlschlag beendet. In Wirklichkeit war es ein Desaster.<br \/>\nWas niemand vorhersehen konnte: Die Sonne Kiith pulsierte. Alle 22 Tage wechselte sie ihre Strahlung so dass sie mal hellrot und mal wei\u00dfgelb schien. Das war nicht weiter tragisch, denn die Strahlungen wurden hinreichend analysiert. Sie beinhaltete keine Sch\u00e4digung f\u00fcr die vulkanische Physiologie. Was jedoch nicht bekannt war, war, dass die Sonne zus\u00e4tzlich alle 21,5 Jahre eine massive Eruption hervorbrachte. Und diese Strahlung war fatal.<\/p>\n<p>Nach nur zwei Monaten der Kolonisierung kam es leider zu solch einem massiven Ausbruch. Sofort wurden alle Kolonisten, die sich nicht in einem sch\u00fctzenden Geb\u00e4ude aufgehalten hatten, untersucht. Es bestand keine Gefahr, die Strahlungsdosis war grunds\u00e4tzlich ungef\u00e4hrlich. Leider galt das allerdings nicht f\u00fcr schwangere Frauen. Und davon gab es auf der Kolonie genau 76.<br \/>\nVon diesen 76 Kindern \u00fcberlebten nur 8 die ersten Wochen. Neben der Tatsache, dass all diese Kinder mit goldblondem Haar zur Welt kamen hatten alle diese Kinder mehr oder weniger schwere Fehlfunktionen im Gehirn und im vegetativen Nervensystem. Die \u00fcberlebenden Acht Kinder hatten aber allesamt ebenfalls Fehlfunktionen, die jedoch nicht so schlimm waren, als dass sie nicht lebensf\u00e4hig waren. Jedoch nur ein M\u00e4dchen hatte die Chance, eine h\u00f6here Schulbildung zu genie\u00dfen. T&#8217;Kary.<\/p>\n<p>Im Alter von drei Jahren wurde T&#8217;Kary aus nicht n\u00e4her preisgegebenen Gr\u00fcnden von Vulkan nach Terra gebracht und dort in einer speziellen Gastfamilie untergebracht.<\/p>\n<p>2377 &#8211; Geburt auf Kiitherion<br \/>\n2378 &#8211; Die Kolonie Kiitherion wird ger\u00e4umt. &#8211; Die \u00fcberlebenden Kolonisten werden zur Betreuung nach Vulkan gebracht.<br \/>\n2380 &#8211; T&#8217;Kary wird zur weiteren Behandlung nach Terra gebracht und w\u00e4chst dort in einer Gastfamilie auf. (s. klass. Sektion)<br \/>\n2382 &#8211; Einschulung<br \/>\n2387 &#8211; T&#8217;Kary wird auf eine Akademie f\u00fcr hochbegabte Kinder gebracht.<br \/>\n2394 &#8211; T&#8217;Kary macht ihren Abschluss SCL. Aufnahme in die Yale University in New Haven (Connecticut)<br \/>\n2399 &#8211; Abschluss mit dem Titel Dr.Hist. &#8211; Eintritt in die Starfleet Academy<br \/>\n2403 &#8211; Abschluss als Ensign. &#8211; Versetzung auf die USS Kirow als wissenschaftlicher Offizier (nicht CWI) &#8211; Ausfall aufgrund massiver Verletzungen nach einem Sportunfall.<br \/>\n2404 &#8211; Versetzung ins SF-HQ auf die Erde.<br \/>\n2405 &#8211; Versetzung in den strategischen Stab. &#8211; Bef\u00f6rderung zum Lt(JG)<br \/>\n2406 &#8211; Belobigung, nachdem sie entgegen allen Erwartungen ihrer Fraktion bei den j\u00e4hrlichen strategischen Spielen zu einem \u00fcberraschenden Sieg verhalf.<br \/>\n2407 &#8211; Bef\u00f6rderung zum Lt(SG)<br \/>\n2408 &#8211; Berufung in die F\u00fchrungsakademie im Ausbildungszweig Grand Strategy<br \/>\n2409 &#8211; Bef\u00f6rderung zum LtCmdr &#8211; Auf eigenen Wunsch Versetzung auf die USS Gallantry als XO \/ OPS<br \/>\n2412 &#8211; Im Eisatz schwer verletzt &#8211; sechs Monate Rekonvaleszenz. Danach Versetzung in den vorzeitigen Ruhestand<br \/>\n2415 &#8211; Auf eigenen Wunsch Wiederaufnahme in den aktiven Dienst &#8211; Bef\u00f6rderung zum Commander und Versetzung als CO auf die USS Resolution als Begleitschiff zu USB Midgard<\/p>\n<hr \/>\n<p><span style=\"font-family: georgia, palatino;\"><strong><span style=\"font-size: 24pt;\">Psychologisches Profil<\/span><\/strong><\/span><\/p>\n<p>T&#8217;Kary ist f\u00fcr eine Vulkanierin eine sehr fr\u00f6hliche, fast schon exzentrische Person. Allerdings kann sie, wenn sie sich konzentriert, das typisch ruhige und geradezu schon arrogante Auftreten eines Vulkaniers bieten.<br \/>\nSie ist selbstsicher, weiss genau, was sie kann und vor allem auch was sie nicht kann.<br \/>\nUnter normalen Umst\u00e4nden ist T&#8217;Kary \u00e4u\u00dferst direkt. Sie ist so in der Lage, andere durchaus zu br\u00fcskieren, vor allem dann, wenn sie der Ansicht ist, dass ihr Gegen\u00fcber das verdient.<br \/>\nJedoch kann sie, wenn es erforderlich ist, sehr diplomatisch vorgehen.<\/p>\n<p>T&#8217;Kary ist _sehr_ ungeschickt. Ihr im Sport einen Badmintonschl\u00e4ger in die hand zu dr\u00fccken ist eine Einladung zum Besuch in der San-Station. Ihr eine HAndwaffe zu \u00fcbergeben potentieller Selbstmord.<br \/>\nT&#8217;Kary hat sich an diese Problematik gew\u00f6hnt, was sie aber noch immer nicht gut verkraftet, ist der Spott, den sie regelm\u00e4\u00dfig dazu erntet.<\/p>\n<hr \/>\n<p><span style=\"font-family: georgia, palatino;\"><strong><span style=\"font-size: 24pt;\">Spezialgebiete<\/span><\/strong><\/span><\/p>\n<p><span style=\"font-family: georgia, palatino;\"><b>Ausbildung<\/b><\/span><\/p>\n<ul>\n<li>Physik (gut)<\/li>\n<li>Astronomie (gut)<\/li>\n<li>Mathematik (gut)<\/li>\n<li>Geschichte (sehr gut)<\/li>\n<li>Diplomatie (gut)<\/li>\n<li>Taktik und Strategie (sehr gut)<\/li>\n<li>Selbstverteidigung (Grundkenntnisse)<\/li>\n<\/ul>\n<p><span style=\"font-family: georgia, palatino;\"><b>Sprachen<\/b><\/span><\/p>\n<ul>\n<li>Vulkanisch<\/li>\n<li>Standard<\/li>\n<li>Cardassianisch<\/li>\n<li>Klingonisch<\/li>\n<li>Romulanisch<\/li>\n<\/ul>\n<hr \/>\n<p><span style=\"font-family: georgia, palatino;\"><strong><span style=\"font-size: 24pt;\">Hobbies<\/span><\/strong><\/span><\/p>\n<ul>\n<li><span style=\"font-family: georgia, palatino;\">offen<\/span><\/li>\n<\/ul>\n<hr \/>\n<p><span style=\"font-family: georgia, palatino; font-size: 24pt;\"><strong>Medizinisches Profil<\/strong><\/span><\/p>\n<p>T&#8217;Kary ist k\u00f6rperlich in relativ guter Verfassung. Sie weist einen gut verheilten Bruch des linken Wadenbeines sowie vier gebrochene Rippen im linken Brustkorb auf. Ebenso eine gut verheilte Fraktur des Sch\u00e4dels.<\/p>\n<p>Herausragend ist ihre hohe Intelligenz. Ihr IQ ist weit \u00fcberdurchschnittlich. Es ist zu bemerken, dass T&#8217;Kary einen Doktortitel in irdischer Geschichte hat.<\/p>\n<p>Dagegen ist ihre Fingerfertigkeit und motorische Geschicklichkeit derma\u00dfen schlecht, dass es schon an K\u00f6rperbehinderung grenzt.<\/p>\n<p>Es wird dringend empfohlen, Ensign T&#8217;Kary im Sternenflotten-HQ oder auf einer Raumbasis einzusetzen. Ein Feldkommando oder der Einsatz auf einem Raumschiff ist nicht empfehlenswert.<\/p>\n<p>Nach der schweren Verletzung im Einsatz auf der USS Gallantry wurde LtCmdr. T&#8217;Kary wieder soweit hergestellt, dass sie sich wieder relativ gut bewegen kann. Manchmal benutzt sie eine Gehhilfe zur Unterst\u00fctzung.<\/p>\n<hr \/>\n<p><span style=\"font-family: georgia, palatino; font-size: 24pt;\"><strong><span id=\"Haustier\" class=\"mw-headline\">Haustier<\/span><\/strong><\/span><\/p>\n<p><span style=\"font-family: georgia, palatino;\">keines<\/span><\/p>\n<hr \/>\n<p><span style=\"font-family: georgia, palatino;\"><strong><span style=\"font-size: 24pt;\">Klassifzierte Sektion<\/span><\/strong><\/span><\/p>\n<p>Eine Nebenwirkung der Strahlungseruption der Sonne Kiith war ja, dass die Girne und das Nervensystem der ungeborenen Kinder in Mitleidenschaft gezogen wurde. Bei T&#8217;Kary hatte dies drei Ergebnisse hervorgerufen. Zwei davon sind bekannt:<\/p>\n<p>(1) gesteigerte Intelligenz. T&#8217;Kary ist deutlich schneller lernf\u00e4hig und beh\u00e4lt gelernten Stoff einfach<br \/>\n(2) eine deutlich geminderte Geschicklichkeit und Fingerfertigkeit<br \/>\n(3) Die dritte F\u00e4higkeit erm\u00f6glicht ihr, physische Objekte allein kraft ihres Geistes zu manipulieren. Man nennt dies Telekinese. T&#8217;Kary kann dabei Gegenst\u00e4nde greifen und bewegen und verformen. Diese F\u00e4higkeiten hat sie in ihrer Gastfamilie trainiert und vor allem gelernt, damit nicht anzugeben.<\/p>\n<p>&nbsp;<\/p>\n<p>&nbsp;<\/p>\n","protected":false},"excerpt":{"rendered":"<p>T&#8217;Kary &nbsp; T&#8217;Kary Status NPC 1 Spieler Isabelle Dienstliche Informationen Ranggrafik Rang Commander Posten CO Stationierung USS Resolution Biographische Informationen Geburtsjahr 13.05.2377 Geburtsort Vulkan \/ Kolonie Kiitherion Familienstand ledig Eltern Richard Wainwright Elizabeth Wainwright Geschwister Sunlight Passing Through The Ice (Loroi) Physische Beschreibung Spezies Vulkanier Geschlecht weiblich Gr\u00f6\u00dfe 169 cm Gewicht 55 kg Haarfarbe goldblond&#8230;<\/p>\n<p class=\"more-link-wrap\"><a href=\"https:\/\/sf-germany.com\/einheiten\/usb-midgard\/usb-midgard-sb-61\/die-crew\/tkary\/\" class=\"more-link\">Read More<span class=\"screen-reader-text\"> &ldquo;T&#8217;Kary&rdquo;<\/span> &raquo;<\/a><\/p>\n","protected":false},"author":2,"featured_media":0,"parent":75,"menu_order":8,"comment_status":"closed","ping_status":"closed","template":"","meta":{"footnotes":""},"class_list":["post-419","page","type-page","status-publish","hentry"],"_links":{"self":[{"href":"https:\/\/sf-germany.com\/einheiten\/usb-midgard\/wp-json\/wp\/v2\/pages\/419","targetHints":{"allow":["GET"]}}],"collection":[{"href":"https:\/\/sf-germany.com\/einheiten\/usb-midgard\/wp-json\/wp\/v2\/pages"}],"about":[{"href":"https:\/\/sf-germany.com\/einheiten\/usb-midgard\/wp-json\/wp\/v2\/types\/page"}],"author":[{"embeddable":true,"href":"https:\/\/sf-germany.com\/einheiten\/usb-midgard\/wp-json\/wp\/v2\/users\/2"}],"replies":[{"embeddable":true,"href":"https:\/\/sf-germany.com\/einheiten\/usb-midgard\/wp-json\/wp\/v2\/comments?post=419"}],"version-history":[{"count":5,"href":"https:\/\/sf-germany.com\/einheiten\/usb-midgard\/wp-json\/wp\/v2\/pages\/419\/revisions"}],"predecessor-version":[{"id":428,"href":"https:\/\/sf-germany.com\/einheiten\/usb-midgard\/wp-json\/wp\/v2\/pages\/419\/revisions\/428"}],"up":[{"embeddable":true,"href":"https:\/\/sf-germany.com\/einheiten\/usb-midgard\/wp-json\/wp\/v2\/pages\/75"}],"wp:attachment":[{"href":"https:\/\/sf-germany.com\/einheiten\/usb-midgard\/wp-json\/wp\/v2\/media?parent=419"}],"curies":[{"name":"wp","href":"https:\/\/api.w.org\/{rel}","templated":true}]}}