{"id":407,"date":"2023-02-01T12:29:09","date_gmt":"2023-02-01T11:29:09","guid":{"rendered":"http:\/\/sf-germany.com\/einheiten\/usb-midgard\/?page_id=407"},"modified":"2023-02-01T15:50:11","modified_gmt":"2023-02-01T14:50:11","slug":"bio-ninaxtivk","status":"publish","type":"page","link":"https:\/\/sf-germany.com\/einheiten\/usb-midgard\/usb-midgard-sb-61\/die-crew\/bio-ninaxtivk\/","title":{"rendered":"Ninaxtivk"},"content":{"rendered":"<table style=\"background: none; border: 0px solid #ffffff; font-weight: bold;\" border=\"0\" width=\"95%\" cellspacing=\"5\" cellpadding=\"5\" align=\"center\">\n<tbody>\n<tr>\n<td style=\"background: none; border-radius: 1em; border: 0px solid #003366; box-shadow: 0.1em 0.1em 0.5em rgba(0,0,0,0.75); -webkit-border-radius: 1em; -moz-border-radius: 1em; -moz-box-shadow: 0.1em 0.1em 0.5em rgba(0, 0, 0, 0.75); -webkit-box-shadow: 0.1em 0.1em 0.5em rgba(0, 0, 0, 0.75);\" colspan=\"5\" rowspan=\"3\" align=\"center\" valign=\"middle\">\n<h2><span style=\"font-family: georgia, palatino;\"><strong>Ninaxtivk<\/strong><\/span><\/h2>\n<\/td>\n<\/tr>\n<\/tbody>\n<\/table>\n<p>&nbsp;<\/p>\n<div style=\"float: right; margin-right: 15px; margin-bottom: 15px; font-size: 11px; width: 300px; padding-left: 10px; padding-right: 10px;\">\n<table style=\"background: none; border: 0px solid #003366; margin-bottom: 15px; margin-right: 15px; float: left; border-radius: 1em; box-shadow: rgba(0, 0, 0, 0.75) 0.1em 0.1em 0.5em; width: 82.668%; height: 638px;\" border=\"1\" width=\"250\" cellspacing=\"10\" align=\"left\">\n<tbody>\n<tr style=\"height: 113px;\">\n<td style=\"border: 0px solid transparent; font-weight: bold; width: 87.9518%; height: 113px;\" colspan=\"2\" align=\"center\" width=\"250\"><span style=\"font-family: georgia, palatino;\"><a href=\"https:\/\/sf-germany.com\/einheiten\/usb-midgard\/wp-content\/uploads\/2023\/02\/Ninni.png\" rel=\"lightbox-0\"><img loading=\"lazy\" decoding=\"async\" class=\"aligncenter wp-image-124\" src=\"https:\/\/sf-germany.com\/einheiten\/usb-midgard\/wp-content\/uploads\/2023\/02\/Ninni.png\" alt=\"\" width=\"150\" height=\"225\" \/><\/a><\/span><\/td>\n<\/tr>\n<tr style=\"height: 19px;\">\n<td style=\"border: 0px solid transparent; font-weight: bold; width: 87.9518%; height: 19px;\" colspan=\"2\" align=\"center\" width=\"250\"><span style=\"font-family: georgia, palatino;\">Ninaxtivk<\/span><\/td>\n<\/tr>\n<tr style=\"height: 19px;\">\n<td style=\"border: 0px solid transparent; font-weight: bold; width: 41.3655%; height: 19px;\" align=\"right\" width=\"111\"><span style=\"font-family: georgia, palatino;\">Status<\/span><\/td>\n<td style=\"border: 0px solid transparent; width: 46.5863%; height: 19px;\" align=\"left\" width=\"129\"><span style=\"font-family: georgia, palatino;\">PC<\/span><\/td>\n<\/tr>\n<tr style=\"height: 19px;\">\n<td style=\"border: 0px solid transparent; font-weight: bold; width: 41.3655%; height: 19px;\" align=\"right\" width=\"111\"><span style=\"font-family: georgia, palatino;\">Spieler<\/span><\/td>\n<td style=\"border: 0px solid transparent; width: 46.5863%; height: 19px;\" align=\"left\" width=\"129\"><span style=\"font-family: georgia, palatino;\">Spielername<\/span><\/td>\n<\/tr>\n<tr style=\"height: 19px;\">\n<td style=\"background: #555555; border: 0px solid #003366; font-weight: bold; border-radius: 1em; box-shadow: rgba(0, 0, 0, 0.75) 0.1em 0.1em 0.5em; width: 87.9518%; height: 19px;\" colspan=\"2\" align=\"center\" width=\"240\"><span style=\"font-family: georgia, palatino;\">Dienstliche Informationen<\/span><\/td>\n<\/tr>\n<tr style=\"height: 31px;\">\n<td style=\"border: 0px solid transparent; font-weight: bold; vertical-align: middle; width: 41.3655%; height: 31px;\" align=\"right\" width=\"111\"><span style=\"font-family: georgia, palatino;\">Ranggrafik<\/span><\/td>\n<td style=\"border: 0px solid transparent; width: 46.5863%; height: 31px;\" align=\"left\" width=\"129\"><span style=\"font-family: georgia, palatino;\"><a href=\"https:\/\/www.sf-germany.com\/images\/schemata\/sto\/gelb\/ltjg.png\" rel=\"lightbox-1\"><img loading=\"lazy\" decoding=\"async\" class=\"alignnone wp-image-123\" src=\"https:\/\/www.sf-germany.com\/images\/schemata\/sto\/gelb\/ltjg.png\" alt=\"\" width=\"100\" height=\"25\" \/><\/a><\/span><\/td>\n<\/tr>\n<tr style=\"height: 19px;\">\n<td style=\"border: 0px solid transparent; font-weight: bold; width: 41.3655%; height: 19px;\" align=\"right\" width=\"111\"><span style=\"font-family: georgia, palatino;\">Rang<\/span><\/td>\n<td style=\"border: 0px solid transparent; width: 46.5863%; height: 19px;\" align=\"left\" width=\"129\">Lt.(jg)<\/td>\n<\/tr>\n<tr style=\"height: 19px;\">\n<td style=\"border: 0px solid transparent; font-weight: bold; width: 41.3655%; height: 19px;\" align=\"right\" width=\"111\"><span style=\"font-family: georgia, palatino;\">Posten<\/span><\/td>\n<td style=\"border: 0px solid transparent; width: 46.5863%; height: 19px;\" align=\"left\" width=\"129\"><span style=\"font-family: georgia, palatino;\">CING<\/span><\/td>\n<\/tr>\n<tr style=\"height: 19px;\">\n<td style=\"border: 0px solid transparent; font-weight: bold; width: 41.3655%; height: 19px;\" align=\"right\" width=\"111\"><span style=\"font-family: georgia, palatino;\">Stationierung<\/span><\/td>\n<td style=\"border: 0px solid transparent; width: 46.5863%; height: 19px;\" align=\"left\" width=\"129\"><span style=\"font-family: georgia, palatino;\">USB Midgard<\/span><\/td>\n<\/tr>\n<tr style=\"height: 19px;\">\n<td style=\"background: #555555; border: 0px solid #003366; font-weight: bold; border-radius: 1em; box-shadow: rgba(0, 0, 0, 0.75) 0.1em 0.1em 0.5em; width: 87.9518%; height: 19px;\" colspan=\"2\" align=\"center\" width=\"250\"><span style=\"font-family: georgia, palatino;\">Biographische Informationen<\/span><\/td>\n<\/tr>\n<tr style=\"height: 19px;\">\n<td style=\"border: 0px solid transparent; font-weight: bold; width: 41.3655%; height: 19px;\" align=\"right\" width=\"111\"><span style=\"font-family: georgia, palatino;\">Geburtsjahr<\/span><\/td>\n<td style=\"border: 0px solid transparent; width: 46.5863%; height: 19px;\" align=\"left\" width=\"129\"><span style=\"font-family: georgia, palatino;\">2351<\/span><\/td>\n<\/tr>\n<tr style=\"height: 19px;\">\n<td style=\"border: 0px solid transparent; font-weight: bold; width: 41.3655%; height: 19px;\" align=\"right\" width=\"111\"><span style=\"font-family: georgia, palatino;\">Geburtsort<\/span><\/td>\n<td style=\"border: 0px solid transparent; width: 46.5863%; height: 19px;\" align=\"left\" width=\"129\"><span style=\"font-family: georgia, palatino;\">Tramp<\/span><\/td>\n<\/tr>\n<tr style=\"height: 19px;\">\n<td style=\"border: 0px solid transparent; font-weight: bold; width: 41.3655%; height: 19px;\" align=\"right\" width=\"111\"><span style=\"font-family: georgia, palatino;\">Familienstand<\/span><\/td>\n<td style=\"border: 0px solid transparent; width: 46.5863%; height: 19px;\" align=\"left\" width=\"129\"><span style=\"font-family: georgia, palatino;\">ledig<\/span><\/td>\n<\/tr>\n<tr style=\"height: 19px;\">\n<td style=\"border: 0px solid transparent; font-weight: bold; width: 41.3655%; height: 19px;\" align=\"right\" width=\"111\"><span style=\"font-family: georgia, palatino;\">Eltern<\/span><\/td>\n<td style=\"border: 0px solid transparent; width: 46.5863%; height: 19px;\" align=\"left\" width=\"129\"><span style=\"font-family: georgia, palatino;\">?<\/span><\/td>\n<\/tr>\n<tr style=\"height: 19px;\">\n<td style=\"border: 0px solid transparent; font-weight: bold; width: 41.3655%; height: 19px;\" align=\"right\" width=\"111\"><span style=\"font-family: georgia, palatino;\">Geschwister<\/span><\/td>\n<td style=\"border: 0px solid transparent; width: 46.5863%; height: 19px;\" align=\"left\" width=\"129\"><span style=\"font-family: georgia, palatino;\">?<\/span><\/td>\n<\/tr>\n<tr style=\"height: 19px;\">\n<td style=\"background: #555555; border: 0px solid #003366; font-weight: bold; border-radius: 1em; box-shadow: rgba(0, 0, 0, 0.75) 0.1em 0.1em 0.5em; width: 87.9518%; height: 19px;\" colspan=\"2\" align=\"center\" width=\"250\"><span style=\"font-family: georgia, palatino;\">Physische Beschreibung<\/span><\/td>\n<\/tr>\n<tr style=\"height: 19px;\">\n<td style=\"border: 0px solid transparent; font-weight: bold; width: 41.3655%; height: 19px;\" align=\"right\" width=\"111\"><span style=\"font-family: georgia, palatino;\">Spezies<\/span><\/td>\n<td style=\"border: 0px solid transparent; width: 46.5863%; height: 19px;\" align=\"left\" width=\"129\"><span style=\"font-family: georgia, palatino;\">Ilt<\/span><\/td>\n<\/tr>\n<tr style=\"height: 19px;\">\n<td style=\"border: 0px solid transparent; font-weight: bold; width: 41.3655%; height: 19px;\" align=\"right\" width=\"111\"><span style=\"font-family: georgia, palatino;\">Geschlecht<\/span><\/td>\n<td style=\"border: 0px solid transparent; width: 46.5863%; height: 19px;\" align=\"left\" width=\"129\"><span style=\"font-family: georgia, palatino;\">m\u00e4nnlich<\/span><\/td>\n<\/tr>\n<tr style=\"height: 19px;\">\n<td style=\"border: 0px solid transparent; font-weight: bold; width: 41.3655%; height: 19px;\" align=\"right\" width=\"111\"><span style=\"font-family: georgia, palatino;\">Gr\u00f6\u00dfe<\/span><\/td>\n<td style=\"border: 0px solid transparent; width: 46.5863%; height: 19px;\" align=\"left\" width=\"129\"><span style=\"font-family: georgia, palatino;\">118 cm<\/span><\/td>\n<\/tr>\n<tr style=\"height: 19px;\">\n<td style=\"border: 0px solid transparent; font-weight: bold; width: 41.3655%; height: 19px;\" align=\"right\" width=\"111\"><span style=\"font-family: georgia, palatino;\">Gewicht<\/span><\/td>\n<td style=\"border: 0px solid transparent; width: 46.5863%; height: 19px;\" align=\"left\" width=\"129\"><span style=\"font-family: georgia, palatino;\">35 kg<\/span><\/td>\n<\/tr>\n<tr style=\"height: 19px;\">\n<td style=\"border: 0px solid transparent; font-weight: bold; width: 41.3655%; height: 19px;\" align=\"right\" width=\"111\"><span style=\"font-family: georgia, palatino;\">Haarfarbe<\/span><\/td>\n<td style=\"border: 0px solid transparent; width: 46.5863%; height: 19px;\" align=\"left\" width=\"129\"><span style=\"font-family: georgia, palatino;\">braun-scharz (Fell)<\/span><\/td>\n<\/tr>\n<tr style=\"height: 19px;\">\n<td style=\"border: 0px solid transparent; font-weight: bold; width: 41.3655%; height: 19px;\" align=\"right\" width=\"111\"><span style=\"font-family: georgia, palatino;\">Augenfarbe<\/span><\/td>\n<td style=\"border: 0px solid transparent; width: 46.5863%; height: 19px;\" align=\"left\" width=\"129\"><span style=\"font-family: georgia, palatino;\">braunschwarz<\/span><\/td>\n<\/tr>\n<tr style=\"height: 19px;\">\n<td style=\"border: 0px solid transparent; font-weight: bold; width: 41.3655%; height: 19px;\" align=\"right\" width=\"111\"><span style=\"font-family: georgia, palatino;\">Hautfarbe<\/span><\/td>\n<td style=\"border: 0px solid transparent; width: 46.5863%; height: 19px;\" align=\"left\" width=\"129\"><span style=\"font-family: georgia, palatino;\">braun-scharz (Fell)<\/span><\/td>\n<\/tr>\n<tr style=\"height: 19px;\">\n<td style=\"border: 0px solid transparent; font-weight: bold; width: 41.3655%; height: 19px;\" align=\"right\" width=\"111\"><span style=\"font-family: georgia, palatino;\">Verhalten<\/span><\/td>\n<td style=\"border: 0px solid transparent; width: 46.5863%; height: 19px;\" align=\"left\" width=\"129\"><span style=\"font-family: georgia, palatino;\">?<\/span><\/td>\n<\/tr>\n<tr style=\"height: 19px;\">\n<td style=\"border: 0px solid transparent; font-weight: bold; width: 41.3655%; height: 19px;\" align=\"right\" width=\"111\"><span style=\"font-family: georgia, palatino;\">Kurzinfo<\/span><\/td>\n<td style=\"border: 0px solid transparent; width: 46.5863%; height: 19px;\" align=\"left\" width=\"129\"><span style=\"font-family: georgia, palatino;\">?<\/span><\/td>\n<\/tr>\n<tr style=\"height: 19px;\">\n<td style=\"background: #555555; border: 0px solid #003366; font-weight: bold; border-radius: 1em; box-shadow: rgba(0, 0, 0, 0.75) 0.1em 0.1em 0.5em; width: 87.9518%; height: 19px;\" colspan=\"2\" align=\"center\" width=\"250\"><span style=\"font-family: georgia, palatino;\">Politische Informationen<\/span><\/td>\n<\/tr>\n<tr style=\"height: 19px;\">\n<td style=\"border: 0px solid transparent; font-weight: bold; width: 41.3655%; height: 19px;\" align=\"right\" width=\"111\"><span style=\"font-family: georgia, palatino;\">B\u00fcrgerschaft<\/span><\/td>\n<td style=\"border: 0px solid transparent; width: 46.5863%; height: 19px;\" align=\"left\" width=\"129\"><span style=\"font-family: georgia, palatino;\">UFP<\/span><\/td>\n<\/tr>\n<tr style=\"height: 19px;\">\n<td style=\"border: 0px solid transparent; font-weight: bold; width: 41.3655%; height: 19px;\" align=\"right\" width=\"111\"><span style=\"font-family: georgia, palatino;\">\u00a0Religion<\/span><\/td>\n<td style=\"border: 0px solid transparent; width: 46.5863%; height: 19px;\" align=\"left\" width=\"129\"><span style=\"font-family: georgia, palatino;\">?<\/span><\/td>\n<\/tr>\n<\/tbody>\n<\/table>\n<\/div>\n<p><span style=\"font-family: georgia, palatino;\"><strong><span style=\"font-size: 24pt;\">Lebenslauf<\/span><\/strong><\/span><\/p>\n<p>Ninaxtivk war etwa 30 Jahre alt, und somit f\u00fcr einen Ilt (auch Mausbiber genannt, wegen ihres Aussehens &#8211; siehe unten) noch sehr jung, als er &#8211; zusammen mit einer kleinen Gruppe Rassengenossen &#8211; von Ferengih\u00e4ndler vom Planeten Tramp geholt wurde. Die Ferengi erkannten zuerst nicht die Intelligenz der Ilts, da diese in ihrer Heimat doch sehr primitiv in H\u00f6hle wohnen und den Tag lediglich mit der Nahrungssuche und einfachen Spielen verbringen. Die Ilt wurden somit als Tiere behandelt, jedoch stellte sich schnell heraus, dass diese Tiere zu mehr als intelligentem Handeln f\u00e4hig waren. Das ferengische Schiff, die &#8222;Goldener, hoher Profit&#8220; erlitt schwere Sch\u00e4den, als die Ilts von ihren F\u00e4higkeiten Gebrauch machten. Dank der ferengischen Art, aus jeder Situation Profit zu schlagen und einem der Ilts, der sich den Entf\u00fchrern verst\u00e4ndlich machen konnte, kam es dazu, das die Gruppe der Mausbiber nach Ferenginar gebracht wurde, wo sie Fren und die Standardsprache erlernten.<\/p>\n<p>Die meisten der Ilts interessierten sich kaum f\u00fcr Dinge wie Technik und Wissenschaft, Ninaxtivk allerdings war kaum von der Seite der Techniker zu bekommen.<\/p>\n<p>Ein Stromschlag auf der &#8222;Profit&#8220; hatte ihm schon den Namen Ninaxtivk eingebracht, was in der Ferengisprache nichts anderes heisst als &#8222;Leuchtnase&#8220;, allerdings bevorzugt er es, mit seinem Spitznamen angesprochen zu werden, kurz: Ninni.<\/p>\n<p>Auf Ferenginar angekommen, besch\u00e4ftigte er sich weiterhin mit Technik, besonders die Raumfahrt und die Transportertechnologie hatten es ihm angetan. Teleportation mittels Ger\u00e4ten! Die F\u00e4higkeit zur nat\u00fcrlichen Teleportation hatte er bereits im Alter von 30 Jahren komplett verloren. Die F\u00e4higkeit zur Telepathie hatte er nur noch insofern, als das er sich mit anderen Ilts unterhalten konnte, nicht aber mit anderen Lebewesen. In selten F\u00e4llen konnte er Emotionen sp\u00fcren, aber niemals von Ferengi, die scheinbar eine Art Immunit\u00e4t gegen solches hatten.<\/p>\n<p>Das Interesse und die Neugier auf mehr technische M\u00f6glichkeiten wuchs mit den Jahren immer mehr an und bald schon war ihm klar, das auf Ferenginar niemals seine F\u00e4higkeiten und seine Fragen auf diesem Gebiet vollst\u00e4ndig beantwortet werden w\u00fcrden. Die meisten Ferengi fragten sich lediglich, wie sie den besten Profit aus der jeweiligen Sache schlagen konnten, ohne zu verstehen wie das Ger\u00e4t denn funktionierte. Als Techniker im Range eines TarkMon(Ensign) auf einem Schiff der D&#8217;Kora-Marauderklasse verdiente er sich sein Brot, bzw. seine M\u00f6hren.<\/p>\n<p>2391 hatte Ninni die M\u00f6glichkeit, nach Terra zu kommen und schrieb sich dort an der Akademie ein. Zur Verwunderung der F\u00f6deration war seine Rasse vollkommen unbekannt, hatte man doch nie zuvor ein solches Wesen entdeckt oder war es irgendwo verzeichnet. Die Daten \u00fcber seine Heimat konnte Ninaxtivk nicht angeben, nur einige wenige Ferengi kannten den Ort, den die Mausbiber ihre urspr\u00fcngliche Heimat nannten.<\/p>\n<p>2395 schlo\u00df Ninni die Akademie ab und wurde von dort als sCING auf die USS Shenendoah, einem Akira-Klasse-Kreuzer versetzt. Hier arbeitete er gewissenhaft und nach einem Unfall und pl\u00f6tzlichem Ableben des TO nahm er dessen Stelle an, die er innehatte, bis er vom Freiwerden der Stelle als TO auf der Achilles h\u00f6rte. Das Schiff und die Beschreibung faszinierten Ninni, also bewarb er sich. Nach einiger Zeit wurde er als TO auf die Avalon versetzt und diente dort bis zur Au\u00dferbetriebnahme des Schiffes. Es folgte eine Versetzung nach Utopia Planitia und die Werft, wo er bei der Neukonstruktion von Schiffen t\u00e4tig war.<\/p>\n<hr \/>\n<p><span style=\"font-family: georgia, palatino;\"><strong><span style=\"font-size: 24pt;\">Psychologisches Profil<\/span><\/strong><\/span><\/p>\n<p>Ninni ist sehr verspielt und neugierig. Er spielt anderen Leuten gern Streiche. Holodecks haben es ihm angetan und er interessiert sich f\u00fcr die verschiedensten Sportarten oder auch Literatur und f\u00fcr Musik. Schach und andere Strategiespiele liegen ihm, aber auch f\u00fcr jedes andere Gesellschaftsspiel ist er zu haben.<\/p>\n<p>Ninni hasst es, wenn er nicht ernst genommen wird und ist dann durchaus zu sehr b\u00f6sen Streichen bereit, die manchmal schon an die Grenze des guten Geschmacks gehen.<\/p>\n<p>Ninni scheint eine gewisse Wirkung auf weibliche Humanoide zu haben, was den Mutterinstinkt angeht. Sie sehen oft in ihm ein Wesen, das verw\u00f6hnt und gekrault werden mu\u00df.<\/p>\n<p>Seine Heimat sucht Ninni in seiner Freizeit ebenfalls, allerdings nicht obsessiv, er w\u00fcrde nur gern einmal wieder auf seinen Heimatplaneten zur\u00fcckkehren und mehr \u00fcber das Leben seiner Spezies dort herausfinden.<\/p>\n<p>Durch die langen Jahre in Obhut der Ferengi hat sich Ninni ein wenig deren Eigenarten angew\u00f6hnt, was Handel und Profit angeht. Er verlangt gern Gegenleistungen bei Gefallen und ist leicht materialistisch eingestellt.<\/p>\n<p>Die F\u00e4higkeit der Teleportation hat Ninni mit etwa 30 Jahren verloren, die F\u00e4higkeit der Telepathie ist nur insofern vorhanden, als das er in seltenen F\u00e4llen Gef\u00fchle einzelner Personen sp\u00fcrt, wenn diese sehr starke Emotionen haben. Mit anderen Ilts kann er sich telepathisch verst\u00e4ndigen. Die Telekinese nutzt er f\u00fcr seine Arbeit, die er immer gewissenhaft ausf\u00fchrt.<\/p>\n<hr \/>\n<p><span style=\"font-family: georgia, palatino;\"><strong><span style=\"font-size: 24pt;\">Spezialgebiete<\/span><\/strong><\/span><\/p>\n<p>Ninni verf\u00fcgt \u00fcber technisches Spezialwissen in den verschiedensten Bereichen, Technik ist sein Ein und Alles.<\/p>\n<p><span style=\"font-family: georgia, palatino;\"><b>Ausbildung<\/b><\/span><\/p>\n<ul>\n<li><span style=\"font-family: georgia, palatino;\">Transportertechnologie<\/span><\/li>\n<li><span style=\"font-family: georgia, palatino;\">Sensorsysteme<\/span><\/li>\n<li><span style=\"font-family: georgia, palatino;\">Warpantriebe<\/span><\/li>\n<li><span style=\"font-family: georgia, palatino;\">Impulsantriebe<\/span><\/li>\n<li><span style=\"font-family: georgia, palatino;\">Energietechnik (auch ferengische Systeme sind ihm bekannt, die sogar teilweise gr\u00f6ssere Leistungen erbringen, als die der F\u00f6deration)<\/span><\/li>\n<\/ul>\n<p><span style=\"font-family: georgia, palatino;\"><b>Sprachen<\/b><\/span><\/p>\n<ul>\n<li><span style=\"font-family: georgia, palatino;\">F\u00f6derationsstandard<\/span><\/li>\n<li><span style=\"font-family: georgia, palatino;\">Ferengi<\/span><\/li>\n<li><span style=\"font-family: georgia, palatino;\">offen<\/span><\/li>\n<\/ul>\n<hr \/>\n<p><span style=\"font-family: georgia, palatino;\"><strong><span style=\"font-size: 24pt;\">Hobbies<\/span><\/strong><\/span><\/p>\n<ul>\n<li><span style=\"font-family: georgia, palatino;\">offen<\/span><\/li>\n<li><span style=\"font-family: georgia, palatino;\">offen<\/span><\/li>\n<\/ul>\n<hr \/>\n<p><span style=\"font-family: georgia, palatino; font-size: 24pt;\"><strong>Medizinisches Profil<\/strong><\/span><\/p>\n<p><span style=\"font-family: georgia, palatino;\">Ninni ist kerngesund, allerdings haben die meisten \u00c4rzte schon einige Probleme, Krankheiten festzustellen, da es keine Daten \u00fcber die Spezies der Ilt gibt.<br \/>\n<\/span><\/p>\n<hr \/>\n<p><span style=\"font-family: georgia, palatino; font-size: 24pt;\"><strong><span id=\"Haustier\" class=\"mw-headline\">Eine kurze Beschreibung der Ilt<\/span><\/strong><\/span><\/p>\n<p>Ilts werden zwiwschen 90cm und 1,2m gro\u00df, haben einen platten Biberschwanz und Fell in rot- oder braunt\u00f6nen. Das Gesicht erinnert eher an eine Maus, spitz zulaufend und ein einzelner Nagezahn ist hervorstechendes Merkmal. Der K\u00f6rper der Ilts ist im Vergleich zu den Beinen recht lang und unten dicker, zum Hals hin schmaler werdend. Aufgrund dieser Gegebenheiten bewegen sie sich in einer Art Watschelgang fort. Die &#8222;H\u00e4nde&#8220; \u00e4hneln mehr Pfoten und sind als Werkzeuge nur schwer einsetzbar.<br \/>\nIlts sind Vegetarier. Grunds\u00e4tzlichen besitzen Ilts ein sehr gutes Immunsystem gegen\u00fcber Krankheiten und Giften, jedoch sind sie sehr empfindlich gegen\u00fcber elektrischen Feldern und Kraftfeldern. Ein Schu\u00df aus einem nur auf Bet\u00e4ubung gestellten Phaser kann schon zu lebensbedrohlichen Zust\u00e4nden f\u00fchren.<\/p>\n<p>Die Lebenserwartung der Ilts ist mit 500 bis 600 Jahre ungew\u00f6hnlich hoch. Mit etwa 50 Jahren erreichen Ilts ihre Geschlechtsreife.<\/p>\n<p>Die physische Kraft und Ausdauer entsprechen in etwa lediglich der H\u00e4lfte der eines normalen Menschen. Die Heilung bei Verletzungen dauert je nach Alter unterschiedlich lang. In ihrer Jugend (bis 100 Jahre) ist die Regenerationsf\u00e4higkeit sehr gut, Knochenbr\u00fcche z.B. verheilen innerhalb weniger Tage. Ab dem 100. Lebensjahr etwa nimmt diese F\u00e4higkeit ab und ist ab ungef\u00e4hr dem 200. Lebensjahr der Regenerationsf\u00e4higkeit eines Menschen \u00e4hnlich, was sich noch weiter verschlechtert je \u00e4lter das Wesen wird.<\/p>\n<hr \/>\n<p><span style=\"font-family: georgia, palatino; font-size: 24pt;\"><strong><span id=\"Haustier\" class=\"mw-headline\">Besondere F\u00e4higkeiten der Spezies<\/span><\/strong><\/span><\/p>\n<p>Ilts sind von Natur aus Parapsychologisch begabt, alle Ilts sind bei ihrer Geburt Telepathen, Telekineten und Teleporter. Diese F\u00e4higkeiten nehmen mit zunehmendem Alter ab, was die Telepathie und die Teleportation betrifft. Die meisten Ilts sind mit Erreichen der Geschlechtsreife nicht mehr f\u00e4hig zu &#8222;springen&#8220; die Telepathie nimmt stark ab und beschr\u00e4nkt sich ab einem gewissen Alter nur auf k\u00fcrzeste Entfernung und die geistige Unterhaltung zwischen Ilts. Telekinese ist dauerhaft vorhanden, jedoch k\u00f6nnen sie auch hier nur in etwa das 2-3 fache ihres eigenen K\u00f6rpergewischtes bewegen, der Gegenstand mu\u00df sich in Sichtweite befinden, die Reichweite betr\u00e4gt etwa 100 Meter.<\/p>\n<hr \/>\n<p><span style=\"font-family: georgia, palatino;\"><strong><span style=\"font-size: 24pt;\">Klassifzierte Sektion<\/span><\/strong><\/span><\/p>\n<p><span style=\"font-family: georgia, palatino;\">offen<\/span><\/p>\n<p>&nbsp;<\/p>\n<p>&nbsp;<\/p>\n","protected":false},"excerpt":{"rendered":"<p>Ninaxtivk &nbsp; Ninaxtivk Status PC Spieler Spielername Dienstliche Informationen Ranggrafik Rang Lt.(jg) Posten CING Stationierung USB Midgard Biographische Informationen Geburtsjahr 2351 Geburtsort Tramp Familienstand ledig Eltern ? Geschwister ? Physische Beschreibung Spezies Ilt Geschlecht m\u00e4nnlich Gr\u00f6\u00dfe 118 cm Gewicht 35 kg Haarfarbe braun-scharz (Fell) Augenfarbe braunschwarz Hautfarbe braun-scharz (Fell) Verhalten ? Kurzinfo ? Politische Informationen&#8230;<\/p>\n<p class=\"more-link-wrap\"><a href=\"https:\/\/sf-germany.com\/einheiten\/usb-midgard\/usb-midgard-sb-61\/die-crew\/bio-ninaxtivk\/\" class=\"more-link\">Read More<span class=\"screen-reader-text\"> &ldquo;Ninaxtivk&rdquo;<\/span> &raquo;<\/a><\/p>\n","protected":false},"author":2,"featured_media":0,"parent":75,"menu_order":7,"comment_status":"closed","ping_status":"closed","template":"","meta":{"footnotes":""},"class_list":["post-407","page","type-page","status-publish","hentry"],"_links":{"self":[{"href":"https:\/\/sf-germany.com\/einheiten\/usb-midgard\/wp-json\/wp\/v2\/pages\/407","targetHints":{"allow":["GET"]}}],"collection":[{"href":"https:\/\/sf-germany.com\/einheiten\/usb-midgard\/wp-json\/wp\/v2\/pages"}],"about":[{"href":"https:\/\/sf-germany.com\/einheiten\/usb-midgard\/wp-json\/wp\/v2\/types\/page"}],"author":[{"embeddable":true,"href":"https:\/\/sf-germany.com\/einheiten\/usb-midgard\/wp-json\/wp\/v2\/users\/2"}],"replies":[{"embeddable":true,"href":"https:\/\/sf-germany.com\/einheiten\/usb-midgard\/wp-json\/wp\/v2\/comments?post=407"}],"version-history":[{"count":6,"href":"https:\/\/sf-germany.com\/einheiten\/usb-midgard\/wp-json\/wp\/v2\/pages\/407\/revisions"}],"predecessor-version":[{"id":448,"href":"https:\/\/sf-germany.com\/einheiten\/usb-midgard\/wp-json\/wp\/v2\/pages\/407\/revisions\/448"}],"up":[{"embeddable":true,"href":"https:\/\/sf-germany.com\/einheiten\/usb-midgard\/wp-json\/wp\/v2\/pages\/75"}],"wp:attachment":[{"href":"https:\/\/sf-germany.com\/einheiten\/usb-midgard\/wp-json\/wp\/v2\/media?parent=407"}],"curies":[{"name":"wp","href":"https:\/\/api.w.org\/{rel}","templated":true}]}}