{"id":403,"date":"2023-02-11T22:12:42","date_gmt":"2023-02-11T21:12:42","guid":{"rendered":"http:\/\/sf-germany.com\/einheiten\/usb-midgard\/?page_id=403"},"modified":"2025-07-22T16:08:40","modified_gmt":"2025-07-22T14:08:40","slug":"was-ist-was","status":"publish","type":"page","link":"https:\/\/sf-germany.com\/einheiten\/usb-midgard\/info-terminal\/was-ist-was\/","title":{"rendered":"Was ist Was?"},"content":{"rendered":"<p>Die Station Midgard hatte in ihrer langen Dienstzeit verschiedene Rollen und Bes[i\/e]tzer, die alle sie zu ihrer heutigen Gestalt geformt haben. G\u00e4nge wurden verlegt, R\u00e4ume, ja ganze Decke umgewidmet, und w\u00e4hrend manche Sektionen verfallen gl\u00e4nzen andere mit der modernsten Ausstattung des Alphaquadranten. Es ist schwer, sich an einem so wandelhaften Ort zurecht zu finden &#8211; die folgenden Zeilen sollen einen \u00dcberblick \u00fcber die bekannten \u00d6rtlichkeiten auf Midgard (und in der Umgebung der Station) geben.<\/p>\n<p><strong>Midgard, Infrastruktur<br \/><\/strong><\/p>\n<table style=\"border-collapse: collapse; width: 100%;\">\n<tbody>\n<tr>\n<td style=\"width: 16.57%;\">Operationszentrum<\/td>\n<td style=\"width: 83.43%;\">Hirn der Station. Zentral ein erh\u00f6hter Bereich mit Lagetisch, darum in einem Graben mit LCARS-Stationen. An den W\u00e4nden in 120\u00b0-Abst\u00e4nden zwei gro\u00dfe Hauptbildschirme und das B\u00fcro der diensthabenen Offizierin.<\/td>\n<\/tr>\n<tr>\n<td style=\"width: 16.57%;\">Hangare<\/td>\n<td style=\"width: 83.43%;\">Die Station verf\u00fcgt \u00fcber mehrere Hangare. Die oberen Hangare sind \u00fcblicherweise der Sternenflotte und wichtigen Schiffen vorbehalten. H\u00e4ndler, Passagierschiffe u.\u00e4. nutzen \u00fcblicherweise die unteren Hangare.<\/td>\n<\/tr>\n<tr>\n<td style=\"width: 16.57%;\">Kontaktb\u00fcro<\/td>\n<td style=\"width: 83.43%;\">Neu eingerichtetes B\u00fcro auf der Promenade, genutzt von Caitlyn. Anlaufstelle f\u00fcr Stationsbewohner, die Probleme mit, Bitten an oder Vorschl\u00e4ge f\u00fcr das Sternenflottenpersonal haben.<\/td>\n<\/tr>\n<\/tbody>\n<\/table>\n<hr \/>\n<p><strong>Midgard, Freizeit<br \/><\/strong><\/p>\n<table style=\"border-collapse: collapse; width: 100%; height: 484px;\">\n<tbody>\n<tr style=\"height: 66px;\">\n<td style=\"width: 17.1501%; height: 66px;\">Die Promenade<\/td>\n<td style=\"width: 82.8499%; height: 66px;\">Bereich im oberen Teil der Station, wo sich viele Gesch\u00e4fte, Gastronomie und repr\u00e4sentative B\u00fcros konzentrieren. Ebenfalls heir zu finden sind mehrere Sicherheitsstationen, eine Krankenstation und das Kontaktb\u00fcro.<\/td>\n<\/tr>\n<tr style=\"height: 44px;\">\n<td style=\"width: 17.1501%; height: 44px;\">Die Unterwelt \/ Hades<\/td>\n<td style=\"width: 82.8499%; height: 44px;\">Ebene unterhalb der Promenade, auf der sich viele zwielichte oder zumindest fragw\u00fcrdige Etablissements befinden. Keine nennenswerte Pr\u00e4senz der Sicherheit.<\/td>\n<\/tr>\n<tr style=\"height: 88px;\">\n<td style=\"width: 17.1501%; height: 88px;\">Die Kuppel<\/td>\n<td style=\"width: 82.8499%; height: 88px;\">Ausladender Bereich im oberen Drittel der Station. Durch eine transparente Kuppel von Weltall getrennter Bereich, in dem sich klassische Wohnh\u00e4user, Freizeiteinrichtungen und landwirtschaftlich genutzte Fl\u00e4chen befinden. Vieles davon stark heruntergekommen.<\/td>\n<\/tr>\n<tr style=\"height: 22px;\">\n<td style=\"width: 17.1501%; height: 22px;\">333 \/ Die Oase<\/td>\n<td style=\"width: 82.8499%; height: 22px;\">Wellness-Bereich<\/td>\n<\/tr>\n<tr style=\"height: 22px;\">\n<td style=\"width: 17.1501%; height: 22px;\">Tillys<\/td>\n<td style=\"width: 82.8499%; height: 22px;\">Bar. Holzvert\u00e4felt, schummrig, gute Getr\u00e4nke. Andorianischer Barkeeper.<\/td>\n<\/tr>\n<tr style=\"height: 66px;\">\n<td style=\"width: 17.1501%; height: 66px;\">Bar Tholom\u00e4us<\/td>\n<td style=\"width: 82.8499%; height: 66px;\">Themen-Bar. Stilistisch einem Kloster nachempfunden, Bedienungen als M\u00f6nche oder Nonnen verkleidet, Speisekarteenth\u00e4lt religi\u00f6se Anspielungen. (Angeblich) beste Cocktails der Station.<\/td>\n<\/tr>\n<tr style=\"height: 44px;\">\n<td style=\"width: 17.1501%; height: 44px;\">Quarks<\/td>\n<td style=\"width: 82.8499%; height: 44px;\">Der 2.500ste Franchisenehmer der best\u00e4ndig wachsenden Kette hat k\u00fcrzlich auf Midgard er\u00f6ffnet.<\/td>\n<\/tr>\n<tr>\n<td style=\"width: 17.1501%;\">Man Nam<\/td>\n<td style=\"width: 82.8499%;\">&#8222;Treffpunkt&#8220; &#8211; koreanisches Restaurant der Familie Kee<\/td>\n<\/tr>\n<tr>\n<td style=\"width: 17.1501%;\">Chez Pierre<\/td>\n<td style=\"width: 82.8499%;\">Bestes Restaurant am Platz, So lange Pierre nicht selbst kocht, der seinen Geschmackssinn unter der Folter der GrimGuradians verloren hat.<\/td>\n<\/tr>\n<tr>\n<td style=\"width: 17.1501%;\">Coffeehouse<\/td>\n<td style=\"width: 82.8499%;\">Ameli\u00e9s Caf\u00e9 bietet besten Kaffee und Kuchen, aber auch eine unbeschreibliche Sicht auf die Freifl\u00e4che der Station, von ihrem Balkon auf dem obersten Deck der Promenade.<\/td>\n<\/tr>\n<tr style=\"height: 88px;\">\n<td style=\"width: 17.1501%; height: 88px;\">Iregh&#8217;s HnoikaAeihk \/ Ireghs R\u00e4uberh\u00f6hle<\/td>\n<td style=\"width: 82.8499%; height: 88px;\">Von Iregh ni-Jaron tr\u2019Sela gef\u00fchrtes Etablissement in der Unterwelt. Alkohol, Gl\u00fccksspiel, Sex und keine Fragen.<\/td>\n<\/tr>\n<tr style=\"height: 44px;\">\n<td style=\"width: 17.1501%; height: 44px;\">Das Stadion<\/td>\n<td style=\"width: 82.8499%; height: 44px;\">Eine Sportst\u00e4tte im Kuppelbereich. Heruntergekommen und gegenw\u00e4rtig nicht f\u00fcr ihren Urspr\u00fcnglichen Zweck verwendbar.<\/td>\n<\/tr>\n<\/tbody>\n<\/table>\n<hr \/>\n<p><strong>Midgard, Wohnen<br \/><\/strong><\/p>\n<p>Die Wohnsituation ist gegenw\u00e4rtig un\u00fcbersichtlich, da viele Wohnbereiche in schlechtem Zustand sind und erst instandgesetzt werden m\u00fcssen. Viele Unterbringungen insbesondere des Sternenflottenpersonals sind deshalb nur tempor\u00e4r.<\/p>\n<hr \/>\n<p><strong>Raumschiffe<\/strong><\/p>\n<p><strong>USS Adelaide<\/strong><\/p>\n<table style=\"border-collapse: collapse; width: 100%;\">\n<tbody>\n<tr>\n<td style=\"width: 16.715%;\">USS Adelaide<\/td>\n<td style=\"width: 83.285%;\">F\u00f6derationsschiff, Vesta-Klasse. Kapit\u00e4n Maria Hernandez. Vor\u00fcbergehend bei Midgard aktiv.<\/td>\n<\/tr>\n<tr>\n<td style=\"width: 16.715%;\">USS Resolution<\/td>\n<td style=\"width: 83.285%;\">F\u00f6derationsschiff, Ambassador-Klasse. Kapit\u00e4n T&#8217;Kary. Mittelfristig Midgard zugeteilt. Spitzname &#8222;Lady Res&#8220;.<\/td>\n<\/tr>\n<tr>\n<td style=\"width: 16.715%;\">USS <span class=\"author-a-z90zz71zz74z4z80zz72zdz70zz80zrdz78zhvz86zz86z\">Hammarskj\u00f6ld<\/span><\/td>\n<td style=\"width: 83.285%;\">F\u00f6derationsschiff. Kapit\u00e4n Damarkas. Nur auf der Durchreise (?)<\/td>\n<\/tr>\n<tr>\n<td style=\"width: 16.715%;\">USS Moldau<\/td>\n<td style=\"width: 83.285%;\">Runabout. Mittelfristig Midgard zugeteilt.<\/td>\n<\/tr>\n<tr>\n<td style=\"width: 16.715%;\">CAT<\/td>\n<td style=\"width: 83.285%;\">Sylenische LAU, geh\u00f6rt Mara Jade. Im inneren stark modifiziert. Besitzt eine empfindungsf\u00e4hige KI (&#8222;Cat&#8220;), von der nur Mara etwas wei\u00df.<\/td>\n<\/tr>\n<tr>\n<td style=\"width: 16.715%;\">Chrysla<\/td>\n<td style=\"width: 83.285%;\">Sylenische LAU, geh\u00f6rt Skyla Lyma. Weitgehend im Originalzustand.<\/td>\n<\/tr>\n<tr>\n<td style=\"width: 16.715%;\">Star of Orion<\/td>\n<td style=\"width: 83.285%;\">Gef\u00e4lschte Id, mit der CAT bei ihrem ersten Besuch auf Midgard registriert wurde.<\/td>\n<\/tr>\n<tr>\n<td style=\"width: 16.715%;\">Gloryhound<\/td>\n<td style=\"width: 83.285%;\">Kleiner Kurzstreckenfrachter, der Midgard und umliegende Systeme anfliegt. Kapit\u00e4n Conrad.<\/td>\n<\/tr>\n<tr>\n<td style=\"width: 16.715%;\">Bee<\/td>\n<td style=\"width: 83.285%;\">Kampfschiff der Verteidigungstruppen von Nova Lucia. Kapit\u00e4n T&#8217;Sheas.<\/td>\n<\/tr>\n<tr>\n<td style=\"width: 16.715%;\">Hornet<\/td>\n<td style=\"width: 83.285%;\">Kampfschiff der Verteidigungstruppen von Nova Lucia. Kapit\u00e4n Braeden O\u2019Riain.<\/td>\n<\/tr>\n<tr>\n<td style=\"width: 16.715%;\">Wasp<\/td>\n<td style=\"width: 83.285%;\">Kampfschiff der Verteidigungstruppen von Nova Lucia. Kapit\u00e4n Hrodmarr Lundqvist.<\/td>\n<\/tr>\n<tr>\n<td style=\"width: 16.715%;\">Concepci\u00f3n<\/td>\n<td style=\"width: 83.285%;\">Tr\u00e4ger der Verteidigungstruppen von Nova Lucia. Capit\u00e1n Alonso de Contreras.<\/td>\n<\/tr>\n<\/tbody>\n<\/table>\n<hr \/>\n<p><strong>Planeten, Aussenposten, Basen, stellare Objekte<br \/><\/strong><\/p>\n<table style=\"border-collapse: collapse; width: 100%;\">\n<tbody>\n<tr>\n<td style=\"width: 16.6425%;\">Adahlia II<br \/>Nova Lucia<\/td>\n<td style=\"width: 83.3575%;\">Kolonie in einen benachbarten System. Hauptstadt Esperanza. Wurde bislang von den Grim Guardians kontrolliert, hat sich aber die Unabh\u00e4ngigkeit erk\u00e4mpft. Anf\u00fchrer ist Caudillio Ruiz. Besitzt drei Kampfschiffe und einen Tr\u00e4ger zur Verteidigung.<\/td>\n<\/tr>\n<tr>\n<td style=\"width: 16.6425%;\">Ny Lyrae IV<\/td>\n<td style=\"width: 83.3575%;\">Kolonie in einen benachbarten System. Hauptstadt Nova Suwon. Wird von den Grim Guardians kontrolliert. Signifikante koreanische Gemeinde.<\/td>\n<\/tr>\n<tr>\n<td style=\"width: 16.6425%;\">Alfheim-System<\/td>\n<td style=\"width: 83.3575%;\">Sternensystem ohne bewohnbare Planeten im Zentrum des Yggdrasil-Sternenhaufens. Heimat der Midgard-Station.<\/td>\n<\/tr>\n<tr>\n<td style=\"width: 16.6425%;\">Yggdrasil-Sternenhaufen<\/td>\n<td style=\"width: 83.3575%;\">Sternenhaufen aus gr\u00f6\u00dftenteils jungen Sternen. Wenig lebensfreundliche Planeten, aber ressourcenreich. Midgard Station liegt im Zentrum des Haufens, im Alfheim-System.<\/td>\n<\/tr>\n<\/tbody>\n<\/table>\n<hr \/>\n<p><strong>Organisationen<\/strong><\/p>\n<table style=\"border-collapse: collapse; width: 100%;\">\n<tbody>\n<tr>\n<td style=\"width: 16.57%;\">Grim Guardians<\/td>\n<td style=\"width: 83.43%;\">Bedeutendes lokales Verbrechenssyndikat, das bis zur R\u00fcckkehr der Sternenflotte de-facto-Herrscher Midgards und des Yggdrasil-Sternenhaufens war. Haben seitdem einige R\u00fcckschl\u00e4ge hinnehmen m\u00fcssen.<\/td>\n<\/tr>\n<tr>\n<td style=\"width: 16.57%;\">Star mining cooperation<\/td>\n<td style=\"width: 83.43%;\">Kleine Minengesellschaft, die hofft, mit Asteroidenbergbau im Sternenhaufen Gewinne zu erzielen.<\/td>\n<\/tr>\n<\/tbody>\n<\/table>\n\n\n<p><\/p>\n","protected":false},"excerpt":{"rendered":"<p>Die Station Midgard hatte in ihrer langen Dienstzeit verschiedene Rollen und Bes[i\/e]tzer, die alle sie zu ihrer heutigen Gestalt geformt haben. G\u00e4nge wurden verlegt, R\u00e4ume, ja ganze Decke umgewidmet, und w\u00e4hrend manche Sektionen verfallen gl\u00e4nzen andere mit der modernsten Ausstattung des Alphaquadranten. Es ist schwer, sich an einem so wandelhaften Ort zurecht zu finden &#8211;&#8230;<\/p>\n<p class=\"more-link-wrap\"><a href=\"https:\/\/sf-germany.com\/einheiten\/usb-midgard\/info-terminal\/was-ist-was\/\" class=\"more-link\">Read More<span class=\"screen-reader-text\"> &ldquo;Was ist Was?&rdquo;<\/span> &raquo;<\/a><\/p>\n","protected":false},"author":4,"featured_media":0,"parent":292,"menu_order":3,"comment_status":"closed","ping_status":"closed","template":"","meta":{"footnotes":""},"class_list":["post-403","page","type-page","status-publish","hentry"],"_links":{"self":[{"href":"https:\/\/sf-germany.com\/einheiten\/usb-midgard\/wp-json\/wp\/v2\/pages\/403","targetHints":{"allow":["GET"]}}],"collection":[{"href":"https:\/\/sf-germany.com\/einheiten\/usb-midgard\/wp-json\/wp\/v2\/pages"}],"about":[{"href":"https:\/\/sf-germany.com\/einheiten\/usb-midgard\/wp-json\/wp\/v2\/types\/page"}],"author":[{"embeddable":true,"href":"https:\/\/sf-germany.com\/einheiten\/usb-midgard\/wp-json\/wp\/v2\/users\/4"}],"replies":[{"embeddable":true,"href":"https:\/\/sf-germany.com\/einheiten\/usb-midgard\/wp-json\/wp\/v2\/comments?post=403"}],"version-history":[{"count":7,"href":"https:\/\/sf-germany.com\/einheiten\/usb-midgard\/wp-json\/wp\/v2\/pages\/403\/revisions"}],"predecessor-version":[{"id":1437,"href":"https:\/\/sf-germany.com\/einheiten\/usb-midgard\/wp-json\/wp\/v2\/pages\/403\/revisions\/1437"}],"up":[{"embeddable":true,"href":"https:\/\/sf-germany.com\/einheiten\/usb-midgard\/wp-json\/wp\/v2\/pages\/292"}],"wp:attachment":[{"href":"https:\/\/sf-germany.com\/einheiten\/usb-midgard\/wp-json\/wp\/v2\/media?parent=403"}],"curies":[{"name":"wp","href":"https:\/\/api.w.org\/{rel}","templated":true}]}}