{"id":387,"date":"2023-01-16T22:49:43","date_gmt":"2023-01-16T21:49:43","guid":{"rendered":"http:\/\/sf-germany.com\/einheiten\/usb-midgard\/?page_id=387"},"modified":"2025-07-13T21:42:01","modified_gmt":"2025-07-13T19:42:01","slug":"wer-ist-wer","status":"publish","type":"page","link":"https:\/\/sf-germany.com\/einheiten\/usb-midgard\/info-terminal\/wer-ist-wer\/","title":{"rendered":"Wer ist Wer?"},"content":{"rendered":"<p>Midgard ist ein pulsierender Ort des Handels, der Diplomatie, zwischenmenschlicher Begegnungen und Interaktionen. Diese Seite soll helfen, die zahlreichen Lebensformen, die auf (und um) der Station bereits in Erscheinung getreten sind, aber nicht unbedingt im Fokus der Geschichte stehen, im Blick zu halten.<\/p>\n<p><strong>Bewohner von Midgard<\/strong><\/p>\n<table style=\"border-collapse: collapse; width: 100%;\">\n<tbody>\n<tr>\n<td style=\"width: 16.57%;\">Alegra<\/td>\n<td style=\"width: 83.43%;\">Stationsbewohnerin, die in Schmuggelaktivit\u00e4ten verwickelt ist. Der Sicherheit bekannt, aber es gibt keine Beweise.<\/td>\n<\/tr>\n<tr>\n<td style=\"width: 16.57%;\">Aleida Rosario<\/td>\n<td style=\"width: 83.43%;\">Ehemalige Guardian und leidenschaftliche Revolution\u00e4rin. Wurde nach einer misslungenen Mission von der Sternenflotte gefasst. Eng mit Kee Seo Yeon befreundet. Jetzt pers\u00f6nliche Sekret\u00e4ren und Geliebte von Caudillo Ruiz.<\/td>\n<\/tr>\n<tr>\n<td style=\"width: 16.57%;\">Alter Mann, der<\/td>\n<td style=\"width: 83.43%;\">Lebt in der Kuppel. War fr\u00fcher mal Arzt und anfangs sehr skeptisch gegen\u00fcber Katie Duncan.<\/td>\n<\/tr>\n<tr>\n<td style=\"width: 16.57%;\">Caitlyn<\/td>\n<td style=\"width: 83.43%;\">Strassenkind von der Station. Wurde von Skyla Lyma unter ihre Fittiche genommen. Offizielle Verbindungsperson zwischen Bewohnern und Sternenflotte.<\/td>\n<\/tr>\n<tr>\n<td style=\"width: 16.57%;\">Chantale Dujardin<\/td>\n<td style=\"width: 83.43%;\">Sch\u00fclerin aus der Parallelklasse von Cirees. Ist zusammen mit ihrer Familie nach Nova Lucia gezogen. Dort verwalten sie das Anwesen von Amy und Jack. Mutter Monique, Vater Jean.<\/td>\n<\/tr>\n<tr>\n<td style=\"width: 16.57%;\">Conrad<\/td>\n<td style=\"width: 83.43%;\">Kapit\u00e4n der Gloryhound, eines unabh\u00e4ngigen Frachters. Handelt vornehmlich mit Erzen und Bedarfsg\u00fctern.<\/td>\n<\/tr>\n<tr>\n<td style=\"width: 16.57%;\">Informant, der<\/td>\n<td style=\"width: 83.43%;\">Jemand, der auf der Ops oder in deren Umfeld arbeitet und vertrauliche Informationen weiter gibt. Seine\/Ihre Identit\u00e4t ist unbekannt.<\/td>\n<\/tr>\n<tr>\n<td style=\"width: 16.57%;\">Iregh ni-Jaron tr\u2019Sela<\/td>\n<td style=\"width: 83.43%;\">Halbromulaner, Betreiber von Iregh&#8217;s HnoikaAeihk.<\/td>\n<\/tr>\n<tr>\n<td style=\"width: 16.57%;\">Jason McGwire<\/td>\n<td style=\"width: 83.43%;\">Baseballer. Geht zusammen mit Cirees, Ralph und Sally in dieselbe Klasse an der Schule von Midgard. Vater Marc, Mutter Patricia, j\u00fcngere Schwester Lara. Cirees engster Freund und Geliebter.<\/td>\n<\/tr>\n<tr>\n<td style=\"width: 16.57%;\">J\u00fcrgen<\/td>\n<td style=\"width: 83.43%;\">Erster Maat der Gloryhound. Hat eine lockere Beziehung mit Yvonne Renard.<\/td>\n<\/tr>\n<tr>\n<td style=\"width: 16.57%;\">John Ross<\/td>\n<td style=\"width: 83.43%;\">Grim Guardian. Wurde im Verlauf einer misslungenen Mission aus Versehen von der Sternenflottensicherheit get\u00f6tet.<\/td>\n<\/tr>\n<tr>\n<td style=\"width: 16.57%;\">Kee Dong Won<\/td>\n<td style=\"width: 83.43%;\">Koreanischer Restaurantbesitzer und Koch; Vater von Kee Seo Yeon.<\/td>\n<\/tr>\n<tr>\n<td style=\"width: 16.57%;\">Kee Seo Yeon<\/td>\n<td style=\"width: 83.43%;\">Ehemalige Guardian. Wurde nach einer misslungenen Mission von der Sternenflotte gefasst und lief \u00fcber. Eng mit Aleida Rosario befreundet.<\/td>\n<\/tr>\n<tr>\n<td style=\"width: 16.57%;\">Kee Shin Hye<\/td>\n<td style=\"width: 83.43%;\">Schwester von Kee Seo Yeon; arbeitet im Restaurant ihrer Eltern.<\/td>\n<\/tr>\n<tr>\n<td style=\"width: 16.57%;\">Kee Sun Nah<\/td>\n<td style=\"width: 83.43%;\">Koreanische Restaurantbesitzerin; Mutter von Kee Seo Yeon.<\/td>\n<\/tr>\n<tr>\n<td style=\"width: 16.57%;\">Magaret &#8222;Maggie&#8220; DeLuise<\/td>\n<td style=\"width: 83.43%;\">Tarnidentit\u00e4t von Yvonne Renard, mit der sie in den ersten Tagen auf der Station unterwegs war.<\/td>\n<\/tr>\n<tr>\n<td style=\"width: 16.57%;\">Marc Becker<\/td>\n<td style=\"width: 83.43%;\">Grim Guardian. Wurde nach einer misslungenen Mission von der Sternenflotte gefasst zu Haft verurteilt. Sp\u00e4ter amnestiert. Geh\u00f6rt jetzt der Garde von Caudillo Ruiz an.<\/td>\n<\/tr>\n<tr>\n<td style=\"width: 16.57%;\">Nuul Srogg<\/td>\n<td style=\"width: 83.43%;\">Tellarit. Hausmeister irgendwo auf der Station. Pedantisch und notorisch schlecht gelaunt, aber aufmerksam. 1,55 m klein.<\/td>\n<\/tr>\n<tr>\n<td style=\"width: 16.57%;\">Merrin<\/td>\n<td style=\"width: 83.43%;\">Mensch. Verheiratet mit Ben Walker. Hat ihre Tochter Mitral mit in die Ehe gebracht.<\/td>\n<\/tr>\n<tr>\n<td style=\"width: 16.57%;\">Mitral<\/td>\n<td style=\"width: 83.43%;\">Mensch. Acht jahre alte Tochter von Merrin. Adoptivtochter von Ben Walker. Wird manchmal von Ben &#8222;St\u00f6psel&#8220; genannt.<\/td>\n<\/tr>\n<tr>\n<td style=\"width: 16.57%;\">Ralph Hyden<\/td>\n<td style=\"width: 83.43%;\">Baseballer. Mitsch\u00fcler von Cirees, Jason und Sally. Hat eine beginnende Freundschaft zu Khryseis<\/td>\n<\/tr>\n<tr>\n<td style=\"width: 16.57%;\">Red<\/td>\n<td style=\"width: 83.43%;\">Tarnidentit\u00e4t von Mara Jade, mit der sie in den ersten Tagen auf der Station unterwegs war.<\/td>\n<\/tr>\n<tr>\n<td style=\"width: 16.57%;\">Sally Rocheford<\/td>\n<td style=\"width: 83.43%;\">Baseballerin. Mitsch\u00fclerin von Cirees, Jason und Ralph.<\/td>\n<\/tr>\n<tr>\n<td style=\"width: 16.57%;\">Siv<\/td>\n<td style=\"width: 83.43%;\">Auch bekannt als &#8218;der blaue Schatten&#8216;, eine andorianische Attent\u00e4terin, die gerne aus der Dunkelheit zuschl\u00e4gt.<\/td>\n<\/tr>\n<tr>\n<td style=\"width: 16.57%;\">Tolvark<\/td>\n<td style=\"width: 83.43%;\">Kriegsveteran mit PTBS und Alkoholproblem. Finanziert sich \u00fcber illegale Auftragsarbeiten. Guter Techniker.<\/td>\n<\/tr>\n<tr>\n<td style=\"width: 16.57%;\">Zoltan<\/td>\n<td style=\"width: 83.43%;\">Ein \u00e4lterer Auftragsm\u00f6rder. Bei seinem letzten Auftrag wahrscheinlich durch Transporterfeedback get\u00f6tet.<\/td>\n<\/tr>\n<tr>\n<td style=\"width: 16.57%;\">Zorg<\/td>\n<td style=\"width: 83.43%;\">Saurianischer Auftragsm\u00f6rder.<\/td>\n<\/tr>\n<tr>\n<td style=\"width: 16.57%;\">Zwiebel, die<\/td>\n<td style=\"width: 83.43%;\">Ein sadistischer M\u00f6rder, ger\u00fcchteweise auch Kanibale. Genaue Identit\u00e4t unbekannt.<\/td>\n<\/tr>\n<tr>\n<td style=\"width: 16.57%;\">Zwillinge, die<\/td>\n<td style=\"width: 83.43%;\">Zwei Frauen, die gemeinsam Auftragsarbeiten f\u00fcr die Guardians \u00fcbernehmen. Ger\u00fcchteweise Transportklone.<\/td>\n<\/tr>\n<\/tbody>\n<\/table>\n<hr \/>\n<p><strong>Mitglieder der Sternenflotte auf Midgard<\/strong><\/p>\n<table style=\"border-collapse: collapse; width: 100%;\">\n<tbody>\n<tr>\n<td style=\"width: 17.1501%;\">CPO Hans M\u00fcller<\/td>\n<td style=\"width: 82.8499%;\">Fluglotse und Mitglied der FLG-Abteilung.<\/td>\n<\/tr>\n<tr>\n<td style=\"width: 17.1501%;\">CW Meeru Kias<\/td>\n<td style=\"width: 82.8499%;\">Trill (uvereinigt). Mitglied der COMM-Abteilung. Immer gut gelaunt. Tr\u00e4gt Pferdeschwanz.<\/td>\n<\/tr>\n<tr>\n<td style=\"width: 17.1501%;\">CW Jella Bland<\/td>\n<td style=\"width: 82.8499%;\">Mitglied der Sicherheit; arbeitet im Arrestbereich.<\/td>\n<\/tr>\n<tr>\n<td style=\"width: 17.1501%;\">CPO Masson<\/td>\n<td style=\"width: 82.8499%;\">Mitglied der Sicherheit; arbeitet im Arrestbereich. Ist nicht der hellste und \u00fcbersch\u00fcttet schon mal Menschen die er nicht mag mit K\u00fcrbissuppe.<\/td>\n<\/tr>\n<tr>\n<td style=\"width: 17.1501%;\">Lt. Antonio Marat<\/td>\n<td style=\"width: 82.8499%;\">Kommandant\/Pilot des diplomatischen Runabouts Moldau.<\/td>\n<\/tr>\n<tr>\n<td style=\"width: 17.1501%;\">Lt. Luca Cattaneo<\/td>\n<td style=\"width: 82.8499%;\">Copilot\/Techniker des diplomatischen Runabouts Moldau.<\/td>\n<\/tr>\n<\/tbody>\n<\/table>\n<hr \/>\n<p><strong>Diplomatisches Personal auf Midgard<\/strong><\/p>\n<table style=\"border-collapse: collapse; width: 100%;\">\n<tbody>\n<tr>\n<td style=\"width: 17.2951%;\">Lt. Isabella Sorensen<\/td>\n<td style=\"width: 82.7049%;\">Diplomatische Liaison zu den Tene&#8217;Hito.<\/td>\n<\/tr>\n<tr>\n<td style=\"width: 17.2951%;\">Jonas Assistentin<\/td>\n<td style=\"width: 82.7049%;\">Begleitet ihn oft, hat aber noch nie etwas gesagt und wurde nie beim Namen genannt.<\/td>\n<\/tr>\n<\/tbody>\n<\/table>\n<hr \/>\n<p><strong>USS Adelaide<\/strong><\/p>\n<p><em>&#8230;kommt noch<\/em><\/p>\n<hr \/>\n<p><strong>USS Resolution<\/strong><\/p>\n<table style=\"border-collapse: collapse; width: 100%;\">\n<tbody>\n<tr>\n<td style=\"width: 16.6425%;\">Cmdr T&#8217;Kary<\/td>\n<td style=\"width: 83.3575%;\">38 Jahre alt, blond, lockig. Kommandantin der &#8222;USS Resolution&#8220;. Leicht gehbehindert infolge eines schweren Disruptortreffers<\/td>\n<\/tr>\n<tr>\n<td style=\"width: 16.6425%;\">Yamashita Mizuko Nyoo<\/td>\n<td style=\"width: 83.3575%;\">Japanerin. Adlig. XO der &#8222;USS Resolution&#8220;. Hochkompetente IT-Spezialistin, etwas hochn\u00e4sig und faul.<\/td>\n<\/tr>\n<tr>\n<td style=\"width: 16.6425%;\">Eleven of Thirtee.<\/td>\n<td style=\"width: 83.3575%;\">Shyr\u2019Ann-Dee. Fr\u00fcher Romulanerin, jetzt Borg. OPS und 2O der &#8222;USS Resolution&#8220;.<\/td>\n<\/tr>\n<tr>\n<td style=\"width: 16.6425%;\">Sunlight passing throug the Ice<\/td>\n<td style=\"width: 83.3575%;\">genannt Sunny. Loroi. Pflegeschwester von T&#8217;Kary, wirkt wie etwa 15 Jahre alt, ist aber tats\u00e4chlich erst 5, weil ihre fr\u00fche Kindheit in einem &#8222;burn-in&#8220;-Verfahren simuliert wurde.<\/td>\n<\/tr>\n<\/tbody>\n<\/table>\n<hr \/>\n<p><strong><br \/>\nCV Concepci\u00f3n<\/strong><\/p>\n<table style=\"border-collapse: collapse; width: 100%;\">\n<tbody>\n<tr>\n<td style=\"width: 17.4023%;\">Capit\u00e1n Alonso de Contreras<\/td>\n<td style=\"width: 82.5977%;\">CO der Concepci\u00f3n<\/td>\n<\/tr>\n<tr>\n<td style=\"width: 17.4023%;\">Comandante Agust\u00edn Mu\u00f1oz Grandes<\/td>\n<td style=\"width: 82.5977%;\">XO. Er war kein gro\u00dfer Mann, mit einer Halbglatze, die er stillschweigend akzeptiert hatte. Er war stolz darauf, nicht zu versuchen, diese mit einem albernen Bart zu kompensieren.<\/td>\n<\/tr>\n<tr>\n<td style=\"width: 17.4023%;\">Comandante Maria Isabella Alvarez de Toledo y Silva<\/td>\n<td style=\"width: 82.5977%;\">\n<div>Die CAG (Commander Air Group).\u00a0Callsign: &#8218;Arrowhead&#8216;.<\/div>\n<\/td>\n<\/tr>\n<tr>\n<td style=\"width: 17.4023%;\">Comandante\u00a0Yasuko Tanaka.<\/td>\n<td style=\"width: 82.5977%;\">Callsign &#8218;Birdseye&#8216;. Sie ist das Auge und das Ohr der Flugstaffel und kommandiert die Kami (Drei Runabouts f\u00fcr die elektronische Kampff\u00fchrung ausger\u00fcstet).<\/td>\n<\/tr>\n<\/tbody>\n<\/table>\n<hr \/>\n<p><strong><br \/>\nNova Lucia<\/strong><\/p>\n<table style=\"border-collapse: collapse; width: 100%;\">\n<tbody>\n<tr>\n<td style=\"width: 16.6425%;\">Braeden O&#8217;Riain<\/td>\n<td style=\"width: 83.3575%;\">Kommandant der &#8222;Hornet&#8220;.<\/td>\n<\/tr>\n<tr>\n<td style=\"width: 16.6425%;\">Hrodmarr Lundqvist<\/td>\n<td style=\"width: 83.3575%;\">Kommandant der &#8222;Wasp&#8220;.<\/td>\n<\/tr>\n<tr>\n<td style=\"width: 16.6425%;\">Ramon Francisco Ruiz<\/td>\n<td style=\"width: 83.3575%;\">Anf\u00fchrer (&#8218;Caudillio&#8216;) der Kolonie Nova Lucia. Mensch, Argentinier, Zigarrenraucher.<\/td>\n<\/tr>\n<tr>\n<td style=\"width: 16.6425%;\">T&#8217;Sheas<\/td>\n<td style=\"width: 83.3575%;\">Kommandantin der &#8222;Bee&#8220;. Halb Vulkanierin, halb Rihannsu.<\/td>\n<\/tr>\n<tr>\n<td style=\"width: 16.6425%;\">Chantalle Dujardin<\/td>\n<td style=\"width: 83.3575%;\">ehemalige Mitsch\u00fclerin von Cirees. Wurde beinahe vergewaltigt, aber von Cirees gerettet. Hat Cirees seitdem sehr lieb.<\/td>\n<\/tr>\n<tr>\n<td style=\"width: 16.6425%;\">Monique Dujardin<\/td>\n<td style=\"width: 83.3575%;\">Mutter von Chantalle. Liebt Klatsch und ist immer auf dem neuesten Stand, was Promis und Adlige angeht.<\/td>\n<\/tr>\n<tr>\n<td style=\"width: 16.6425%;\">Jean Dujardin<\/td>\n<td style=\"width: 83.3575%;\">Vater von Chantalle. Die gesamte Familie wurde von Cirees Pflegeeltern quasi adoptiert und verwaltet jetzt als &#8222;Hausmeisterpaar&#8220; die Farm der Walkers.<\/td>\n<\/tr>\n<\/tbody>\n<\/table>\n<hr \/>\n<p><strong>Grim Guardians<\/strong><\/p>\n<table style=\"border-collapse: collapse; width: 100%;\">\n<tbody>\n<tr>\n<td style=\"width: 16.57%;\">Crimson Dawn<\/td>\n<td style=\"width: 83.43%;\">Geheimnisvoller Anf\u00fchrer der Organisation. Nur seine Leutnants kennen seine wahre Identit\u00e4t.<\/td>\n<\/tr>\n<tr>\n<td style=\"width: 16.57%;\">Tochat<\/td>\n<td style=\"width: 83.43%;\">Vulkanier. Gab sich als Sprecher der Stationsbev\u00f6lkerung aus und versuchte ein Virus zu verbreitet. Tauchte danach unter.<\/td>\n<\/tr>\n<\/tbody>\n<\/table>\n","protected":false},"excerpt":{"rendered":"<p>Midgard ist ein pulsierender Ort des Handels, der Diplomatie, zwischenmenschlicher Begegnungen und Interaktionen. Diese Seite soll helfen, die zahlreichen Lebensformen, die auf (und um) der Station bereits in Erscheinung getreten sind, aber nicht unbedingt im Fokus der Geschichte stehen, im Blick zu halten. Bewohner von Midgard Alegra Stationsbewohnerin, die in Schmuggelaktivit\u00e4ten verwickelt ist. Der Sicherheit&#8230;<\/p>\n<p class=\"more-link-wrap\"><a href=\"https:\/\/sf-germany.com\/einheiten\/usb-midgard\/info-terminal\/wer-ist-wer\/\" class=\"more-link\">Read More<span class=\"screen-reader-text\"> &ldquo;Wer ist Wer?&rdquo;<\/span> &raquo;<\/a><\/p>\n","protected":false},"author":4,"featured_media":0,"parent":292,"menu_order":2,"comment_status":"closed","ping_status":"closed","template":"","meta":{"footnotes":""},"class_list":["post-387","page","type-page","status-publish","hentry"],"_links":{"self":[{"href":"https:\/\/sf-germany.com\/einheiten\/usb-midgard\/wp-json\/wp\/v2\/pages\/387","targetHints":{"allow":["GET"]}}],"collection":[{"href":"https:\/\/sf-germany.com\/einheiten\/usb-midgard\/wp-json\/wp\/v2\/pages"}],"about":[{"href":"https:\/\/sf-germany.com\/einheiten\/usb-midgard\/wp-json\/wp\/v2\/types\/page"}],"author":[{"embeddable":true,"href":"https:\/\/sf-germany.com\/einheiten\/usb-midgard\/wp-json\/wp\/v2\/users\/4"}],"replies":[{"embeddable":true,"href":"https:\/\/sf-germany.com\/einheiten\/usb-midgard\/wp-json\/wp\/v2\/comments?post=387"}],"version-history":[{"count":21,"href":"https:\/\/sf-germany.com\/einheiten\/usb-midgard\/wp-json\/wp\/v2\/pages\/387\/revisions"}],"predecessor-version":[{"id":1434,"href":"https:\/\/sf-germany.com\/einheiten\/usb-midgard\/wp-json\/wp\/v2\/pages\/387\/revisions\/1434"}],"up":[{"embeddable":true,"href":"https:\/\/sf-germany.com\/einheiten\/usb-midgard\/wp-json\/wp\/v2\/pages\/292"}],"wp:attachment":[{"href":"https:\/\/sf-germany.com\/einheiten\/usb-midgard\/wp-json\/wp\/v2\/media?parent=387"}],"curies":[{"name":"wp","href":"https:\/\/api.w.org\/{rel}","templated":true}]}}