{"id":366,"date":"2023-01-12T14:40:05","date_gmt":"2023-01-12T13:40:05","guid":{"rendered":"http:\/\/sf-germany.com\/einheiten\/usb-midgard\/?page_id=366"},"modified":"2023-08-15T10:48:24","modified_gmt":"2023-08-15T08:48:24","slug":"john-geary","status":"publish","type":"page","link":"https:\/\/sf-germany.com\/einheiten\/usb-midgard\/usb-midgard-sb-61\/die-crew\/ben-walker\/john-geary\/","title":{"rendered":"John Geary"},"content":{"rendered":"<table style=\"background: none; border: 0px solid #ffffff; font-weight: bold;\" border=\"0\" width=\"95%\" cellspacing=\"5\" cellpadding=\"5\" align=\"center\">\n<tbody>\n<tr>\n<td style=\"background: none; border-radius: 1em; border: 0px solid #003366; box-shadow: 0.1em 0.1em 0.5em rgba(0,0,0,0.75); -webkit-border-radius: 1em; -moz-border-radius: 1em; -moz-box-shadow: 0.1em 0.1em 0.5em rgba(0, 0, 0, 0.75); -webkit-box-shadow: 0.1em 0.1em 0.5em rgba(0, 0, 0, 0.75);\" colspan=\"5\" rowspan=\"3\" align=\"center\" valign=\"middle\">\n<h2><span style=\"font-family: georgia, palatino;\"><strong>John Geary<\/strong><\/span><\/h2>\n<\/td>\n<\/tr>\n<\/tbody>\n<\/table>\n<p>&nbsp;<\/p>\n<div style=\"float: right; margin-right: 15px; margin-bottom: 15px; font-size: 11px; width: 300px; padding-left: 10px; padding-right: 10px;\">\n<table style=\"background: none; border: 0px solid #003366; margin-bottom: 15px; margin-right: 15px; float: left; border-radius: 1em; box-shadow: rgba(0, 0, 0, 0.75) 0.1em 0.1em 0.5em; width: 82.668%;\" border=\"1\" width=\"250\" cellspacing=\"10\" align=\"left\">\n<tbody>\n<tr>\n<td style=\"border: 0px solid transparent; font-weight: bold; width: 87.9518%;\" colspan=\"2\" align=\"center\" width=\"250\"><span style=\"font-family: georgia, palatino;\"><a href=\"https:\/\/sf-germany.com\/einheiten\/usb-midgard\/wp-content\/uploads\/2022\/10\/Nopic-1.png\" rel=\"lightbox-0\"><img loading=\"lazy\" decoding=\"async\" class=\"aligncenter wp-image-124\" src=\"https:\/\/sf-germany.com\/einheiten\/usb-midgard\/wp-content\/uploads\/2023\/08\/John-Geary-3.jpg\" alt=\"\" width=\"150\" height=\"225\" \/><\/a><\/span><\/td>\n<\/tr>\n<tr>\n<td style=\"border: 0px solid transparent; font-weight: bold; width: 87.9518%;\" colspan=\"2\" align=\"center\" width=\"250\"><span style=\"font-family: georgia, palatino;\">Charname<\/span><\/td>\n<\/tr>\n<tr>\n<td style=\"border: 0px solid transparent; font-weight: bold; width: 41.3655%;\" align=\"right\" width=\"111\"><span style=\"font-family: georgia, palatino;\">Status<\/span><\/td>\n<td style=\"border: 0px solid transparent; width: 46.5863%;\" align=\"left\" width=\"129\"><span style=\"font-family: georgia, palatino;\">PC<\/span><\/td>\n<\/tr>\n<tr>\n<td style=\"border: 0px solid transparent; font-weight: bold; width: 41.3655%;\" align=\"right\" width=\"111\"><span style=\"font-family: georgia, palatino;\">Spieler<\/span><\/td>\n<td style=\"border: 0px solid transparent; width: 46.5863%;\" align=\"left\" width=\"129\"><span style=\"font-family: georgia, palatino;\">Katerchen<\/span><\/td>\n<\/tr>\n<tr>\n<td style=\"background: #555555; border: 0px solid #003366; font-weight: bold; border-radius: 1em; box-shadow: rgba(0, 0, 0, 0.75) 0.1em 0.1em 0.5em; width: 87.9518%;\" colspan=\"2\" align=\"center\" width=\"240\"><span style=\"font-family: georgia, palatino;\">Dienstliche Informationen<\/span><\/td>\n<\/tr>\n<tr>\n<td style=\"border: 0px solid transparent; font-weight: bold; vertical-align: middle; width: 41.3655%;\" align=\"right\" width=\"111\"><span style=\"font-family: georgia, palatino;\">Ranggrafik<\/span><\/td>\n<td style=\"border: 0px solid transparent; width: 46.5863%;\" align=\"left\" width=\"129\"><span style=\"font-family: georgia, palatino;\"><a href=\"https:\/\/www.sf-germany.com\/images\/schemata\/sto\/gruen\/corp.png\" rel=\"lightbox-1\"><img loading=\"lazy\" decoding=\"async\" class=\"alignnone wp-image-123\" src=\"https:\/\/www.sf-germany.com\/images\/schemata\/sto\/gruen\/corp.png\" alt=\"\" width=\"100\" height=\"25\" \/><\/a><\/span><\/td>\n<\/tr>\n<tr>\n<td style=\"border: 0px solid transparent; font-weight: bold; width: 41.3655%;\" align=\"right\" width=\"111\"><span style=\"font-family: georgia, palatino;\">Rang<\/span><\/td>\n<td style=\"border: 0px solid transparent; width: 46.5863%;\" align=\"left\" width=\"129\">Corporal<\/td>\n<\/tr>\n<tr>\n<td style=\"border: 0px solid transparent; font-weight: bold; width: 41.3655%;\" align=\"right\" width=\"111\"><span style=\"font-family: georgia, palatino;\">Posten<\/span><\/td>\n<td style=\"border: 0px solid transparent; width: 46.5863%;\" align=\"left\" width=\"129\"><span style=\"font-family: georgia, palatino;\">Security<\/span><\/td>\n<\/tr>\n<tr>\n<td style=\"border: 0px solid transparent; font-weight: bold; width: 41.3655%;\" align=\"right\" width=\"111\"><span style=\"font-family: georgia, palatino;\">Stationierung<\/span><\/td>\n<td style=\"border: 0px solid transparent; width: 46.5863%;\" align=\"left\" width=\"129\"><span style=\"font-family: georgia, palatino;\">USB MIdgard<\/span><\/td>\n<\/tr>\n<tr>\n<td style=\"background: #555555; border: 0px solid #003366; font-weight: bold; border-radius: 1em; box-shadow: rgba(0, 0, 0, 0.75) 0.1em 0.1em 0.5em; width: 87.9518%;\" colspan=\"2\" align=\"center\" width=\"250\"><span style=\"font-family: georgia, palatino;\">Biographische Informationen<\/span><\/td>\n<\/tr>\n<tr>\n<td style=\"border: 0px solid transparent; font-weight: bold; width: 41.3655%;\" align=\"right\" width=\"111\"><span style=\"font-family: georgia, palatino;\">Geburtsjahr<\/span><\/td>\n<td style=\"border: 0px solid transparent; width: 46.5863%;\" align=\"left\" width=\"129\"><span style=\"font-family: georgia, palatino;\">2388<\/span><\/td>\n<\/tr>\n<tr>\n<td style=\"border: 0px solid transparent; font-weight: bold; width: 41.3655%;\" align=\"right\" width=\"111\"><span style=\"font-family: georgia, palatino;\">Geburtsort<\/span><\/td>\n<td style=\"border: 0px solid transparent; width: 46.5863%;\" align=\"left\" width=\"129\"><span style=\"font-family: georgia, palatino;\">Austin, Texas, Erde<\/span><\/td>\n<\/tr>\n<tr>\n<td style=\"border: 0px solid transparent; font-weight: bold; width: 41.3655%;\" align=\"right\" width=\"111\"><span style=\"font-family: georgia, palatino;\">Familienstand<\/span><\/td>\n<td style=\"border: 0px solid transparent; width: 46.5863%;\" align=\"left\" width=\"129\"><span style=\"font-family: georgia, palatino;\">ledig<\/span><\/td>\n<\/tr>\n<tr>\n<td style=\"border: 0px solid transparent; font-weight: bold; width: 41.3655%;\" align=\"right\" width=\"111\"><span style=\"font-family: georgia, palatino;\">Eltern<\/span><\/td>\n<td style=\"border: 0px solid transparent; width: 46.5863%;\" align=\"left\" width=\"129\"><span style=\"font-family: georgia, palatino;\">?<\/span><\/td>\n<\/tr>\n<tr>\n<td style=\"border: 0px solid transparent; font-weight: bold; width: 41.3655%;\" align=\"right\" width=\"111\"><span style=\"font-family: georgia, palatino;\">Geschwister<\/span><\/td>\n<td style=\"border: 0px solid transparent; width: 46.5863%;\" align=\"left\" width=\"129\"><span style=\"font-family: georgia, palatino;\">David Jersey, Habbruder<\/span><\/td>\n<\/tr>\n<tr>\n<td style=\"background: #555555; border: 0px solid #003366; font-weight: bold; border-radius: 1em; box-shadow: rgba(0, 0, 0, 0.75) 0.1em 0.1em 0.5em; width: 87.9518%;\" colspan=\"2\" align=\"center\" width=\"250\"><span style=\"font-family: georgia, palatino;\">Physische Beschreibung<\/span><\/td>\n<\/tr>\n<tr>\n<td style=\"border: 0px solid transparent; font-weight: bold; width: 41.3655%;\" align=\"right\" width=\"111\"><span style=\"font-family: georgia, palatino;\">Spezies<\/span><\/td>\n<td style=\"border: 0px solid transparent; width: 46.5863%;\" align=\"left\" width=\"129\"><span style=\"font-family: georgia, palatino;\">Mensch<\/span><\/td>\n<\/tr>\n<tr>\n<td style=\"border: 0px solid transparent; font-weight: bold; width: 41.3655%;\" align=\"right\" width=\"111\"><span style=\"font-family: georgia, palatino;\">Geschlecht<\/span><\/td>\n<td style=\"border: 0px solid transparent; width: 46.5863%;\" align=\"left\" width=\"129\"><span style=\"font-family: georgia, palatino;\">m<\/span><\/td>\n<\/tr>\n<tr>\n<td style=\"border: 0px solid transparent; font-weight: bold; width: 41.3655%;\" align=\"right\" width=\"111\"><span style=\"font-family: georgia, palatino;\">Gr\u00f6\u00dfe<\/span><\/td>\n<td style=\"border: 0px solid transparent; width: 46.5863%;\" align=\"left\" width=\"129\"><span style=\"font-family: georgia, palatino;\">190 cm<\/span><\/td>\n<\/tr>\n<tr>\n<td style=\"border: 0px solid transparent; font-weight: bold; width: 41.3655%;\" align=\"right\" width=\"111\"><span style=\"font-family: georgia, palatino;\">Gewicht<\/span><\/td>\n<td style=\"border: 0px solid transparent; width: 46.5863%;\" align=\"left\" width=\"129\"><span style=\"font-family: georgia, palatino;\">102 kg<\/span><\/td>\n<\/tr>\n<tr>\n<td style=\"border: 0px solid transparent; font-weight: bold; width: 41.3655%;\" align=\"right\" width=\"111\"><span style=\"font-family: georgia, palatino;\">Haarfarbe<\/span><\/td>\n<td style=\"border: 0px solid transparent; width: 46.5863%;\" align=\"left\" width=\"129\"><span style=\"font-family: georgia, palatino;\">braun, kurz<\/span><\/td>\n<\/tr>\n<tr>\n<td style=\"border: 0px solid transparent; font-weight: bold; width: 41.3655%;\" align=\"right\" width=\"111\"><span style=\"font-family: georgia, palatino;\">Augenfarbe<\/span><\/td>\n<td style=\"border: 0px solid transparent; width: 46.5863%;\" align=\"left\" width=\"129\"><span style=\"font-family: georgia, palatino;\">?<\/span><\/td>\n<\/tr>\n<tr>\n<td style=\"border: 0px solid transparent; font-weight: bold; width: 41.3655%;\" align=\"right\" width=\"111\"><span style=\"font-family: georgia, palatino;\">Hautfarbe<\/span><\/td>\n<td style=\"border: 0px solid transparent; width: 46.5863%;\" align=\"left\" width=\"129\"><span style=\"font-family: georgia, palatino;\">wei\u00df<\/span><\/td>\n<\/tr>\n<tr>\n<td style=\"border: 0px solid transparent; font-weight: bold; width: 41.3655%;\" align=\"right\" width=\"111\"><span style=\"font-family: georgia, palatino;\">Verhalten<\/span><\/td>\n<td style=\"border: 0px solid transparent; width: 46.5863%;\" align=\"left\" width=\"129\"><span style=\"font-family: georgia, palatino;\">?<\/span><\/td>\n<\/tr>\n<tr>\n<td style=\"border: 0px solid transparent; font-weight: bold; width: 41.3655%;\" align=\"right\" width=\"111\"><span style=\"font-family: georgia, palatino;\">Kurzinfo<\/span><\/td>\n<td style=\"border: 0px solid transparent; width: 46.5863%;\" align=\"left\" width=\"129\"><span style=\"font-family: georgia, palatino;\">?<\/span><\/td>\n<\/tr>\n<tr>\n<td style=\"background: #555555; border: 0px solid #003366; font-weight: bold; border-radius: 1em; box-shadow: rgba(0, 0, 0, 0.75) 0.1em 0.1em 0.5em; width: 87.9518%;\" colspan=\"2\" align=\"center\" width=\"250\"><span style=\"font-family: georgia, palatino;\">Politische Informationen<\/span><\/td>\n<\/tr>\n<tr>\n<td style=\"border: 0px solid transparent; font-weight: bold; width: 41.3655%;\" align=\"right\" width=\"111\"><span style=\"font-family: georgia, palatino;\">B\u00fcrgerschaft<\/span><\/td>\n<td style=\"border: 0px solid transparent; width: 46.5863%;\" align=\"left\" width=\"129\"><span style=\"font-family: georgia, palatino;\">UFP<\/span><\/td>\n<\/tr>\n<tr>\n<td style=\"border: 0px solid transparent; font-weight: bold; width: 41.3655%;\" align=\"right\" width=\"111\"><span style=\"font-family: georgia, palatino;\">\u00a0Religion<\/span><\/td>\n<td style=\"border: 0px solid transparent; width: 46.5863%;\" align=\"left\" width=\"129\"><span style=\"font-family: georgia, palatino;\">?<\/span><\/td>\n<\/tr>\n<\/tbody>\n<\/table>\n<\/div>\n<p><span style=\"font-family: georgia, palatino;\"><strong><span style=\"font-size: 24pt;\">Lebenslauf<\/span><\/strong><\/span><\/p>\n<p><span style=\"font-family: georgia, palatino;\"><br \/>\n<em>2388 erblickte ein neuer Texaner das Licht der Welt, was wohl eher zuf\u00e4llig war, denn auf der Erde verbrachten die Geary\u00b4s nur sehr wenig Zeit. Also wurde sich ein langer Urlaub geg\u00f6nnt, bis John zwei Jahre alt war und dann ging es wieder los.<\/em><br \/>\n<em>Die Schule machte der Spr\u00f6ssling unterwegs und durch die vielen Stopps auf den verschiedensten Kolonien, die regelm\u00e4\u00dfig angeflogen wurden, war es f\u00fcr ihn auch kein Problem, Freunde zu finden.<\/em><br \/>\n<em>2405 war es dann soweit: Er folgte dem Ruf der Sternenflottenakademie.<\/em><br \/>\n<em>Vier Jahre sp\u00e4ter 2409 wurde er auf die U.S.S. Langley versetzt, wo er nicht lange blieb, denn Captain Ruthven holte ihn auf die Hephaistos, nachdem er sein Potential erkannte. Bedauerlicherweise blieb er auch dort nicht lange, da seine Eltern verstarben und er den Dienst quitierte. Erst sp\u00e4ter trat er dann dem SFMC bei.<br \/>\n<\/em>_____<\/span><\/p>\n<p>John wurde in Austin\/ Texas geboren, was jedoch die einzige Zeit war, die er l\u00e4nger auf der Erde verbrachte.<br \/>\nSeine Eltern waren &#8222;Freiberufler&#8220;, die quer durch den Quadranten flogen und verschiedene Auftr\u00e4ge ausf\u00fchrten, solange diese legal waren.<\/p>\n<p>Die Jahre zogen dahin und als Sie wieder im erdnahen Raum waren, war es f\u00fcr John an der Zeit &#8222;das alte M\u00e4dchen&#8220; wie ihr Schiff, die &#8222;Boomer&#8220; liebevoll genannt wurde, zu verlassen.<br \/>\nManche spotteten \u00fcber den alten umgebauten Raider, doch John konterte immer: &#8222;Ein Schiff mag 100 Jahre alt sein, aber alle Fehler sind ausgemerzt. Deswegen ist es 100 Jahre alt.&#8220;<\/p>\n<p>Da auch sein Vater fr\u00fcher bei der Sternenflotte gedient hatte, war er schon als Kind entschlossen, ebenfalls beizutreten. Dies war jedoch nicht der einzige Grund: Sein Halbbruder David Jersey hatte sich auf der Achilles nicht mit Ruhm bekleckert. John hielt es f\u00fcr seine Pflicht, den Ruf der Familie wieder her zustellen.<\/p>\n<p>Nach seinem Abschluss an der Sternenflottenakademie wurde John in die Sicherheitsabteilung der USS Langley versetzt. W\u00e4hrend einer gemeinsamen Mission mit der USS Hephaistos wechselte er auf diese und wurde zum CSO ernannt, da die Hephaistos auf Grund von Ereignissen w\u00e4hrend der Mission dringend einen neuen ben\u00f6tigte. Bedauerlicherweise starben seine Eltern bei dem Bruch des Warpkerns ihres Schiffes kurz nachdem<br \/>\nGeary versetzt wurde. Dieser Schicksalschlag traf ihn hart und Geary quitierte daraufhin seinen Dienst bei der Sternenflotte, um die Angelegenheiten zu regeln.<\/p>\n<p>Es dauerte f\u00fcr John eine ganze Weile um mit dem Verlust fertig zu werden und noch heute sp\u00fcrt man, dass er innerlich noch immer w\u00fctend ist. Die Vorw\u00fcrfe nicht an Bord gewesen zu sein und es zu verhindern lassen ihn nicht los, was seine<br \/>\nAgressivit\u00e4t steigerte. Es gelang ihm zwar seine Wut auf sich selbst in den Griff zu bekommen, jedoch bricht sie hin und wieder noch immer aus, was einem Gast in einer Bar eine ausgekugelte Schulter und einen<br \/>\nTr\u00fcmmerbruch des Kiefers bescherte, als dieser sich \u00fcber die alten Raiderschiffe lustig machte.<\/p>\n<p>Und so verpflichtete er sich bei den Marines.<\/p>\n<p>Hier konnte er seine Agressionen sinnvoll nutzen und in die richtigen Bahnen lenken. Sie halfen ihm durchzuhalten und sich selbst zu H\u00f6chstleistungen anzuspornen.<\/p>\n<p>Auf Paris Island absolvierte er seine Ausbildung. Seine Vorgesetzten merkten sehr schnell, das Geary in vielen Dingen sehr erfindungsreich war um Probleme zu l\u00f6sen. Er gab nie auf und etliche Male musste er von seinem Drill Sergant gebremst werden.<br \/>\nEin Ausbilder schrieb in seinem Bericht: &#8222;Geary ist ein geborener Soldat der alten Lehren. Er gibt nicht auf, bis die \u00fcbertragene Aufgabe ausgef\u00fchrt ist.<br \/>\nMehrmals musste ich ihn wegen \u00fcbertriebener H\u00e4rte disziplinieren.&#8220;<\/p>\n<p>&nbsp;<\/p>\n<hr \/>\n<p><span style=\"font-family: georgia, palatino;\"><strong><span style=\"font-size: 24pt;\">Psychologisches Profil<\/span><\/strong><\/span><\/p>\n<p><span style=\"font-family: georgia, palatino;\">John Geary kann man aus ausgeglichen bezeichnen.<br \/>\nEr ist zwar manchmal etwas rau, vergisst dabei jedoch nie, wo die Grenzen sind. Sein Problem ist, dass er anderen Fehler verzeiht, diese bei sich selbst jedoch nicht duldet.<br \/>\nEr glaubt, das die eigenen Fehler ein Zeichen von Schw\u00e4che sind und muss lernen damit umzugehen.<br \/>\nSeine Wut hat er mitlerweile gut im Griff so das diese nur noch selten durchbricht, wenn man ihn reizt.<\/span><\/p>\n<p>&nbsp;<\/p>\n<hr \/>\n<p><span style=\"font-family: georgia, palatino;\"><strong><span style=\"font-size: 24pt;\">Spezialgebiete<\/span><\/strong><\/span><\/p>\n<p><strong>Studien auf der Sternenflottenakademie:<\/strong><\/p>\n<ul>\n<li>Sicherheit und Taktik.<\/li>\n<li>\u00dcberlebenstraining.<\/li>\n<li>Waffenkunde<\/li>\n<\/ul>\n<p><strong>Ausbildung bei den Marines:<\/strong><\/p>\n<ul>\n<li>Guerilla Kampftechniken<\/li>\n<li>Umgang mit Sprengstoffen jeder bekannten Art.<\/li>\n<li>Anatomiekenntnisse f\u00fcr die Zuf\u00fchrung von Schmerzen<\/li>\n<li>Nahkampf mit und ohne Waffen.<\/li>\n<li>Umgang mit anderen Spezies.<\/li>\n<li>Vorschriften und oberste Direktive der Sternenflotte und der F\u00f6deration<\/li>\n<\/ul>\n<p><strong>Besonderheiten der eigenen Spezies:<\/strong><\/p>\n<ul>\n<li>Kampfausbildung der Marines und Klingonen<\/li>\n<\/ul>\n<p><strong>Sonstiges:<\/strong><\/p>\n<p>John Geary ist Tr\u00e4ger des gro\u00dfen Orbitalordens und einiger anderer Auszeichnungen, die er weder offen tr\u00e4gt, noch dar\u00fcber spricht.<br \/>\nWer ihn danach fragt, bekommt immer die selbe Antwort: &#8222;Verschlusssache&#8220;<br \/>\nDie einzige Auszeichnung die er offen tr\u00e4gt, ist eine lange Narbe die seine linke Gesichtsh\u00e4lfte ziert.<br \/>\nDiese h\u00e4tte problemlos entfernt werden k\u00f6nnen, doch Geary weigerte sich.<\/p>\n<p>Die Klingonen sch\u00e4tzten die Geary\u00b4s und John lernte sehr viel von ihnen.<br \/>\nEr kennt ihren Ehrenkodex und hat sich viel von diesem Verhalten angenommen.<\/p>\n<p><span style=\"font-family: georgia, palatino;\"><b>Sprachen<\/b><\/span><\/p>\n<ul>\n<li><span style=\"font-family: georgia, palatino;\">F\u00f6derationsstandard<\/span><\/li>\n<li><span style=\"font-family: georgia, palatino;\">Klingonisch<\/span><\/li>\n<li><span style=\"font-family: georgia, palatino;\">?<\/span><\/li>\n<li><span style=\"font-family: georgia, palatino;\">?<\/span><\/li>\n<\/ul>\n<hr \/>\n<p><span style=\"font-family: georgia, palatino;\"><strong><span style=\"font-size: 24pt;\">Hobbies<\/span><\/strong><\/span><\/p>\n<p><span style=\"font-family: georgia, palatino;\">Geary hat nicht wirklich irgendwelche festen Freizeitaktivit\u00e4ten. Er tut und l\u00e4sst, was ihm gerade gef\u00e4llt.<br \/>\nJedoch wurde er des \u00f6fteren gesehen, wie er auf dem Holodeck eine Nachbildung eines Klosters vor dem Berg Seleya auf Vulkan besuchte um zu meditieren.<br \/>\nEr sagt, es hilft ihm seine Emotionen zu kontrollieren, was jedoch nicht immer funktioniert<\/span><\/p>\n<p>&nbsp;<\/p>\n<hr \/>\n<p><span style=\"font-family: georgia, palatino; font-size: 24pt;\"><strong>Medizinisches Profil<\/strong><\/span><\/p>\n<p><span style=\"font-family: georgia, palatino;\">Ensign Geary ist kerngesund.<\/span><\/p>\n<p><span style=\"font-family: georgia, palatino;\">Bei Kampf\u00fcbungen mit den Klingonen zog er sich des \u00f6fteren gebrochene Gliedma\u00dfen und Rippen zu, eine Gehirnersch\u00fctterung, sowie einen kollabierten Lungenfl\u00fcgel.<br \/>\nAlle Verletzungen sind vollst\u00e4ndig verheilt.<\/span><\/p>\n<p><span style=\"font-family: georgia, palatino;\">Was anzumerken ist, das ihm an der linken Hand der kleine Finger fehlt, wor\u00fcber er sich jedoch ausschweigt.<br \/>\nMedizinische Untersuchungen zeigen, das er diesen vor etwa 2 Jahren verloren haben muss.\u00a0<\/span><\/p>\n<p>&nbsp;<\/p>\n<hr \/>\n<p><span style=\"font-family: georgia, palatino; font-size: 24pt;\"><strong><span id=\"Haustier\" class=\"mw-headline\">Haustier<\/span><\/strong><\/span><\/p>\n<p><span style=\"font-family: georgia, palatino;\">Keines<\/span><\/p>\n<hr \/>\n<p><span style=\"font-family: georgia, palatino;\"><strong><span style=\"font-size: 24pt;\">Klassifzierte Sektion<\/span><\/strong><\/span><\/p>\n<ul>\n<li><span style=\"font-family: georgia, palatino;\">Verschlusssache Zugriff nur f\u00fcr Personen der Sicherheitsstufe Beta oder h\u00f6her<\/span><\/li>\n<li><span style=\"font-family: georgia, palatino;\">Verdacht auf Aktivit\u00e4ten f\u00fcr Sektion 31\u00a0<\/span><\/li>\n<\/ul>\n<p>&nbsp;<\/p>\n","protected":false},"excerpt":{"rendered":"<p>John Geary &nbsp; Charname Status PC Spieler Katerchen Dienstliche Informationen Ranggrafik Rang Corporal Posten Security Stationierung USB MIdgard Biographische Informationen Geburtsjahr 2388 Geburtsort Austin, Texas, Erde Familienstand ledig Eltern ? Geschwister David Jersey, Habbruder Physische Beschreibung Spezies Mensch Geschlecht m Gr\u00f6\u00dfe 190 cm Gewicht 102 kg Haarfarbe braun, kurz Augenfarbe ? Hautfarbe wei\u00df Verhalten ?&#8230;<\/p>\n<p class=\"more-link-wrap\"><a href=\"https:\/\/sf-germany.com\/einheiten\/usb-midgard\/usb-midgard-sb-61\/die-crew\/ben-walker\/john-geary\/\" class=\"more-link\">Read More<span class=\"screen-reader-text\"> &ldquo;John Geary&rdquo;<\/span> &raquo;<\/a><\/p>\n","protected":false},"author":2,"featured_media":0,"parent":121,"menu_order":7,"comment_status":"closed","ping_status":"closed","template":"","meta":{"footnotes":""},"class_list":["post-366","page","type-page","status-publish","hentry"],"_links":{"self":[{"href":"https:\/\/sf-germany.com\/einheiten\/usb-midgard\/wp-json\/wp\/v2\/pages\/366","targetHints":{"allow":["GET"]}}],"collection":[{"href":"https:\/\/sf-germany.com\/einheiten\/usb-midgard\/wp-json\/wp\/v2\/pages"}],"about":[{"href":"https:\/\/sf-germany.com\/einheiten\/usb-midgard\/wp-json\/wp\/v2\/types\/page"}],"author":[{"embeddable":true,"href":"https:\/\/sf-germany.com\/einheiten\/usb-midgard\/wp-json\/wp\/v2\/users\/2"}],"replies":[{"embeddable":true,"href":"https:\/\/sf-germany.com\/einheiten\/usb-midgard\/wp-json\/wp\/v2\/comments?post=366"}],"version-history":[{"count":9,"href":"https:\/\/sf-germany.com\/einheiten\/usb-midgard\/wp-json\/wp\/v2\/pages\/366\/revisions"}],"predecessor-version":[{"id":885,"href":"https:\/\/sf-germany.com\/einheiten\/usb-midgard\/wp-json\/wp\/v2\/pages\/366\/revisions\/885"}],"up":[{"embeddable":true,"href":"https:\/\/sf-germany.com\/einheiten\/usb-midgard\/wp-json\/wp\/v2\/pages\/121"}],"wp:attachment":[{"href":"https:\/\/sf-germany.com\/einheiten\/usb-midgard\/wp-json\/wp\/v2\/media?parent=366"}],"curies":[{"name":"wp","href":"https:\/\/api.w.org\/{rel}","templated":true}]}}