{"id":318,"date":"2022-10-22T16:19:06","date_gmt":"2022-10-22T14:19:06","guid":{"rendered":"http:\/\/sf-germany.com\/einheiten\/usb-midgard\/?page_id=318"},"modified":"2023-02-15T22:31:56","modified_gmt":"2023-02-15T21:31:56","slug":"rihanna","status":"publish","type":"page","link":"https:\/\/sf-germany.com\/einheiten\/usb-midgard\/usb-midgard-sb-61\/die-crew\/yvonne-renard\/rihanna\/","title":{"rendered":"Rihanna"},"content":{"rendered":"<table style=\"background: none; border: 0px solid #ffffff; font-weight: bold;\" border=\"0\" width=\"95%\" cellspacing=\"5\" cellpadding=\"5\" align=\"center\">\n<tbody>\n<tr>\n<td style=\"background: none; border-radius: 1em; border: 0px solid #003366; box-shadow: 0.1em 0.1em 0.5em rgba(0,0,0,0.75); -webkit-border-radius: 1em; -moz-border-radius: 1em; -moz-box-shadow: 0.1em 0.1em 0.5em rgba(0, 0, 0, 0.75); -webkit-box-shadow: 0.1em 0.1em 0.5em rgba(0, 0, 0, 0.75);\" colspan=\"5\" rowspan=\"3\" align=\"center\" valign=\"middle\">\n<h2><span style=\"font-family: georgia, palatino;\">Rihanna<\/span><\/h2>\n<\/td>\n<\/tr>\n<\/tbody>\n<\/table>\n<div style=\"float: right; margin-right: 15px; margin-bottom: 15px; font-size: 11px; width: 300px; padding-left: 10px; padding-right: 10px;\">\n<table style=\"background: none; border: 0px solid #003366; margin-bottom: 15px; margin-right: 15px; float: left; border-radius: 1em; box-shadow: rgba(0, 0, 0, 0.75) 0.1em 0.1em 0.5em; width: 82.668%;\" border=\"1\" width=\"250\" cellspacing=\"10\" align=\"left\">\n<tbody>\n<tr>\n<td style=\"border: 0px solid transparent; font-weight: bold; width: 87.9518%;\" colspan=\"2\" align=\"center\" width=\"250\"><span style=\"font-family: georgia, palatino;\"><img loading=\"lazy\" decoding=\"async\" class=\"alignnone wp-image-738 size-medium\" src=\"https:\/\/sf-germany.com\/einheiten\/usb-midgard\/wp-content\/uploads\/2023\/02\/Rihanna-300x225.jpg\" alt=\"\" width=\"300\" height=\"225\" srcset=\"https:\/\/sf-germany.com\/einheiten\/usb-midgard\/wp-content\/uploads\/2023\/02\/Rihanna-300x225.jpg 300w, https:\/\/sf-germany.com\/einheiten\/usb-midgard\/wp-content\/uploads\/2023\/02\/Rihanna-1024x768.jpg 1024w, https:\/\/sf-germany.com\/einheiten\/usb-midgard\/wp-content\/uploads\/2023\/02\/Rihanna-768x576.jpg 768w, https:\/\/sf-germany.com\/einheiten\/usb-midgard\/wp-content\/uploads\/2023\/02\/Rihanna-1536x1152.jpg 1536w, https:\/\/sf-germany.com\/einheiten\/usb-midgard\/wp-content\/uploads\/2023\/02\/Rihanna-2048x1536.jpg 2048w\" sizes=\"auto, (max-width: 300px) 100vw, 300px\" \/><\/span><\/td>\n<\/tr>\n<tr>\n<td style=\"border: 0px solid transparent; font-weight: bold; width: 87.9518%;\" colspan=\"2\" align=\"center\" width=\"250\"><span style=\"font-family: georgia, palatino;\">Charname<\/span><\/td>\n<\/tr>\n<tr>\n<td style=\"border: 0px solid transparent; font-weight: bold; width: 41.3655%;\" align=\"right\" width=\"111\"><span style=\"font-family: georgia, palatino;\">Status<\/span><\/td>\n<td style=\"border: 0px solid transparent; width: 46.5863%;\" align=\"left\" width=\"129\"><span style=\"font-family: georgia, palatino;\">PC<\/span><\/td>\n<\/tr>\n<tr>\n<td style=\"border: 0px solid transparent; font-weight: bold; width: 41.3655%;\" align=\"right\" width=\"111\"><span style=\"font-family: georgia, palatino;\">Spieler<\/span><\/td>\n<td style=\"border: 0px solid transparent; width: 46.5863%;\" align=\"left\" width=\"129\"><span style=\"font-family: georgia, palatino;\">Lasse W.<\/span><\/td>\n<\/tr>\n<tr>\n<td style=\"background: #555555; border: 0px solid #003366; font-weight: bold; border-radius: 1em; box-shadow: rgba(0, 0, 0, 0.75) 0.1em 0.1em 0.5em; width: 87.9518%;\" colspan=\"2\" align=\"center\" width=\"240\"><span style=\"font-family: georgia, palatino;\">Dienstliche Informationen<\/span><\/td>\n<\/tr>\n<tr>\n<td style=\"border: 0px solid transparent; font-weight: bold; vertical-align: middle; width: 41.3655%;\" align=\"right\" width=\"111\"><span style=\"font-family: georgia, palatino;\">Ranggrafik<\/span><\/td>\n<td style=\"border: 0px solid transparent; width: 46.5863%;\" align=\"left\" width=\"129\"><\/td>\n<\/tr>\n<tr>\n<td style=\"border: 0px solid transparent; font-weight: bold; width: 41.3655%;\" align=\"right\" width=\"111\"><span style=\"font-family: georgia, palatino;\">Rang<\/span><\/td>\n<td style=\"border: 0px solid transparent; width: 46.5863%;\" align=\"left\" width=\"129\"><\/td>\n<\/tr>\n<tr>\n<td style=\"border: 0px solid transparent; font-weight: bold; width: 41.3655%;\" align=\"right\" width=\"111\"><span style=\"font-family: georgia, palatino;\">Posten<\/span><\/td>\n<td style=\"border: 0px solid transparent; width: 46.5863%;\" align=\"left\" width=\"129\"><\/td>\n<\/tr>\n<tr>\n<td style=\"border: 0px solid transparent; font-weight: bold; width: 41.3655%;\" align=\"right\" width=\"111\"><span style=\"font-family: georgia, palatino;\">Stationierung<\/span><\/td>\n<td style=\"border: 0px solid transparent; width: 46.5863%;\" align=\"left\" width=\"129\"><span style=\"font-family: georgia, palatino;\">USB Midgard<\/span><\/td>\n<\/tr>\n<tr>\n<td style=\"background: #555555; border: 0px solid #003366; font-weight: bold; border-radius: 1em; box-shadow: rgba(0, 0, 0, 0.75) 0.1em 0.1em 0.5em; width: 87.9518%;\" colspan=\"2\" align=\"center\" width=\"250\"><span style=\"font-family: georgia, palatino;\">Biographische Informationen<\/span><\/td>\n<\/tr>\n<tr>\n<td style=\"border: 0px solid transparent; font-weight: bold; width: 41.3655%;\" align=\"right\" width=\"111\"><span style=\"font-family: georgia, palatino;\">Baujahr<\/span><\/td>\n<td style=\"border: 0px solid transparent; width: 46.5863%;\" align=\"left\" width=\"129\"><span style=\"font-family: georgia, palatino;\">?<\/span><\/td>\n<\/tr>\n<tr>\n<td style=\"border: 0px solid transparent; font-weight: bold; width: 41.3655%;\" align=\"right\" width=\"111\"><span style=\"font-family: georgia, palatino;\">Geburtsort<\/span><\/td>\n<td style=\"border: 0px solid transparent; width: 46.5863%;\" align=\"left\" width=\"129\"><span style=\"font-family: georgia, palatino;\">?<\/span><\/td>\n<\/tr>\n<tr>\n<td style=\"border: 0px solid transparent; font-weight: bold; width: 41.3655%;\" align=\"right\" width=\"111\"><span style=\"font-family: georgia, palatino;\">Familienstand<\/span><\/td>\n<td style=\"border: 0px solid transparent; width: 46.5863%;\" align=\"left\" width=\"129\"><span style=\"font-family: georgia, palatino;\">?<\/span><\/td>\n<\/tr>\n<tr>\n<td style=\"border: 0px solid transparent; font-weight: bold; width: 41.3655%;\" align=\"right\" width=\"111\"><span style=\"font-family: georgia, palatino;\">Eltern<\/span><\/td>\n<td style=\"border: 0px solid transparent; width: 46.5863%;\" align=\"left\" width=\"129\"><span style=\"font-family: georgia, palatino;\">Yvonne Renard<\/span><\/td>\n<\/tr>\n<tr>\n<td style=\"border: 0px solid transparent; font-weight: bold; width: 41.3655%;\" align=\"right\" width=\"111\"><span style=\"font-family: georgia, palatino;\">Geschwister<\/span><\/td>\n<td style=\"border: 0px solid transparent; width: 46.5863%;\" align=\"left\" width=\"129\"><span style=\"font-family: georgia, palatino;\">999<\/span><\/td>\n<\/tr>\n<tr>\n<td style=\"background: #555555; border: 0px solid #003366; font-weight: bold; border-radius: 1em; box-shadow: rgba(0, 0, 0, 0.75) 0.1em 0.1em 0.5em; width: 87.9518%;\" colspan=\"2\" align=\"center\" width=\"250\"><span style=\"font-family: georgia, palatino;\">Physische Beschreibung<\/span><\/td>\n<\/tr>\n<tr>\n<td style=\"border: 0px solid transparent; font-weight: bold; width: 41.3655%;\" align=\"right\" width=\"111\"><span style=\"font-family: georgia, palatino;\">Spezies<\/span><\/td>\n<td style=\"border: 0px solid transparent; width: 46.5863%;\" align=\"left\" width=\"129\"><span style=\"font-family: georgia, palatino;\">Warbird<\/span><\/td>\n<\/tr>\n<tr>\n<td style=\"border: 0px solid transparent; font-weight: bold; width: 41.3655%;\" align=\"right\" width=\"111\"><span style=\"font-family: georgia, palatino;\">Geschlecht<\/span><\/td>\n<td style=\"border: 0px solid transparent; width: 46.5863%;\" align=\"left\" width=\"129\"><span style=\"font-family: georgia, palatino;\">?<\/span><\/td>\n<\/tr>\n<tr>\n<td style=\"border: 0px solid transparent; font-weight: bold; width: 41.3655%;\" align=\"right\" width=\"111\"><span style=\"font-family: georgia, palatino;\">Gr\u00f6\u00dfe<\/span><\/td>\n<td style=\"border: 0px solid transparent; width: 46.5863%;\" align=\"left\" width=\"129\"><span style=\"font-family: georgia, palatino;\">1:1200<\/span><\/td>\n<\/tr>\n<tr>\n<td style=\"border: 0px solid transparent; font-weight: bold; width: 41.3655%;\" align=\"right\" width=\"111\"><span style=\"font-family: georgia, palatino;\">Gewicht<\/span><\/td>\n<td style=\"border: 0px solid transparent; width: 46.5863%;\" align=\"left\" width=\"129\"><span style=\"font-family: georgia, palatino;\">14,7 kg<\/span><\/td>\n<\/tr>\n<tr>\n<td style=\"border: 0px solid transparent; font-weight: bold; width: 41.3655%;\" align=\"right\" width=\"111\"><span style=\"font-family: georgia, palatino;\">Haarfarbe<\/span><\/td>\n<td style=\"border: 0px solid transparent; width: 46.5863%;\" align=\"left\" width=\"129\"><span style=\"font-family: georgia, palatino;\">?<\/span><\/td>\n<\/tr>\n<tr>\n<td style=\"border: 0px solid transparent; font-weight: bold; width: 41.3655%;\" align=\"right\" width=\"111\"><span style=\"font-family: georgia, palatino;\">Augenfarbe<\/span><\/td>\n<td style=\"border: 0px solid transparent; width: 46.5863%;\" align=\"left\" width=\"129\"><span style=\"font-family: georgia, palatino;\">?<\/span><\/td>\n<\/tr>\n<tr>\n<td style=\"border: 0px solid transparent; font-weight: bold; width: 41.3655%;\" align=\"right\" width=\"111\"><span style=\"font-family: georgia, palatino;\">Hautfarbe<\/span><\/td>\n<td style=\"border: 0px solid transparent; width: 46.5863%;\" align=\"left\" width=\"129\"><span style=\"font-family: georgia, palatino;\">dunkelgr\u00fcn<\/span><\/td>\n<\/tr>\n<tr>\n<td style=\"border: 0px solid transparent; font-weight: bold; width: 41.3655%;\" align=\"right\" width=\"111\"><span style=\"font-family: georgia, palatino;\">Verhalten<\/span><\/td>\n<td style=\"border: 0px solid transparent; width: 46.5863%;\" align=\"left\" width=\"129\"><span style=\"font-family: georgia, palatino;\">flugf\u00e4hig<\/span><\/td>\n<\/tr>\n<tr>\n<td style=\"border: 0px solid transparent; font-weight: bold; width: 41.3655%;\" align=\"right\" width=\"111\"><span style=\"font-family: georgia, palatino;\">Kurzinfo<\/span><\/td>\n<td style=\"border: 0px solid transparent; width: 46.5863%;\" align=\"left\" width=\"129\"><span style=\"font-family: georgia, palatino;\">Modellwarbird<\/span><\/td>\n<\/tr>\n<tr>\n<td style=\"background: #555555; border: 0px solid #003366; font-weight: bold; border-radius: 1em; box-shadow: rgba(0, 0, 0, 0.75) 0.1em 0.1em 0.5em; width: 87.9518%;\" colspan=\"2\" align=\"center\" width=\"250\"><span style=\"font-family: georgia, palatino;\">Politische Informationen<\/span><\/td>\n<\/tr>\n<tr>\n<td style=\"border: 0px solid transparent; font-weight: bold; width: 41.3655%;\" align=\"right\" width=\"111\"><span style=\"font-family: georgia, palatino;\">B\u00fcrgerschaft<\/span><\/td>\n<td style=\"border: 0px solid transparent; width: 46.5863%;\" align=\"left\" width=\"129\"><\/td>\n<\/tr>\n<tr>\n<td style=\"border: 0px solid transparent; font-weight: bold; width: 41.3655%;\" align=\"right\" width=\"111\"><span style=\"font-family: georgia, palatino;\">\u00a0Religion<\/span><\/td>\n<td style=\"border: 0px solid transparent; width: 46.5863%;\" align=\"left\" width=\"129\"><\/td>\n<\/tr>\n<\/tbody>\n<\/table>\n<\/div>\n<p><span style=\"font-family: georgia, palatino;\"><strong><span style=\"font-size: 24pt;\">Lebenslauf<\/span><\/strong><\/span><\/p>\n<p>Die Rihanna ist ein Modell des romulanischen Warbirds &#8222;Romulus III&#8220;, einem verbesserten und vergr\u00f6\u00dferten d&#8217;Deridex, der in den 2390ern und 2400ern das Flagschiff der dritten romulanischen Flotte war. Der gegenw\u00e4rtige Verbleib des Originals ist nicht bekannt, die romulanischen Stellen schweigen sich zu diesem Thema aus, offiziell ist das Schiff seit 2412 verschollen. Die Modellreihe war auf 1000 Exemplare limitiert, die laut Angaben des Herstellers komplett vergriffen sind. Die Modellnummer der Rihanna ist 266.<\/p>\n<p>Nachdem das Modell mindestens zwei mal besch\u00e4digt wurde als Yvonnes Quartier auf der Achilles und sp\u00e4ter Odyssee bei einem Raumgefecht getroffen wurde bewahrt sie das Modell nun die meiste Zeit in ihrem B\u00fcro auf, wo es zumeist auf einem St\u00e4nder auf einem Schrank steht.<\/p>\n<p>In den Jahren, in denen die Rihanna sich im Besitz von Yvonne befindet, wurde sie mit zahlreichen Bastelarbeiten modifiziert oder repariert, teilweise durch Yvonne selbst, teilweise durch Freunde mit weitergehendem technischen Verst\u00e4ndnis, wie Leutnant Wanda Strack auf der USS Penrose oder sp\u00e4ter F\u00e4hnrich Nirrod auf der USS Odyssee. Wenngleich Yvonne versucht hat die \u00e4u\u00dfere Erscheinung des Modells beizubehalten (mit der Ausnahme des Gallions, der 2414 durch ein zeitgem\u00e4\u00dferes, schlankeres Design ersetzt wurde), so weichen viele der Bordsysteme des Modells mittlerweile stark von den urspr\u00fcnglichen Spezifikationen ab.<\/p>\n<p>Die Rihanna ist sowohl Atmosph\u00e4ren- als auch Raumflugtauglich, jedoch nicht zu interplanetaren oder gar interstellare Fl\u00fcge in der Lage; schon das Verlassen der Atmosph\u00e4re eines durchschnittlichen Klasse-M-Planeten w\u00fcrde den Gro\u00dfteil ihrers Energiespeichers leeren. Der Flug zwischen nah gelegenen Objekten wie Monden oder orbitalen Strukturen ist jedoch m\u00f6glich (wobei die Rihanna -wieder aus Energiegr\u00fcnden- nur niedrige Sublichtgeschwindigkeiten erreichen kann. F\u00fcr Fl\u00fcge in niedriger Atmosph\u00e4re oder in gescchlossenen R\u00e4umen verf\u00fcgt das Modell \u00fcber eine Antigraveinheit, durch die es auch VTOL-F\u00e4higkeiten hat.<\/p>\n<p>Die Steuerung der Rihanna kann wahlweise verbal, \u00fcber ein Padd mit angepasster Steuerfreigabe, eine Steuerkonsole, VR-Brille oder eine Br\u00fcckensimulation auf dem Holodeck erfolgen, wobei Yvonne die Steuerung mit Konsole bevorzugt. Alternativ kann der Bordcomputer der Rihanna das Modell auch autonom steuern, verf\u00fcgt dabei aber nur \u00fcber stark begrenzte Probleml\u00f6sungskapazit\u00e4ten und ist mit richtigen KIs wie CAT oder Soongschen Androiden in keinster Weise vergleichbar.<br \/>\nEs ist nicht bekannt, das Yvonne anderen Personen dauerhafte Freigaben zur Steuerung des Modells gegeben hat.<\/p>\n<p>Das Modell verf\u00fcgt \u00fcber eine &#8218;Alltagssimulation&#8216;, die die Beleuchtung hinter den Fenstern des Warbirds unter Ber\u00fccksichtigung von Tag- und Nachtzeiten steuert. In wie weit die Simulation den Alltag auf einem echten Warbird wiederspiegelt ist nicht bekannt, auch wenn es hierzu eine engagierte, aber wenig beachtete Diplomarbeit von Marius Brandt, selbst Besitzer des Modells 733, gibt.<\/p>\n<p>Im Bauch ist ein kleiner biometrisch versiegelter Frachtraum eingelassen, der ein Volumen von 10x15x4 cm hat und \u00fcber den Hohlraum im inneren des Warbirds zug\u00e4nglich ist.<\/p>\n<p>Die Sensoren der Rihanna wurden von Yvonne und Anderen gegen\u00fcber der Werksausstattung stark verbessert und decken eine nicht unbeachtliche Bandbreite an mehr oder weniger \u00fcblichen Ger\u00e4ten ab, sind jedoch zumeist auf kurze Reichweiten beschr\u00e4nkt. Insgesammt kann die Rihanna sich hier zwischen einem Trikorder und einer Klasse-II-Sonde einordnen. Zur Unterst\u00fctzung der optischen Sensoren verf\u00fcgt sie \u00fcber eine starke Bugleuchte im Torpedowerfer.<\/p>\n<p>Die Rihanna besitzt einen Subraumempf\u00e4nger und -sender, die jedoch aufgrund des hohen Energieverbrauchs \u00fcblicherweise nur aktiviert werden, wenn die Latenzen bei Lichtgeschwindigkeitskommunikation zu gro\u00df werden. F\u00fcr interstellare Kommunikation ist sie auf Relaiseinheiten angewiesen.<\/p>\n<p>Die Energieversorgung der Rihanna erfolgt \u00fcber Sariumkrellidzellen, die in den Fl\u00fcgelfl\u00e4chen verbaut sind. Bei voll geladenen Zellen und niedrigem Energieverbrauch kann das Modell mehrere Tage betreiben werden; bei einem realistischen Flugverhalten betr\u00e4gt die Einsatzzeit etwa 12 Stunden. Die Aufladung erfolgt induktiv.<\/p>\n<p>Zum Schutz des Schiffes verf\u00fcgt es \u00fcber einen zuschaltbaren Navigationsdeflektor. Dieser ist in der Lage, es bei langsameren Geschwindigkeiten vor Staub und Mikrometeoriten zu sch\u00fctzen, bei einer Kollision mit einem gr\u00f6\u00dferen Gegenstand oder bei hohe Geschwindigkeiten aber weitgehend nutzlos. Die H\u00fclle selbst besteht aus einer leichten Duraniumlegierung, die die inneren Systeme zu einem gewissen Grad vor Schaden sch\u00fctzen kann. In keinem Fall ist die Rihanna dazu konzipiert, Waffenfeuer zu widerstehen &#8211; weder aus Schiffsgesch\u00fctzen noch aus Handfeuerwaffen.<\/p>\n<p>Die Rihanna verf\u00fcgt \u00fcber zwei Disruptoren oberhalb der Warpgondeln. Die genaue Leistung der Waffen ist nicht bekannt, d\u00fcrfte aber deutlich unterhalb dem Potential eines Handphasers liegen. Die M\u00fcndung eines frontalen Torpedowerfers ist lediglich modelliert, beinhaltet aber nur einen Scheinwerfer.<\/p>\n<p>Laut Yvonne verf\u00fcgt die Rihanna \u00fcber eine funktionsf\u00e4hige Tarnung. Bislang gibt es dazu aber keine Augenzeugenberichte.<\/p>\n<p>&nbsp;<\/p>\n<hr \/>\n<p><span style=\"font-family: georgia, palatino;\"><strong><span style=\"font-size: 24pt;\">Klassifzierte Sektion<\/span><\/strong><\/span><\/p>\n<p><span style=\"font-family: georgia, palatino;\">keine Eintr\u00e4ge<\/span><\/p>\n<p>&nbsp;<\/p>\n<p>&nbsp;<\/p>\n","protected":false},"excerpt":{"rendered":"<p>Rihanna Charname Status PC Spieler Lasse W. Dienstliche Informationen Ranggrafik Rang Posten Stationierung USB Midgard Biographische Informationen Baujahr ? Geburtsort ? Familienstand ? Eltern Yvonne Renard Geschwister 999 Physische Beschreibung Spezies Warbird Geschlecht ? Gr\u00f6\u00dfe 1:1200 Gewicht 14,7 kg Haarfarbe ? Augenfarbe ? Hautfarbe dunkelgr\u00fcn Verhalten flugf\u00e4hig Kurzinfo Modellwarbird Politische Informationen B\u00fcrgerschaft \u00a0Religion Lebenslauf Die&#8230;<\/p>\n<p class=\"more-link-wrap\"><a href=\"https:\/\/sf-germany.com\/einheiten\/usb-midgard\/usb-midgard-sb-61\/die-crew\/yvonne-renard\/rihanna\/\" class=\"more-link\">Read More<span class=\"screen-reader-text\"> &ldquo;Rihanna&rdquo;<\/span> &raquo;<\/a><\/p>\n","protected":false},"author":3,"featured_media":0,"parent":206,"menu_order":0,"comment_status":"closed","ping_status":"closed","template":"","meta":{"footnotes":""},"class_list":["post-318","page","type-page","status-publish","hentry"],"_links":{"self":[{"href":"https:\/\/sf-germany.com\/einheiten\/usb-midgard\/wp-json\/wp\/v2\/pages\/318","targetHints":{"allow":["GET"]}}],"collection":[{"href":"https:\/\/sf-germany.com\/einheiten\/usb-midgard\/wp-json\/wp\/v2\/pages"}],"about":[{"href":"https:\/\/sf-germany.com\/einheiten\/usb-midgard\/wp-json\/wp\/v2\/types\/page"}],"author":[{"embeddable":true,"href":"https:\/\/sf-germany.com\/einheiten\/usb-midgard\/wp-json\/wp\/v2\/users\/3"}],"replies":[{"embeddable":true,"href":"https:\/\/sf-germany.com\/einheiten\/usb-midgard\/wp-json\/wp\/v2\/comments?post=318"}],"version-history":[{"count":3,"href":"https:\/\/sf-germany.com\/einheiten\/usb-midgard\/wp-json\/wp\/v2\/pages\/318\/revisions"}],"predecessor-version":[{"id":739,"href":"https:\/\/sf-germany.com\/einheiten\/usb-midgard\/wp-json\/wp\/v2\/pages\/318\/revisions\/739"}],"up":[{"embeddable":true,"href":"https:\/\/sf-germany.com\/einheiten\/usb-midgard\/wp-json\/wp\/v2\/pages\/206"}],"wp:attachment":[{"href":"https:\/\/sf-germany.com\/einheiten\/usb-midgard\/wp-json\/wp\/v2\/media?parent=318"}],"curies":[{"name":"wp","href":"https:\/\/api.w.org\/{rel}","templated":true}]}}