{"id":306,"date":"2022-10-19T09:05:03","date_gmt":"2022-10-19T07:05:03","guid":{"rendered":"http:\/\/sf-germany.com\/einheiten\/usb-midgard\/?page_id=306"},"modified":"2022-12-17T13:38:01","modified_gmt":"2022-12-17T12:38:01","slug":"tenehito","status":"publish","type":"page","link":"https:\/\/sf-germany.com\/einheiten\/usb-midgard\/info-terminal\/tenehito\/","title":{"rendered":"Tene\u2019Hito"},"content":{"rendered":"<p><a href=\"https:\/\/sf-germany.com\/einheiten\/usb-midgard\/wp-content\/uploads\/2022\/09\/Logo-SB-61.png\" rel=\"lightbox-0\"><img loading=\"lazy\" decoding=\"async\" class=\"aligncenter wp-image-66\" src=\"https:\/\/sf-germany.com\/einheiten\/usb-midgard\/wp-content\/uploads\/2022\/09\/Logo-SB-61.png\" alt=\"\" width=\"150\" height=\"150\" srcset=\"https:\/\/sf-germany.com\/einheiten\/usb-midgard\/wp-content\/uploads\/2022\/09\/Logo-SB-61.png 789w, https:\/\/sf-germany.com\/einheiten\/usb-midgard\/wp-content\/uploads\/2022\/09\/Logo-SB-61-300x300.png 300w, https:\/\/sf-germany.com\/einheiten\/usb-midgard\/wp-content\/uploads\/2022\/09\/Logo-SB-61-150x150.png 150w, https:\/\/sf-germany.com\/einheiten\/usb-midgard\/wp-content\/uploads\/2022\/09\/Logo-SB-61-768x767.png 768w\" sizes=\"auto, (max-width: 150px) 100vw, 150px\" \/><\/a><\/p>\n<p style=\"text-align: center;\"><span style=\"font-size: 24pt;\"><strong><big>Das Hito System<\/big><\/strong><\/span><\/p>\n<hr \/>\n<p>Das Hito System ist ein Sternensystem im Beta-Quadrant. Der zentrale Stern hat eine r\u00f6tlich-wei\u00dfe F\u00e4rbung.<\/p>\n<p>Das Stermensystem besitzt neun innere Planeten. Zwei davon sind dauerhaft bewohnt. Hito I ist ein unwirtlicher Planet welcher aber reich an Mineralien ist. Auf dem Planeten exisitiert eine riesige Bergbaukolonie. Hito II wurde durch Terraforming umgebaut. Auf dem Planeten gibt es viele St\u00e4dte und Industrie. Hito III bis VI sind unwirtliche Planeten zum Teil mit Gas-Atmosph\u00e4ren oder total trockene Planeten. Hito VIII und IX besitzen eine Atmosph\u00e4re und reiche Flora und Fauna. Allerdings sind die Tiere auf beiden Planeten absolut t\u00f6dlich.<\/p>\n<p><strong><span style=\"font-size: 18pt;\">Hito VII<\/span><\/strong><\/p>\n<p>Von seinen Bewohnern wird der Planet Tene\u2019t\u2019Udar genannt. Was so viel hei\u00dft wie \u201eDie dunkle H\u00f6lle\u201c. Der Planet ist ein Klasse H Planet. Allerdings umkreist er die rote Sonne extrem langsam. Es gibt dadurch kaum Wasser an der Oberfl\u00e4che des Planeten. Die Atmosph\u00e4re ist atembar. Ein Tag auf Hito VII dauert 14 Erdentage. Genauso lange dauert eine Nacht. Dadurch ist Leben auf der Oberfl\u00e4che extrem unwirtlich.<br \/>\nDer Planet besitzt ein verzweigtes H\u00f6hlensystem welches sich \u00fcber den ganzen Planeten erstreckt. IN der fr\u00fchen Entwicklungszeit verf\u00fcgten diese H\u00f6hlen \u00fcber genug Wasser und Nahrung f\u00fcr die Bev\u00f6lkerung. Durch den technologischen Fortschritt seiner Bev\u00f6lkerung k\u00f6nnen heute diese H\u00f6hlen nicht nur die Bev\u00f6lkerung versorgen.<\/p>\n<hr \/>\n<p><strong><span style=\"font-size: 18pt;\">Die Tene\u2019Hito<\/span><\/strong><\/p>\n<p>Die Tene\u2019Hito, was so viel bedeute wie \u201eDas dunkle Volk\u201c oder \u201eVolk der Dunkelheit\u201c sind die einzige humanoide Spezies auf Hito VII. Auf der Oberfl\u00e4che des Planeten gibt es allerdings Raubtiere die sich der Unwirtlichkeit von Hito VII angepasst hat. Diese Raubtiere sind eine Bedrohung f\u00fcr alle Lebewesen, die ungesch\u00fctzt unterwegs sind.<\/p>\n<p><span style=\"font-size: 14pt;\"><strong>Physiologie &amp; Biologie<\/strong><\/span><\/p>\n<p>Die Tene\u2019Hito sind ein graziles Volk. Sie besitzen von Natur aus dunkle Hautt\u00f6ne. Diese reichen von dunklem Braun bis tiefschwarz. Die Haare der Tene\u2019Hito sind sehr hell. Die nat\u00fcrlichen Haarfarben sind wei\u00df, grau, silber. Sie sehen Menschen am \u00e4hnlichsten. Ihre Augen besitzen allerdings keine Iris. Die Augenf\u00e4rbung reicht von violett \u00fcber blau bis gr\u00fcn.<\/p>\n<p>Die durchschnittliche K\u00f6rpergr\u00f6\u00dfe reicht von 1,45 m bis 1,72 m.<\/p>\n<p><span style=\"font-size: 14pt;\"><strong>F\u00e4higkeiten<\/strong><\/span><\/p>\n<p>Die Raubtiere auf der Oberfl\u00e4che des Planeten besitzen telepathischen F\u00e4higkeiten. Dadurch haben die Tene\u2019Hito eine nat\u00fcrliche Immunit\u00e4t gegen diese F\u00e4higkeit entwickelt. Man kann also weder ihre Gedanken noch ihre Gef\u00fchle lesen oder wahrnehmen.<\/p>\n<p>Sie verf\u00fcgen \u00fcber eine Nachtsicht. Wo sie selbst in absoluter Dunkelheit noch sehen k\u00f6nnen.<\/p>\n<p>Durch das Leben unter der Oberfl\u00e4che des Planeten, hat sich ihr K\u00f6rper stark mit Metallen und Mineralien angereichert. Weshalb sie au\u00dferhalb von Hito VII ihr Essen ebenfalls damit anreichern m\u00fcssen. Sollten sie dies nicht tun oder es nicht m\u00f6glich sein, werden die Tene\u2019Hito schnell schwach, lethargisch und verfallen dann in ein Koma.<\/p>\n<p>Eine Tene\u2019Hito wird zwischen 700 und 1000 Jahre alt.<\/p>\n<p>Auf anderen Welten oder an Bord von Raumschiffen der F\u00f6deration m\u00fcssen die Tene\u2019Hito ihre Augen sch\u00fctzen. An Bord von F\u00f6derationsschiffen geschieht dies durch eine Automatik, die die Lichter dimmt sobald ein Tene\u2019Hito den Raum betritt. Auf Planeten sch\u00fctzen die Tene\u2019Hito ihr Augenlicht durch eine Augenbinde welche durchsichtig ist, aber sch\u00e4dliches Licht herausfiltert.<\/p>\n<p>Obwohl die Tene\u2019Hito \u00fcber eine ausgezeichnete Ausdauer und Kondition verf\u00fcgen, sind sie durch ihre isolierte Lebensweise anf\u00e4llig f\u00fcr Krankheiten. Deshalb m\u00fcssen sie au\u00dferhalb ihrer Heimatwelt immunst\u00e4rkende Medikamente zu sich nehmen. Schon ein einfacher menschlicher Schnupfen kann bei den Tene\u2019Hito chronische Krankheiten ausl\u00f6sen.<\/p>\n<hr \/>\n<p><strong><span style=\"font-size: 18pt;\">Kultur &amp; Sozialstruktur<\/span><\/strong><\/p>\n<p>Die Tene\u2019Hito werden seit Jahrtausenden von einer K\u00f6nigsfamilie regiert. Es herrscht die absolute Monarchie. Jede Demokratiebestrebung wurde in der Geschichte der Tene\u2019Hito grausam niedergeschlagen. Demokratie ist f\u00fcr die Tene\u2019Hito eine Krankheit. Das Wort der Monarchen ist Gesetz. Die amtierenden Herrscher werden sogar fast wie G\u00f6tter verehrt.<\/p>\n<p>Es gibt keine klassische Familie bei den Tene\u2019Hito. Partner werden danach ausgewa\u0308hlt was das beste Erbgut bringt. Romantische Liebe ist den Tene\u2019Hito fremd. Sie binden sich nicht an ihre Partner. Es wird sogar gern gesehen, wenn fremdes Erbgut in den Pool der Tene\u2019Hito eingebracht wird. Es ist nur den Frauen der Tene\u2019Hito erlaubt Kinder mit anderen Spezies zu zeugen. Diese Kinder werden immer bei den Tene\u2019Hito aufwachsen. Dem Vater der Kinder steht weder ein Besuchs- noch Erziehungsrecht zu.<\/p>\n<p><span style=\"font-size: 14pt;\"><strong>Soziale Schichten<\/strong><\/span><\/p>\n<p>Die Monarchie wird unterst\u00fctzt von Anf\u00fchrern aus allen Bereichen der Kultur der Tene\u2019Hito. So gibt es Soldaten, K\u00fcnstler, Wissenschaftler, Mechaniker, Sportler usw. in einem Beraterkreis, welche die Monarchen unterst\u00fctzen. Diese Berater werden von den Monarchen berufen.<\/p>\n<p>Es gibt eine Dienerschaft innerhalb der Tene\u2019Hito. Diese bildet sich durch Schulden. Seien es materielle Schulden oder sogenannte Ehrenschulden. Diese Dienerschaft verpflichtet sich f\u00fcr eine gewisse Zeit einer Person. In einem Vertrag wird die genaue Dauer geregelt und welche Pflichten die Diener in dieser Zeit wahrnehmen.<\/p>\n<p><span style=\"font-size: 14pt;\"><strong>Kleidung<\/strong><\/span><\/p>\n<p>Schlichte praktische Kleidung war lange Zeit Teil der teneischen Kultur. Doch im letzten Jahrtausend hat sich dies etwas ge\u00e4ndert. Je mehr sich ein Tene\u2019er es leisten kann, umso stilvoller wird seine Kleidung. Dabei legen die Tene\u2019er viel Wert auf Silber, welches in ihre Kleidung eingearbeitet wird. Hingegen wird Gold als Farbe der Armen und der Diener angesehen.<\/p>\n<hr \/>\n<p><strong><span style=\"font-size: 18pt;\">Technik<\/span><\/strong><\/p>\n<p>Die Technik der Tene\u2019Hito ist weit entwickelt. Schon seit viertausend Jahren verf\u00fcgen sie \u00fcber den Warp-Antrieb. Vor allem im Bereich Terraforming und Bergbau verf\u00fcgen sie \u00fcber fortschrittliche Technik.<\/p>\n<p>Die Flotte der Tene\u2019Hito besteht aus kleinen wendigen Schiffen die haupts\u00e4chlich daf\u00fcr gedacht sind als Unterst\u00fctzung f\u00fcr die drei Tr\u00e4gerschiffe zu agieren.<\/p>\n<p>Der ganze Stolz der Flotte ist die TH Zap\u2019hi\u2019ara ein gro\u00dfes Tr\u00e4gerschiff, welches vor allem kleine schnelle Raumj\u00e4ger starten kann.<\/p>\n<p>Neben der TH Zap\u2019hi\u2019ara gibt es noch zwei kleiner Tr\u00e4gerschiffe, welche nur einen Bruchteil der J\u00e4ger beherbergen kann. Trotzdem sind die drei Tr\u00e4gergruppen eine schlagkr\u00e4ftige Flotte.<\/p>\n<p>Eine Tr\u00e4gergruppe bildet dabei immer den Schutz f\u00fcr das Heimatsystem der Tene\u2019Hito.<\/p>\n<p>Neben den Tr\u00e4gern gibt es eine weitere Kategorie: Die Outboundships. Die Schiffe sind f\u00fcr den Terraforming Einsatz konzeptioniert, weshalb sie sehr gro\u00df sind. Eins dieser Schiffe ist die D\u2019val, die beim Einsatz auf Shaqau zerst\u00f6rt wurde.<\/p>\n<p><a href=\"https:\/\/sf-germany.com\/einheiten\/usb-midgard\/wp-content\/uploads\/2022\/10\/Dval-768x432-1.jpg\" rel=\"lightbox-1\"><img loading=\"lazy\" decoding=\"async\" class=\"aligncenter size-full wp-image-307\" src=\"https:\/\/sf-germany.com\/einheiten\/usb-midgard\/wp-content\/uploads\/2022\/10\/Dval-768x432-1.jpg\" alt=\"\" width=\"768\" height=\"432\" srcset=\"https:\/\/sf-germany.com\/einheiten\/usb-midgard\/wp-content\/uploads\/2022\/10\/Dval-768x432-1.jpg 768w, https:\/\/sf-germany.com\/einheiten\/usb-midgard\/wp-content\/uploads\/2022\/10\/Dval-768x432-1-300x169.jpg 300w\" sizes=\"auto, (max-width: 768px) 100vw, 768px\" \/><\/a><\/p>\n<p style=\"text-align: center;\"><i>( Das Outboundship D\u2019val, bevor es zerst\u00f6rt wurde.)<\/i><\/p>\n<p>&nbsp;<\/p>\n<hr \/>\n<p><strong><span style=\"font-size: 18pt;\">Rituelles<\/span><\/strong><\/p>\n<p>Sobald ein Tene\u2019Hito vollj\u00e4hrig wird, dies geschieht mit 35 Jahren, wird er oder sie an die Oberfl\u00e4che geschickt. Nur mit dem Han\u2019ba ausgestattet, einer Art Schwert, muss er einen Vor\u2019naa erlegen. Dies sind die gef\u00e4hrlichsten Raubtiere auf Hito VII. Sie verf\u00fcgen \u00fcber telepathische F\u00e4higkeiten aber auch ihre anderen Sinne sind extrem ausgepr\u00e4gt. Der Schwanz des Raubtieres endet in neun Spitzen welche mit metall\u00e4hnlichen Dornen versehen sind. Eine Tene\u2019Hito muss diesen Schwanz bringen um zu zeigen das er ein vollwertiges Mitglied der Kultur ist.<\/p>\n<p>In der \u00dcbergangszeremonie \u00fcberreicht der diesen Schwanz dann an die Monarchin. Diese \u00dcbergangszeremonie findet einmal im Jahr statt.<\/p>\n<hr \/>\n<p><strong><span style=\"font-size: 18pt;\">Sprache<\/span><\/strong><\/p>\n<p>Die Schrift der Tene\u2019Hito besteht aus Runen. Ihre Sprache ist selbst f\u00fcr den Universal\u00fcbersetzer eigentlich unverst\u00e4ndlich. Eine eigene Programmierung der Tene\u2019Hito hat dies aber ge\u00e4ndert.<\/p>\n<p><strong>Weibliche Namen<\/strong><\/p>\n<p>Jysymma, Illiamdia, Freghym, Jysdril, Jhalath, Felynza, Ilivarrra, Cazna, Belmarniss, Cylellinth, Ilvaria, Loscivia, Tyvorhan<\/p>\n<p><strong>M\u00e4nnliche Namen<\/strong><\/p>\n<p>Barrisek, Nymas, Baenviir, Elaugzt, Olykur, Tlin\u2019oara, Nyloth, Durdyn, Arcavato, Firyin, Kaelmourn, Syrendross, Zov<\/p>\n<p><b>Positionsname<\/b><\/p>\n<p>Die Tene\u2019Hito verf\u00fcgen \u00fcber keine Familien- oder Sippennamen. Stattdessen gibt der Positionsname die Position der Person innerhalb der Gesellschaft an:<\/p>\n<ul>\n<li>Monarch*in \u2013 Kral oder Kralovna<\/li>\n<li>Berater*in \u2013 Daijin<\/li>\n<li>Botschafter*in \u2013 Taishi<\/li>\n<li>Soldat*in \u2013 Vojak<\/li>\n<li>F\u00f6deration \u2013 Feder\u2019eshon<\/li>\n<li>K\u00fcnstler*in \u2013 Umelec<\/li>\n<li>Diener*in \u2013 Sa\u2019banto<\/li>\n<li>B\u00fcrger*in \u2013 Ob\u2019can<\/li>\n<li>General*in \u2013 Ippantekina<\/li>\n<li>Oberst \u2013 Taisa<\/li>\n<li>Hauptmann*frau \u2013 Shufu<\/li>\n<li>Leutnant \u2013 Chui<\/li>\n<li>Geheim \u2013 Tsuin (eine geheime Aufgabe, die bisher nur dem Sch\u00f6pfer diese Rasse bekannt ist)<\/li>\n<li>H\u00e4ndler*in \u2013 Obchod\u2019nik<\/li>\n<\/ul>\n<hr \/>\n<p><span style=\"font-size: 18pt;\"><strong>Geschichte<\/strong><\/span><\/p>\n<p>Die Tene\u2019Hito verf\u00fcgen \u00fcber eine reiche Geschichte. \u00dcber die Fr\u00fchzeit des Volkes haben sich Mythen und Legenden gebildet.<\/p>\n<ul>\n<li>Ungef\u00e4hr 2000 Jahre vor der unsterblichen \u00c4ra begann der rasante Aufstieg der Tene\u2019Hito. Sie entwickelten zu diesem Zeitpunkt auch die Immunit\u00e4t gegen\u00fcber Telepathie und verf\u00fcgten so gegen einen nat\u00fcrlichen Schutz vor den Raubtieren der Oberfl\u00e4che.<\/li>\n<li>1000 Jahre vor der unsterblichen \u00c4ra begannen die Tene\u2019Hito Industrie und Technik zu entwickeln. Dabei lag der Fokus fr\u00fch auf Terraforming, mit welchem sie es schafften die H\u00f6hlen ihrer Heimatwelt in fruchtbare Welten zu verwandeln.<\/li>\n<li>500 Jahre vor der unsterblichen \u00c4ra gelang es Mithilfe von unterlichtschneller Raumfahrt das eigene System zu erkunden und kartographieren.<\/li>\n<li>Jahr 1 der \u201eunsterblichen \u00c4ra\u201c<\/li>\n<li>Die gro\u00dfe Zi\u2019va entdeckt den Warpantrieb und leutet damit eine neues Zeitalter der teneischen Kultur ein. Sie wird bis heute als leuchtendes Beispiel verehrt.<\/li>\n<li>Jahr 621 der \u201eunsterblichen \u00c4ra\u201c<\/li>\n<li>Der Tod der gro\u00dfen Zi\u2019va ersch\u00fcttert die Nachfolge der Tene\u2019Hito. Es kommt zu einem Nachfolgekrieg. Diesen entscheidet Ursako f\u00fcr sich, der Sohn der gro\u00dfen Zi\u2019va<\/li>\n<li>Jahr 745 der \u201eunsterblichen \u00c4ra\u201c<\/li>\n<li>Es wird eine Kolonie auf Hito II gegr\u00fcndet. Durch die Erfolge des Terraformings k\u00f6nnen sie die Welt schnell ihren Bed\u00fcrfnissen anpassen.<\/li>\n<li>Jahr 1400 der \u201eunsterblichen \u00c4ra\u201c<\/li>\n<li>Nach einem reichen und langen Leben stirbt Ursako. Seine Tochter Ri\u2019ca \u00fcbernimmt die F\u00fchrung des Volkes.<\/li>\n<li>Jahr 4201 der \u201eunsterblichen \u00c4ra\u201c (22. Jahrhundert menschlicher Zeitrechnung)<\/li>\n<li>Begegnung mit dem romulanischen Sternenimperium. Nach heftigen Raumk\u00e4mpfen im Hito System k\u00f6nnen die Aggressoren aus dem System vertrieben werden<\/li>\n<li>Jahr 4299 der \u201eunsterblichen \u00c4ra\u201c (2279 menschlicher Zeitrechnung)<\/li>\n<li>Monarchin Ulestra nimmt das erste Mal Kontakt zur F\u00f6deration auf. Es bleibt bei Gr\u00fc\u00dfen. Die Tene\u2019Hito verwehren F\u00f6derationsschiffe den Einflug in das Hito-System.<\/li>\n<li>Jahr 4405 der \u201eunsterblichen \u00c4ra\u201c<\/li>\n<li>Monarchin Takara \u00fcbernimmt von ihrer sterbenden Mutter die F\u00fchrung des Volkes.<\/li>\n<li>Jahr 4436 der \u201eunsterblichen \u00c4ra\u201c<\/li>\n<li>Ilvaria wird von Monarchin Takara als Botschafterin zur F\u00f6deration entsandt. Die Monarchin m\u00f6chte engeren Kontakt mit der F\u00f6deration aufnehmen. Warum ist bisher noch unklar.<\/li>\n<\/ul>\n<hr \/>\n","protected":false},"excerpt":{"rendered":"<p>Das Hito System Das Hito System ist ein Sternensystem im Beta-Quadrant. Der zentrale Stern hat eine r\u00f6tlich-wei\u00dfe F\u00e4rbung. Das Stermensystem besitzt neun innere Planeten. Zwei davon sind dauerhaft bewohnt. Hito I ist ein unwirtlicher Planet welcher aber reich an Mineralien ist. Auf dem Planeten exisitiert eine riesige Bergbaukolonie. Hito II wurde durch Terraforming umgebaut. Auf&#8230;<\/p>\n<p class=\"more-link-wrap\"><a href=\"https:\/\/sf-germany.com\/einheiten\/usb-midgard\/info-terminal\/tenehito\/\" class=\"more-link\">Read More<span class=\"screen-reader-text\"> &ldquo;Tene\u2019Hito&rdquo;<\/span> &raquo;<\/a><\/p>\n","protected":false},"author":1,"featured_media":0,"parent":292,"menu_order":2,"comment_status":"closed","ping_status":"closed","template":"","meta":{"footnotes":""},"class_list":["post-306","page","type-page","status-publish","hentry"],"_links":{"self":[{"href":"https:\/\/sf-germany.com\/einheiten\/usb-midgard\/wp-json\/wp\/v2\/pages\/306","targetHints":{"allow":["GET"]}}],"collection":[{"href":"https:\/\/sf-germany.com\/einheiten\/usb-midgard\/wp-json\/wp\/v2\/pages"}],"about":[{"href":"https:\/\/sf-germany.com\/einheiten\/usb-midgard\/wp-json\/wp\/v2\/types\/page"}],"author":[{"embeddable":true,"href":"https:\/\/sf-germany.com\/einheiten\/usb-midgard\/wp-json\/wp\/v2\/users\/1"}],"replies":[{"embeddable":true,"href":"https:\/\/sf-germany.com\/einheiten\/usb-midgard\/wp-json\/wp\/v2\/comments?post=306"}],"version-history":[{"count":1,"href":"https:\/\/sf-germany.com\/einheiten\/usb-midgard\/wp-json\/wp\/v2\/pages\/306\/revisions"}],"predecessor-version":[{"id":308,"href":"https:\/\/sf-germany.com\/einheiten\/usb-midgard\/wp-json\/wp\/v2\/pages\/306\/revisions\/308"}],"up":[{"embeddable":true,"href":"https:\/\/sf-germany.com\/einheiten\/usb-midgard\/wp-json\/wp\/v2\/pages\/292"}],"wp:attachment":[{"href":"https:\/\/sf-germany.com\/einheiten\/usb-midgard\/wp-json\/wp\/v2\/media?parent=306"}],"curies":[{"name":"wp","href":"https:\/\/api.w.org\/{rel}","templated":true}]}}