{"id":217,"date":"2022-10-06T20:11:33","date_gmt":"2022-10-06T18:11:33","guid":{"rendered":"http:\/\/sf-germany.com\/einheiten\/usb-midgard\/?page_id=217"},"modified":"2023-06-09T14:49:48","modified_gmt":"2023-06-09T12:49:48","slug":"mara-jade","status":"publish","type":"page","link":"https:\/\/sf-germany.com\/einheiten\/usb-midgard\/usb-midgard-sb-61\/die-crew\/mara-jade\/","title":{"rendered":"Mara Jade"},"content":{"rendered":"<table style=\"background: none; border: 0px solid #ffffff; font-weight: bold;\" border=\"0\" width=\"95%\" cellspacing=\"5\" cellpadding=\"5\" align=\"center\">\n<tbody>\n<tr>\n<td style=\"background: none; border-radius: 1em; border: 0px solid #003366; box-shadow: 0.1em 0.1em 0.5em rgba(0,0,0,0.75); -moz-border-radius: 1em; -webkit-border-radius: 1em; -moz-box-shadow: 0.1em 0.1em 0.5em rgba(0, 0, 0, 0.75); -webkit-box-shadow: 0.1em 0.1em 0.5em rgba(0, 0, 0, 0.75);\" colspan=\"5\" rowspan=\"3\" align=\"center\" valign=\"middle\">\n<h2><b>Tamara &#8222;Mara&#8220; Jade<\/b><\/h2>\n<\/td>\n<\/tr>\n<\/tbody>\n<\/table>\n<div style=\"float: right; margin-left: 15px; margin-bottom: 15px; font-size: 12px;\">\n<table style=\"background: none; border-radius: 1em; border: 0px solid #003366; margin-bottom: 15px; margin-left: 15px; float: right; box-shadow: 0.1em 0.1em 0.5em rgba(0,0,0,0.75); -moz-border-radius: 1em; -webkit-border-radius: 1em; -moz-box-shadow: 0.1em 0.1em 0.5em rgba(0, 0, 0, 0.75); -webkit-box-shadow: 0.1em 0.1em 0.5em rgba(0, 0, 0, 0.75);\" border=\"0\" width=\"270\" cellspacing=\"10\" align=\"right\">\n<tbody>\n<tr>\n<td style=\"border: 0px solid transparent; font-weight: bold;\" colspan=\"2\" align=\"center\" width=\"240\"><a href=\"https:\/\/sf-germany.com\/einheiten\/usb-midgard\/wp-content\/uploads\/2022\/10\/mara.jpg\" rel=\"lightbox-0\"><img loading=\"lazy\" decoding=\"async\" class=\"aligncenter wp-image-220\" src=\"https:\/\/sf-germany.com\/einheiten\/usb-midgard\/wp-content\/uploads\/2022\/10\/mara.jpg\" alt=\"\" width=\"150\" height=\"203\" srcset=\"https:\/\/sf-germany.com\/einheiten\/usb-midgard\/wp-content\/uploads\/2022\/10\/mara.jpg 450w, https:\/\/sf-germany.com\/einheiten\/usb-midgard\/wp-content\/uploads\/2022\/10\/mara-222x300.jpg 222w\" sizes=\"auto, (max-width: 150px) 100vw, 150px\" \/><\/a><\/td>\n<\/tr>\n<tr>\n<td style=\"border: 0px solid transparent; font-weight: bold;\" colspan=\"2\" align=\"center\" width=\"240\"><b>Mara Jade<\/b><\/td>\n<\/tr>\n<tr>\n<td style=\"border: 0px solid transparent; font-weight: bold;\" align=\"right\" width=\"111\">Status<\/td>\n<td style=\"border: 0px solid transparent;\" align=\"left\" width=\"129\">PC<\/td>\n<\/tr>\n<tr>\n<td style=\"border: 0px solid transparent; font-weight: bold;\" align=\"right\" width=\"111\">Spieler<\/td>\n<td style=\"border: 0px solid transparent;\" align=\"left\" width=\"129\"><a href=\"https:\/\/www.sf-germany.org\/cgi-bin\/visitenkarte.pl?spieler=234\">Carsten S.<\/a><\/td>\n<\/tr>\n<tr>\n<td style=\"background: #555555; border-radius: 1em; border: 0px solid #003366; font-weight: bold; box-shadow: 0.1em 0.1em 0.5em rgba(0,0,0,0.75); -webkit-border-radius: 1em; -webkit-box-shadow: 0.1em 0.1em 0.5em rgba(0, 0, 0, 0.75);\" colspan=\"2\" align=\"center\" width=\"240\">Dienstliche Informationen<\/td>\n<\/tr>\n<tr>\n<td style=\"border: 0px solid transparent; font-weight: bold;\" align=\"right\" width=\"111\">Ranggrafik<\/td>\n<td style=\"border: 0px solid transparent;\" align=\"left\" width=\"129\"><img loading=\"lazy\" decoding=\"async\" class=\"alignright wp-image-219\" src=\"https:\/\/sf-germany.com\/einheiten\/usb-midgard\/wp-content\/uploads\/2023\/02\/r-o4.png\" alt=\"\" width=\"100\" height=\"25\" \/><\/td>\n<\/tr>\n<tr>\n<td style=\"border: 0px solid transparent; font-weight: bold;\" align=\"right\" width=\"111\">Rang<\/td>\n<td style=\"border: 0px solid transparent;\" align=\"left\" width=\"129\">LtCmdr<\/td>\n<\/tr>\n<tr>\n<td style=\"border: 0px solid transparent; font-weight: bold;\" align=\"right\" width=\"111\">Posten<\/td>\n<td style=\"border: 0px solid transparent;\" align=\"left\" width=\"129\">TAK<\/td>\n<\/tr>\n<tr>\n<td style=\"border: 0px solid transparent; font-weight: bold;\" align=\"right\" width=\"111\">Stationierung<\/td>\n<td style=\"border: 0px solid transparent;\" align=\"left\" width=\"129\">USB Midgard<\/td>\n<\/tr>\n<tr>\n<td style=\"background: #555555; border-radius: 1em; border: 0px solid #003366; font-weight: bold; box-shadow: 0.1em 0.1em 0.5em rgba(0,0,0,0.75); -webkit-border-radius: 1em; -webkit-box-shadow: 0.1em 0.1em 0.5em rgba(0, 0, 0, 0.75);\" colspan=\"2\" align=\"center\" width=\"240\">Biographische Informationen<\/td>\n<\/tr>\n<tr>\n<td style=\"border: 0px solid transparent; font-weight: bold;\" align=\"right\" width=\"111\">Geburtsdatum<\/td>\n<td style=\"border: 0px solid transparent;\" align=\"left\" width=\"129\">2368<\/td>\n<\/tr>\n<tr>\n<td style=\"border: 0px solid transparent; font-weight: bold;\" align=\"right\" width=\"111\">Geburtsort<\/td>\n<td style=\"border: 0px solid transparent;\" align=\"left\" width=\"129\">Sylene Central, Sylene<\/td>\n<\/tr>\n<tr>\n<td style=\"border: 0px solid transparent; font-weight: bold;\" align=\"right\" width=\"111\">Familienstand<\/td>\n<td style=\"border: 0px solid transparent;\" align=\"left\" width=\"129\">ledig<\/td>\n<\/tr>\n<tr>\n<td style=\"border: 0px solid transparent; font-weight: bold;\" align=\"right\" width=\"111\">Eltern<\/td>\n<td style=\"border: 0px solid transparent;\" align=\"left\" width=\"129\"><strong>Vater<\/strong>: Sr. Desmond Jade<br \/>\n<strong>Mutter<\/strong>: Sra. Nilo Laura Jade<\/td>\n<\/tr>\n<tr>\n<td style=\"border: 0px solid transparent; font-weight: bold;\" align=\"right\" width=\"111\">Geschwister<\/td>\n<td style=\"border: 0px solid transparent;\" align=\"left\" width=\"129\">6 (4 Schwestern, 2 Br\u00fcder)<\/td>\n<\/tr>\n<tr>\n<td style=\"background: #555555; border-radius: 1em; border: 0px solid #003366; font-weight: bold; box-shadow: 0.1em 0.1em 0.5em rgba(0,0,0,0.75); -webkit-border-radius: 1em; -webkit-box-shadow: 0.1em 0.1em 0.5em rgba(0, 0, 0, 0.75);\" colspan=\"2\" align=\"center\" width=\"240\">Physische Beschreibung<\/td>\n<\/tr>\n<tr>\n<td style=\"border: 0px solid transparent; font-weight: bold;\" align=\"right\" width=\"111\">Spezies<\/td>\n<td style=\"border: 0px solid transparent;\" align=\"left\" width=\"129\">Sylener<\/td>\n<\/tr>\n<tr>\n<td style=\"border: 0px solid transparent; font-weight: bold;\" align=\"right\" width=\"111\">Geschlecht<\/td>\n<td style=\"border: 0px solid transparent;\" align=\"left\" width=\"129\">weiblich<\/td>\n<\/tr>\n<tr>\n<td style=\"border: 0px solid transparent; font-weight: bold;\" align=\"right\" width=\"111\">Gr\u00f6\u00dfe<\/td>\n<td style=\"border: 0px solid transparent;\" align=\"left\" width=\"129\">186<\/td>\n<\/tr>\n<tr>\n<td style=\"border: 0px solid transparent; font-weight: bold;\" align=\"right\" width=\"111\">Gewicht<\/td>\n<td style=\"border: 0px solid transparent;\" align=\"left\" width=\"129\">75<\/td>\n<\/tr>\n<tr>\n<td style=\"border: 0px solid transparent; font-weight: bold;\" align=\"right\" width=\"111\">Haarfarbe<\/td>\n<td style=\"border: 0px solid transparent;\" align=\"left\" width=\"129\">kupferrot<\/td>\n<\/tr>\n<tr>\n<td style=\"border: 0px solid transparent; font-weight: bold;\" align=\"right\" width=\"111\">Augenfarbe<\/td>\n<td style=\"border: 0px solid transparent;\" align=\"left\" width=\"129\">smaragdgr\u00fcn<\/td>\n<\/tr>\n<tr>\n<td style=\"border: 0px solid transparent; font-weight: bold;\" align=\"right\" width=\"111\">Aussehen<\/td>\n<td style=\"border: 0px solid transparent;\" align=\"left\" width=\"129\">Mara ist au\u00dfergew\u00f6hnlich sch\u00f6n und wei\u00df das auch.<\/td>\n<\/tr>\n<tr>\n<td style=\"border: 0px solid transparent; font-weight: bold;\" align=\"right\" width=\"111\">Verhalten<\/td>\n<td style=\"border: 0px solid transparent;\" align=\"left\" width=\"129\">Wirkt oft sehr Arrogant und hinterl\u00e4\u00dft daher \u00f6fters einen negative Eindruck, den sie sich nicht bem\u00fcht zu \u00e4ndern<\/td>\n<\/tr>\n<tr>\n<td style=\"border: 0px solid transparent; font-weight: bold;\" align=\"right\" width=\"111\">Kurzinfo<\/td>\n<td style=\"border: 0px solid transparent;\" align=\"left\" width=\"129\">Trinkt nur den besten Espresso!<\/p>\n<p>&#8222;Ich bin eine Jade&#8220;<\/p>\n<p>Sie hasst den Namen Tamara.<\/td>\n<\/tr>\n<tr>\n<td style=\"background: #555555; border-radius: 1em; border: 0px solid #003366; font-weight: bold; box-shadow: 0.1em 0.1em 0.5em rgba(0,0,0,0.75); -webkit-border-radius: 1em; -webkit-box-shadow: 0.1em 0.1em 0.5em rgba(0, 0, 0, 0.75);\" colspan=\"2\" align=\"center\" width=\"240\">Politische informationen<\/td>\n<\/tr>\n<tr>\n<td style=\"border: 0px solid transparent; font-weight: bold;\" align=\"right\" width=\"111\">B\u00fcrgerschaft<\/td>\n<td style=\"border: 0px solid transparent;\" align=\"left\" width=\"129\">Sylene<\/td>\n<\/tr>\n<tr>\n<td style=\"border: 0px solid transparent; font-weight: bold;\" align=\"right\" width=\"111\">Religion<\/td>\n<td style=\"border: 0px solid transparent;\" align=\"left\" width=\"129\"><\/td>\n<\/tr>\n<\/tbody>\n<\/table>\n<\/div>\n<p><span style=\"font-size: 24pt;\"><strong>Lebenslauf<\/strong><\/span><\/p>\n<p><strong>Vita brevis<\/strong><\/p>\n<p><strong>2372\u00a0<\/strong>Geboren auf Sylene<br \/>\n<strong>2390\u00a0<\/strong>Beginn des Studiums. (Hauptkurse: Kunstgeschichte des Alphaquadranten, Computerengineering und Sicherheit)<br \/>\n<strong>2400\u00a0<\/strong>Beendigung des Studiums.<br \/>\n<strong>SD 080531\u00a0<\/strong>Versetzung auf die U.S.B. Atlantis als Zivilist. (Agentenstatus, der allerdings nicht jeden bekannt ist.)<br \/>\nAktuell MisSpec der USS ODYSSEY<\/p>\n<p>&nbsp;<\/p>\n<p><strong>Ausf\u00fchrlicher Lebenslauf<\/strong><\/p>\n<p>Geboren 2372 auf Sylene, dem einzigen bewohnten Planeten der Sonne Mykonos als 5. Kind des Aufsichtsratsvorsitzenden und Alleineigent\u00fcmers der SMC (Sylene Mining Coperation) Sr. Desmond Jade und seiner Frau, Sra. Nilo Laura Jade war Mara ein von anfang an verw\u00f6hntes Kind. Da ihr Vater, Sr. Desmond Mara an der Spitze der sylenischen sozialen Hierarchie stand, hatte sie nie mit der Armut ihres Planeten zu tun und kam erst sp\u00e4t &#8211; im Alter von 5 Jahren &#8211; mit der realen Welt ihrer Heimat in Ber\u00fchrung.<\/p>\n<p>(Weitere Infos zu Sylene siehe Bio Skyla Lyma &#8211; USS Achilles)<\/p>\n<p>oder:<br \/>\n<a href=\"https:\/\/groups.io\/g\/Sylene\/message\/3\"><i>Sylene: An Empire is born &#8211; Facts + Fiction (1\/4)<\/i><\/a><br \/>\n<a href=\"https:\/\/groups.io\/g\/Sylene\/message\/10\"><i>Sylene &#8211; An Empire is Born I &#8211; Prelude (2\/4)<\/i><\/a><br \/>\n<a href=\"https:\/\/groups.io\/g\/Sylene\/message\/11\"><i>Sylene &#8211; An Empire is born II &#8211; Geburtswehen (3\/4)<\/i><\/a><br \/>\n<a href=\"https:\/\/groups.io\/g\/Sylene\/message\/36\"><i>Sylene &#8211; An Empire is Born &#8211; Geburtswehen Conclusio (4\/4)<\/i><\/a><\/p>\n<p>Mit 5 Jahre bewies Mara schon ein unglaubliches Verst\u00e4ndnis f\u00fcr Sicherheitssysteme, was vor allem ihre Kinderm\u00e4dchen immer wieder zur Wei\u00dfglut trieb, da sie immer aus dem bewachten Compound ihrer Eltern verschwand. Da hatte sie auch zum ersten mal Kontakt mit der Welt au\u00dferhalb ihrer beh\u00fcteten Umgebung.<\/p>\n<p>Mara wurde mit 6 auf die Eliteschule ihrer Welt geschickt, ein Internat, aber je l\u00e4nger sie es besuchte, desto \u00f6fter setzte sie sich \u00fcber die Ausgangsbeschr\u00e4nkungen hinweg. Was ihr mit zunehmendem Alter auch immer leichter fiel, denn sie war eine gute Sch\u00fclerin.<\/p>\n<p>Im Alter von 8 wurde sie zum ersten mal von ihrer Schule geschmissen, aber durch den Einflu\u00df ihres Vaters schnell wieder aufgenommen. Als sie erst einmal gelernt hatte, da\u00df es f\u00fcr sie auf Sylene keine Beschr\u00e4nkungen gab &#8211; ihr Vater b\u00fcgelte alles wieder aus &#8211; wurden ihre Eskapaden mit zunehmendem Alter und zunehmender Ausbildung immer dreister.<\/p>\n<p>So schaffte sie es, mit 12 Jahren in einem der Sublevels von Sylene Central ein illegales Casino \u00fcber Monate erfolgreich zu betreiben. Als es endlich von der Planetaren Sicherheit ausgehoben wurde, war sie bereits mit den gesammten Einnahmen verschwunden. Man konnte ihr nie nachweisen, da\u00df sie es gewesen war, die das Casino betrieben hatte. Das Geld wurde auch nie gefunden.<\/p>\n<p>Nachdem sie die Schule mit Vorzug abgeschlo\u00dfen hatte, ging Mara zur Vertiefung ihrer Kentnisse auf die Universit\u00e4t. Zu diesem Zeitpunkt war sie schon 18 &#8211; also nach sylenischem Gesetz vollj\u00e4hrig.<\/p>\n<p>Auf der Uni belegte sie Kurse mit Schwerpunkt Kunstgeschichte des Alphaquadranten, Computerengineering und Sicherheit. Vor allem Sicherheitssysteme hatten es ihr angetan.<\/p>\n<p>Mit 22 war sie soweit, da\u00df sie ihren n\u00e4chsten gro\u00dfen Coup landete. Sie brach in die Villa des Pr\u00e4sidenten ein, und stahl eine der wertvollsten Plastiken auf Sylene. Was eine besondere Meisterleistung war, wenn man bedenkt, da\u00df diese Plastik 2 metrische Tonnen wog und auch entsprechend gro\u00df war. Die Plastik wurde 2 Monate sp\u00e4ter auf dem Hauptplatz von Sylene Central wiedergefunden, da Mara keinen K\u00e4ufer daf\u00fcr finden konnte. Wieder konnte ihr nichts nachgewiesen werden.<\/p>\n<p>Mara schlo\u00df ihre Ausbildung auf der Uni mit 28 ab.<\/p>\n<p>Zu diesem Zeitpunkt hatte sie auf Sylene bereits alles Straftaten die mit Diebstahl im zusammenhang standen begangen, die man begehen konnte. Beweisen konnte man ihr nie etwas. Maras oberster Grundsatz bei ihren Streifz\u00fcgen war immer keine Lebewesen zu verletzen und nur von den Reichen (oder dem Staat) zu stehlen. Anders als Robin Hood behielt sie aber das Geld.<\/p>\n<p>Nach ihrem Abschlu\u00df \u00fcberredete sie ihren Vater, ihr aus Milit\u00e4rbest\u00e4nden einen ausgemusterten J\u00e4ger der sylesischen Navy zu beschaffen.<\/p>\n<p>Diese kleinen, atmosph\u00e4rentauglichen J\u00e4ger sind ein sylesianisches Unikat, da sie als warpf\u00e4hige Kriegsschiffe \u00fcber atmosph\u00e4reatmende Triebwerke verf\u00fcgen. Mara mu\u00dfte zwar die urspr\u00fcngliche Bewaffnung von 4 Disruptorkanonen gegen Phaser tauschen lassen, aber das tat ihrer Freude an dem kleinen Schiff keinen Abbruch. Inzwischen ist auch der Waffenmix wieder ge\u00e4ndert worden und CAT verf\u00fcgt \u00fcber Phaser und Disruptoren.<\/p>\n<p>In Anlehnung an seinen Atmosph\u00e4rentauglichkeit nannte Mara das Schiff Clear Air Turbulence &#8211; kurz CAT. Im Laufe der ersten Jahre modifizierte sie die meisten Systeme an Bord, vor allem den Computer, der sich zu einer formidablen KI gemausert hat und Maras wohl gr\u00f6\u00dftes Geheimnis ist.<\/p>\n<p>Seit diesem Zweitpunkt ist Mara im gesamten Alphaquadranten untgerwegs, immer auf der Suche nach gewinnbringenden Gegenst\u00e4nden und Gesch\u00e4ften. So geh\u00f6rt sie zu den ganz wenigen Menschen, denen es gelungen ist, den Gro\u00dfen Nagus bei einem Gesch\u00e4ft \u00fcber den Tisch zu ziehen.<\/p>\n<p>Ihre offizielle Ausbildung dient ihr dabei als perfekte Tarnung, und im laufe der Zeit hat sie es auch geschaft, sich als hervorragende Kennerin der antiken Kunst des Alphaquadranten zu etablieren. Dr. Jade wird inzwischen gerne als Sachverst\u00e4ndige oder zur Beschaffung von Artefakten zugezogen und k\u00f6nnte nur von diesem Einkommen schon gut leben. Logischerweise h\u00e4lt sie sich wenn sie einen offiziellen Auftrag hat, mit ihrer Hauptbesch\u00e4ftigung zur\u00fcck&#8230;.<\/p>\n<p>Zu ihren gr\u00f6\u00dften Erfolgen z\u00e4hlt unter anderem der sogenannte gro\u00dfe Kunstraub in Paris &#8211; wo sie mehrere wertvolle Plastiken und Bilder mitgehen lie\u00df.<\/p>\n<p>Derzeit reist sie im Alphaqudranten herum, kommt aber regelm\u00e4\u00dfig nach Hause (was f\u00fcr sie seit einigen Jahren die USB\u00a0Atlantis bedeutet)\u00a0zur\u00fcck, wo sie dann immer mehrere Monate verbringt. Aufgrund ihres neuen Hobby &#8211; TAK der Atlantis &#8211; ist ihre Reiset\u00e4tigkeit momentan sehr eingeschr\u00e4nkt<\/p>\n<ul>\n<li>Empfehlungsschreiben<\/li>\n<\/ul>\n<p>Genie\u00dft hohes Ansehen als Kunsthistorikerin<\/p>\n<ul>\n<li>Auszeichnungen<\/li>\n<\/ul>\n<p>Wurde mehrmals von ihrer Schule geworfen, aber aufgrund von Einflu\u00dfnahme ihres Vaters immer wieder aufgenommen. Ausschlu\u00dfgr\u00fcnde waren unter anderem: Einbruch in die Zentrale Datenbank der Schule, sp\u00e4ter in die Sicherheitsprotokolle der Schule, unerlaubtes Entfernen vom Schulgel\u00e4nde, diverse andere Vergehen im Zusammenhang mit Computermissbrauch. Gewann einige K\u00e4mpfe in waffenloser Selbstverteidigung, kann aber nur den auf den Stra\u00dfen Sylenes erlernten Freistil<\/p>\n<p>&nbsp;<\/p>\n<p>&nbsp;<\/p>\n<hr \/>\n<p><strong><span style=\"font-size: 24pt;\">Orden und Auszeichnungen<\/span><\/strong><a href=\"https:\/\/sf-germany.com\/einheiten\/usb-midgard\/wp-content\/uploads\/2022\/10\/Tamara-Jade.jpg\" rel=\"lightbox-1\"><img loading=\"lazy\" decoding=\"async\" class=\"alignright wp-image-218\" src=\"https:\/\/sf-germany.com\/einheiten\/usb-midgard\/wp-content\/uploads\/2022\/10\/Tamara-Jade.jpg\" alt=\"\" width=\"200\" height=\"283\" srcset=\"https:\/\/sf-germany.com\/einheiten\/usb-midgard\/wp-content\/uploads\/2022\/10\/Tamara-Jade.jpg 620w, https:\/\/sf-germany.com\/einheiten\/usb-midgard\/wp-content\/uploads\/2022\/10\/Tamara-Jade-212x300.jpg 212w\" sizes=\"auto, (max-width: 200px) 100vw, 200px\" \/><\/a><\/p>\n<p>Um Leistungen und Taten geb\u00fchrend zu w\u00fcrdigen ist es das Vorrecht des Kommandanten seine Offiziere mit Ehrenzeichen auszuzeichnen.<\/p>\n<p><strong><span style=\"font-size: 18pt;\">Spangen (F\u00fcr den Alltag)<\/span><\/strong><\/p>\n<p><a href=\"https:\/\/sf-germany.com\/einheiten\/usb-midgard\/wp-content\/uploads\/2022\/10\/Klingonen-Kampagnen-Ribbon.png\" rel=\"lightbox-2\"><img loading=\"lazy\" decoding=\"async\" class=\"size-full wp-image-209 alignleft\" src=\"https:\/\/sf-germany.com\/einheiten\/usb-midgard\/wp-content\/uploads\/2022\/10\/Klingonen-Kampagnen-Ribbon.png\" alt=\"\" width=\"110\" height=\"35\" \/><\/a><b><\/b><\/p>\n<p>&nbsp;<\/p>\n<p><b>Kampf um Carraya Ribbon<\/b><br \/>\n<i>Vorraussetzung: Der Tr\u00e4ger\/in muss w\u00e4hrend der Bedrohnung des Carraya Systems auf einem der Schiffe der Lyma Flotte gedient haben.<\/i><\/p>\n<p>&nbsp;<\/p>\n<hr \/>\n<p><span style=\"font-size: 24pt;\"><strong>Psychologisches Profil<\/strong><\/span><\/p>\n<p>Unersch\u00fctterlicher Glaube an Ihre eigenen F\u00e4higkeiten.<\/p>\n<p>Immer auf der Suche nach dem letzten Kick (Nervenkitzel) Arbeitet prinzipiell alleine (CAT\u00a0ausgenommen), da sie sonst niemandem vertraut die notwendige Arbeit so zu machen wie sie es haben will. Und: Keine Komplizen bedeutet keine Mitwisser die sich verplappern k\u00f6nnen. Mara arbeitet prinzipiell so, da\u00df sie bleibenden Schaden an Personen unter allen Umst\u00e4nden vermeidet. Es gibt aber Ausnahmen.<\/p>\n<p>Privat sehr offen und kontaktfreudig, findet leicht Freunde und Geliebte, blieb aber aufgrund ihres &#8222;Berufes&#8220; ungebunden. Sehr verschlossen wenn es um professionelle Dinge geht.<\/p>\n<ul>\n<li>Reizbarkeit<\/li>\n<\/ul>\n<p>Nieder, kann an sich nur durch offensichtliche Stupidit\u00e4t, Arroganz und\/oder Inkompetenz gereizt werden, hat aber die tentendz, dann extrem arrogant zu reagieren.<\/p>\n<p>Mara spricht niemals eine Drohung aus, die sie nicht bereit und f\u00e4hig ist, auszuf\u00fchren<\/p>\n<ul>\n<li>Verschlossenheit (Einzelg\u00e4ngertum)<\/li>\n<\/ul>\n<p>nur bei &#8222;beruflichen&#8220; Dingen<\/p>\n<hr \/>\n<p><strong><span style=\"font-size: 24pt;\">Spezialgebiete<\/span><\/strong><\/p>\n<p>Mehrfachen Doktor in Software Engineering, Kunstgeschichte.<\/p>\n<p>Spezielle Kenntnisse \u00fcber Sicherheitsysteme und Computer<br \/>\nSehr gut in waffenlosem Kampf als Folge ihrer Ausfl\u00fcge in Sylenes unterste Ebenen. Beherrscht allerdings ein Mischmasch aus verschiedensten Kampfsportarten, ohne eine Richtung speziell zu k\u00f6nnen.<\/p>\n<p>Besitzt ihr eigenes Schiff &#8211; ein alter Sylenischer J\u00e4ger. Hat aber auch Lizenzen f\u00fcr Shuttles und zwei der g\u00e4ngigen Schiffe der F\u00f6deration<\/p>\n<hr \/>\n<p><strong><span style=\"font-size: 24pt;\">Hobbies<\/span><\/strong><\/p>\n<ul>\n<li>Espresso<\/li>\n<li>Sex<\/li>\n<\/ul>\n<hr \/>\n<p><strong><span style=\"font-size: 24pt;\">Medizinisches Profil<\/span><\/strong><\/p>\n<ul>\n<li>Hohe K\u00e4lteresistenz, genetisch bediengt durch ihre Geburt.<\/li>\n<li>Tr\u00e4gt ein Bauchnabelpiercing &#8211; einen gro\u00dfen Smaragd, passend zu ihren Augen<\/li>\n<\/ul>\n<hr \/>\n<p><strong><span style=\"font-size: 24pt;\">Klassifzierte Sektion<\/span><\/strong><\/p>\n<p>Wurde bei ihrem letzten Coup (dem Einbruch ins Fort Knox Museum in den<\/p>\n<p>ehem. USA) von der Sicherheit geschnappt und vor die Wahl Kerker oder Geheimdienst gestellt.<\/p>\n<p>Der Festnahme ging ein 3-t\u00e4giges Katz und Maus Spiel mit der Sicherheit voraus. Mara zog alle Register ihres K\u00f6nnens, angefangen von gef\u00e4lschten Computerlogs bis zu get\u00fcrkten Gen-Codes. Gefangen wurde sie erst, als sie \u00fcber eine vermeitlich sichere Verbindung Zugriff auf den Computer ihres &#8211; unter einer anderen Identit\u00e4t geparkten &#8211; Schiffes nehmen wollte. Wie man Ihr auf die Spur kam, weis sie nicht, es steht aber sicher in den DIEX-Akten.<\/p>\n<p>Einzig existierende Akten \u00fcber ihren wahren Beruf gibt es sonst nur im Speicher von CAT, der aber nach menschlichen Ermessen f\u00fcr nichtbefugte unzug\u00e4nlich ist.<\/p>\n<p>Sonst gibt es negatives \u00fcber sie nur die Schulakten, da sie sonnst zu gerissen war um geschnappt zu werden.<\/p>\n<p>Der Deal Freiheit gegen Mitarbeit wurde ihr vom DIEX angeboten. Nach den bis dahin vergangenen 3 Tagen U-Haft war sie bereit fast alles zu machen, um wieder heraus zu kommen. Gefangen sein kann sie nicht ertragen. Loyalit\u00e4tsproblem hat sie keines, da sie auch fr\u00fcher schon auf Auftrag gearbeitet hat und ihre Loyalit\u00e4t nach der zu ihrer Familie immer und unbedingt ihrem Auftraggeber gilt.<\/p>\n<p>Der Deal Freiheit gegen Mitarbeit beim &#8211; inzwischen in SFI umbenannten &#8211; Geheimdienst wurde nach der Verj\u00e4hrung des Deliktes r\u00fcckg\u00e4ngig gemacht, Mara arbeitet aber nachwievor f\u00fcr den Geheimdienst und ist inzwischen Special Agent, der h\u00f6chstm\u00f6gliche Dienstgrad eines Agenten im Au\u00dfendienst.<\/p>\n<p>Ihr Schiff, die Clear Air Turbulence, kurz CAT, ist eine stabile AI und Maras beste Freundin. Aus nachvollziehbaren Gr\u00fcnden wird die Existenz von CAT der KI aber von den beiden verheimlicht und somit nur einem sehr ausgesuchten und sehr kleinen Kreis von Personen bekannt. Au\u00dferdem ist CAT eine perfekte Komplizin nicht nur f\u00fcr Maras aussergesetzliche Aktivit\u00e4ten<\/p>\n","protected":false},"excerpt":{"rendered":"<p>Tamara &#8222;Mara&#8220; Jade Mara Jade Status PC Spieler Carsten S. Dienstliche Informationen Ranggrafik Rang LtCmdr Posten TAK Stationierung USB Midgard Biographische Informationen Geburtsdatum 2368 Geburtsort Sylene Central, Sylene Familienstand ledig Eltern Vater: Sr. Desmond Jade Mutter: Sra. Nilo Laura Jade Geschwister 6 (4 Schwestern, 2 Br\u00fcder) Physische Beschreibung Spezies Sylener Geschlecht weiblich Gr\u00f6\u00dfe 186 Gewicht&#8230;<\/p>\n<p class=\"more-link-wrap\"><a href=\"https:\/\/sf-germany.com\/einheiten\/usb-midgard\/usb-midgard-sb-61\/die-crew\/mara-jade\/\" class=\"more-link\">Read More<span class=\"screen-reader-text\"> &ldquo;Mara Jade&rdquo;<\/span> &raquo;<\/a><\/p>\n","protected":false},"author":1,"featured_media":0,"parent":75,"menu_order":3,"comment_status":"closed","ping_status":"closed","template":"","meta":{"footnotes":""},"class_list":["post-217","page","type-page","status-publish","hentry"],"_links":{"self":[{"href":"https:\/\/sf-germany.com\/einheiten\/usb-midgard\/wp-json\/wp\/v2\/pages\/217","targetHints":{"allow":["GET"]}}],"collection":[{"href":"https:\/\/sf-germany.com\/einheiten\/usb-midgard\/wp-json\/wp\/v2\/pages"}],"about":[{"href":"https:\/\/sf-germany.com\/einheiten\/usb-midgard\/wp-json\/wp\/v2\/types\/page"}],"author":[{"embeddable":true,"href":"https:\/\/sf-germany.com\/einheiten\/usb-midgard\/wp-json\/wp\/v2\/users\/1"}],"replies":[{"embeddable":true,"href":"https:\/\/sf-germany.com\/einheiten\/usb-midgard\/wp-json\/wp\/v2\/comments?post=217"}],"version-history":[{"count":4,"href":"https:\/\/sf-germany.com\/einheiten\/usb-midgard\/wp-json\/wp\/v2\/pages\/217\/revisions"}],"predecessor-version":[{"id":862,"href":"https:\/\/sf-germany.com\/einheiten\/usb-midgard\/wp-json\/wp\/v2\/pages\/217\/revisions\/862"}],"up":[{"embeddable":true,"href":"https:\/\/sf-germany.com\/einheiten\/usb-midgard\/wp-json\/wp\/v2\/pages\/75"}],"wp:attachment":[{"href":"https:\/\/sf-germany.com\/einheiten\/usb-midgard\/wp-json\/wp\/v2\/media?parent=217"}],"curies":[{"name":"wp","href":"https:\/\/api.w.org\/{rel}","templated":true}]}}