{"id":194,"date":"2022-10-06T19:45:12","date_gmt":"2022-10-06T17:45:12","guid":{"rendered":"http:\/\/sf-germany.com\/einheiten\/usb-midgard\/?page_id=194"},"modified":"2022-12-17T13:34:43","modified_gmt":"2022-12-17T12:34:43","slug":"ilvaria","status":"publish","type":"page","link":"https:\/\/sf-germany.com\/einheiten\/usb-midgard\/usb-midgard-sb-61\/die-crew\/ilvaria\/","title":{"rendered":"Ilvaria"},"content":{"rendered":"<table style=\"background: none; border: 0px solid #ffffff; font-weight: bold;\" border=\"0\" width=\"95%\" cellspacing=\"5\" cellpadding=\"5\" align=\"center\">\n<tbody>\n<tr>\n<td style=\"background: none; border-radius: 1em; border: 0px solid #003366; box-shadow: 0.1em 0.1em 0.5em rgba(0,0,0,0.75); -webkit-border-radius: 1em; -moz-border-radius: 1em; -moz-box-shadow: 0.1em 0.1em 0.5em rgba(0, 0, 0, 0.75); -webkit-box-shadow: 0.1em 0.1em 0.5em rgba(0, 0, 0, 0.75);\" colspan=\"5\" rowspan=\"3\" align=\"center\" valign=\"middle\">\n<h2><strong>Ilvaria<\/strong><\/h2>\n<\/td>\n<\/tr>\n<\/tbody>\n<\/table>\n<p>&nbsp;<\/p>\n<div style=\"float: right; margin-left: 15px; margin-bottom: 15px; font-size: 11px; width: 300px; padding-left: 10px; padding-right: 10px;\">\n<table style=\"background: none; border: 0px solid #003366; margin-bottom: 15px; margin-left: 15px; float: right; border-radius: 1em; box-shadow: rgba(0, 0, 0, 0.75) 0.1em 0.1em 0.5em; width: 82.668%;\" border=\"1\" width=\"250\" cellspacing=\"10\" align=\"right\">\n<tbody>\n<tr>\n<td style=\"border: 0px solid transparent; font-weight: bold; width: 87.9518%;\" colspan=\"2\" align=\"center\" width=\"250\"><a href=\"https:\/\/sf-germany.com\/einheiten\/usb-midgard\/wp-content\/uploads\/2022\/10\/Ilvaria_daily_001.png\" rel=\"lightbox-0\"><img loading=\"lazy\" decoding=\"async\" class=\"aligncenter wp-image-196\" src=\"https:\/\/sf-germany.com\/einheiten\/usb-midgard\/wp-content\/uploads\/2022\/10\/Ilvaria_daily_001.png\" alt=\"\" width=\"150\" height=\"243\" srcset=\"https:\/\/sf-germany.com\/einheiten\/usb-midgard\/wp-content\/uploads\/2022\/10\/Ilvaria_daily_001.png 1236w, https:\/\/sf-germany.com\/einheiten\/usb-midgard\/wp-content\/uploads\/2022\/10\/Ilvaria_daily_001-185x300.png 185w, https:\/\/sf-germany.com\/einheiten\/usb-midgard\/wp-content\/uploads\/2022\/10\/Ilvaria_daily_001-633x1024.png 633w, https:\/\/sf-germany.com\/einheiten\/usb-midgard\/wp-content\/uploads\/2022\/10\/Ilvaria_daily_001-768x1243.png 768w, https:\/\/sf-germany.com\/einheiten\/usb-midgard\/wp-content\/uploads\/2022\/10\/Ilvaria_daily_001-949x1536.png 949w\" sizes=\"auto, (max-width: 150px) 100vw, 150px\" \/><\/a><\/td>\n<\/tr>\n<tr>\n<td style=\"border: 0px solid transparent; font-weight: bold; width: 87.9518%;\" colspan=\"2\" align=\"center\" width=\"250\">Ilvaria<\/td>\n<\/tr>\n<tr>\n<td style=\"border: 0px solid transparent; font-weight: bold; width: 42.1687%;\" align=\"right\" width=\"111\">Status<\/td>\n<td style=\"border: 0px solid transparent; width: 45.7831%;\" align=\"left\" width=\"129\">PC<\/td>\n<\/tr>\n<tr>\n<td style=\"border: 0px solid transparent; font-weight: bold; width: 42.1687%;\" align=\"right\" width=\"111\">Spieler<\/td>\n<td style=\"border: 0px solid transparent; width: 45.7831%;\" align=\"left\" width=\"129\"><a href=\"https:\/\/www.sf-germany.org\/cgi-bin\/visitenkarte.pl?spieler=398\">Friddi H.<\/a><\/td>\n<\/tr>\n<tr>\n<td style=\"background: #555555; border: 0px solid #003366; font-weight: bold; border-radius: 1em; box-shadow: rgba(0, 0, 0, 0.75) 0.1em 0.1em 0.5em; width: 87.9518%;\" colspan=\"2\" align=\"center\" width=\"240\">Dienstliche Informationen<\/td>\n<\/tr>\n<tr>\n<td style=\"border: 0px solid transparent; font-weight: bold; vertical-align: middle; width: 42.1687%;\" align=\"right\" width=\"111\">Ranggrafik<\/td>\n<td style=\"border: 0px solid transparent; width: 45.7831%;\" align=\"left\" width=\"129\"><a href=\"https:\/\/sf-germany.com\/einheiten\/usb-midgard\/wp-content\/uploads\/2022\/10\/attache.png\" rel=\"lightbox-1\"><img loading=\"lazy\" decoding=\"async\" class=\"aligncenter wp-image-191\" src=\"https:\/\/sf-germany.com\/einheiten\/usb-midgard\/wp-content\/uploads\/2022\/10\/attache.png\" alt=\"\" width=\"100\" height=\"25\" \/><\/a><\/td>\n<\/tr>\n<tr>\n<td style=\"border: 0px solid transparent; font-weight: bold; width: 42.1687%;\" align=\"right\" width=\"111\">Rang<\/td>\n<td style=\"border: 0px solid transparent; width: 45.7831%;\" align=\"left\" width=\"129\">Botschafterin<\/td>\n<\/tr>\n<tr>\n<td style=\"border: 0px solid transparent; font-weight: bold; width: 42.1687%;\" align=\"right\" width=\"111\">Positionsname<\/td>\n<td style=\"border: 0px solid transparent; width: 45.7831%;\" align=\"left\" width=\"129\">Taishi Feder\u2019eshon<\/td>\n<\/tr>\n<tr>\n<td style=\"border: 0px solid transparent; font-weight: bold; width: 42.1687%;\" align=\"right\" width=\"111\">Stationierung<\/td>\n<td style=\"border: 0px solid transparent; width: 45.7831%;\" align=\"left\" width=\"129\">USB Midgard<\/td>\n<\/tr>\n<tr>\n<td style=\"background: #555555; border: 0px solid #003366; font-weight: bold; border-radius: 1em; box-shadow: rgba(0, 0, 0, 0.75) 0.1em 0.1em 0.5em; width: 87.9518%;\" colspan=\"2\" align=\"center\" width=\"250\">Biographische Informationen<\/td>\n<\/tr>\n<tr>\n<td style=\"border: 0px solid transparent; font-weight: bold; width: 42.1687%;\" align=\"right\" width=\"111\">Geburtsjahr<\/td>\n<td style=\"border: 0px solid transparent; width: 45.7831%;\" align=\"left\" width=\"129\">4299 (2279 nach menschlicher Zeitrechnung)<\/td>\n<\/tr>\n<tr>\n<td style=\"border: 0px solid transparent; font-weight: bold; width: 42.1687%;\" align=\"right\" width=\"111\">Geburtsort<\/td>\n<td style=\"border: 0px solid transparent; width: 45.7831%;\" align=\"left\" width=\"129\">Hito VII<\/td>\n<\/tr>\n<tr>\n<td style=\"border: 0px solid transparent; font-weight: bold; width: 42.1687%;\" align=\"right\" width=\"111\">Vater<\/td>\n<td style=\"border: 0px solid transparent; width: 45.7831%;\" align=\"left\" width=\"129\">Baenvir Ob\u2019can<\/td>\n<\/tr>\n<tr>\n<td style=\"border: 0px solid transparent; font-weight: bold; width: 42.1687%;\" align=\"right\" width=\"111\">Mutter<\/td>\n<td style=\"border: 0px solid transparent; width: 45.7831%;\" align=\"left\" width=\"129\">Jysymma Daijin<\/td>\n<\/tr>\n<tr>\n<td style=\"border: 0px solid transparent; font-weight: bold; width: 42.1687%;\" align=\"right\" width=\"111\">Kinder<\/td>\n<td style=\"border: 0px solid transparent; width: 45.7831%;\" align=\"left\" width=\"129\">Sohn: Tlin\u2019oara 24 Jahre<br \/>\nTochter: Jhalath 22 Jahre<\/td>\n<\/tr>\n<tr>\n<td style=\"background: #555555; border: 0px solid #003366; font-weight: bold; border-radius: 1em; box-shadow: rgba(0, 0, 0, 0.75) 0.1em 0.1em 0.5em; width: 87.9518%;\" colspan=\"2\" align=\"center\" width=\"250\">Physische Beschreibung<\/td>\n<\/tr>\n<tr>\n<td style=\"border: 0px solid transparent; font-weight: bold; width: 42.1687%;\" align=\"right\" width=\"111\">Volk<\/td>\n<td style=\"border: 0px solid transparent; width: 45.7831%;\" align=\"left\" width=\"129\">Tene\u2019Hito<\/td>\n<\/tr>\n<tr>\n<td style=\"border: 0px solid transparent; font-weight: bold; width: 42.1687%;\" align=\"right\" width=\"111\">Geschlecht<\/td>\n<td style=\"border: 0px solid transparent; width: 45.7831%;\" align=\"left\" width=\"129\">weiblich<\/td>\n<\/tr>\n<tr>\n<td style=\"border: 0px solid transparent; font-weight: bold; width: 42.1687%;\" align=\"right\" width=\"111\">Gr\u00f6\u00dfe<\/td>\n<td style=\"border: 0px solid transparent; width: 45.7831%;\" align=\"left\" width=\"129\">1,58 m<\/td>\n<\/tr>\n<tr>\n<td style=\"border: 0px solid transparent; font-weight: bold; width: 42.1687%;\" align=\"right\" width=\"111\">Gewicht<\/td>\n<td style=\"border: 0px solid transparent; width: 45.7831%;\" align=\"left\" width=\"129\">52 kg<\/td>\n<\/tr>\n<tr>\n<td style=\"border: 0px solid transparent; font-weight: bold; width: 42.1687%;\" align=\"right\" width=\"111\">Haarfarbe<\/td>\n<td style=\"border: 0px solid transparent; width: 45.7831%;\" align=\"left\" width=\"129\">wei\u00df<\/td>\n<\/tr>\n<tr>\n<td style=\"border: 0px solid transparent; font-weight: bold; width: 42.1687%;\" align=\"right\" width=\"111\">Augenfarbe<\/td>\n<td style=\"border: 0px solid transparent; width: 45.7831%;\" align=\"left\" width=\"129\">violett (Die Tene\u2019Hito verf\u00fcgen \u00fcber keine Iris)<\/td>\n<\/tr>\n<tr>\n<td style=\"border: 0px solid transparent; font-weight: bold; width: 42.1687%;\" align=\"right\" width=\"111\">Hautfarbe<\/td>\n<td style=\"border: 0px solid transparent; width: 45.7831%;\" align=\"left\" width=\"129\">?<\/td>\n<\/tr>\n<tr>\n<td style=\"border: 0px solid transparent; font-weight: bold; width: 42.1687%;\" align=\"right\" width=\"111\">Verhalten<\/td>\n<td style=\"border: 0px solid transparent; width: 45.7831%;\" align=\"left\" width=\"129\">?<\/td>\n<\/tr>\n<tr>\n<td style=\"border: 0px solid transparent; font-weight: bold; width: 42.1687%;\" align=\"right\" width=\"111\">Kurzinfo<\/td>\n<td style=\"border: 0px solid transparent; width: 45.7831%;\" align=\"left\" width=\"129\">?<\/td>\n<\/tr>\n<tr>\n<td style=\"background: #555555; border: 0px solid #003366; font-weight: bold; border-radius: 1em; box-shadow: rgba(0, 0, 0, 0.75) 0.1em 0.1em 0.5em; width: 87.9518%;\" colspan=\"2\" align=\"center\" width=\"250\">Politische Informationen<\/td>\n<\/tr>\n<tr>\n<td style=\"border: 0px solid transparent; font-weight: bold; width: 42.1687%;\" align=\"right\" width=\"111\">B\u00fcrgerschaft<\/td>\n<td style=\"border: 0px solid transparent; width: 45.7831%;\" align=\"left\" width=\"129\">Tene\u2019Hito<\/td>\n<\/tr>\n<tr>\n<td style=\"border: 0px solid transparent; font-weight: bold; width: 42.1687%;\" align=\"right\" width=\"111\">\u00a0Religion<\/td>\n<td style=\"border: 0px solid transparent; width: 45.7831%;\" align=\"left\" width=\"129\">&#8211;<\/td>\n<\/tr>\n<\/tbody>\n<\/table>\n<\/div>\n<p><strong><span style=\"font-size: 24pt;\">Lebenslauf<\/span><\/strong><\/p>\n<p>Ilvaria wird im Jahr des ersten Kontaktes mit der F\u00f6deration geboren. Ihre Mutter, schon damals eine Beraterin der Monarchin blickt voller Stolz auf die Geburt der Tochter.<\/p>\n<p>Deshalb beginnt Ilvarias Ausbildung schon im fr\u00fchen Kindesalter von 12 Jahren. Sie erh\u00e4lt eine milit\u00e4rische, diplomatische und technische Ausbildung. Diese dauert insgesamt 20 Jahre. Im Alter von 32 Jahren schlie\u00dft Ilvaria diese Ausbildung mit sehr guten Noten ab. Die restlichen drei Jahre ihrer Kindheit wird sie auf den gro\u00dfen \u00dcbergangsritus vorbereitet. Mit 35 Jahren muss sich ein Tene\u2019Hito den Bestien der Oberwelt stellen. Er hat eine Nacht (diese dauert auf Hito VII 14 Erdentage) Zeit um den Schwanz eines Diro\u2019ndo\u2019dax zu bringen. Doch von Ilvaria erwartet man, dass sie nicht nur einen Schwanz, sondern drei bringt.<\/p>\n<p>Bei dem \u00dcbergangsritus misslingt die Jagd. Ilvaria schafft es mit M\u00fche und Not einen Schwanz zu erbeuten. Die Entt\u00e4uschung ihrer Mutter ist gro\u00df. Sie hatte mehr erwartet von ihrer Tochter. Deshalb verf\u00fcgt sie, dass Ilvaria auf Lebenszeit der Weg als Beraterin der Monarchin verwehrt bleiben wird.<\/p>\n<p>Die amtierende Monarchin Ulestra hingegen sieht ein Potential in Ilvaria und l\u00e4sst sie weiter ausbilden. Diese Ausbildung wird nur wenigen zu Teil und nicht einmal die Berater der Monarchin wissen genau, was diese Ausbildung alles umfasst.<\/p>\n<p>Im Alter von 50 Jahren beginnt Ilvaria ihren Dienst innerhalb der Raumflotte der Tene\u2019Hito zu versehen. Sie zeichnet sich dabei als gute Pilotin aus und f\u00fchrt bald das Sokol Geschwader an.<\/p>\n<p>Als Ilvaria 80 Jahre alt wird, \u00fcbernimmt sie den Befehl \u00fcber die TH Tene\u2019Sokol. Eines der \u00e4lteren Tr\u00e4gerschiffe. In den ersten Jahren f\u00fchrt sie des \u00f6fteren die Tr\u00e4gergruppe gegen Piraten und andere Gruppen, die immer wieder versuchen an die Ressourcen der Tene\u2019Hito zu gelangen. Dabei zeichnet sie sich in mehreren K\u00e4mpfen durch taktisches Geschick und Finesse aus.<br \/>\nDeshalb \u00fcbertr\u00e4gt man ihr auch schlie\u00dflich die gro\u00dfe Ehre mit ihrer Flotte den Schutz von Hito VII zu \u00fcbernehmen.<\/p>\n<p>Als sie 100 wird, scheidet sie aus dem aktiven Flotttendienst aus. Sie verbringt zwanzig weitere Jahre auf Hito VII. In dieser Zeit fungiert sie als Ausbilderin und Lehrerin. In dieser Zeit bringt Ilvaria auch ihre zwei Kinder zur Welt. In den ersten Jahren sind diese noch bei ihrer Mutter.<\/p>\n<p>Im Jahr 4436 wird Ilvaria von Monarchin Takara zur Botschafterin der F\u00f6deration ernannt. Sie wird entsandt um Gespr\u00e4ch mit der F\u00f6deration zu f\u00fchren. Vordergr\u00fcndig geht es um einen Beitritt der Tene\u2019Hito in den Sternenbund.<\/p>\n<hr \/>\n<p><strong><span style=\"font-size: 24pt;\">Psychologisches Profil<\/span><\/strong><\/p>\n<p>Ilvaria ist noch jung f\u00fcr eine Tene\u2019Hito. Trotzdem hat sie in ihrem Leben schon viel erlebt und strahlt Ruhe und Weisheit aus. Da sie immer noch wie eine junge Frau wirkt, vermutet man dies bei ihr nicht.<br \/>\nWie alle Tene\u2019Hito verf\u00fcgt sie \u00fcber eine Arroganz gegen\u00fcber anderen Spezies. Sie ist aber Diplomatin genug um diese nicht dauernd zu zeigen.<br \/>\nWenn Ilvaria l\u00e4chelt, fragt man sich was man falsch gemacht hat. \u00dcberhaupt setzt die Tene\u2019Hito Emotionen sehr bewusst und kontrolliert ein. Dabei wirkt sie aber nicht wie ein Vulkanier.<br \/>\nNur wenige w\u00fcrden Ilvaria als Freund oder Freundin bezeichnen.<\/p>\n<p><b>Sozialer Umgang<\/b><br \/>\nSie hat in ihrer Laufbahn bereits einige Erfolge errungen. Doch sie br\u00fcstet sich mit diesen Erfolgen nicht. Obwohl sie ihr Volk und auch sich f\u00fcr \u00fcberlegen und dominant h\u00e4lt, wird sie das nicht andauernd betonen. Es ist eher eine k\u00fchle \u00dcberlegenheit, oder eine Augenbraue die sich sp\u00f6ttisch hebt. Sie sucht keinen Streit, sie muss sich gegen\u00fcber anderen nicht beweisen. Doch falls es zu einem Konflikt oder Kampf kommt ist sie bereit diesen auch zu beenden, und zwar zu ihren Gunsten. Im normalen Alltag wird sie es soweit aber gar nicht kommen lassen.<\/p>\n<p>Durch ihre Ausbildung zur Diplomatin und ihren Job als eben solche, ist sie umg\u00e4nglicher wie andere Mitglieder ihres Volkes. Sie lacht leise, nie schallend. \u00dcberhaupt zeigt sie Gef\u00fchle eher dezent. Tiefe Emotionen sind ihr nicht fremd, sie wird diese aber eher mit sich ausmachen. Wenn sie jemanden diese Emotionen zeigt, dann zeugt das von einem gro\u00dfen Vertrauen.<\/p>\n<hr \/>\n<p><strong><span style=\"font-size: 24pt;\">St\u00e4rken\/Schw\u00e4chen<\/span><\/strong><\/p>\n<p><b>Positiv:<\/b><br \/>\nGute Zuh\u00f6rerin<br \/>\nGewiefte Diplomatin<\/p>\n<p><b>Negativ:<\/b><br \/>\nArroganz<br \/>\nEigener Moralkompass<\/p>\n<p><b>Vorlieben:<\/b><br \/>\nFrisches Fleisch, am liebsten vom Grill aber noch blutig.<br \/>\nBier &#8211; nur kein romulanisches Ale.<\/p>\n<p><b>Abneigungen:<\/b><br \/>\nRomulaner<br \/>\nFeigheit<\/p>\n<p><strong><span style=\"font-size: 18pt;\">Spezialgebiete<\/span><\/strong><\/p>\n<p>Erfahrene Pilotin<\/p>\n<p>10 Jahre Kommandoerfahrung als 2O<\/p>\n<p>Diplomatin und Botschafterin seit 17 JAhren<\/p>\n<p>Besonderheit der eigenen Spezies:<br \/>\nImmun gegen\u00fcber Tele- und Empathie<br \/>\nNachtsicht<br \/>\nAnf\u00e4llig f\u00fcr Krankheiten und helles Licht<\/p>\n<p>&nbsp;<\/p>\n<p>&nbsp;<\/p>\n<hr \/>\n<p><span style=\"font-size: 24pt;\"><strong>Orden und Auszeichnungen<\/strong><\/span><a href=\"https:\/\/sf-germany.com\/einheiten\/usb-midgard\/wp-content\/uploads\/2022\/10\/Ilvaria.jpg\" rel=\"lightbox-2\"><img loading=\"lazy\" decoding=\"async\" class=\"alignright wp-image-195\" src=\"https:\/\/sf-germany.com\/einheiten\/usb-midgard\/wp-content\/uploads\/2022\/10\/Ilvaria.jpg\" alt=\"\" width=\"200\" height=\"283\" srcset=\"https:\/\/sf-germany.com\/einheiten\/usb-midgard\/wp-content\/uploads\/2022\/10\/Ilvaria.jpg 620w, https:\/\/sf-germany.com\/einheiten\/usb-midgard\/wp-content\/uploads\/2022\/10\/Ilvaria-212x300.jpg 212w\" sizes=\"auto, (max-width: 200px) 100vw, 200px\" \/><\/a><\/p>\n<p><i>Keine Eintragungen<\/i><\/p>\n<p>&nbsp;<\/p>\n<p>&nbsp;<\/p>\n<p>&nbsp;<\/p>\n<p>&nbsp;<\/p>\n<hr \/>\n<p><strong><span style=\"font-size: 24pt;\">Hobbies<\/span><\/strong><\/p>\n<p>Ilvaria jagt gerne, am liebsten das Fleisch, welches sie dann auch auf dem Teller hat.<br \/>\nSie hat eine Schw\u00e4che f\u00fcr Hunde entwickelt.<br \/>\nSie h\u00f6rt gerne Musik.<\/p>\n<hr \/>\n<p><strong><span style=\"font-size: 24pt;\">Medizinisches Profil<\/span><\/strong><\/p>\n<p>Die Patientin erfreut sich bester Gesundheit. Allerdings verf\u00fcgen die Tene\u2019Hito gegen\u00fcber vielen Krankheiten \u00fcber keine Abwerhkr\u00e4fte. Deshalb muss die Patientin regelm\u00e4\u00dfig einen medizinischen Cocktail zu sich nehmen, welcher ihre Abwehrkr\u00e4fte verst\u00e4rkt.<br \/>\nDie Tene\u2019Hito haben neuerdings einen Anzug entwickelt, welcher den Tr\u00e4ger vor diesen Umwelteinfl\u00fcssen sch\u00fctzt. Durch das martialische Aussehen, tr\u00e4gt die Patientin diesen Anzug aber eher selten.<\/p>\n<p>gez. Dr. Till Medicus (Arzt auf Ganymed)<\/p>\n<p>&nbsp;<\/p>\n<hr \/>\n<p><strong><span style=\"font-size: 24pt;\">Klassifzierte Sektion<\/span><\/strong><\/p>\n<p>&#8211;<\/p>\n","protected":false},"excerpt":{"rendered":"<p>Ilvaria &nbsp; Ilvaria Status PC Spieler Friddi H. Dienstliche Informationen Ranggrafik Rang Botschafterin Positionsname Taishi Feder\u2019eshon Stationierung USB Midgard Biographische Informationen Geburtsjahr 4299 (2279 nach menschlicher Zeitrechnung) Geburtsort Hito VII Vater Baenvir Ob\u2019can Mutter Jysymma Daijin Kinder Sohn: Tlin\u2019oara 24 Jahre Tochter: Jhalath 22 Jahre Physische Beschreibung Volk Tene\u2019Hito Geschlecht weiblich Gr\u00f6\u00dfe 1,58 m Gewicht&#8230;<\/p>\n<p class=\"more-link-wrap\"><a href=\"https:\/\/sf-germany.com\/einheiten\/usb-midgard\/usb-midgard-sb-61\/die-crew\/ilvaria\/\" class=\"more-link\">Read More<span class=\"screen-reader-text\"> &ldquo;Ilvaria&rdquo;<\/span> &raquo;<\/a><\/p>\n","protected":false},"author":1,"featured_media":0,"parent":75,"menu_order":20,"comment_status":"closed","ping_status":"closed","template":"","meta":{"footnotes":""},"class_list":["post-194","page","type-page","status-publish","hentry"],"_links":{"self":[{"href":"https:\/\/sf-germany.com\/einheiten\/usb-midgard\/wp-json\/wp\/v2\/pages\/194","targetHints":{"allow":["GET"]}}],"collection":[{"href":"https:\/\/sf-germany.com\/einheiten\/usb-midgard\/wp-json\/wp\/v2\/pages"}],"about":[{"href":"https:\/\/sf-germany.com\/einheiten\/usb-midgard\/wp-json\/wp\/v2\/types\/page"}],"author":[{"embeddable":true,"href":"https:\/\/sf-germany.com\/einheiten\/usb-midgard\/wp-json\/wp\/v2\/users\/1"}],"replies":[{"embeddable":true,"href":"https:\/\/sf-germany.com\/einheiten\/usb-midgard\/wp-json\/wp\/v2\/comments?post=194"}],"version-history":[{"count":2,"href":"https:\/\/sf-germany.com\/einheiten\/usb-midgard\/wp-json\/wp\/v2\/pages\/194\/revisions"}],"predecessor-version":[{"id":226,"href":"https:\/\/sf-germany.com\/einheiten\/usb-midgard\/wp-json\/wp\/v2\/pages\/194\/revisions\/226"}],"up":[{"embeddable":true,"href":"https:\/\/sf-germany.com\/einheiten\/usb-midgard\/wp-json\/wp\/v2\/pages\/75"}],"wp:attachment":[{"href":"https:\/\/sf-germany.com\/einheiten\/usb-midgard\/wp-json\/wp\/v2\/media?parent=194"}],"curies":[{"name":"wp","href":"https:\/\/api.w.org\/{rel}","templated":true}]}}