{"id":189,"date":"2022-10-06T19:40:50","date_gmt":"2022-10-06T17:40:50","guid":{"rendered":"http:\/\/sf-germany.com\/einheiten\/usb-midgard\/?page_id=189"},"modified":"2022-12-17T13:35:11","modified_gmt":"2022-12-17T12:35:11","slug":"kaelmourn-tsuin","status":"publish","type":"page","link":"https:\/\/sf-germany.com\/einheiten\/usb-midgard\/usb-midgard-sb-61\/die-crew\/kaelmourn-tsuin\/","title":{"rendered":"Kaelmourn Tsuin"},"content":{"rendered":"<table style=\"background: none; border: 0px solid #ffffff; font-weight: bold;\" border=\"0\" width=\"95%\" cellspacing=\"5\" cellpadding=\"5\" align=\"center\">\n<tbody>\n<tr>\n<td style=\"background: none; border-radius: 1em; border: 0px solid #003366; box-shadow: 0.1em 0.1em 0.5em rgba(0,0,0,0.75); -webkit-border-radius: 1em; -moz-border-radius: 1em; -moz-box-shadow: 0.1em 0.1em 0.5em rgba(0, 0, 0, 0.75); -webkit-box-shadow: 0.1em 0.1em 0.5em rgba(0, 0, 0, 0.75);\" colspan=\"5\" rowspan=\"3\" align=\"center\" valign=\"middle\">\n<h2><strong>Kaelmourn Tsuin<\/strong><\/h2>\n<\/td>\n<\/tr>\n<\/tbody>\n<\/table>\n<p>&nbsp;<\/p>\n<div style=\"float: right; margin-left: 15px; margin-bottom: 15px; font-size: 11px; width: 300px; padding-left: 10px; padding-right: 10px;\">\n<table style=\"background: none; border-radius: 1em; border: 0px solid #003366; margin-bottom: 15px; margin-left: 15px; float: right; box-shadow: 0.1em 0.1em 0.5em rgba(0,0,0,0.75); -webkit-border-radius: 1em; -moz-border-radius: 1em; -moz-box-shadow: 0.1em 0.1em 0.5em rgba(0, 0, 0, 0.75); -webkit-box-shadow: 0.1em 0.1em 0.5em rgba(0, 0, 0, 0.75);\" border=\"1\" width=\"250\" cellspacing=\"10\" align=\"right\">\n<tbody>\n<tr>\n<td style=\"border: 0px solid transparent; font-weight: bold;\" colspan=\"2\" align=\"center\" width=\"250\"><a href=\"https:\/\/sf-germany.com\/einheiten\/usb-midgard\/wp-content\/uploads\/2022\/10\/Kaelmourn_001.png\" rel=\"lightbox-0\"><img loading=\"lazy\" decoding=\"async\" class=\"aligncenter wp-image-190\" src=\"https:\/\/sf-germany.com\/einheiten\/usb-midgard\/wp-content\/uploads\/2022\/10\/Kaelmourn_001.png\" alt=\"\" width=\"150\" height=\"243\" srcset=\"https:\/\/sf-germany.com\/einheiten\/usb-midgard\/wp-content\/uploads\/2022\/10\/Kaelmourn_001.png 247w, https:\/\/sf-germany.com\/einheiten\/usb-midgard\/wp-content\/uploads\/2022\/10\/Kaelmourn_001-185x300.png 185w\" sizes=\"auto, (max-width: 150px) 100vw, 150px\" \/><\/a><\/td>\n<\/tr>\n<tr>\n<td style=\"border: 0px solid transparent; font-weight: bold;\" colspan=\"2\" align=\"center\" width=\"250\">Kaelmourn Tsuin<\/td>\n<\/tr>\n<tr>\n<td style=\"border: 0px solid transparent; font-weight: bold;\" align=\"right\" width=\"111\">Status<\/td>\n<td style=\"border: 0px solid transparent;\" align=\"left\" width=\"129\">NPC<\/td>\n<\/tr>\n<tr>\n<td style=\"border: 0px solid transparent; font-weight: bold;\" align=\"right\" width=\"111\">Spieler<\/td>\n<td style=\"border: 0px solid transparent;\" align=\"left\" width=\"129\">Friddi H.<\/td>\n<\/tr>\n<tr>\n<td style=\"background: #555555; border-radius: 1em; border: 0px solid #003366; font-weight: bold; box-shadow: 0.1em 0.1em 0.5em rgba(0,0,0,0.75); -webkit-border-radius: 1em; -webkit-box-shadow: 0.1em 0.1em 0.5em rgba(0, 0, 0, 0.75);\" colspan=\"2\" align=\"center\" width=\"240\">Dienstliche Informationen<\/td>\n<\/tr>\n<tr>\n<td style=\"border: 0px solid transparent; font-weight: bold; vertical-align: middle;\" align=\"right\" width=\"111\">Ranggrafik<\/td>\n<td style=\"border: 0px solid transparent;\" align=\"left\" width=\"129\"><a href=\"https:\/\/sf-germany.com\/einheiten\/usb-midgard\/wp-content\/uploads\/2022\/10\/attache.png\" rel=\"lightbox-1\"><img loading=\"lazy\" decoding=\"async\" class=\"aligncenter wp-image-191\" src=\"https:\/\/sf-germany.com\/einheiten\/usb-midgard\/wp-content\/uploads\/2022\/10\/attache.png\" alt=\"\" width=\"100\" height=\"25\" \/><\/a><\/td>\n<\/tr>\n<tr>\n<td style=\"border: 0px solid transparent; font-weight: bold;\" align=\"right\" width=\"111\">Rang<\/td>\n<td style=\"border: 0px solid transparent;\" align=\"left\" width=\"129\">Attach\u00e9 der Botschafterin<\/td>\n<\/tr>\n<tr>\n<td style=\"border: 0px solid transparent; font-weight: bold;\" align=\"right\" width=\"111\">Posten<\/td>\n<td style=\"border: 0px solid transparent;\" align=\"left\" width=\"129\">Tsuin<\/td>\n<\/tr>\n<tr>\n<td style=\"border: 0px solid transparent; font-weight: bold;\" align=\"right\" width=\"111\">Stationierung<\/td>\n<td style=\"border: 0px solid transparent;\" align=\"left\" width=\"129\">USB Midgard<\/td>\n<\/tr>\n<tr>\n<td style=\"background: #555555; border-radius: 1em; border: 0px solid #003366; font-weight: bold; box-shadow: 0.1em 0.1em 0.5em rgba(0,0,0,0.75); -webkit-border-radius: 1em; -webkit-box-shadow: 0.1em 0.1em 0.5em rgba(0, 0, 0, 0.75);\" colspan=\"2\" align=\"center\" width=\"250\">Biographische Informationen<\/td>\n<\/tr>\n<tr>\n<td style=\"border: 0px solid transparent; font-weight: bold;\" align=\"right\" width=\"111\">Heimatplanet<\/td>\n<td style=\"border: 0px solid transparent;\" align=\"left\" width=\"129\">Hito VII<\/td>\n<\/tr>\n<tr>\n<td style=\"border: 0px solid transparent; font-weight: bold;\" align=\"right\" width=\"111\">Geburtsjahr<\/td>\n<td style=\"border: 0px solid transparent;\" align=\"left\" width=\"129\">4395 (2375 nach menschlicher Zeitrechnung)<\/td>\n<\/tr>\n<tr>\n<td style=\"border: 0px solid transparent; font-weight: bold;\" align=\"right\" width=\"111\">Eltern<\/td>\n<td style=\"border: 0px solid transparent;\" align=\"left\" width=\"129\">Eintrag gel\u00f6scht<\/td>\n<\/tr>\n<tr>\n<td style=\"border: 0px solid transparent; font-weight: bold;\" align=\"right\" width=\"111\">Geschwister<\/td>\n<td style=\"border: 0px solid transparent;\" align=\"left\" width=\"129\">Eintrag gel\u00f6scht<\/td>\n<\/tr>\n<tr>\n<td style=\"background: #555555; border-radius: 1em; border: 0px solid #003366; font-weight: bold; box-shadow: 0.1em 0.1em 0.5em rgba(0,0,0,0.75); -webkit-border-radius: 1em; -webkit-box-shadow: 0.1em 0.1em 0.5em rgba(0, 0, 0, 0.75);\" colspan=\"2\" align=\"center\" width=\"250\">Physische Beschreibung<\/td>\n<\/tr>\n<tr>\n<td style=\"border: 0px solid transparent; font-weight: bold;\" align=\"right\" width=\"111\">Spezies<\/td>\n<td style=\"border: 0px solid transparent;\" align=\"left\" width=\"129\">Tene\u2019Hito<\/td>\n<\/tr>\n<tr>\n<td style=\"border: 0px solid transparent; font-weight: bold;\" align=\"right\" width=\"111\">Geschlecht<\/td>\n<td style=\"border: 0px solid transparent;\" align=\"left\" width=\"129\">m\u00e4nnlich<\/td>\n<\/tr>\n<tr>\n<td style=\"border: 0px solid transparent; font-weight: bold;\" align=\"right\" width=\"111\">Gr\u00f6\u00dfe<\/td>\n<td style=\"border: 0px solid transparent;\" align=\"left\" width=\"129\">1,70 m<\/td>\n<\/tr>\n<tr>\n<td style=\"border: 0px solid transparent; font-weight: bold;\" align=\"right\" width=\"111\">Gewicht<\/td>\n<td style=\"border: 0px solid transparent;\" align=\"left\" width=\"129\">72 kg<\/td>\n<\/tr>\n<tr>\n<td style=\"border: 0px solid transparent; font-weight: bold;\" align=\"right\" width=\"111\">Haarfarbe<\/td>\n<td style=\"border: 0px solid transparent;\" align=\"left\" width=\"129\">wei\u00df<\/td>\n<\/tr>\n<tr>\n<td style=\"border: 0px solid transparent; font-weight: bold;\" align=\"right\" width=\"111\">Augenfarbe<\/td>\n<td style=\"border: 0px solid transparent;\" align=\"left\" width=\"129\">rot (Die Tene\u2019Hito haben keine Iris)<\/td>\n<\/tr>\n<tr>\n<td style=\"background: #555555; border-radius: 1em; border: 0px solid #003366; font-weight: bold; box-shadow: 0.1em 0.1em 0.5em rgba(0,0,0,0.75); -webkit-border-radius: 1em; -webkit-box-shadow: 0.1em 0.1em 0.5em rgba(0, 0, 0, 0.75);\" colspan=\"2\" align=\"center\" width=\"250\">Politische Informationen<\/td>\n<\/tr>\n<tr>\n<td style=\"border: 0px solid transparent; font-weight: bold;\" align=\"right\" width=\"111\">B\u00fcrgerschaft<\/td>\n<td style=\"border: 0px solid transparent;\" align=\"left\" width=\"129\">Tene\u2019Hito<\/td>\n<\/tr>\n<tr>\n<td style=\"border: 0px solid transparent; font-weight: bold;\" align=\"right\" width=\"111\">\u00a0Religion<\/td>\n<td style=\"border: 0px solid transparent;\" align=\"left\" width=\"129\">&#8211;<\/td>\n<\/tr>\n<\/tbody>\n<\/table>\n<\/div>\n<p><strong><span style=\"font-size: 24pt;\">Lebenslauf<\/span><\/strong><\/p>\n<p>Gleich nach seiner Geburt wird Kaelmourn unter die Obhut von Kralovna Ulestra gestellt. Diese l\u00e4sst ihn in einer staatlichen Einrichtung der Tene\u2019Hito unterbringen welche vor allem f\u00fcr Waisenkinder gedacht ist. Dort erh\u00e4lt Kaelmourn schon von klein auf eine besondere Ausbildung. Sein Leben wird immer darauf ausgerichtet sein, seinem Volk etwas zur\u00fcckzugeben, f\u00fcr das was er empfangen hat.<\/p>\n<p>Seine Kindheit war dadurch schon fr\u00fch durch Drill und Ausbildung gepr\u00e4gt. Allerdings brachte Kaelmourn seine Ausbilder immer wieder ins Schwitzen. Gerne schlich er sich davon oder stellte allerlei Unsinn an. Sein sonniges Gem\u00fct passte so \u00fcberhaupt nicht zu den Tene\u2019Hito.<br \/>\nEr schloss schnell Freundschaften und verstand sich auch mit anderen Kindern sehr gut.<\/p>\n<p>Als er neun Jahre alt wurde, bekam er im Zuge einer neuen Ausbilung Jhalath an seine Seite. Alle Versuche dem M\u00e4dchen den Spa\u00df des Lebens nahe zu bringen scheiterten. Des \u00f6fteren brachte er sie beide in Schwierigkeiten. Bestraft wurden dann immer beide. So kam es, dass Jhalath schon bald daf\u00fcr sorgte, das er weniger Dummheiten anstellte.<br \/>\nGemeinsam mit Jhalath wurde er darauf vorbereitet einer hochrangigen Person zu dienen. Von da ab werden Jhalath und er von den anderen Kindern abgesondert. Doch Kaelmourn findet immer wieder eine M\u00f6glichkeit Zeit auch mit seinen anderen Freunden zu verbringen. Ebenso wie Jhalath lernt er die Sprachen wie F\u00f6nderationsstandard, klingonisch, romulanisch, vulkanisch, andorianisch usw.<br \/>\nZudem hat er ein gro\u00dfes diplomatisches und kaufm\u00e4nnisches Talent. Von daher bringt man ihm auch hier wichtige Kenntnisse bei. Ebenso erhalten sie eine Extraausbildung im Bereich Diplomatie, Interstellarer Handel, diversen Kampftechniken, Raumschiffflug, Raumschifftaktik, Bodenkampf, Technik und noch einige Bereiche mehr.<\/p>\n<p>Mit 35 Jahren absolviert Kaelmourn den \u00dcbergangsritus. Er bringt nach einem Tag einen Schwanz zur\u00fcck. Dies war f\u00fcr ihn \u00e4u\u00dferste Effizienz, minimaler Einsatz mit maximalem Erfolg.<\/p>\n<p>4436 wird Kaelmourn als Attach\u00e9 Ilvaria Taishi Feder\u2019eshon zugeteilt. Er begleitet diese an Bord der USS Odyssey.<\/p>\n<hr \/>\n<p><strong><span style=\"font-size: 24pt;\">Psychologisches Profil<\/span><\/strong><\/p>\n<p>Kaelmourn verh\u00e4lt sich nicht wie ein typischer Tene\u2019Hito, er ist anderen gegen\u00fcber \u00e4u\u00dferst offen und zug\u00e4nglich. Seine diplomatischen K\u00fcnste sind weit vorangeschritten und er ist eine regelrechte Frohnatur. Allerdings l\u00e4sst er auch kaum etwas anbrennen. Manche w\u00fcrden ihn als faul bezeichnen, er h\u00e4lt sich selber f\u00fcr Effizient. Er lacht gerne und viel. Auch mit Frauen jeder Spezies bandelt er gerne an.<br \/>\nTrotzdem w\u00fcrde er sein Leben f\u00fcr Ilvaria Taishi opfern. Seine Loyalit\u00e4t zu der Botschafterin ist ungeteilt und ungebrochen.<\/p>\n<hr \/>\n<p><strong><span style=\"font-size: 24pt;\">St\u00e4rken\/Schw\u00e4chen<\/span><\/strong><\/p>\n<p><b>Positiv:<\/b><\/p>\n<ul>\n<li>Frohnatur<\/li>\n<li>Guter Diplomat und H\u00e4ndler<\/li>\n<li>Scharfsch\u00fctze<\/li>\n<\/ul>\n<p><b>Negativ:<\/b><\/p>\n<ul>\n<li>Fast schon faul<\/li>\n<li>Frauenheld<\/li>\n<li>Scharfsch\u00fctze<\/li>\n<li>Sorgt immer wieder f\u00fcr \u00c4rger (weil ihn Vorschriften nicht k\u00fcmmern)<\/li>\n<\/ul>\n<p><b>Vorlieben:<\/b><\/p>\n<ul>\n<li>Kochen<\/li>\n<li>Lachen<\/li>\n<\/ul>\n<p><b>Abneigungen:<\/b><\/p>\n<ul>\n<li>Vorschriften und Disziplin<\/li>\n<\/ul>\n<p><b>Spezialgebiete:<\/b><\/p>\n<ul>\n<li>Diplomatie, Handel<\/li>\n<li>Frauen<\/li>\n<\/ul>\n<p><b>Besonderheiten der eigenen Spezies:<\/b><\/p>\n<ul>\n<li>Immun gegen\u00fcber Tele- und Empathie<\/li>\n<li>Nachtsicht<\/li>\n<li>Anf\u00e4llig f\u00fcr Krankheiten und helles Licht<\/li>\n<\/ul>\n<hr \/>\n<p><span style=\"font-size: 24pt;\"><strong>Medizinisches Profil:<\/strong><\/span><\/p>\n<p>Kaelmourn ist \u00e4u\u00dferst gesund und vital. Obwohl er anscheinend nicht viel Sport macht verf\u00fcgt er \u00fcber einen durchtrainierten K\u00f6rper. Gerne spricht er Alkohol etwas zu sehr zu. Auch hatte er schon mehrere Geschlechtskrankheiten. Wie alle Tene\u2019Hito ist er gegen\u00fcber vielen Krankheiten anf\u00e4llig, deshalb muss er regelm\u00e4\u00dfig einen medizinischen Cocktail zu sich nehmen.<\/p>\n<hr \/>\n<p><strong><span style=\"font-size: 24pt;\">Spielhilfe:<\/span><\/strong><\/p>\n<p>Kaelmourn ist eine absolute Frohnatur und so ganz anders als die beiden weiblichen Tene\u2019Hito an Bord der Odyssey. Allerdings sollte man nicht meinen, dass man ihn deshalb gegen Ilvaria ausspielen kann. Er h\u00e4lt treu und loyal zur Botschafterin. Trotzdem schlie\u00dft er schnell Freundschaften und hat auch schnell mehr am laufen als er haben sollte.<\/p>\n<hr \/>\n<p><strong><span style=\"font-size: 24pt;\">Klassifzierte Sektion<\/span><\/strong><\/p>\n<p>&#8211;<\/p>\n","protected":false},"excerpt":{"rendered":"<p>Kaelmourn Tsuin &nbsp; Kaelmourn Tsuin Status NPC Spieler Friddi H. Dienstliche Informationen Ranggrafik Rang Attach\u00e9 der Botschafterin Posten Tsuin Stationierung USB Midgard Biographische Informationen Heimatplanet Hito VII Geburtsjahr 4395 (2375 nach menschlicher Zeitrechnung) Eltern Eintrag gel\u00f6scht Geschwister Eintrag gel\u00f6scht Physische Beschreibung Spezies Tene\u2019Hito Geschlecht m\u00e4nnlich Gr\u00f6\u00dfe 1,70 m Gewicht 72 kg Haarfarbe wei\u00df Augenfarbe rot&#8230;<\/p>\n<p class=\"more-link-wrap\"><a href=\"https:\/\/sf-germany.com\/einheiten\/usb-midgard\/usb-midgard-sb-61\/die-crew\/kaelmourn-tsuin\/\" class=\"more-link\">Read More<span class=\"screen-reader-text\"> &ldquo;Kaelmourn Tsuin&rdquo;<\/span> &raquo;<\/a><\/p>\n","protected":false},"author":1,"featured_media":0,"parent":75,"menu_order":22,"comment_status":"closed","ping_status":"closed","template":"","meta":{"footnotes":""},"class_list":["post-189","page","type-page","status-publish","hentry"],"_links":{"self":[{"href":"https:\/\/sf-germany.com\/einheiten\/usb-midgard\/wp-json\/wp\/v2\/pages\/189","targetHints":{"allow":["GET"]}}],"collection":[{"href":"https:\/\/sf-germany.com\/einheiten\/usb-midgard\/wp-json\/wp\/v2\/pages"}],"about":[{"href":"https:\/\/sf-germany.com\/einheiten\/usb-midgard\/wp-json\/wp\/v2\/types\/page"}],"author":[{"embeddable":true,"href":"https:\/\/sf-germany.com\/einheiten\/usb-midgard\/wp-json\/wp\/v2\/users\/1"}],"replies":[{"embeddable":true,"href":"https:\/\/sf-germany.com\/einheiten\/usb-midgard\/wp-json\/wp\/v2\/comments?post=189"}],"version-history":[{"count":2,"href":"https:\/\/sf-germany.com\/einheiten\/usb-midgard\/wp-json\/wp\/v2\/pages\/189\/revisions"}],"predecessor-version":[{"id":228,"href":"https:\/\/sf-germany.com\/einheiten\/usb-midgard\/wp-json\/wp\/v2\/pages\/189\/revisions\/228"}],"up":[{"embeddable":true,"href":"https:\/\/sf-germany.com\/einheiten\/usb-midgard\/wp-json\/wp\/v2\/pages\/75"}],"wp:attachment":[{"href":"https:\/\/sf-germany.com\/einheiten\/usb-midgard\/wp-json\/wp\/v2\/media?parent=189"}],"curies":[{"name":"wp","href":"https:\/\/api.w.org\/{rel}","templated":true}]}}