{"id":185,"date":"2022-10-06T19:37:34","date_gmt":"2022-10-06T17:37:34","guid":{"rendered":"http:\/\/sf-germany.com\/einheiten\/usb-midgard\/?page_id=185"},"modified":"2022-12-17T13:34:53","modified_gmt":"2022-12-17T12:34:53","slug":"jhalath-tsuin","status":"publish","type":"page","link":"https:\/\/sf-germany.com\/einheiten\/usb-midgard\/usb-midgard-sb-61\/die-crew\/jhalath-tsuin\/","title":{"rendered":"Jhalath Tsuin"},"content":{"rendered":"<table style=\"background: none; border: 0px solid #ffffff; font-weight: bold;\" border=\"0\" width=\"95%\" cellspacing=\"5\" cellpadding=\"5\" align=\"center\">\n<tbody>\n<tr>\n<td style=\"background: none; border-radius: 1em; border: 0px solid #003366; box-shadow: 0.1em 0.1em 0.5em rgba(0,0,0,0.75); -webkit-border-radius: 1em; -moz-border-radius: 1em; -moz-box-shadow: 0.1em 0.1em 0.5em rgba(0, 0, 0, 0.75); -webkit-box-shadow: 0.1em 0.1em 0.5em rgba(0, 0, 0, 0.75);\" colspan=\"5\" rowspan=\"3\" align=\"center\" valign=\"middle\">\n<h2><strong>Jhalath Tsuin<\/strong><\/h2>\n<\/td>\n<\/tr>\n<\/tbody>\n<\/table>\n<p>&nbsp;<\/p>\n<div style=\"float: right; margin-left: 15px; margin-bottom: 15px; font-size: 11px; width: 300px; padding-left: 10px; padding-right: 10px;\">\n<table style=\"background: none; border-radius: 1em; border: 0px solid #003366; margin-bottom: 15px; margin-left: 15px; float: right; box-shadow: 0.1em 0.1em 0.5em rgba(0,0,0,0.75); -webkit-border-radius: 1em; -moz-border-radius: 1em; -moz-box-shadow: 0.1em 0.1em 0.5em rgba(0, 0, 0, 0.75); -webkit-box-shadow: 0.1em 0.1em 0.5em rgba(0, 0, 0, 0.75);\" border=\"1\" width=\"250\" cellspacing=\"10\" align=\"right\">\n<tbody>\n<tr>\n<td style=\"border: 0px solid transparent; font-weight: bold;\" colspan=\"2\" align=\"center\" width=\"250\"><a href=\"https:\/\/sf-germany.com\/einheiten\/usb-midgard\/wp-content\/uploads\/2022\/10\/Jhalath_Tsuin.png\" rel=\"lightbox-0\"><img loading=\"lazy\" decoding=\"async\" class=\"aligncenter wp-image-186\" src=\"https:\/\/sf-germany.com\/einheiten\/usb-midgard\/wp-content\/uploads\/2022\/10\/Jhalath_Tsuin.png\" alt=\"\" width=\"150\" height=\"243\" srcset=\"https:\/\/sf-germany.com\/einheiten\/usb-midgard\/wp-content\/uploads\/2022\/10\/Jhalath_Tsuin.png 1236w, https:\/\/sf-germany.com\/einheiten\/usb-midgard\/wp-content\/uploads\/2022\/10\/Jhalath_Tsuin-185x300.png 185w, https:\/\/sf-germany.com\/einheiten\/usb-midgard\/wp-content\/uploads\/2022\/10\/Jhalath_Tsuin-633x1024.png 633w, https:\/\/sf-germany.com\/einheiten\/usb-midgard\/wp-content\/uploads\/2022\/10\/Jhalath_Tsuin-768x1243.png 768w, https:\/\/sf-germany.com\/einheiten\/usb-midgard\/wp-content\/uploads\/2022\/10\/Jhalath_Tsuin-949x1536.png 949w\" sizes=\"auto, (max-width: 150px) 100vw, 150px\" \/><\/a><\/td>\n<\/tr>\n<tr>\n<td style=\"border: 0px solid transparent; font-weight: bold;\" colspan=\"2\" align=\"center\" width=\"250\">Jhalath Tsuin<\/td>\n<\/tr>\n<tr>\n<td style=\"border: 0px solid transparent; font-weight: bold;\" align=\"right\" width=\"111\">Status<\/td>\n<td style=\"border: 0px solid transparent;\" align=\"left\" width=\"129\">NPC<\/td>\n<\/tr>\n<tr>\n<td style=\"border: 0px solid transparent; font-weight: bold;\" align=\"right\" width=\"111\">Spieler<\/td>\n<td style=\"border: 0px solid transparent;\" align=\"left\" width=\"129\">Friddi H.<\/td>\n<\/tr>\n<tr>\n<td style=\"background: #555555; border-radius: 1em; border: 0px solid #003366; font-weight: bold; box-shadow: 0.1em 0.1em 0.5em rgba(0,0,0,0.75); -webkit-border-radius: 1em; -webkit-box-shadow: 0.1em 0.1em 0.5em rgba(0, 0, 0, 0.75);\" colspan=\"2\" align=\"center\" width=\"240\">Dienstliche Informationen<\/td>\n<\/tr>\n<tr>\n<td style=\"border: 0px solid transparent; font-weight: bold; vertical-align: middle;\" align=\"right\" width=\"111\">Ranggrafik<\/td>\n<td style=\"border: 0px solid transparent;\" align=\"left\" width=\"129\"><a href=\"https:\/\/sf-germany.com\/einheiten\/usb-midgard\/wp-content\/uploads\/2022\/10\/attache.png\" rel=\"lightbox-1\"><img loading=\"lazy\" decoding=\"async\" class=\"aligncenter wp-image-191\" src=\"https:\/\/sf-germany.com\/einheiten\/usb-midgard\/wp-content\/uploads\/2022\/10\/attache.png\" alt=\"\" width=\"100\" height=\"25\" \/><\/a><\/td>\n<\/tr>\n<tr>\n<td style=\"border: 0px solid transparent; font-weight: bold;\" align=\"right\" width=\"111\">Rang<\/td>\n<td style=\"border: 0px solid transparent;\" align=\"left\" width=\"129\">Attach\u00e9 der Botschafterin<\/td>\n<\/tr>\n<tr>\n<td style=\"border: 0px solid transparent; font-weight: bold;\" align=\"right\" width=\"111\">Posten<\/td>\n<td style=\"border: 0px solid transparent;\" align=\"left\" width=\"129\">Tsuin<\/td>\n<\/tr>\n<tr>\n<td style=\"border: 0px solid transparent; font-weight: bold;\" align=\"right\" width=\"111\">Stationierung<\/td>\n<td style=\"border: 0px solid transparent;\" align=\"left\" width=\"129\">USB Midgard<\/td>\n<\/tr>\n<tr>\n<td style=\"background: #555555; border-radius: 1em; border: 0px solid #003366; font-weight: bold; box-shadow: 0.1em 0.1em 0.5em rgba(0,0,0,0.75); -webkit-border-radius: 1em; -webkit-box-shadow: 0.1em 0.1em 0.5em rgba(0, 0, 0, 0.75);\" colspan=\"2\" align=\"center\" width=\"250\">Biographische Informationen<\/td>\n<\/tr>\n<tr>\n<td style=\"border: 0px solid transparent; font-weight: bold;\" align=\"right\" width=\"111\">Heimatplanet<\/td>\n<td style=\"border: 0px solid transparent;\" align=\"left\" width=\"129\">Hito VII<\/td>\n<\/tr>\n<tr>\n<td style=\"border: 0px solid transparent; font-weight: bold;\" align=\"right\" width=\"111\">Geburtsjahr<\/td>\n<td style=\"border: 0px solid transparent;\" align=\"left\" width=\"129\">4394 (2374 nach menschlicher Zeitrechnung)<\/td>\n<\/tr>\n<tr>\n<td style=\"border: 0px solid transparent; font-weight: bold;\" align=\"right\" width=\"111\">Eltern<\/td>\n<td style=\"border: 0px solid transparent;\" align=\"left\" width=\"129\">Eintrag gel\u00f6scht<\/td>\n<\/tr>\n<tr>\n<td style=\"border: 0px solid transparent; font-weight: bold;\" align=\"right\" width=\"111\">Geschwister<\/td>\n<td style=\"border: 0px solid transparent;\" align=\"left\" width=\"129\">Eintrag gel\u00f6scht<\/td>\n<\/tr>\n<tr>\n<td style=\"background: #555555; border-radius: 1em; border: 0px solid #003366; font-weight: bold; box-shadow: 0.1em 0.1em 0.5em rgba(0,0,0,0.75); -webkit-border-radius: 1em; -webkit-box-shadow: 0.1em 0.1em 0.5em rgba(0, 0, 0, 0.75);\" colspan=\"2\" align=\"center\" width=\"250\">Physische Beschreibung<\/td>\n<\/tr>\n<tr>\n<td style=\"border: 0px solid transparent; font-weight: bold;\" align=\"right\" width=\"111\">Spezies<\/td>\n<td style=\"border: 0px solid transparent;\" align=\"left\" width=\"129\">Tene\u2019Hito<\/td>\n<\/tr>\n<tr>\n<td style=\"border: 0px solid transparent; font-weight: bold;\" align=\"right\" width=\"111\">Geschlecht<\/td>\n<td style=\"border: 0px solid transparent;\" align=\"left\" width=\"129\">weiblich<\/td>\n<\/tr>\n<tr>\n<td style=\"border: 0px solid transparent; font-weight: bold;\" align=\"right\" width=\"111\">Gr\u00f6\u00dfe<\/td>\n<td style=\"border: 0px solid transparent;\" align=\"left\" width=\"129\">1,67 m<\/td>\n<\/tr>\n<tr>\n<td style=\"border: 0px solid transparent; font-weight: bold;\" align=\"right\" width=\"111\">Gewicht<\/td>\n<td style=\"border: 0px solid transparent;\" align=\"left\" width=\"129\">59 kg<\/td>\n<\/tr>\n<tr>\n<td style=\"border: 0px solid transparent; font-weight: bold;\" align=\"right\" width=\"111\">Haarfarbe<\/td>\n<td style=\"border: 0px solid transparent;\" align=\"left\" width=\"129\">wei\u00df<\/td>\n<\/tr>\n<tr>\n<td style=\"border: 0px solid transparent; font-weight: bold;\" align=\"right\" width=\"111\">Augenfarbe<\/td>\n<td style=\"border: 0px solid transparent;\" align=\"left\" width=\"129\">rot (Die Tene\u2019Hito haben keine Iris)<\/td>\n<\/tr>\n<tr>\n<td style=\"background: #555555; border-radius: 1em; border: 0px solid #003366; font-weight: bold; box-shadow: 0.1em 0.1em 0.5em rgba(0,0,0,0.75); -webkit-border-radius: 1em; -webkit-box-shadow: 0.1em 0.1em 0.5em rgba(0, 0, 0, 0.75);\" colspan=\"2\" align=\"center\" width=\"250\">Politische Informationen<\/td>\n<\/tr>\n<tr>\n<td style=\"border: 0px solid transparent; font-weight: bold;\" align=\"right\" width=\"111\">B\u00fcrgerschaft<\/td>\n<td style=\"border: 0px solid transparent;\" align=\"left\" width=\"129\">Tene\u2019Hito<\/td>\n<\/tr>\n<tr>\n<td style=\"border: 0px solid transparent; font-weight: bold;\" align=\"right\" width=\"111\">\u00a0Religion<\/td>\n<td style=\"border: 0px solid transparent;\" align=\"left\" width=\"129\">&#8211;<\/td>\n<\/tr>\n<\/tbody>\n<\/table>\n<\/div>\n<p><strong><span style=\"font-size: 24pt;\">Lebenslauf<\/span><\/strong><\/p>\n<p>Gleich nach ihrer Geburt wird Jhalath unter die Obhut von Kralovna Ulestra gestellt. Diese l\u00e4sst Sie in einer staatlichen Einrichtung der Tene\u2019Hito unterbringen welche vor allem f\u00fcr Waisenkinder gedacht ist. Dort erh\u00e4lt Jhalath schon von klein auf eine besondere Ausbildung. Ihr Leben wird immer darauf ausgerichtet sein, im Dienst f\u00fcr ihr Volk etwas von dem zur\u00fcckzugeben, was sie empfangen hat.<\/p>\n<p>Dadurch hat Jhalath nicht wirklich eine Kindheit erlebt, wie es sonst viele freien Spezies kennen. Ihr Alltag war gepr\u00e4gt von Drill, Ausbildung, Etikette, Ausbildung, Drill, Dienst und Drill. In diesem Waisenhaus beginnt Jhalath schon fr\u00fch sich abzusondern. Sie ist am liebsten eine Einzelg\u00e4ngerin. Freundschaften schlie\u00dft sie so gut wie keine. Viel lieber h\u00e4lt sie sich die anderen Kinder auf Distanz.<\/p>\n<p>Als Jhalath neun Jahre alt wird beginnt ein neuer Bereich Ihrer Ausbildung. Sie wird mit Kaelmourn zusammengebracht. Gemeinsam werden sie darauf vorbereitet, einmal mit ihrem Dienst eine hochrangige Person zu unterst\u00fctzen. Man unterrichtet die beiden von da an nur noch abgesondert von den anderen Kindern. Sie lernen einige der bekannten Sprachen wie F\u00f6nderationsstandard, klingonisch, romulanisch, vulkanisch, andorianisch usw. Ebenso erhalten sie eine Extraausbildung im Bereich Diplomatie, Interstellarer Handel, diversen Kampftechniken, Raumschiffflug, Raumschifftaktik, Bodenkampf, Technik und noch einige Bereiche mehr.<\/p>\n<p>Mit 35 absolviert Jhalath den \u00dcbergangsritus. Sie bringt sieben Vor\u2019naa Schw\u00e4nze von der Oberfl\u00e4che mit zur\u00fcck. Die Jagd liegt ihr sozusagen im Blut.<\/p>\n<p>4436 wird Jhalath als Attach\u00e9 Ilvaria Taishi Feder\u2019eshon zugeteilt. Sie begleitet diese an Bord der USS Oydssey.<\/p>\n<hr \/>\n<p><strong><span style=\"font-size: 24pt;\">Psychologisches Profil<\/span><\/strong><\/p>\n<p>Jhalath ist eine Einzelg\u00e4ngerin. Sie versieht ihren Dienst mit Leidenschaft und gro\u00dfer Hingabe. Sie ist gegen\u00fcber Ilvaria absolut treu. Allerdings hat sie durchaus auch eine eigene Ansicht und versteht nicht warum man sich der F\u00f6deration anbiedert. Sie sieht als ihre Aufgabe an f\u00fcr den Schutz von Ilvaria Taishi zu sorgen. Daf\u00fcr w\u00fcrde sie auch zu extremen Mitteln greifen.<br \/>\nIhr Temperament ist ihre gr\u00f6\u00dfte Schw\u00e4che. Sie wirkt zwar nach Au\u00dfen k\u00fchl und distanziert wie die meisten Tene\u2019Hito doch sie \u00e4rgert sich wesentlich schneller und leichter als Ilvaria. Dabei ist sie durchaus noch ungest\u00fcm.<br \/>\nSie macht keinen Hehl daraus, dass die Tene\u2019Hito anderen Kulturen \u00fcberlegen sind.<\/p>\n<hr \/>\n<p><strong><span style=\"font-size: 24pt;\">St\u00e4rken\/Schw\u00e4chen<\/span><\/strong><\/p>\n<p><b>Positiv:<\/b><\/p>\n<ul>\n<li>Sehr Treu und loyal<\/li>\n<li>Gute Nahk\u00e4mpferin<\/li>\n<li>Gute Pilotin<\/li>\n<\/ul>\n<p><b>Negativ:<\/b><\/p>\n<ul>\n<li>Arrogant<\/li>\n<li>Ungest\u00fcm<\/li>\n<li>Verschlossen<\/li>\n<\/ul>\n<p><b>Vorlieben:<\/b><\/p>\n<ul>\n<li>Mit ihrem Messer zu spielen<\/li>\n<li>Fliegen<\/li>\n<\/ul>\n<p><b>Abneigungen:<\/b><\/p>\n<ul>\n<li>Kann Mara Jade nicht leiden<\/li>\n<li>Kaffee<\/li>\n<li>Bequeme Sternenflottenoffiziere<\/li>\n<\/ul>\n<p><b>Spezialgebiete:<\/b><\/p>\n<ul>\n<li>Gute Pilotin<\/li>\n<li>Nahkampf, taktischer Kampf<\/li>\n<\/ul>\n<p><b>Besonderheiten der eigenen Spezies:<\/b><\/p>\n<ul>\n<li>Immun gegen\u00fcber Tele- und Empathie<\/li>\n<li>Nachtsicht<\/li>\n<li>Anf\u00e4llig f\u00fcr Krankheiten und helles Licht<\/li>\n<\/ul>\n<hr \/>\n<p><strong><span style=\"font-size: 24pt;\">Medizinisches Profil:<\/span><\/strong><\/p>\n<p>Jhalath ist noch eine sehr junge Tene\u2019Hito, trotzdem wei\u00dft ihr K\u00f6rper schon viele, gut verheilte Verletzungen und Knochenbr\u00fcche auf. Sie hat drei Z\u00e4hne verloren bei ihrem \u00dcbergangsritus, diese wurden fachkundig ersetzt. Wie alle Tene\u2019Hito ist sie gegen\u00fcber vielen Krankheiten anf\u00e4llig, deshalb muss sie regelm\u00e4\u00dfig einen medizinischen Cocktail zu sich nehmen.<\/p>\n<hr \/>\n<p><strong><span style=\"font-size: 24pt;\">Spielhilfe:<\/span><\/strong><\/p>\n<p>Jhalath ist eine Einzelg\u00e4ngerin. Man wird sie nur selten ohne Ilvaria sehen. Sie mi\u00dftraut jedem, der kein Tene\u2019Hito ist. Besonder mi\u00dftraut sich jedem, der der Botschafterin zu Nahe kommt. Sie gibt in Gespr\u00e4chen nur einsilbige Antworten. Ihr Blick ist kalt und hart. \u00dcberhaupt wirkt sie wie eine Feder, die die ganze Zeit angespannt ist und nur darauf wartet losgelassen zu werden.<br \/>\nObwohl sie eine lange Geschichte und Verbindung mit Kaelmourn hat, ist es schwer zu sagen ob sie ihn mag oder verabscheut.<br \/>\nEs wirkt so als seien Gef\u00fchle ihr vollkommen fremd. Sollte man sie allerdings reizen oder Ilvaria gef\u00e4hrlich werden, dann merkt man schnell, dass sie durchaus eine gro\u00dfe Wut in sich tr\u00e4gt. Jhalath kontrolliert diese Wut meistens. Sollte man sie allerdings w\u00fctend erleben, dann ist es ratsam ihr aus dem Weg zu gehen.<\/p>\n<hr \/>\n<p><strong><span style=\"font-size: 24pt;\">Klassifzierte Sektion<\/span><\/strong><\/p>\n<p>&#8211;<\/p>\n","protected":false},"excerpt":{"rendered":"<p>Jhalath Tsuin &nbsp; Jhalath Tsuin Status NPC Spieler Friddi H. Dienstliche Informationen Ranggrafik Rang Attach\u00e9 der Botschafterin Posten Tsuin Stationierung USB Midgard Biographische Informationen Heimatplanet Hito VII Geburtsjahr 4394 (2374 nach menschlicher Zeitrechnung) Eltern Eintrag gel\u00f6scht Geschwister Eintrag gel\u00f6scht Physische Beschreibung Spezies Tene\u2019Hito Geschlecht weiblich Gr\u00f6\u00dfe 1,67 m Gewicht 59 kg Haarfarbe wei\u00df Augenfarbe rot&#8230;<\/p>\n<p class=\"more-link-wrap\"><a href=\"https:\/\/sf-germany.com\/einheiten\/usb-midgard\/usb-midgard-sb-61\/die-crew\/jhalath-tsuin\/\" class=\"more-link\">Read More<span class=\"screen-reader-text\"> &ldquo;Jhalath Tsuin&rdquo;<\/span> &raquo;<\/a><\/p>\n","protected":false},"author":1,"featured_media":0,"parent":75,"menu_order":21,"comment_status":"closed","ping_status":"closed","template":"","meta":{"footnotes":""},"class_list":["post-185","page","type-page","status-publish","hentry"],"_links":{"self":[{"href":"https:\/\/sf-germany.com\/einheiten\/usb-midgard\/wp-json\/wp\/v2\/pages\/185","targetHints":{"allow":["GET"]}}],"collection":[{"href":"https:\/\/sf-germany.com\/einheiten\/usb-midgard\/wp-json\/wp\/v2\/pages"}],"about":[{"href":"https:\/\/sf-germany.com\/einheiten\/usb-midgard\/wp-json\/wp\/v2\/types\/page"}],"author":[{"embeddable":true,"href":"https:\/\/sf-germany.com\/einheiten\/usb-midgard\/wp-json\/wp\/v2\/users\/1"}],"replies":[{"embeddable":true,"href":"https:\/\/sf-germany.com\/einheiten\/usb-midgard\/wp-json\/wp\/v2\/comments?post=185"}],"version-history":[{"count":3,"href":"https:\/\/sf-germany.com\/einheiten\/usb-midgard\/wp-json\/wp\/v2\/pages\/185\/revisions"}],"predecessor-version":[{"id":227,"href":"https:\/\/sf-germany.com\/einheiten\/usb-midgard\/wp-json\/wp\/v2\/pages\/185\/revisions\/227"}],"up":[{"embeddable":true,"href":"https:\/\/sf-germany.com\/einheiten\/usb-midgard\/wp-json\/wp\/v2\/pages\/75"}],"wp:attachment":[{"href":"https:\/\/sf-germany.com\/einheiten\/usb-midgard\/wp-json\/wp\/v2\/media?parent=185"}],"curies":[{"name":"wp","href":"https:\/\/api.w.org\/{rel}","templated":true}]}}