{"id":182,"date":"2022-10-06T19:34:22","date_gmt":"2022-10-06T17:34:22","guid":{"rendered":"http:\/\/sf-germany.com\/einheiten\/usb-midgard\/?page_id=182"},"modified":"2023-08-26T13:01:36","modified_gmt":"2023-08-26T11:01:36","slug":"skyla-lyma","status":"publish","type":"page","link":"https:\/\/sf-germany.com\/einheiten\/usb-midgard\/usb-midgard-sb-61\/die-crew\/skyla-lyma\/","title":{"rendered":"Skyla Lyma"},"content":{"rendered":"<table style=\"background: none; border: 0px solid #ffffff; font-weight: bold;\" border=\"0\" width=\"95%\" cellspacing=\"5\" cellpadding=\"5\" align=\"center\">\n<tbody>\n<tr>\n<td style=\"background: none; border-radius: 1em; border: 0px solid #003366; box-shadow: 0.1em 0.1em 0.5em rgba(0,0,0,0.75); -moz-border-radius: 1em; -webkit-border-radius: 1em; -moz-box-shadow: 0.1em 0.1em 0.5em rgba(0, 0, 0, 0.75); -webkit-box-shadow: 0.1em 0.1em 0.5em rgba(0, 0, 0, 0.75);\" colspan=\"5\" rowspan=\"3\" align=\"center\" valign=\"middle\">\n<h2><b>Skyla Lyma<\/b><\/h2>\n<\/td>\n<\/tr>\n<\/tbody>\n<\/table>\n<div style=\"float: right; margin-left: 15px; margin-bottom: 15px; font-size: 12px;\">\n<table style=\"background: none; border-radius: 1em; border: 0px solid #003366; margin-bottom: 15px; margin-left: 15px; float: right; box-shadow: 0.1em 0.1em 0.5em rgba(0,0,0,0.75); -moz-border-radius: 1em; -webkit-border-radius: 1em; -moz-box-shadow: 0.1em 0.1em 0.5em rgba(0, 0, 0, 0.75); -webkit-box-shadow: 0.1em 0.1em 0.5em rgba(0, 0, 0, 0.75);\" border=\"0\" width=\"270\" cellspacing=\"10\" align=\"right\">\n<tbody>\n<tr>\n<td style=\"border: 0px solid transparent; font-weight: bold;\" colspan=\"2\" align=\"center\" width=\"240\"><a href=\"https:\/\/sf-germany.com\/einheiten\/usb-midgard\/wp-content\/uploads\/2023\/04\/Sky_1.jpg\" rel=\"lightbox-0\"><img loading=\"lazy\" decoding=\"async\" class=\"aligncenter wp-image-124\" src=\"https:\/\/sf-germany.com\/einheiten\/usb-midgard\/wp-content\/uploads\/2023\/04\/Sky_1.jpg\" alt=\"\" width=\"150\" height=\"225\" \/><\/a><\/td>\n<\/tr>\n<tr>\n<td style=\"border: 0px solid transparent; font-weight: bold;\" colspan=\"2\" align=\"center\" width=\"240\"><b>Skyla Lyma<\/b><\/td>\n<\/tr>\n<tr>\n<td style=\"border: 0px solid transparent; font-weight: bold;\" align=\"right\" width=\"111\">Status<\/td>\n<td style=\"border: 0px solid transparent;\" align=\"left\" width=\"129\">PC<\/td>\n<\/tr>\n<tr>\n<td style=\"border: 0px solid transparent; font-weight: bold;\" align=\"right\" width=\"111\">Spieler<\/td>\n<td style=\"border: 0px solid transparent;\" align=\"left\" width=\"129\"><a href=\"https:\/\/www.sf-germany.org\/cgi-bin\/visitenkarte.pl?spieler=234\">Skyla<\/a><\/td>\n<\/tr>\n<tr>\n<td style=\"background: #555555; border-radius: 1em; border: 0px solid #003366; font-weight: bold; box-shadow: 0.1em 0.1em 0.5em rgba(0,0,0,0.75); -webkit-border-radius: 1em; -webkit-box-shadow: 0.1em 0.1em 0.5em rgba(0, 0, 0, 0.75);\" colspan=\"2\" align=\"center\" width=\"240\">Dienstliche Informationen<\/td>\n<\/tr>\n<tr>\n<td style=\"border: 0px solid transparent; font-weight: bold;\" align=\"right\" width=\"111\">Ranggrafik<\/td>\n<td style=\"border: 0px solid transparent;\" align=\"left\" width=\"129\"><a href=\"https:\/\/sf-germany.com\/einheiten\/usb-midgard\/wp-content\/uploads\/2022\/10\/commodore.png\" rel=\"lightbox-1\"><img loading=\"lazy\" decoding=\"async\" class=\"alignright size-full wp-image-183\" src=\"https:\/\/sf-germany.com\/einheiten\/usb-midgard\/wp-content\/uploads\/2023\/02\/r-a1.png\" alt=\"\" width=\"128\" height=\"32\" \/><\/a><\/td>\n<\/tr>\n<tr>\n<td style=\"border: 0px solid transparent; font-weight: bold;\" align=\"right\" width=\"111\">Rang<\/td>\n<td style=\"border: 0px solid transparent;\" align=\"left\" width=\"129\">Commodore<\/td>\n<\/tr>\n<tr>\n<td style=\"border: 0px solid transparent; font-weight: bold;\" align=\"right\" width=\"111\">Posten<\/td>\n<td style=\"border: 0px solid transparent;\" align=\"left\" width=\"129\">CO<\/td>\n<\/tr>\n<tr>\n<td style=\"border: 0px solid transparent; font-weight: bold;\" align=\"right\" width=\"111\">Stationierung<\/td>\n<td style=\"border: 0px solid transparent;\" align=\"left\" width=\"129\">USB Midgard<\/td>\n<\/tr>\n<tr>\n<td style=\"background: #555555; border-radius: 1em; border: 0px solid #003366; font-weight: bold; box-shadow: 0.1em 0.1em 0.5em rgba(0,0,0,0.75); -webkit-border-radius: 1em; -webkit-box-shadow: 0.1em 0.1em 0.5em rgba(0, 0, 0, 0.75);\" colspan=\"2\" align=\"center\" width=\"240\">Biographische Informationen<\/td>\n<\/tr>\n<tr>\n<td style=\"border: 0px solid transparent; font-weight: bold;\" align=\"right\" width=\"111\">Geburtsjahr<\/td>\n<td style=\"border: 0px solid transparent;\" align=\"left\" width=\"129\">2370<\/td>\n<\/tr>\n<tr>\n<td style=\"border: 0px solid transparent; font-weight: bold;\" align=\"right\" width=\"111\">Familienstand<\/td>\n<td style=\"border: 0px solid transparent;\" align=\"left\" width=\"129\">ledig<\/td>\n<\/tr>\n<tr>\n<td style=\"border: 0px solid transparent; font-weight: bold;\" align=\"right\" width=\"111\">Eltern<\/td>\n<td style=\"border: 0px solid transparent;\" align=\"left\" width=\"129\">Mutter:<br \/>\nSuzanne Lyma<\/td>\n<\/tr>\n<tr>\n<td style=\"border: 0px solid transparent; font-weight: bold;\" align=\"right\" width=\"111\">Geschwister<\/td>\n<td style=\"border: 0px solid transparent;\" align=\"left\" width=\"129\">&#8211;<\/td>\n<\/tr>\n<tr>\n<td style=\"background: #555555; border-radius: 1em; border: 0px solid #003366; font-weight: bold; box-shadow: 0.1em 0.1em 0.5em rgba(0,0,0,0.75); -webkit-border-radius: 1em; -webkit-box-shadow: 0.1em 0.1em 0.5em rgba(0, 0, 0, 0.75);\" colspan=\"2\" align=\"center\" width=\"240\">Physische Beschreibung<\/td>\n<\/tr>\n<tr>\n<td style=\"border: 0px solid transparent; font-weight: bold;\" align=\"right\" width=\"111\">Spezies<\/td>\n<td style=\"border: 0px solid transparent;\" align=\"left\" width=\"129\">Sylener<\/td>\n<\/tr>\n<tr>\n<td style=\"border: 0px solid transparent; font-weight: bold;\" align=\"right\" width=\"111\">Geschlecht<\/td>\n<td style=\"border: 0px solid transparent;\" align=\"left\" width=\"129\">weiblich<\/td>\n<\/tr>\n<tr>\n<td style=\"border: 0px solid transparent; font-weight: bold;\" align=\"right\" width=\"111\">Gr\u00f6\u00dfe<\/td>\n<td style=\"border: 0px solid transparent;\" align=\"left\" width=\"129\">199 cm<\/td>\n<\/tr>\n<tr>\n<td style=\"border: 0px solid transparent; font-weight: bold;\" align=\"right\" width=\"111\">Gewicht<\/td>\n<td style=\"border: 0px solid transparent;\" align=\"left\" width=\"129\">85kg<\/td>\n<\/tr>\n<tr>\n<td style=\"border: 0px solid transparent; font-weight: bold;\" align=\"right\" width=\"111\">Haarfarbe<\/td>\n<td style=\"border: 0px solid transparent;\" align=\"left\" width=\"129\">Wei\u00df<\/td>\n<\/tr>\n<tr>\n<td style=\"border: 0px solid transparent; font-weight: bold;\" align=\"right\" width=\"111\">Augenfarbe<\/td>\n<td style=\"border: 0px solid transparent;\" align=\"left\" width=\"129\">eisblau<\/td>\n<\/tr>\n<tr>\n<td style=\"border: 0px solid transparent; font-weight: bold;\" align=\"right\" width=\"111\">Aussehen<\/td>\n<td style=\"border: 0px solid transparent;\" align=\"left\" width=\"129\">helle Hautfarbe<\/td>\n<\/tr>\n<tr>\n<td style=\"border: 0px solid transparent; font-weight: bold;\" align=\"right\" width=\"111\">Verhalten<\/td>\n<td style=\"border: 0px solid transparent;\" align=\"left\" width=\"129\">k\u00fchl\/distanziert<\/td>\n<\/tr>\n<tr>\n<td style=\"background: #555555; border-radius: 1em; border: 0px solid #003366; font-weight: bold; box-shadow: 0.1em 0.1em 0.5em rgba(0,0,0,0.75); -webkit-border-radius: 1em; -webkit-box-shadow: 0.1em 0.1em 0.5em rgba(0, 0, 0, 0.75);\" colspan=\"2\" align=\"center\" width=\"240\">Politische informationen<\/td>\n<\/tr>\n<tr>\n<td style=\"border: 0px solid transparent; font-weight: bold;\" align=\"right\" width=\"111\">B\u00fcrgerschaft<\/td>\n<td style=\"border: 0px solid transparent;\" align=\"left\" width=\"129\">Sylene<\/td>\n<\/tr>\n<tr>\n<td style=\"border: 0px solid transparent; font-weight: bold;\" align=\"right\" width=\"111\"><\/td>\n<td style=\"border: 0px solid transparent;\" align=\"left\" width=\"129\"><\/td>\n<\/tr>\n<\/tbody>\n<\/table>\n<\/div>\n<p><strong><span style=\"font-size: 24pt;\">Lebenslauf<\/span><\/strong><\/p>\n<p>Geboren 2370 auf dem nicht zur F\u00f6deration geh\u00f6renden, aber seit 324 Jahren von Menschen besiedelten Planeten Sylene im System der Sonne Mykonos. Tochter von Suzanne Lyma. Im Alter von 12 Jahren wurde die Mutter ermordet, seither Vollwaise. Schlug sich bis zum Alter von 16 als Stra\u00dfenkind mit diversen Gaunereien und Dienstleistungen durch.<\/p>\n<p>Sylene ist ein Minenplanet, auf dem nur der Profit der Minen z\u00e4hlt, Menschenrechte werden nicht beachtet. Der Planet ist ein beliebter Umschlagplatz von Schmuggelgut und anderen illegalen Waren und Dienstleistungen. Aufstieg in der Hierarchie des Planeten nur m\u00f6glich durch Geburt oder besondere Begabungen und Merkmale, wie z.B. Aussehen oder Skrupellosigkeit. Das so genannte Gesetz sch\u00fctzt auf Sylene immer die M\u00e4chtigen. Hast du Macht, Einfluss und\/oder Geld, kannst du dir auf Sylene alles erlauben.<\/p>\n<p>Die Besiedelung Sylenes erfolgte noch durch Slowships, mit den Siedlern in Kryostase. Die Aufbaujahre Sylenes waren durch Entbehrungen seitens der Bev\u00f6lkerung und Seuchen gekennzeichnet. Da Sylene ein Eisplanet ist, musste die Bev\u00f6lkerung mittels hydroponischen G\u00e4rten und \u00fcberkuppelten Farmen sowie Konzentratnahrung versorgt werden. Erst die Entdeckung des Planeten durch andere raumfahrende Rassen brachte die \u00fcberlichtschnelle Raumfahrt und bis dahin viel weiterentwickelte Technologie wieder auf den Planeten. Die verschiedenen Rassen erkannten bald die strategisch g\u00fcnstige Lage eines Planeten ohne ernsthafte Gesetzgebung sowie seiner Rohstoffressourcen und lie\u00dfen ihm seine Unabh\u00e4ngigkeit. Heute ist auf Sylene fast jede raumfahrende Rasse vertreten, wenn auch viel galaktischer Abschaum dort zu finden ist. Der Planet bietet sich z.B.: f\u00fcr Ferengis oder Briem als unkontrollierter Handelsplatz.<\/p>\n<p>Sylene war inzwischen reich genug, um seine Unabh\u00e4ngigkeit durch eine stetig wachsende Flotte zu sch\u00fctzen.<\/p>\n<p>Skyla erkannte schon bald, dass sie von diesem Planeten weg wollte. Ihr Aufstieg in der sylesischen Hierarchie begann, als sie im Alter von 16 Jahren Sr. Ian Desmoins seinen Kreditchip auf offener Stra\u00dfe stahl und ihn ihm dann zur\u00fcck gab. Desmoins, zu der Zeit Kommandant der lokalen Polizei erkannte ihren Mut und Geschick und nahm sie in seine pers\u00f6nliche Truppe auf.<\/p>\n<p>Einmal in der N\u00e4he der Macht begann ihr Aufstieg. Skylas jahrelange Erfahrung auf den Strassen Sylene Centrals, ihr Wille zum Erfolg, ihre Zielstrebigkeit und Skrupellosigkeit brachten sie bald an die Spitze von Sylenes Sicherheitsstruktur.<\/p>\n<p>Ihr endg\u00fcltiger Durchbruch war die Niederschlagung des gro\u00dfen Minenarbeiteraufstandes von 2392, als sie durch eine List die F\u00fchrer des gewaltt\u00e4tigen Aufstandes festsetzte und sie so &#8211; entgegen ihren Befehlen sie hinzurichten &#8211; zu Verhandlungen mit den Chefs der Company zwang. Als Endergebnis wurde der La\u00b4aren Minenkomplex, Sylesias gr\u00f6\u00dfte Tritium-Mine, den die Aufst\u00e4ndischen besetzt gehalten hatten, ohne gr\u00f6\u00dfere Produktionsausf\u00e4lle oder Besch\u00e4digungen gerettet. Die schlie\u00dflich getroffene Vereinbarung brachte nicht nur den Minenarbeitern bessere Arbeits- und Lebensbedingungen, sondern steigerte dadurch auch die Produktivit\u00e4t der Mine. Au\u00dferdem machte der Vertrag Skyla reich &#8211; sie hatte sich 2% des Gewinns der Produktionssteigerung gesichert.<\/p>\n<p>Das sylenische Regierungssystem, welches von den gro\u00dfen Minencompanies dominiert wird, \u00fcbernahm Skylas Vereinbarungen mit der La\u00b4aren Mine auch f\u00fcr alle anderen Minen Sylenes &#8211; und machten Skyla so noch reicher.<\/p>\n<p>Sie selbst verlor aber ihr Ziel, Sylene zu verlassen nie aus den Augen. Ihrem Ziel einen Schritt n\u00e4her kam sie, als der Pr\u00e4sident Sylenes von einer galaxisweiten Mafiaorganisation ermordet wurde. Ihr Chef, Ian Desmoins wurde aufgrund der nachfolgenden Unruhen zum Chef der sylenischen Space Navy, einer damals noch relativ kleinen aber schlagkr\u00e4ftigen Flotte von Schiffen, welche das System der Sonne Mykonos kontrollierte und gegen Piraterie und andere unfreundliche \u00dcbergriffe sch\u00fctzte.<\/p>\n<p>Skylas Stern stieg weiter, als sie die M\u00f6rder des Pr\u00e4sidenten ausfindig machte, und &#8211; obwohl keiner der Attent\u00e4ter diese Begegnung \u00fcberlebte &#8211; so den Mafia\u00fcbernahmeversuch von au\u00dfen verhinderte.<\/p>\n<p>Sowohl der sylenischen Regierung, und mit ihr auch den Companies war die Tragweite dieser Leistung bewusst.<\/p>\n<p>Skyla nutzte ihren neuen Einfluss, um auch zur Raumflotte zu gehen. Inzwischen war sie 22, und hatte sich durch verschiedene Fortbildungskurse nicht nur ihre Kenntnisse in Nahkampftechniken verfeinert, sondern auch im Erfahrungen im infiltrieren von fremden Computersystemen, crowd-control, Taktik und Strategie gesammelt. Au\u00dferdem hat sie ein sehr gut ausgepr\u00e4gtes Improvisationstalent.<\/p>\n<p>Einmal bei der sylenischen Sternenflotte setzte sie ihre Studien fort, machte ihren Abschluss in Flottenstrategie, belegte vertiefende Kurse in Hochenergietechnik und Kybernetik, und erhielt au\u00dferdem noch eine abgeschlossene Ausbildung als Kampfpilotin f\u00fcr Jagdschiffe der sylenischen LAU-Klasse. Mit 26 war sie Kommandantin von Sylenes damals gr\u00f6\u00dfter COU &#8211; Carrier Offensive Unit &#8211; der Jinx Mistress.<\/p>\n<p>In diesem Jahr hatte sie auch ihren ersten direkten Kontakt mit der Sternenflotte der F\u00f6deration. Ein Forschungsschiff, die USS John Paul Hook, war nach einer Plasma Explosion schwer besch\u00e4digt im Schwerkraftschacht eines Gasriesen in einem benachbarten Sonnensystem gefangen.<\/p>\n<p>Skylas Schiff war das Einzige nahe genug um noch rechtzeitig zur Hilfe kommen zu k\u00f6nnen. Also setzte sie sich \u00fcber alle ihre gegenteiligen Befehle hinweg und flog los (Sie nannte das &#8222;Befehle anpassen&#8220;).<\/p>\n<p>Als die Jinx Mistress bei dem Gasriesen ankam, war die John Paul Hook schon so tief im Schwerkraftschacht, dass eine Rettung des Schiffes mit Skylas Bordmitteln nicht mehr m\u00f6glich war. Die ionengeladene Atmosph\u00e4re des Planeten verhinderte beamen auf lange Entfernungen, also musste sie den Abstand zwischen den beiden Schiffen verringern. Skylas Flug mit der Jinx Mistress durch die Atmosph\u00e4re des Gasriesen war riskant, und richtete auf ihrem Schiff einiges an Sch\u00e4den an &#8211; die Jinx Mistress &#8211; niemals f\u00fcr den Flug in Atmosph\u00e4ren ausgelegt &#8211; hatte mehrere H\u00fcllenbr\u00fcche zu verzeichnen &#8211; aber es gelang ihr, alle \u00dcberlebenden der Hook zu bergen.<\/p>\n<p>Erfolg rechtfertigt vieles, so bekam sie zur\u00fcck auf Sylene einen Orden anstatt des Kriegsgerichtsverfahrens welches sie erwarte hatte, gekoppelt mit einer Einladung der Sternenflotte die Starfleet Academy als Austauschoffizier zu besuchen.<\/p>\n<p>Skyla nahm nat\u00fcrlich an.<\/p>\n<p>Daher ist Sternenflotten-Captain Lyma inzwischen auch Commodore der SSN, und in beiden Navys mit aktivem Patent.<\/p>\n<p>Die politische Situation Sylenes hat sich seit dem Eintritt von Skyla in die Sternenflotte gewandelt. Aus dem Ein-Planeten-Staat ist ein mehrere Planeten umspannendes Reich mit einer gro\u00dfen Navy geworden &#8211; die Sylenische Hegemonie.<\/p>\n<p>Infos dazu unter:<br \/>\n<a href=\"https:\/\/de.groups.yahoo.com\/group\/USS-Achilles\/message\/3158\">https:\/\/de.groups.yahoo.com\/group\/USS-Achilles\/message\/3158<\/a><br \/>\n<a href=\"https:\/\/de.groups.yahoo.com\/group\/USS-Achilles\/message\/3161\">https:\/\/de.groups.yahoo.com\/group\/USS-Achilles\/message\/3161<\/a><br \/>\n<a href=\"https:\/\/de.groups.yahoo.com\/group\/USS-Achilles\/message\/3165\">https:\/\/de.groups.yahoo.com\/group\/USS-Achilles\/message\/3165<\/a><br \/>\n<a href=\"https:\/\/de.groups.yahoo.com\/group\/USS-Achilles\/message\/3168\">https:\/\/de.groups.yahoo.com\/group\/USS-Achilles\/message\/3168<\/a><\/p>\n<p>Einige Hintergrundinfos zu Skylas Laufbahn in der SSN:<br \/>\n<a href=\"https:\/\/de.groups.yahoo.com\/group\/USS-Achilles\/message\/4042\">https:\/\/de.groups.yahoo.com\/group\/USS-Achilles\/message\/4042<\/a><br \/>\n<a href=\"https:\/\/de.groups.yahoo.com\/group\/USS-Achilles\/message\/843\">https:\/\/de.groups.yahoo.com\/group\/USS-Achilles\/message\/843<\/a><br \/>\n<a href=\"https:\/\/de.groups.yahoo.com\/group\/JV_5\/message\/2431\">https:\/\/de.groups.yahoo.com\/group\/JV_5\/message\/2431<\/a><\/p>\n<p>Und ein paar Posts zu Skys Vergangenheit als CSO:<br \/>\n<a href=\"https:\/\/de.groups.yahoo.com\/group\/USS-Bell\/message\/1304\">de.groups.yahoo.com\/group\/USS-Bell\/message\/1304<\/a><br \/>\n<a href=\"https:\/\/de.groups.yahoo.com\/group\/USS-Bell\/message\/1310\">de.groups.yahoo.com\/group\/USS-Bell\/message\/1310<\/a><br \/>\n<a href=\"https:\/\/de.groups.yahoo.com\/group\/USS-Bell\/message\/1313\">de.groups.yahoo.com\/group\/USS-Bell\/message\/1313<\/a><br \/>\n<a href=\"https:\/\/de.groups.yahoo.com\/group\/USS-Bell\/message\/1322\">de.groups.yahoo.com\/group\/USS-Bell\/message\/1322<\/a><\/p>\n<p><strong>Traditionen:<\/strong> Aufgrund der besonderen Situation der Kolonie auf Sylesia steht das Wohl der Menge immer unabdingbar \u00fcber dem Wohl des Einzelnen Alle akzeptieren das, und sind auch bereit f\u00fcr die Menge zu sterben.<br \/>\n<strong>Glauben:<\/strong> nur an sich selbst, unersch\u00fctterlicher Glaube an Ihre eigenen F\u00e4higkeiten. Arbeitet als Teil eines Teams wenn notwendig, zieht aber eigenverantwortliche Operationen vor.<br \/>\nSehr enge Beziehung zu ihrem ehemaligen Chef\/Mentor\/Geliebten\/Vertrauten Sr. Ian DesMoines, dem derzeitigen Pr\u00e4sidenten der neugegr\u00fcndeten Hegemonie Sylene<br \/>\n<strong>Ambitionen:<\/strong> weg von Sylene, sie hat ein sehr ambivalentes Verh\u00e4ltnis zum Planeten ihrer Geburt<br \/>\n<strong>Hobbies:<\/strong> Alte B\u00fccher, Kampfsport, ihren J\u00e4ger Chrysla fliegen, den sie \u00fcberall mithin nimmt, Tar-Aym-Krangs trinken, am besten mit echtem sylesianischen ICE &#8211; der einzig wahre Tar! Und deren manchmal zuviele&#8230;<br \/>\n<strong>Verdruss\/\u00c4rgerlichkeiten:<\/strong> Nicht immer bereit, Befehlen zu folgen wenn sie eine bessere M\u00f6glichkeit sieht, reagiert dann ungehalten. Reagiert heftig bis zu gewaltt\u00e4tig auf ungewollte sexuelle Angebote.<br \/>\n<strong>Empfehlungsschreiben:<\/strong> Vom Kapit\u00e4n der verlorenen John Paul Hook<br \/>\n<strong>Disziplinare Vermerke:<\/strong> Stur, legt manche Befehle unkonventionell aus, um ihren Vorstellungen zu entsprechen, wenn sie eine bessere L\u00f6sung hat<br \/>\n<strong>Auszeichnungen:<\/strong>\u00a0diverse Tapferkeitsorden<\/p>\n<hr \/>\n<p><strong><span style=\"font-size: 24pt;\">Psychologisches Profil<\/span><\/strong><\/p>\n<p>K\u00fchl, berechnend, unkonventionell und skrupellos, ist meist sehr geradlinig in der Verfolgung ihrer Ziele, kann aber auch hinterh\u00e4ltig sein.<br \/>\nSie ist bereit hohe Risiken eingehen wenn sie sie als gerechtfertigt sieht.<\/p>\n<p>Spricht nicht gerne \u00fcber ihre Kindheit, oder ihren Aufstieg in der sylenischen Hierarchie. Viele Erinnerungen an die sie nicht unbedingt erinnert werden m\u00f6chte.<\/p>\n<p><strong>Reizbarkeit:<\/strong>\u00a0Niedrig<\/p>\n<p><strong>Nervosit\u00e4t:<\/strong>\u00a0Niedrig<\/p>\n<p><strong>Verschlossenheit (Einzelg\u00e4ngertum):<\/strong>\u00a0Auf pers\u00f6nlicher Ebene sehr, aufgrund ihrer Erfahrung auf der Strasse. Sehr teamf\u00e4hig mit Personen die sie als kompetent ansieht, zieht aber eigenverantwortliche Missionen vor<\/p>\n<hr \/>\n<p><strong><span style=\"font-size: 24pt;\">Spezialgebiete<\/span><\/strong><\/p>\n<p>Zivile Vorbildung<br \/>\nStra\u00dfenkind Erfahrung<br \/>\nSpricht aufgrund ihrer Kindheit verschiedene Sprachen flie\u00dfend (klingonisch, ferengi, cardassianisch) rudiment\u00e4re Kenntnisse einiger anderer Sprachen.<br \/>\nK\u00e4lteunempfindlichkeit, durch generationenlanges leben in Eish\u00f6hlen. Daf\u00fcr wenig Toleranz f\u00fcr Hitzen<\/p>\n<hr \/>\n<p><strong><span style=\"font-size: 24pt;\">Hobbies<\/span><\/strong><\/p>\n<p>Espresso trinken<\/p>\n<hr \/>\n<p><strong><span style=\"font-size: 24pt;\">Medizinisches Profil<\/span><\/strong><\/p>\n<p>Gesund, diverse Bioimplantate anstelle von im Einsatz zerst\u00f6rten Knochen<\/p>\n<hr \/>\n<p><strong><span style=\"font-size: 24pt;\">Haustier<\/span><\/strong><\/p>\n<p>Dingsbums, ein V2-Tribble.<br \/>\nEine fliegende, pelzige Kreatur vom Sonnenplaneten.<br \/>\nF\u00fcr gew\u00f6hnlich ist Dingsbums immer bei ihr, um Skylas Hals gewickelt und in seine eigene Schwanzspitze verbissen. Ansonsten sitzt er gerne auf den Lehnen von Skys St\u00fchlen, wo er durch Ber\u00fchrung losen Kontatkt mit ihr h\u00e4lt.<\/p>\n<p>&#8222;Dingens&#8220; liebt Waln\u00fcsse, die er mit seinen messerscharfen Z\u00e4hnen und geschickten H\u00e4nden problemlos \u00f6ffnen kann<br \/>\nDer V2-Tribble ist telepathisch begabt und offensichtlich von einer gewissen &#8211; noch unbekannten &#8211; Intelligenz.<br \/>\nEr verf\u00fcgt au\u00dferdem \u00fcber die F\u00e4higkeit, Personen die mit ihm in Ber\u00fchrung sind, vor Telepathen und Empathen abzuschirmen und hat sehr starke Verteidigungsf\u00e4higkeiten, sollte er sich angegriffen f\u00fchlen<br \/>\nAu\u00dferdem verf\u00fcgt er \u00fcber sehr scharfe Krallen (\u00e4hnlich die einer Katze) sowie messerscharfe Z\u00e4hne.<br \/>\nEr reagiert auf Emotionen in seiner Umgebung, aber in erster Linie auf die von Skyla und hat mit ihr eine Art thelepathischer Verbindung aufgebaut, die es Sky und Dingens erm\u00f6glicht, Bilder und Emotionen auszutauschen. Direkte Sprache ist keine m\u00f6glich, aber f\u00fcr eine einfache Kommunikation reicht es. Dingsbums mu\u00df dazu aber K\u00f6rperkontakt zu Sky haben.<br \/>\nSein K\u00f6rper ist sehr wandelbar, von lang und schmal zu rund und kugelig &#8211; ein Zeichen von Wohlbefinden.<br \/>\nDingsbums kann fliegen, zieht es aber vor, getragen zu werden. Seine Fl\u00fcgel verschwinden im angelegten Zustand unsichtbar in seinem Fell.<\/p>\n<hr \/>\n<p><strong><span style=\"font-size: 24pt;\">Klassifzierte Sektion<\/span><\/strong><\/p>\n<p>keine Eintr\u00e4ge<\/p>\n","protected":false},"excerpt":{"rendered":"<p>Skyla Lyma Skyla Lyma Status PC Spieler Skyla Dienstliche Informationen Ranggrafik Rang Commodore Posten CO Stationierung USB Midgard Biographische Informationen Geburtsjahr 2370 Familienstand ledig Eltern Mutter: Suzanne Lyma Geschwister &#8211; Physische Beschreibung Spezies Sylener Geschlecht weiblich Gr\u00f6\u00dfe 199 cm Gewicht 85kg Haarfarbe Wei\u00df Augenfarbe eisblau Aussehen helle Hautfarbe Verhalten k\u00fchl\/distanziert Politische informationen B\u00fcrgerschaft Sylene Lebenslauf&#8230;<\/p>\n<p class=\"more-link-wrap\"><a href=\"https:\/\/sf-germany.com\/einheiten\/usb-midgard\/usb-midgard-sb-61\/die-crew\/skyla-lyma\/\" class=\"more-link\">Read More<span class=\"screen-reader-text\"> &ldquo;Skyla Lyma&rdquo;<\/span> &raquo;<\/a><\/p>\n","protected":false},"author":1,"featured_media":0,"parent":75,"menu_order":0,"comment_status":"closed","ping_status":"closed","template":"","meta":{"footnotes":""},"class_list":["post-182","page","type-page","status-publish","hentry"],"_links":{"self":[{"href":"https:\/\/sf-germany.com\/einheiten\/usb-midgard\/wp-json\/wp\/v2\/pages\/182","targetHints":{"allow":["GET"]}}],"collection":[{"href":"https:\/\/sf-germany.com\/einheiten\/usb-midgard\/wp-json\/wp\/v2\/pages"}],"about":[{"href":"https:\/\/sf-germany.com\/einheiten\/usb-midgard\/wp-json\/wp\/v2\/types\/page"}],"author":[{"embeddable":true,"href":"https:\/\/sf-germany.com\/einheiten\/usb-midgard\/wp-json\/wp\/v2\/users\/1"}],"replies":[{"embeddable":true,"href":"https:\/\/sf-germany.com\/einheiten\/usb-midgard\/wp-json\/wp\/v2\/comments?post=182"}],"version-history":[{"count":9,"href":"https:\/\/sf-germany.com\/einheiten\/usb-midgard\/wp-json\/wp\/v2\/pages\/182\/revisions"}],"predecessor-version":[{"id":923,"href":"https:\/\/sf-germany.com\/einheiten\/usb-midgard\/wp-json\/wp\/v2\/pages\/182\/revisions\/923"}],"up":[{"embeddable":true,"href":"https:\/\/sf-germany.com\/einheiten\/usb-midgard\/wp-json\/wp\/v2\/pages\/75"}],"wp:attachment":[{"href":"https:\/\/sf-germany.com\/einheiten\/usb-midgard\/wp-json\/wp\/v2\/media?parent=182"}],"curies":[{"name":"wp","href":"https:\/\/api.w.org\/{rel}","templated":true}]}}