{"id":180,"date":"2022-10-06T19:29:29","date_gmt":"2022-10-06T17:29:29","guid":{"rendered":"http:\/\/sf-germany.com\/einheiten\/usb-midgard\/?page_id=180"},"modified":"2022-12-17T13:34:07","modified_gmt":"2022-12-17T12:34:07","slug":"ert","status":"publish","type":"page","link":"https:\/\/sf-germany.com\/einheiten\/usb-midgard\/usb-midgard-sb-61\/die-crew\/paul-reinert\/ert\/","title":{"rendered":"Ert"},"content":{"rendered":"<table style=\"background: none; border: 0px solid #ffffff; font-weight: bold;\" border=\"0\" width=\"95%\" cellspacing=\"5\" cellpadding=\"5\" align=\"center\">\n<tbody>\n<tr>\n<td style=\"background: none; border-radius: 1em; border: 0px solid #003366; box-shadow: 0.1em 0.1em 0.5em rgba(0,0,0,0.75); -webkit-border-radius: 1em; -moz-border-radius: 1em; -moz-box-shadow: 0.1em 0.1em 0.5em rgba(0, 0, 0, 0.75); -webkit-box-shadow: 0.1em 0.1em 0.5em rgba(0, 0, 0, 0.75);\" colspan=\"5\" rowspan=\"3\" align=\"center\" valign=\"middle\">\n<h2><strong>Ert<\/strong><\/h2>\n<\/td>\n<\/tr>\n<\/tbody>\n<\/table>\n<p>&nbsp;<\/p>\n<div style=\"float: right; margin-left: 15px; margin-bottom: 15px; font-size: 11px; width: 300px; padding-left: 10px; padding-right: 10px;\">\n<table style=\"background: none; border-radius: 1em; border: 0px solid #003366; margin-bottom: 15px; margin-left: 15px; float: right; box-shadow: 0.1em 0.1em 0.5em rgba(0,0,0,0.75); -webkit-border-radius: 1em; -moz-border-radius: 1em; -moz-box-shadow: 0.1em 0.1em 0.5em rgba(0, 0, 0, 0.75); -webkit-box-shadow: 0.1em 0.1em 0.5em rgba(0, 0, 0, 0.75);\" border=\"1\" width=\"250\" cellspacing=\"10\" align=\"right\">\n<tbody>\n<tr>\n<td style=\"border: 0px solid transparent; font-weight: bold;\" colspan=\"2\" align=\"center\" width=\"250\"><a href=\"https:\/\/sf-germany.com\/einheiten\/usb-midgard\/wp-content\/uploads\/2022\/10\/Nopic-1.png\" rel=\"lightbox-0\"><img loading=\"lazy\" decoding=\"async\" class=\"aligncenter wp-image-124\" src=\"https:\/\/sf-germany.com\/einheiten\/usb-midgard\/wp-content\/uploads\/2022\/10\/Nopic-1.png\" alt=\"\" width=\"150\" height=\"225\" \/><\/a><\/td>\n<\/tr>\n<tr>\n<td style=\"border: 0px solid transparent; font-weight: bold;\" colspan=\"2\" align=\"center\" width=\"250\">Ert (eigentlich: Ert %)<\/td>\n<\/tr>\n<tr>\n<td style=\"border: 0px solid transparent; font-weight: bold;\" align=\"right\" width=\"111\">Status<\/td>\n<td style=\"border: 0px solid transparent;\" align=\"left\" width=\"129\">NPC<\/td>\n<\/tr>\n<tr>\n<td style=\"border: 0px solid transparent; font-weight: bold;\" align=\"right\" width=\"111\">Spieler<\/td>\n<td style=\"border: 0px solid transparent;\" align=\"left\" width=\"129\">Lasse W.<\/td>\n<\/tr>\n<tr>\n<td style=\"background: #555555; border-radius: 1em; border: 0px solid #003366; font-weight: bold; box-shadow: 0.1em 0.1em 0.5em rgba(0,0,0,0.75); -webkit-border-radius: 1em; -webkit-box-shadow: 0.1em 0.1em 0.5em rgba(0, 0, 0, 0.75);\" colspan=\"2\" align=\"center\" width=\"240\">Dienstliche Informationen<\/td>\n<\/tr>\n<tr>\n<td style=\"border: 0px solid transparent; font-weight: bold;\" align=\"right\" width=\"111\">Besitzer<\/td>\n<td style=\"border: 0px solid transparent;\" align=\"left\" width=\"129\">Paul Reinert<\/td>\n<\/tr>\n<tr>\n<td style=\"border: 0px solid transparent; font-weight: bold;\" align=\"right\" width=\"111\">Wurfnamen<\/td>\n<td style=\"border: 0px solid transparent;\" align=\"left\" width=\"129\">Winterblossoms Cheesecake flavoured Doughnut<\/td>\n<\/tr>\n<tr>\n<td style=\"border: 0px solid transparent; font-weight: bold;\" align=\"right\" width=\"111\">Rufname<\/td>\n<td style=\"border: 0px solid transparent;\" align=\"left\" width=\"129\">Ert (eigentlich: Ert %)<\/td>\n<\/tr>\n<tr>\n<td style=\"border: 0px solid transparent; font-weight: bold;\" align=\"right\" width=\"111\">Alias<\/td>\n<td style=\"border: 0px solid transparent;\" align=\"left\" width=\"129\">Cheesy (vom Z\u00fcchter)<br \/>\ns\u00fc\u00dfer Fratz (als Welpe)<br \/>\nEy!<br \/>\nMistvieh<\/td>\n<\/tr>\n<tr>\n<td style=\"border: 0px solid transparent; font-weight: bold;\" align=\"right\" width=\"111\">Vater<\/td>\n<td style=\"border: 0px solid transparent;\" align=\"left\" width=\"129\">Oberr\u00f6hrbachs Das ist mein Keks<\/td>\n<\/tr>\n<tr>\n<td style=\"border: 0px solid transparent; font-weight: bold;\" align=\"right\" width=\"111\">Mutter<\/td>\n<td style=\"border: 0px solid transparent;\" align=\"left\" width=\"129\">Winterblossoms Ask me anything<\/td>\n<\/tr>\n<tr>\n<td style=\"border: 0px solid transparent; font-weight: bold;\" align=\"right\" width=\"111\">Geschwister<\/td>\n<td style=\"border: 0px solid transparent;\" align=\"left\" width=\"129\">6<\/td>\n<\/tr>\n<tr>\n<td style=\"background: #555555; border-radius: 1em; border: 0px solid #003366; font-weight: bold; box-shadow: 0.1em 0.1em 0.5em rgba(0,0,0,0.75); -webkit-border-radius: 1em; -webkit-box-shadow: 0.1em 0.1em 0.5em rgba(0, 0, 0, 0.75);\" colspan=\"2\" align=\"center\" width=\"250\">Physische Beschreibung<\/td>\n<\/tr>\n<tr>\n<td style=\"border: 0px solid transparent; font-weight: bold;\" align=\"right\" width=\"111\">Spezies<\/td>\n<td style=\"border: 0px solid transparent;\" align=\"left\" width=\"129\">Labrador Retriever<\/td>\n<\/tr>\n<tr>\n<td style=\"border: 0px solid transparent; font-weight: bold;\" align=\"right\" width=\"111\">Geschlecht<\/td>\n<td style=\"border: 0px solid transparent;\" align=\"left\" width=\"129\">m\u00e4nnlich<\/td>\n<\/tr>\n<tr>\n<td style=\"border: 0px solid transparent; font-weight: bold;\" align=\"right\" width=\"111\">Wurftag<\/td>\n<td style=\"border: 0px solid transparent;\" align=\"left\" width=\"129\">4.9.2417<\/td>\n<\/tr>\n<tr>\n<td style=\"border: 0px solid transparent; font-weight: bold;\" align=\"right\" width=\"111\">Gr\u00f6\u00dfe<\/td>\n<td style=\"border: 0px solid transparent;\" align=\"left\" width=\"129\">0,56 m<\/td>\n<\/tr>\n<tr>\n<td style=\"border: 0px solid transparent; font-weight: bold;\" align=\"right\" width=\"111\">Gewicht<\/td>\n<td style=\"border: 0px solid transparent;\" align=\"left\" width=\"129\">45 kg<\/td>\n<\/tr>\n<tr>\n<td style=\"border: 0px solid transparent; font-weight: bold;\" align=\"right\" width=\"111\">Haarfarbe<\/td>\n<td style=\"border: 0px solid transparent;\" align=\"left\" width=\"129\">dunkelbraun, kurz<\/td>\n<\/tr>\n<tr>\n<td style=\"border: 0px solid transparent; font-weight: bold;\" align=\"right\" width=\"111\">Augenfarbe<\/td>\n<td style=\"border: 0px solid transparent;\" align=\"left\" width=\"129\">dunkelbraun<\/td>\n<\/tr>\n<tr>\n<td style=\"background: #555555; border-radius: 1em; border: 0px solid #003366; font-weight: bold; box-shadow: 0.1em 0.1em 0.5em rgba(0,0,0,0.75); -webkit-border-radius: 1em; -webkit-box-shadow: 0.1em 0.1em 0.5em rgba(0, 0, 0, 0.75);\" colspan=\"2\" align=\"center\" width=\"250\">Politische Informationen<\/td>\n<\/tr>\n<tr>\n<td style=\"border: 0px solid transparent; font-weight: bold;\" align=\"right\" width=\"111\">\u00a0Religion<\/td>\n<td style=\"border: 0px solid transparent;\" align=\"left\" width=\"129\">gro\u00dfer Wuff<\/td>\n<\/tr>\n<\/tbody>\n<\/table>\n<\/div>\n<p><strong><span style=\"font-size: 24pt;\">Lebenslauf<\/span><\/strong><\/p>\n<p>Ert erblickte als vierter von sieben Welpen (2W 5M) das Licht der Welt (wobei er rassebedingt bei der Geburt blind war). Er wuchs mit seinen Geschwistern und der Mutterh\u00fcndin auf, bis er im Alter von 12 Wochen von seinem neuen Besitzer Paul Reinert abgeholt wurde (als letzter der<br \/>\nWelpen). Seitdem lebte er mit Paul an verschiedenen Orten in einer WG zusammen, und auch wenn es zwischen den beiden immer mal wieder Unstimmigkeiten gibt ist Ert \u00fcberzeugt, es mit seinem Menschen ganz gut getroffen zu haben.<\/p>\n<p>&nbsp;<\/p>\n<hr \/>\n<p><strong><span style=\"font-size: 24pt;\">Psychologisches Profil<\/span><\/strong><\/p>\n<p>Ert ist ein leidenschaftlicher Esser, ein Hobby, das man ihm auch ansieht. Der Geschmack seiner Nahrung spielt f\u00fcr ihn dabei zwar durchaus eine Rolle (kann aber f\u00fcr den menschlichen Gaumen gew\u00f6hnungsbed\u00fcrftig sein), wichtiger ist ihm jedoch die Menge. M\u00e4kelig ist er dabei jedoch nicht, er verspeist nahezu alles, was man als Nahrung bezeichnen kann (und auch ein paar Dinge mehr).<br \/>\nEine weitere gro\u00dfe Leidenschaft von Ert ist das baden. Er liebt Wasser in jeder Form, sei es um richtig darin zu Schwimmen, oder nur am Ufer zu planschen. Und wenn kein ausreichend gro\u00dfes Gew\u00e4sser verf\u00fcgbar ist nimmt er ersatzweise auch gerne eine schlammige Pf\u00fctze. Regen macht ihm nichts aus, erstaunlicherweise hat er jedoch eine ausgepr\u00e4gte Abneigung gegen\u00fcber Duschwasser. Er jagd gerne, ist jedoch durch seine k\u00f6rperliche Verfassung nicht zu ausgedehnten Hetz- oder Spurjagden in der Lage, weshalb er sich zumeist darauf beschr\u00e4nkt, Katzen, Eichh\u00f6rnchen, Hasen, Rehe, Enten und vergleichbare Tiere mit einem kurzen Sprint in deren Richtung von seinen<br \/>\nF\u00e4higkeiten zu \u00fcberzeugen.<\/p>\n<p>Ert hat eine Schw\u00e4che f\u00fcr Innengestaltung. Er kann Stunden damit verbringen, Gegenst\u00e4nde in seiner und Pauls Wohnung zu verr\u00e4umen und auszutesten, ob sie sich an einem anderen Ort nicht besser machen. Dinge, die seinem \u00e4sthetischen Empfinden nicht gen\u00fcgen, zerlegt er gerne in ihre Einzelteile, was Paul die sp\u00e4tere Beseitigung erleichtert. Menschen und anderen Hunden gegen\u00fcber ist er sehr aufgeschlossen und freundlich. Solange kein Futter im Spiel ist ist er sehr umg\u00e4nglich. Au\u00dferdem hat er eine gute Nase daf\u00fcr ob ihm von einem anderen Wesen<br \/>\n\u00c4rger droht und geht diesem gegebenenfalls aus dem Weg. Mit Paul verbindet ihn eine tiefe Freundschaft, der auch die immer wiederkehrenden Streitereien (wer bekommt den letzen Keks, muss ein Hund abends nochmal Gasi gehen, wer hat Anrecht auf den gr\u00f6\u00dferen Teil des Betts) bisher wenig anhaben konnte. Auch wenn Paul in einen Augen viele Fehler macht und schlecht erzogen ist, so liebt er seinen Menschen.<\/p>\n<hr \/>\n<p><strong><span style=\"font-size: 24pt;\">K\u00f6rperliche Besonderheiten<\/span><\/strong><\/p>\n<p>Sehr gutes Geh\u00f6r; kann leisere Ger\u00e4usche wahrnehmen als ein Mensch und deren Ursprung pr\u00e4ziser lokalisieren; kann ein gegen\u00fcber Menschen vergr\u00f6\u00dfertes Frequenzspektrum wahrnehmen. Hervorragender Geruchssinn. Ert ist in der Lage, feinste Geruchsr\u00fcckst\u00e4nde wahrzunehmen und daraus r\u00fcckzuschlie\u00dfen, wer vor wie langer Zeit an einem Ort war. Er kann die Gem\u00fctslage seines Gegen\u00fcbers sprichw\u00f6rtlich &#8218;riechen&#8216; und sogar Geruchsspuren zu deren Quelle folgen; besonders ausgepr\u00e4gt scheint diese F\u00e4higkeit bei essbaren Substanzen zu sein.<\/p>\n<p>Ert verf\u00fcgt \u00fcber gute D\u00e4mmerungssicht und ausgepr\u00e4gtes Bewegungssehen, allerdings ist er farbenblind und kurzsichtig, weshalb er sich auf gr\u00f6\u00dfere Distanzen zumeist auf seine anderen Sinne verl\u00e4sst. In seiner Nase befindet sich ein Organ, mit dem er W\u00e4rmever\u00e4nderungen deutlich feiner aufl\u00f6sen kann als Menschen, und das er auf kurze Entfernung auch zur Orientierung verwednen kann. K\u00f6rperlich ist er bedingt durch sein \u00dcbergewicht in keiner guten Verfassung, insbesondere seine Kondition l\u00e4sst zu w\u00fcnschen \u00fcbrig. Er selbst zeigt wenig Interesse daran, etwas an diesem Zustand zu \u00e4ndern, man k\u00f6nnte ihn als typische &#8218;Sofakartoffel&#8216; bezeichnen. Ert verf\u00fcgt nur an den Pfoten \u00fcber Schwei\u00dfdr\u00fcsen; die Regelung seiner K\u00f6rpertemperatur erfolgt gr\u00f6\u00dftenteils \u00fcber das Maul (&#8218;hecheln&#8216;). Ger\u00e4t er in eine Umgebung, in der er \u00fcber das hecheln seine Temperatur nicht gut genug herunterregeln kann (z.B. ein in der prallen Sonne abgestelltes Shuttle) kann es schnell zu einem Kreislaufkollaps kommen. An seiner linken Schulter befindet sich ein Implantat, das bei Aktivierung eine Identifikationsnummer sendet und auch zur Ortung<br \/>\nverwendet werden kann. Es wurde ihm ohne sein Einverst\u00e4ndnis im Alter von 7 Wochen eingesetzt, da es ihn im Alltag jedoch nicht behindert, hat er es inzwischen v\u00f6llig vergessen.<\/p>\n<hr \/>\n<p><strong><span style=\"font-size: 24pt;\">Klassifzierte Sektion<\/span><\/strong><\/p>\n<p>Wuff<\/p>\n<p>&nbsp;<\/p>\n<p>&nbsp;<\/p>\n","protected":false},"excerpt":{"rendered":"<p>Ert &nbsp; Ert (eigentlich: Ert %) Status NPC Spieler Lasse W. Dienstliche Informationen Besitzer Paul Reinert Wurfnamen Winterblossoms Cheesecake flavoured Doughnut Rufname Ert (eigentlich: Ert %) Alias Cheesy (vom Z\u00fcchter) s\u00fc\u00dfer Fratz (als Welpe) Ey! Mistvieh Vater Oberr\u00f6hrbachs Das ist mein Keks Mutter Winterblossoms Ask me anything Geschwister 6 Physische Beschreibung Spezies Labrador Retriever Geschlecht&#8230;<\/p>\n<p class=\"more-link-wrap\"><a href=\"https:\/\/sf-germany.com\/einheiten\/usb-midgard\/usb-midgard-sb-61\/die-crew\/paul-reinert\/ert\/\" class=\"more-link\">Read More<span class=\"screen-reader-text\"> &ldquo;Ert&rdquo;<\/span> &raquo;<\/a><\/p>\n","protected":false},"author":1,"featured_media":0,"parent":177,"menu_order":0,"comment_status":"closed","ping_status":"closed","template":"","meta":{"footnotes":""},"class_list":["post-180","page","type-page","status-publish","hentry"],"_links":{"self":[{"href":"https:\/\/sf-germany.com\/einheiten\/usb-midgard\/wp-json\/wp\/v2\/pages\/180","targetHints":{"allow":["GET"]}}],"collection":[{"href":"https:\/\/sf-germany.com\/einheiten\/usb-midgard\/wp-json\/wp\/v2\/pages"}],"about":[{"href":"https:\/\/sf-germany.com\/einheiten\/usb-midgard\/wp-json\/wp\/v2\/types\/page"}],"author":[{"embeddable":true,"href":"https:\/\/sf-germany.com\/einheiten\/usb-midgard\/wp-json\/wp\/v2\/users\/1"}],"replies":[{"embeddable":true,"href":"https:\/\/sf-germany.com\/einheiten\/usb-midgard\/wp-json\/wp\/v2\/comments?post=180"}],"version-history":[{"count":2,"href":"https:\/\/sf-germany.com\/einheiten\/usb-midgard\/wp-json\/wp\/v2\/pages\/180\/revisions"}],"predecessor-version":[{"id":225,"href":"https:\/\/sf-germany.com\/einheiten\/usb-midgard\/wp-json\/wp\/v2\/pages\/180\/revisions\/225"}],"up":[{"embeddable":true,"href":"https:\/\/sf-germany.com\/einheiten\/usb-midgard\/wp-json\/wp\/v2\/pages\/177"}],"wp:attachment":[{"href":"https:\/\/sf-germany.com\/einheiten\/usb-midgard\/wp-json\/wp\/v2\/media?parent=180"}],"curies":[{"name":"wp","href":"https:\/\/api.w.org\/{rel}","templated":true}]}}