{"id":177,"date":"2022-10-06T19:27:46","date_gmt":"2022-10-06T17:27:46","guid":{"rendered":"http:\/\/sf-germany.com\/einheiten\/usb-midgard\/?page_id=177"},"modified":"2022-12-17T13:33:55","modified_gmt":"2022-12-17T12:33:55","slug":"paul-reinert","status":"publish","type":"page","link":"https:\/\/sf-germany.com\/einheiten\/usb-midgard\/usb-midgard-sb-61\/die-crew\/paul-reinert\/","title":{"rendered":"Paul Reinert"},"content":{"rendered":"<table style=\"background: none; border: 0px solid #ffffff; font-weight: bold;\" border=\"0\" width=\"95%\" cellspacing=\"5\" cellpadding=\"5\" align=\"center\">\n<tbody>\n<tr>\n<td style=\"background: none; border-radius: 1em; border: 0px solid #003366; box-shadow: 0.1em 0.1em 0.5em rgba(0,0,0,0.75); -webkit-border-radius: 1em; -moz-border-radius: 1em; -moz-box-shadow: 0.1em 0.1em 0.5em rgba(0, 0, 0, 0.75); -webkit-box-shadow: 0.1em 0.1em 0.5em rgba(0, 0, 0, 0.75);\" colspan=\"5\" rowspan=\"3\" align=\"center\" valign=\"middle\">\n<h2><strong>Paul A. Reinert<\/strong><\/h2>\n<\/td>\n<\/tr>\n<\/tbody>\n<\/table>\n<p>&nbsp;<\/p>\n<div style=\"float: right; margin-left: 15px; margin-bottom: 15px; font-size: 11px; width: 300px; padding-left: 10px; padding-right: 10px;\">\n<table style=\"background: none; border-radius: 1em; border: 0px solid #003366; margin-bottom: 15px; margin-left: 15px; float: right; box-shadow: 0.1em 0.1em 0.5em rgba(0,0,0,0.75); -webkit-border-radius: 1em; -moz-border-radius: 1em; -moz-box-shadow: 0.1em 0.1em 0.5em rgba(0, 0, 0, 0.75); -webkit-box-shadow: 0.1em 0.1em 0.5em rgba(0, 0, 0, 0.75);\" border=\"1\" width=\"250\" cellspacing=\"10\" align=\"right\">\n<tbody>\n<tr>\n<td style=\"border: 0px solid transparent; font-weight: bold;\" colspan=\"2\" align=\"center\" width=\"250\"><a href=\"https:\/\/sf-germany.com\/einheiten\/usb-midgard\/wp-content\/uploads\/2022\/10\/Nopic-1.png\" rel=\"lightbox-0\"><img loading=\"lazy\" decoding=\"async\" class=\"wp-image-124 aligncenter\" src=\"https:\/\/sf-germany.com\/einheiten\/usb-midgard\/wp-content\/uploads\/2022\/10\/Nopic-1.png\" alt=\"\" width=\"150\" height=\"225\" \/><\/a><\/td>\n<\/tr>\n<tr>\n<td style=\"border: 0px solid transparent; font-weight: bold;\" colspan=\"2\" align=\"center\" width=\"250\">Paul Albert Reinert<\/td>\n<\/tr>\n<tr>\n<td style=\"border: 0px solid transparent; font-weight: bold;\" align=\"right\" width=\"111\">Status<\/td>\n<td style=\"border: 0px solid transparent;\" align=\"left\" width=\"129\">NPC<\/td>\n<\/tr>\n<tr>\n<td style=\"border: 0px solid transparent; font-weight: bold;\" align=\"right\" width=\"111\">Spieler<\/td>\n<td style=\"border: 0px solid transparent;\" align=\"left\" width=\"129\">Lasse W.<\/td>\n<\/tr>\n<tr>\n<td style=\"background: #555555; border-radius: 1em; border: 0px solid #003366; font-weight: bold; box-shadow: 0.1em 0.1em 0.5em rgba(0,0,0,0.75); -webkit-border-radius: 1em; -webkit-box-shadow: 0.1em 0.1em 0.5em rgba(0, 0, 0, 0.75);\" colspan=\"2\" align=\"center\" width=\"240\">Dienstliche Informationen<\/td>\n<\/tr>\n<tr>\n<td style=\"border: 0px solid transparent; font-weight: bold; vertical-align: middle;\" align=\"right\" width=\"111\">Ranggrafik<\/td>\n<td style=\"border: 0px solid transparent;\" align=\"left\" width=\"129\"><a href=\"https:\/\/sf-germany.com\/einheiten\/usb-midgard\/wp-content\/uploads\/2022\/10\/ens_gelb.png\" rel=\"lightbox-1\"><img loading=\"lazy\" decoding=\"async\" class=\"alignleft wp-image-123\" src=\"https:\/\/sf-germany.com\/einheiten\/usb-midgard\/wp-content\/uploads\/2022\/10\/ens_gelb.png\" alt=\"\" width=\"100\" height=\"25\" \/><\/a><\/td>\n<\/tr>\n<tr>\n<td style=\"border: 0px solid transparent; font-weight: bold;\" align=\"right\" width=\"111\">Rang<\/td>\n<td style=\"border: 0px solid transparent;\" align=\"left\" width=\"129\">Ensign<\/td>\n<\/tr>\n<tr>\n<td style=\"border: 0px solid transparent; font-weight: bold;\" align=\"right\" width=\"111\">Posten<\/td>\n<td style=\"border: 0px solid transparent;\" align=\"left\" width=\"129\">COMM<\/td>\n<\/tr>\n<tr>\n<td style=\"border: 0px solid transparent; font-weight: bold;\" align=\"right\" width=\"111\">Stationierung<\/td>\n<td style=\"border: 0px solid transparent;\" align=\"left\" width=\"129\">USB Midgard<\/td>\n<\/tr>\n<tr>\n<td style=\"background: #555555; border-radius: 1em; border: 0px solid #003366; font-weight: bold; box-shadow: 0.1em 0.1em 0.5em rgba(0,0,0,0.75); -webkit-border-radius: 1em; -webkit-box-shadow: 0.1em 0.1em 0.5em rgba(0, 0, 0, 0.75);\" colspan=\"2\" align=\"center\" width=\"250\">Biographische Informationen<\/td>\n<\/tr>\n<tr>\n<td style=\"border: 0px solid transparent; font-weight: bold;\" align=\"right\" width=\"111\">Geburtstag<\/td>\n<td style=\"border: 0px solid transparent;\" align=\"left\" width=\"129\">16.7.2396<\/td>\n<\/tr>\n<tr>\n<td style=\"border: 0px solid transparent; font-weight: bold;\" align=\"right\" width=\"111\">Geburtsort<\/td>\n<td style=\"border: 0px solid transparent;\" align=\"left\" width=\"129\">St\u00e4dtisches Klinikum, Mellingheim, Faldosa III<\/td>\n<\/tr>\n<tr>\n<td style=\"border: 0px solid transparent; font-weight: bold;\" align=\"right\" width=\"111\">Familienstand<\/td>\n<td style=\"border: 0px solid transparent;\" align=\"left\" width=\"129\">ledig<\/td>\n<\/tr>\n<tr>\n<td style=\"border: 0px solid transparent; font-weight: bold;\" align=\"right\" width=\"111\">Eltern<\/td>\n<td style=\"border: 0px solid transparent;\" align=\"left\" width=\"129\">Steffan Reinert<br \/>\nTanja Reinert, geb. Fuchs<\/td>\n<\/tr>\n<tr>\n<td style=\"border: 0px solid transparent; font-weight: bold;\" align=\"right\" width=\"111\">Geschwister<\/td>\n<td style=\"border: 0px solid transparent;\" align=\"left\" width=\"129\">Kevin Werner, geb. 6.6.2398<br \/>\nLisa Marie, geb. 4.7.2401<br \/>\nClaudia Emmy, geb. 17.1.2405<\/td>\n<\/tr>\n<tr>\n<td style=\"border: 0px solid transparent; font-weight: bold;\" align=\"right\" width=\"111\">Kinder<\/td>\n<td style=\"border: 0px solid transparent;\" align=\"left\" width=\"129\">Keine (von denen er w\u00fcsste)<\/td>\n<\/tr>\n<tr>\n<td style=\"background: #555555; border-radius: 1em; border: 0px solid #003366; font-weight: bold; box-shadow: 0.1em 0.1em 0.5em rgba(0,0,0,0.75); -webkit-border-radius: 1em; -webkit-box-shadow: 0.1em 0.1em 0.5em rgba(0, 0, 0, 0.75);\" colspan=\"2\" align=\"center\" width=\"250\">Physische Beschreibung<\/td>\n<\/tr>\n<tr>\n<td style=\"border: 0px solid transparent; font-weight: bold;\" align=\"right\" width=\"111\">Spezies<\/td>\n<td style=\"border: 0px solid transparent;\" align=\"left\" width=\"129\">Mensch<\/td>\n<\/tr>\n<tr>\n<td style=\"border: 0px solid transparent; font-weight: bold;\" align=\"right\" width=\"111\">Geschlecht<\/td>\n<td style=\"border: 0px solid transparent;\" align=\"left\" width=\"129\">m\u00e4nnlich<\/td>\n<\/tr>\n<tr>\n<td style=\"border: 0px solid transparent; font-weight: bold;\" align=\"right\" width=\"111\">Gr\u00f6\u00dfe<\/td>\n<td style=\"border: 0px solid transparent;\" align=\"left\" width=\"129\">1,71 m<\/td>\n<\/tr>\n<tr>\n<td style=\"border: 0px solid transparent; font-weight: bold;\" align=\"right\" width=\"111\">Gewicht<\/td>\n<td style=\"border: 0px solid transparent;\" align=\"left\" width=\"129\">76 kg<\/td>\n<\/tr>\n<tr>\n<td style=\"border: 0px solid transparent; font-weight: bold;\" align=\"right\" width=\"111\">Haarfarbe<\/td>\n<td style=\"border: 0px solid transparent;\" align=\"left\" width=\"129\">dunkelblond, kurz<\/td>\n<\/tr>\n<tr>\n<td style=\"border: 0px solid transparent; font-weight: bold;\" align=\"right\" width=\"111\">Augenfarbe<\/td>\n<td style=\"border: 0px solid transparent;\" align=\"left\" width=\"129\">graugr\u00fcn<\/td>\n<\/tr>\n<tr>\n<td style=\"background: #555555; border-radius: 1em; border: 0px solid #003366; font-weight: bold; box-shadow: 0.1em 0.1em 0.5em rgba(0,0,0,0.75); -webkit-border-radius: 1em; -webkit-box-shadow: 0.1em 0.1em 0.5em rgba(0, 0, 0, 0.75);\" colspan=\"2\" align=\"center\" width=\"250\">Politische Informationen<\/td>\n<\/tr>\n<tr>\n<td style=\"border: 0px solid transparent; font-weight: bold;\" align=\"right\" width=\"111\">B\u00fcrgerschaft<\/td>\n<td style=\"border: 0px solid transparent;\" align=\"left\" width=\"129\">UFP<\/td>\n<\/tr>\n<tr>\n<td style=\"border: 0px solid transparent; font-weight: bold;\" align=\"right\" width=\"111\">\u00a0Religion<\/td>\n<td style=\"border: 0px solid transparent;\" align=\"left\" width=\"129\">&#8211;<\/td>\n<\/tr>\n<\/tbody>\n<\/table>\n<\/div>\n<p><strong><span style=\"font-size: 24pt;\">Lebenslauf<\/span><\/strong><\/p>\n<p>Paul wuchs als \u00c4ltestes von vier Kindern in einem Vorort von Melingheim, der gr\u00f6\u00dften menschlichen Siedlung auf dem Kolonieplaneten Faldosa, unter &#8222;einfachen Verh\u00e4ltnissen&#8220; auf. Weder sein Vater Steffan noch seine Mutter Tanja besa\u00dfen eine qualifizierte Ausbildung, weshalb sie die Familie zumeist mit schlecht entlohnten Hilfsarbeiten, oft f\u00fcr die ebenfalls auf Faldosa ans\u00e4ssigen Ferengi oder Bolianer, durchbringen mussten. Durch insbesondere Steffans harte Arbeit kamen sie zwar immer \u00fcber die Runden, von dem Lebensstandard einer typischen irdischen Familie waren sie jedoch weit entfernt.<\/p>\n<p>Steffen, der sich dessen stets bewusst war, tr\u00e4umte davon, das aus seinen Kindern einmal etwas besseres werden sollte. Deshalb benannte er sie im zweiten Vornamen nach ber\u00fchmten Wissenschaftlern und versuchte sie von Klein auf zu f\u00f6rdern, etwa durch Musikunterricht oder Sachb\u00fccher, die er ihnen anstelle von Spielzeug schenkte. Leider besa\u00df Steffan selbst keinerlei Talent daf\u00fcr, seinen Kindern Spa\u00df am Lernen zu vermitteln und sorgte mit seinen ungelenken Lehrversuchen und seiner nach einem langen arbeitstag oft schlechten Laune eher daf\u00fcr, das sich das Klima innerhalb der Familie anspannte.<\/p>\n<p>Pauls Jugend war dementsprechend von Spannungen gepr\u00e4gt. Mit seinem Vater, der von Paul Dinge erwartete von denen er selbst oft nicht wusste wie sie funktionieren sollten, mit seinem Umfeld, das auf ihn ob seiner begrenzten Mittel herabblickte, der Schule, die ihm oft mehr abverlangte als er zu investieren bereit war, aber auch mit seinen Geschwistern, mit denen er st\u00e4ndig um die begrenzten Ressourcen und die Aufmerksamkeit der Eltern konkurrieren musste. Er entwickelte in dieser Zeit einen guten Instinkt daf\u00fcr, wann ihm wo Ungemach drohte, und wurde gut darin, diesem aus dem Weg zu gehen oder ihn zumindest auszusitzen.<\/p>\n<p>Ausgleich suchte er sich in seinem Freundeskreis. Zwar gab es auch hier gelegentlich Probleme, die nicht selten aus Pauls Charaktereigenschaften resultierten, aber unter Gleichaltrigen fand er gut Anschlu\u00df und galt im Gro\u00dfen und Ganzen als guter und weitgehend zuverl\u00e4ssiger Kumpel.<\/p>\n<p>Paul war kein guter Sch\u00fcler, das Abitur bestand er mehr schlecht als recht. W\u00e4hrend sein Vater es ungeachtet der Endnote als Erfolg seiner Erzehungsma\u00dfnahmen f\u00fcr sich beanspruchte, waren seine Lehrer eher entt\u00e4uscht, da Paul ihrer Meinung nach deutlich beser h\u00e4tte abschneiden k\u00f6nnen, wenn er sich einfach nur mehr M\u00fche gegeben h\u00e4tte. Paul selbst war in erster Linie froh, die Schule hinter sich zu haben und nun sein eigenes Leben fernab seiner Familie, mit der er zunehmend \u00fcber Kreuz lag, beginnen zu k\u00f6nnen &#8211; auch wenn er zu diesem Zeitpunkt noch nicht wusste, wie es aussehen sollte.<\/p>\n<p>Das Paul sich an der Sternenflottenakademie einschrieb lag denn auch weniger an dem Wunsch, ferne Sterne zu erkunden und fremde Zivilisationen zu entdecken, sondern an deutlich elementareren Dingen: Die Erde lag weit weg von Faldosa und seiner Familie, und die Akademie w\u00fcrde sich f\u00fcr ihn um Unterkunft, Verpflegung und was sonst noch n\u00f6tig war k\u00fcmmern, und die einzige Person aus seiner Verwandschaft, zu der Paul wirklich aufsehen mochte, hatte auch diesen Weg gew\u00e4hlt. Und das eine sehr gute Freundin von ihm sich ebenfalls eingeschrieben hatte d\u00fcrfte ebenfalls eine Rolle gespielt haben.<\/p>\n<p>In den ersten Jahren an der Akademie blieben Pauls Leistungen in den meisten F\u00e4chern unterdurchschnittlich, was wie auf Faldosa en erster Linie auf seinen mangelnden Lernwillen zur\u00fcckzuf\u00fchren war. Er verbrachte seine Zeit lieber mit Feiern und Freunden, als in der Bibliothek. In dieser Zeit legte er sich auch einen jungen Labrador Retriever zu, einfach weil &#8218;Frauen auf Welpen stehen&#8216;, und nannte ihn &#8222;Ert %&#8220;.<\/p>\n<p>Allerdings gab es viele kleine Dinge, die sich nach und nach manifestierten und ihm zu denken gaben: das alle seiner Freunde besser waren als er und schon konkrete Pl\u00e4ne f\u00fcr die Zeit nach der Akademie hatten, w\u00e4hrend er nur in den Tag hinein lebte. Das er immer \u00f6fter mitleidig bis scheel angestarrt wurde, wenn er mal wieder unangenehm im Unterricht auffiel, und er wenn Gruppen gebildet wurden immer \u00f6fter als letzter gew\u00e4hlt wurde. Und vor allem, das er wohl nach Faldosa zu seiner Familie zur\u00fcckkriechen m\u00fcsste, wenn er es auf der Akademie vermasselte.<\/p>\n<p>Also setzte er sich irgendwann auf seinen Hosenboden und begann zu, ersten Mal in seinem Leben ernsthaft zu lernen. Es war eine harte und ungewohnte Erfahrung f\u00fcr ihn, und mehrfach war er kurz davor die Akademie sausen zu lassen, doch die &#8218;kleinen Dinge&#8216; trieben ihn weiter um und fr\u00fcher oder sp\u00e4ter machte er weiter. Seine Leistungen zogen an, und er schaffte es schliesslich die Abschlusspr\u00fcfung mit einem akzeptablen Notendurchschnitt zu bestehen.<\/p>\n<p>Da Paul es vers\u00e4umt hatte, an der Akademie einen Wunschposten anzugeben, wurde er vom FKOM nach seiner Ausbildung als COMM auf die USS Galavant versetzt, eine Akira, deren Einsatzgebiet am Rande der F\u00f6deration, weit weg von den galaktischen Machtzentren oder Konfliktherden lag, mit dem Kalk\u00fcl, das jemand mit seiner Qualifikation hier besser zurecht aufgehoben sei.<\/p>\n<hr \/>\n<p><strong style=\"font-size: 1rem;\"><span style=\"font-size: 24pt;\">Tabellarischer Lebenslauf<\/span><\/strong><\/p>\n<ul>\n<li><strong>2391<\/strong> Geburt<\/li>\n<li><strong>2398<\/strong> Besuch der grundschule Mellingheim West, sp\u00e4ter Wechsel auf die Volksschule und schlie\u00dflich die &#8222;Schule f\u00fcr h\u00f6here Bildung&#8220;<\/li>\n<li><strong>2411<\/strong> Abschlu\u00df der Schule (inklusive einer Ehrenrunde), Einschreibung bei der Sternenflottenakademie<\/li>\n<li><strong>2415<\/strong> Erfolgreicher Abschlu\u00df der Akademie; Ernennung zum F\u00e4hnrich und nach 3 Monaten Wartezeit Versetzung auf die USS Galavant (sp\u00e4ter Odyssey) als Kommunikationsoffizier<\/li>\n<li><strong>2416<\/strong> Versetzung auf eigenen Wunsch auf SB61 (Midgard-Station)<\/li>\n<\/ul>\n<p>&nbsp;<\/p>\n<p>&nbsp;<\/p>\n<hr \/>\n<p><strong><span style=\"font-size: 24pt;\">Orden und Auszeichnungen<\/span><\/strong><a href=\"https:\/\/sf-germany.com\/einheiten\/usb-midgard\/wp-content\/uploads\/2022\/10\/Paul.jpg\" rel=\"lightbox-2\"><img loading=\"lazy\" decoding=\"async\" class=\"alignright wp-image-178\" src=\"https:\/\/sf-germany.com\/einheiten\/usb-midgard\/wp-content\/uploads\/2022\/10\/Paul.jpg\" alt=\"\" width=\"200\" height=\"283\" srcset=\"https:\/\/sf-germany.com\/einheiten\/usb-midgard\/wp-content\/uploads\/2022\/10\/Paul.jpg 620w, https:\/\/sf-germany.com\/einheiten\/usb-midgard\/wp-content\/uploads\/2022\/10\/Paul-212x300.jpg 212w\" sizes=\"auto, (max-width: 200px) 100vw, 200px\" \/><\/a><\/p>\n<p><i>Keine Eintragungen<\/i><\/p>\n<p>&nbsp;<\/p>\n<p>&nbsp;<\/p>\n<p>&nbsp;<\/p>\n<p>&nbsp;<\/p>\n<hr \/>\n<p><strong><span style=\"font-size: 24pt;\">Psychologisches Profil<\/span><\/strong><\/p>\n<p>Paul ist ein Mensch der im jetzt lebt, Vorausplanung ist nicht seine St\u00e4rke.<br \/>\nF\u00fcr ihn ist das was heute passiert wichtiger als das was n\u00e4chste Woche, in einem Monat oder sogar erst in einigen Jahren sein wird, weshalb er durch sein bisheriges Leben eher hindurchgestolpert ist: er ging auf die Schule, weil sein Vater es von ihm wollte, nicht weil er sich dadurch sp\u00e4ter ein besseres Leben erhoffte. Er entschied sich spontan zur Sternenflotte zu gehen, weil er keinen Plan hatte was er nach der Schule machen sollte, und war sich bis zu seinem Abschlu\u00df nicht klar, wo er danach Dienst tun wollte. Auch sein Lernunwille liegt hier begr\u00fcndet &#8211; theoretisch wei\u00df Paul, das es sich sp\u00e4ter auszahlen w\u00fcrde, wenn er eifrig gelernt h\u00e4tte, aber als Alternative zu einem tollen Abend mit den Kumpels im Klub hatte ein Lehrbuch (fast) immer das Nachsehen.<\/p>\n<p>Hinzu kommt, das Paul ein gewisses Tr\u00e4gheitsmoment besitzt. Er braucht eine Weile, um mit neuen Umgebungen oder Menschen zurechtzukommen, und er macht ungern mehr, als er m\u00fcsste, zumal wenn er f\u00fcr sich keinen (unmittelbaren) Vorteil darin erkennt. Kombiniert mit seiner unausgepr\u00e4gten Planung f\u00fchrt dies schon mal dazu, das er unliebsame Aufgaben vor sich her schiebt und erst auf den letzten Dr\u00fccker erledigt, Berichte in Minimalstform erstellt oder pl\u00f6tzlich in selbstverschuldete Zwickm\u00fchlen ger\u00e4t.<br \/>\nGelingt es jedoch, ihn von der Wichtigkeit einer Aufgabe zu \u00fcberzeugen, so kann Paul auch ungeahnte Kr\u00e4fte bei der Erledigung dieser entwickeln &#8211; so kommt sein Quartier mit sch\u00f6ner Regelm\u00e4\u00dfigkeit dann in den Genuss eines &#8218;Fr\u00fchjahrsputzes&#8216;, wenn er in K\u00fcrze Damenbesuch erwartet.<\/p>\n<p>Mit seiner Familie hat Paul ein schlechtes Verh\u00e4ltnis. In seinem Vater sieht er einen Verlierer, der es zu nichts gebracht hat, weswegen er in seiner Kindheit oft geh\u00e4nselt wurde. er wirft ihm seinen schlechten Humor und die oft ebenso schlechte Laune vor, aber auch dessen mangelnde Bildung; das Steffan bei all seinen Fehlern immer alles f\u00fcr seine Familie gegeben hat und Paul selbst sich eher treiben lie\u00df \u00fcberieht er dabei. Mit seinen Geschwistern versteht er sich ebenfalls nicht so gut, da es unter ihnen in der Vergangenheit immer wieder Reibereien gegeben hatte. Das einzige Familienmitglied, auf das er wirklich etwas h\u00e4lt ist eine Gro\u00dftante, die vom Rest der Familie allerdings als Persona non grata angesehen wird, seitdem sie die Hochzeit seines Onkels gesprengt hatte.<\/p>\n<p>Freunde waren f\u00fcr Paul seit langem ein Gegenpol zu seiner unharmonischen Familie, und er ist bem\u00fcht einen stabilen Freundeskreis um sich herum aufzubauen und zu erhalten. Wer es geschafft hat in diesem Kreis zu gelangen kann in Paul einen verl\u00e4sslichen Freund finden, der sich vielleicht zun\u00e4chst aus einer Umzugshilfe herauszureden versucht, wenn er aber zugesagt hat auch kommt und zupackt.<\/p>\n<p>Die wahrscheinlich unangenehmste Eigenschaft Pauls ist es, zu allen m\u00f6glichen passenden oder unpassenden Gelegenheiten (zumeist) schlechte Wortwitze rauszuhauen &#8211; Schlag auf Schlag. Interessanterweise eine Eigenart, die er von seinem Vater hat (die also steffangeboren ist), auch wenn er selbst \u00fcberzeugt ist, wesentlich eloquenter als dieser zu sein (er ist halt nicht aufs Paul gefallen).<\/p>\n<p>Bei all seinen Unarten ist Paul kein dummer Mensch, er nutzt sein Potential blo\u00df zu selten aus. Tief im Inneren wei\u00df er, das es nicht gut ist, wie wenig er in die Zukunft plant und das er st\u00e4rker gegen den inneren Schweinehund angehen m\u00fcsste. Bislang hat entsprechende Auseinandersetzungen jedoch meistens der Hund gewonnen.<\/p>\n<hr \/>\n<p><strong><span style=\"font-size: 24pt;\">Spezialgebiete<\/span><\/strong><\/p>\n<ul>\n<li>Spricht flie\u00dfend Standard, gebrochen Fren und einige Brocken<br \/>\nNausikanisch. Gr\u00f6\u00dftenteils die Brocken, die bei einer diplomatischen<br \/>\nMission nicht hilfreich sind.<\/li>\n<li>Aufbaukurs Kommunikationsprotokolle<\/li>\n<li>Grundkurs Verschl\u00fcsselung<\/li>\n<li>Subraumphysik f\u00fcr Kommunikationstechniker<\/li>\n<li>Kurse in IDV- und NGP-Programmierung<\/li>\n<li>Erstkontaktprotokolle<\/li>\n<li>Erste Hilfe<\/li>\n<li>0g-Hydrokulturen (nach einem halben Semester abgebrochen, weil die<br \/>\nKadettin, wegen der er den Kurs belegt hatte ihm einen Korb gegeben hatte)<\/li>\n<li>Literaturgeschichte des 22. Jahrhunderts (dito)<\/li>\n<li>Historische Kommunikationsmethoden<\/li>\n<li>Grundausbildung Selbstverteidigung<\/li>\n<\/ul>\n<hr \/>\n<p><strong><span style=\"font-size: 24pt;\">Hobbies<\/span><\/strong><\/p>\n<ul>\n<li>Mit Freunden abh\u00e4ngen (inklusive allem, was beim &#8218;abh\u00e4ngen&#8216;<br \/>\n\u00fcblicherweise so passiert)<\/li>\n<li>Musik (haupts\u00e4chlich h\u00f6ren; Paul singt nicht gut, kann aber ganz gut<br \/>\nGitarre spielen)<\/li>\n<li>Sein Hund Ert<\/li>\n<li>Holoromane<\/li>\n<li>Witze machen<\/li>\n<\/ul>\n<hr \/>\n<p><strong><span style=\"font-size: 24pt;\">Medizinisches Profil<\/span><\/strong><\/p>\n<p>Paul verf\u00fcgt \u00fcber eine weitestgehend gute Gesundheit. Er hat keine Narben oder Verst\u00fcmmelungen aus unbehandelten Verletzungen oder Krankheiten, seine Organe sind vollst\u00e4ndig und funktionieren innerhalb des \u00fcblichen Rahmens f\u00fcr einem Menschen seines alters und Geschlechts. Lediglich eine Allergie auf Haseln\u00fcsse und Zarpenpollen (ein auf seiner Heimatwelt verbreitetes Gew\u00e4chs) tr\u00fcbt den Gesamteindruck.<\/p>\n<p>Das Paul gesund ist ist jedoch nicht gleichzusetzen mit &#8218;fit&#8216;. Paul betreibt keinen regelm\u00e4\u00dfigen Sport, seine Ern\u00e4hrung ist zu fett- und kohlenhydratlastig, und er trinkt weniger als er sollte. Bisher hat sein Metabolismus die meisten Folgen dieses Lebenswandels gut kompensiert, aber trotzdem ist Paul leicht \u00fcbergewichtig und hat eine unterdurchschnittliche Konstitution. Aus medizinischer Sicht sprechen diese Defizite nicht gegen seine Bef\u00e4higung, einen Posten auf einem Raumschiff oder einer Station innezuhaben, jedoch sollte die weitere Entwicklung im Auge behalten werden.<\/p>\n<hr \/>\n<p><strong><span id=\"Haustier\" class=\"mw-headline\" style=\"font-size: 24pt;\">Haustier<\/span><\/strong><\/p>\n<p>Sein Hund <a href=\"https:\/\/sf-germany.com\/einheiten\/usb-midgard\/usb-midgard-sb-61\/die-crew\/paul-reinert\/ert\/\">Ert (Bio)<\/a><\/p>\n<hr \/>\n<p><span style=\"font-size: 24pt;\"><strong>Klassifzierte Sektion<\/strong><\/span><\/p>\n<p>&#8211;<\/p>\n","protected":false},"excerpt":{"rendered":"<p>Paul A. Reinert &nbsp; Paul Albert Reinert Status NPC Spieler Lasse W. Dienstliche Informationen Ranggrafik Rang Ensign Posten COMM Stationierung USB Midgard Biographische Informationen Geburtstag 16.7.2396 Geburtsort St\u00e4dtisches Klinikum, Mellingheim, Faldosa III Familienstand ledig Eltern Steffan Reinert Tanja Reinert, geb. Fuchs Geschwister Kevin Werner, geb. 6.6.2398 Lisa Marie, geb. 4.7.2401 Claudia Emmy, geb. 17.1.2405 Kinder&#8230;<\/p>\n<p class=\"more-link-wrap\"><a href=\"https:\/\/sf-germany.com\/einheiten\/usb-midgard\/usb-midgard-sb-61\/die-crew\/paul-reinert\/\" class=\"more-link\">Read More<span class=\"screen-reader-text\"> &ldquo;Paul Reinert&rdquo;<\/span> &raquo;<\/a><\/p>\n","protected":false},"author":1,"featured_media":0,"parent":75,"menu_order":5,"comment_status":"closed","ping_status":"closed","template":"","meta":{"footnotes":""},"class_list":["post-177","page","type-page","status-publish","hentry"],"_links":{"self":[{"href":"https:\/\/sf-germany.com\/einheiten\/usb-midgard\/wp-json\/wp\/v2\/pages\/177","targetHints":{"allow":["GET"]}}],"collection":[{"href":"https:\/\/sf-germany.com\/einheiten\/usb-midgard\/wp-json\/wp\/v2\/pages"}],"about":[{"href":"https:\/\/sf-germany.com\/einheiten\/usb-midgard\/wp-json\/wp\/v2\/types\/page"}],"author":[{"embeddable":true,"href":"https:\/\/sf-germany.com\/einheiten\/usb-midgard\/wp-json\/wp\/v2\/users\/1"}],"replies":[{"embeddable":true,"href":"https:\/\/sf-germany.com\/einheiten\/usb-midgard\/wp-json\/wp\/v2\/comments?post=177"}],"version-history":[{"count":6,"href":"https:\/\/sf-germany.com\/einheiten\/usb-midgard\/wp-json\/wp\/v2\/pages\/177\/revisions"}],"predecessor-version":[{"id":278,"href":"https:\/\/sf-germany.com\/einheiten\/usb-midgard\/wp-json\/wp\/v2\/pages\/177\/revisions\/278"}],"up":[{"embeddable":true,"href":"https:\/\/sf-germany.com\/einheiten\/usb-midgard\/wp-json\/wp\/v2\/pages\/75"}],"wp:attachment":[{"href":"https:\/\/sf-germany.com\/einheiten\/usb-midgard\/wp-json\/wp\/v2\/media?parent=177"}],"curies":[{"name":"wp","href":"https:\/\/api.w.org\/{rel}","templated":true}]}}